{"id":1201,"date":"2010-07-15T10:35:33","date_gmt":"2010-07-15T10:35:33","guid":{"rendered":"https:\/\/www.kdrei-2009.de\/WPKdrei\/?page_id=1201"},"modified":"2016-03-15T11:00:40","modified_gmt":"2016-03-15T11:00:40","slug":"dorffest-2010","status":"publish","type":"page","link":"https:\/\/www.kdrei-2009.de\/WPKdrei\/kultur\/kultur-2010-2\/dorffest-2010\/","title":{"rendered":"Dorffest 2010"},"content":{"rendered":"<h4><span style=\"color: #808080;\">Die Gemeinde Grafenbergf feiert dieses Jahr ihr 31. Dorffest. F\u00fcr Kdrei wird es das erste Dorffest in Grafenberg sein. Nat\u00fcrlich wollen wir unseren Sport den Grafenbergern n\u00e4her bringen, sie zum Mitspielen animieren. Deshalb sind wir am Sonntag, 25.07.2010 mit einer Boulebahn auf dem Dorffest vertreten. Ab 11.00Uhr spielen wir dort Boule und freuen uns \u00fcber jeden, der sich unsere Kugeln schnappt und selber spielt. Wir zeigen gerne alles, was wir k\u00f6nnen, die Grundregeln und geben auch gerne Auskunft \u00fcber Kdrei allgemein. Die Lage der Spielbahn wird noch festgelegt und zu gegebener Zeit \u00a0hier ver\u00f6ffentlicht. Nat\u00fcrlich gibt es auch noch andere Darbietungen der Vereine sowie leckeres Essen und k\u00fchle Getr\u00e4nke. Grafenberg und Kdrei freut sich auf euren Besuch.<\/span><\/h4>\n<h4><span style=\"color: #808080;\"><a href=\"http:\/\/www.grafenberg.de\/servlet\/PB\/menu\/1315689_l1\/index.html\"><span style=\"color: #666699;\">Hier gibts weitere Infos zum Dorffest.<\/span><\/a><\/span><\/h4>\n<h4><span style=\"color: #808080;\">Hier Impressionen aus vergangenen Jahren&#8230;<\/span><\/h4>\n<p><span style=\"color: #808080;\"> <\/span><\/p>\n<div id=\"attachment_1206\" style=\"width: 719px\" class=\"wp-caption aligncenter\"><a href=\"https:\/\/www.kdrei-2009.de\/WPKdrei\/wp-content\/uploads\/2010\/07\/Spiel13web.jpg\" rel=\"lightbox[1201]\"><img loading=\"lazy\" decoding=\"async\" aria-describedby=\"caption-attachment-1206\" class=\"size-full wp-image-1206 \" title=\"Spiel13web\" src=\"https:\/\/www.kdrei-2009.de\/WPKdrei\/wp-content\/uploads\/2010\/07\/Spiel13web.jpg\" alt=\"\" width=\"709\" height=\"274\" srcset=\"https:\/\/www.kdrei-2009.de\/WPKdrei\/wp-content\/uploads\/2010\/07\/Spiel13web.jpg 709w, https:\/\/www.kdrei-2009.de\/WPKdrei\/wp-content\/uploads\/2010\/07\/Spiel13web-300x115.jpg 300w\" sizes=\"(max-width: 709px) 100vw, 709px\" \/><\/a><p id=\"caption-attachment-1206\" class=\"wp-caption-text\">Legen f\u00fcr den Punkt ? <\/p><\/div>\n<div id=\"attachment_1204\" style=\"width: 719px\" class=\"wp-caption aligncenter\"><a href=\"https:\/\/www.kdrei-2009.de\/WPKdrei\/wp-content\/uploads\/2010\/07\/Spiel01web.jpg\" rel=\"lightbox[1201]\"><img loading=\"lazy\" decoding=\"async\" aria-describedby=\"caption-attachment-1204\" class=\"size-full wp-image-1204\" title=\"Spiel01web\" src=\"https:\/\/www.kdrei-2009.de\/WPKdrei\/wp-content\/uploads\/2010\/07\/Spiel01web.jpg\" alt=\"\" width=\"709\" height=\"387\" srcset=\"https:\/\/www.kdrei-2009.de\/WPKdrei\/wp-content\/uploads\/2010\/07\/Spiel01web.jpg 709w, https:\/\/www.kdrei-2009.de\/WPKdrei\/wp-content\/uploads\/2010\/07\/Spiel01web-300x163.jpg 300w\" sizes=\"(max-width: 709px) 100vw, 709px\" \/><\/a><p id=\"caption-attachment-1204\" class=\"wp-caption-text\">Schiessen f\u00fcr den Punkt.<\/p><\/div>\n<div id=\"attachment_1205\" style=\"width: 719px\" class=\"wp-caption aligncenter\"><a href=\"https:\/\/www.kdrei-2009.de\/WPKdrei\/wp-content\/uploads\/2010\/07\/Spiel02web.jpg\" rel=\"lightbox[1201]\"><img loading=\"lazy\" decoding=\"async\" aria-describedby=\"caption-attachment-1205\" class=\"size-full wp-image-1205\" title=\"Spiel02web\" src=\"https:\/\/www.kdrei-2009.de\/WPKdrei\/wp-content\/uploads\/2010\/07\/Spiel02web.jpg\" alt=\"\" width=\"709\" height=\"295\" srcset=\"https:\/\/www.kdrei-2009.de\/WPKdrei\/wp-content\/uploads\/2010\/07\/Spiel02web.jpg 709w, https:\/\/www.kdrei-2009.de\/WPKdrei\/wp-content\/uploads\/2010\/07\/Spiel02web-300x124.jpg 300w\" sizes=\"(max-width: 709px) 100vw, 709px\" \/><\/a><p id=\"caption-attachment-1205\" class=\"wp-caption-text\">Zuschauen, fachsimplen, entspannen. Alles ist m\u00f6glich.<\/p><\/div>\n","protected":false},"excerpt":{"rendered":"<p>Die Gemeinde Grafenbergf feiert dieses Jahr ihr 31. Dorffest. F\u00fcr Kdrei wird es das erste Dorffest in Grafenberg sein. Nat\u00fcrlich wollen wir unseren Sport den Grafenbergern n\u00e4her bringen, sie zum [&hellip;]<\/p>\n","protected":false},"author":1,"featured_media":0,"parent":5279,"menu_order":13,"comment_status":"open","ping_status":"open","template":"","meta":{"footnotes":""},"_links":{"self":[{"href":"https:\/\/www.kdrei-2009.de\/WPKdrei\/wp-json\/wp\/v2\/pages\/1201"}],"collection":[{"href":"https:\/\/www.kdrei-2009.de\/WPKdrei\/wp-json\/wp\/v2\/pages"}],"about":[{"href":"https:\/\/www.kdrei-2009.de\/WPKdrei\/wp-json\/wp\/v2\/types\/page"}],"author":[{"embeddable":true,"href":"https:\/\/www.kdrei-2009.de\/WPKdrei\/wp-json\/wp\/v2\/users\/1"}],"replies":[{"embeddable":true,"href":"https:\/\/www.kdrei-2009.de\/WPKdrei\/wp-json\/wp\/v2\/comments?post=1201"}],"version-history":[{"count":7,"href":"https:\/\/www.kdrei-2009.de\/WPKdrei\/wp-json\/wp\/v2\/pages\/1201\/revisions"}],"predecessor-version":[{"id":5344,"href":"https:\/\/www.kdrei-2009.de\/WPKdrei\/wp-json\/wp\/v2\/pages\/1201\/revisions\/5344"}],"up":[{"embeddable":true,"href":"https:\/\/www.kdrei-2009.de\/WPKdrei\/wp-json\/wp\/v2\/pages\/5279"}],"wp:attachment":[{"href":"https:\/\/www.kdrei-2009.de\/WPKdrei\/wp-json\/wp\/v2\/media?parent=1201"}],"curies":[{"name":"wp","href":"https:\/\/api.w.org\/{rel}","templated":true}]}}