{"id":1238,"date":"2010-07-26T11:33:07","date_gmt":"2010-07-26T11:33:07","guid":{"rendered":"https:\/\/www.kdrei-2009.de\/WPKdrei\/?page_id=1238"},"modified":"2014-02-14T12:29:27","modified_gmt":"2014-02-14T12:29:27","slug":"kdrei-kochkurs-mit-ralf-jakumeit","status":"publish","type":"page","link":"https:\/\/www.kdrei-2009.de\/WPKdrei\/kdrei-events\/events-2009\/kdrei-kochkurs-mit-ralf-jakumeit\/","title":{"rendered":"Kochkurs mit Ralf Jakumeit"},"content":{"rendered":"<div id=\"attachment_1235\" style=\"width: 719px\" class=\"wp-caption aligncenter\"><a href=\"https:\/\/www.kdrei-2009.de\/WPKdrei\/wp-content\/uploads\/2010\/07\/K3-KK-Plakat_1007web-01.jpg\" rel=\"lightbox[1238]\"><img loading=\"lazy\" decoding=\"async\" aria-describedby=\"caption-attachment-1235\" class=\"size-full wp-image-1235\" title=\"K3-KK-Plakat_1007web-01\" src=\"https:\/\/www.kdrei-2009.de\/WPKdrei\/wp-content\/uploads\/2010\/07\/K3-KK-Plakat_1007web-01.jpg\" alt=\"\" width=\"709\" height=\"501\" srcset=\"https:\/\/www.kdrei-2009.de\/WPKdrei\/wp-content\/uploads\/2010\/07\/K3-KK-Plakat_1007web-01.jpg 709w, https:\/\/www.kdrei-2009.de\/WPKdrei\/wp-content\/uploads\/2010\/07\/K3-KK-Plakat_1007web-01-300x211.jpg 300w\" sizes=\"(max-width: 709px) 100vw, 709px\" \/><\/a><p id=\"caption-attachment-1235\" class=\"wp-caption-text\">Der ROCKING CHEF. Ralf Jakumeit.<\/p><\/div>\n<h2><span style=\"color: #666699;\"><span style=\"color: #999999;\">Liebe Leute, herzlichen Dank f\u00fcr das \u00fcberw\u00e4ltigende Interesse an unserem Kochkurs. Wir haben die 15 voll, manche w\u00fcrden sagen: &#8222;\u00fcberboult&#8220; . \u00a0 \u00a0Hier beim Kochen ist das nicht so. Wir arbeiten bereits an einem neuen Projekt. Also warten &#8211; oder einfach zum Essen anmelden. Das wird sehr, sehr lecker.<\/span><\/span><\/h2>\n<h2><span style=\"color: #666699;\"><span style=\"color: #999999;\"> <\/span><\/span><strong>Ab jetzt sind alle Gourmets gefragt. Wo kann man heute noch ein solches Men\u00fc f\u00fcr diesen Preis bekommen? Ein ideales Geschenk. Ein sch\u00f6ner Gutschein f\u00fcr Freunde, Bekannte, Mitbouler und &#8230;<\/strong><\/h2>\n<p><span style=\"color: #666699;\"><br \/>\n<\/span><\/p>\n<p><strong><span style=\"color: #808080;\">Kurzfristig ist es uns gelungen RALF JAKUMEIT, Fernsehstarkoch und echter &#8222;ROCKING CHEF&#8220;, f\u00fcr einen Kochkurs in Grafenberg zu verpflichten. Wir freuen uns sehr, dass Ralf Jakumeit allen begeisterten &#8222;Hobbyk\u00f6chen&#8220; seine Erfahrung, sein K\u00f6nnen und seine Tricks zeigen wird. <\/span><\/strong><strong><span style=\"color: #808080;\">Anschliessend veranstaltet Kdrei ein Galamen\u00fc mit 6 G\u00e4ngen. Ja, sie h\u00f6ren richtig. W\u00e4hrend \u00a0ein anderer Verein seine Belegten Br\u00f6tchen unter diplomierter Aufsicht nach einem streng festgelegten Muster \u00a0belegen l\u00e4sst, haben wir eine echte Kreativabteilung begeisterter Hobbyk\u00f6che unter F\u00fchrung von Ralf Jakumeit, die an diesem Abend f\u00fcr 35 Personen eine zauberhaftes 6 g\u00e4ngiges Men\u00fc kochen wird. Begleitet wird der Abend von Stefan Breuer, Vollblutwinzer aus dem Rheingau. Er ist anwesend, stellt seine Sekte, Weine und Br\u00e4nde vor. Beantwortet gerne Ihre Fragen zu Thema Wein.<\/span><\/strong><\/p>\n<p><strong><span style=\"color: #808080;\">Also, wer gerne kocht, diese Veranstaltung ist ein echtes Muss. Wir haben 15 Pl\u00e4tze. Einige sind bereits beim Dorffest belegt worden.<\/span><\/strong><\/p>\n<p><strong><span style=\"color: #808080;\">Wer gerne isst, was andere gekocht haben, wir haben 35 Pl\u00e4tze. Auch hier sind schon einige beim Dorffest vergeben worden.<\/span><\/strong><\/p>\n<p><strong><span style=\"color: #808080;\">Weitere Infos: <a href=\"http:\/\/www.rocking-chefs.com\">www.rocking-chefs.com<\/a> <a href=\"http:\/\/www.breuer-wein.de\/\">www.breuer-wein.de<\/a> <a href=\"http:\/\/www.frischeparadies.de\/deutsch\/index.php?id=standort_stuttgart\">www.frischeparadies.de<\/a><\/span><\/strong><\/p>\n<p><strong><span style=\"color: #808080;\">Aufgrund der beschr\u00e4nkten Teilnehmerzahl, werden die Buchungen nach Zahlungseingang ber\u00fccksichtigt. Wer zusp\u00e4t kommt, wird dieses Mal mit einem leeren Teller bestraft. Es besteht aber die berechtigte Hoffnung, dass Kdrei \u00a0in absehbarer Zeit eine \u00e4hnliche Veranstaltung pr\u00e4sentieren wird.<\/span><\/strong><\/p>\n<h3><strong><span style=\"color: #000080;\">BITTE UNBEDINGT AUCH PER EMAIL \u00a0ODER POST SCHRIFTLICH ANMELDEN UND ERST DANN \u00dcBERWEISEN.<\/span><\/strong><\/h3>\n<p><strong><span style=\"color: #808080;\"><a href=\"https:\/\/www.kdrei-2009.de\/WPKdrei\/wp-content\/uploads\/2010\/07\/K3-KochkursPDF-web.pdf\">K3-KochkursPDF <\/a> Prospekt zum Download \u00a0 \u00a0 \u00a0 \u00a0 \u00a0 \u00a0 \u00a0 \u00a0 \u00a0 \u00a0 \u00a0 \u00a0 \u00a0Anmeldung download<a href=\"https:\/\/www.kdrei-2009.de\/WPKdrei\/wp-content\/uploads\/2010\/07\/KK-Anmeldung-1007-b-web2.pdf\">KK-Anmeldung 1007-b-web<\/a><\/span><\/strong><\/p>\n<p><strong><span style=\"color: #808080;\"><a href=\"https:\/\/www.kdrei-2009.de\/WPKdrei\/wp-content\/uploads\/2010\/07\/KK-Infoblatt-1007web-B.jpg\" rel=\"lightbox[1238]\"><img loading=\"lazy\" decoding=\"async\" class=\"aligncenter size-full wp-image-1246\" title=\"KK-Infoblatt-1007web-B\" src=\"https:\/\/www.kdrei-2009.de\/WPKdrei\/wp-content\/uploads\/2010\/07\/KK-Infoblatt-1007web-B.jpg\" alt=\"\" width=\"709\" height=\"740\" srcset=\"https:\/\/www.kdrei-2009.de\/WPKdrei\/wp-content\/uploads\/2010\/07\/KK-Infoblatt-1007web-B.jpg 709w, https:\/\/www.kdrei-2009.de\/WPKdrei\/wp-content\/uploads\/2010\/07\/KK-Infoblatt-1007web-B-287x300.jpg 287w\" sizes=\"(max-width: 709px) 100vw, 709px\" \/><\/a><\/span><\/strong><\/p>\n<p><a href=\"https:\/\/www.kdrei-2009.de\/WPKdrei\/wp-content\/uploads\/2010\/07\/KK-Anmeldung-1007web-a+b.jpg\" rel=\"lightbox[1238]\"><img loading=\"lazy\" decoding=\"async\" class=\"size-full wp-image-1243\" title=\"KK-Anmeldung-1007web-a+b\" src=\"https:\/\/www.kdrei-2009.de\/WPKdrei\/wp-content\/uploads\/2010\/07\/KK-Anmeldung-1007web-a+b.jpg\" alt=\"\" width=\"709\" height=\"820\" srcset=\"https:\/\/www.kdrei-2009.de\/WPKdrei\/wp-content\/uploads\/2010\/07\/KK-Anmeldung-1007web-a+b.jpg 709w, https:\/\/www.kdrei-2009.de\/WPKdrei\/wp-content\/uploads\/2010\/07\/KK-Anmeldung-1007web-a+b-259x300.jpg 259w\" sizes=\"(max-width: 709px) 100vw, 709px\" \/><\/a><\/p>\n<h3><span style=\"color: #000080;\">BITTE UNBEDINGT AUCH PER EMAIL \u00a0ODER POST SCHRIFTLICH ANMELDEN UND ERST DANN \u00dcBERWEISEN.<\/span><\/h3>\n","protected":false},"excerpt":{"rendered":"<p>Liebe Leute, herzlichen Dank f\u00fcr das \u00fcberw\u00e4ltigende Interesse an unserem Kochkurs. Wir haben die 15 voll, manche w\u00fcrden sagen: &#8222;\u00fcberboult&#8220; . \u00a0 \u00a0Hier beim Kochen ist das nicht so. Wir [&hellip;]<\/p>\n","protected":false},"author":1,"featured_media":0,"parent":3859,"menu_order":0,"comment_status":"open","ping_status":"open","template":"","meta":{"footnotes":""},"_links":{"self":[{"href":"https:\/\/www.kdrei-2009.de\/WPKdrei\/wp-json\/wp\/v2\/pages\/1238"}],"collection":[{"href":"https:\/\/www.kdrei-2009.de\/WPKdrei\/wp-json\/wp\/v2\/pages"}],"about":[{"href":"https:\/\/www.kdrei-2009.de\/WPKdrei\/wp-json\/wp\/v2\/types\/page"}],"author":[{"embeddable":true,"href":"https:\/\/www.kdrei-2009.de\/WPKdrei\/wp-json\/wp\/v2\/users\/1"}],"replies":[{"embeddable":true,"href":"https:\/\/www.kdrei-2009.de\/WPKdrei\/wp-json\/wp\/v2\/comments?post=1238"}],"version-history":[{"count":20,"href":"https:\/\/www.kdrei-2009.de\/WPKdrei\/wp-json\/wp\/v2\/pages\/1238\/revisions"}],"predecessor-version":[{"id":3868,"href":"https:\/\/www.kdrei-2009.de\/WPKdrei\/wp-json\/wp\/v2\/pages\/1238\/revisions\/3868"}],"up":[{"embeddable":true,"href":"https:\/\/www.kdrei-2009.de\/WPKdrei\/wp-json\/wp\/v2\/pages\/3859"}],"wp:attachment":[{"href":"https:\/\/www.kdrei-2009.de\/WPKdrei\/wp-json\/wp\/v2\/media?parent=1238"}],"curies":[{"name":"wp","href":"https:\/\/api.w.org\/{rel}","templated":true}]}}