{"id":1329,"date":"2010-08-13T10:28:45","date_gmt":"2010-08-13T10:28:45","guid":{"rendered":"https:\/\/www.kdrei-2009.de\/WPKdrei\/?page_id=1329"},"modified":"2016-03-15T11:00:41","modified_gmt":"2016-03-15T11:00:41","slug":"wieder-hat-es-einer-geschafft","status":"publish","type":"page","link":"https:\/\/www.kdrei-2009.de\/WPKdrei\/kultur\/kultur-2010-2\/wieder-hat-es-einer-geschafft\/","title":{"rendered":"Wieder hat es einer geschafft."},"content":{"rendered":"<h4><span style=\"color: #808080;\">Kdrei freut sich immer, wenn wieder ein Mitglied vom Fliesband der Arbeit in die freie Natur der Rente entlassen wird. Wir wollen hier nicht zu weit ausholen, das folgende Bild zeigt die Freude und die kreative Explosion des neuen Rentners, der sofort seinen alten, modrigen Dresscode abgelegt hat, und sich mit einem leuchtenden, luftigen Beige, eine neue, unverwechselbare Identit\u00e4t zugelegt hat. Sch\u00f6n und klassisch im Schnitt, nicht zu konservativ. Fesche Strickb\u00fcndchen, einen ger\u00e4uschlos gleitenden Reissverschlu\u00df und eine Innentasche mit Handy-Imitation. Dies alles begleitet von einer farblich stimmigen M\u00fctze, mit Seitenlufteinlass, Stirnmarkise und innenliegender Resthaarverwahrung.<\/span><\/h4>\n<p><a href=\"https:\/\/www.kdrei-2009.de\/WPKdrei\/wp-content\/uploads\/2010\/08\/Kley_100807_60.jpg\" rel=\"lightbox[1329]\"><img loading=\"lazy\" decoding=\"async\" class=\"aligncenter size-full wp-image-1328\" title=\"Kley_100807_60\" src=\"https:\/\/www.kdrei-2009.de\/WPKdrei\/wp-content\/uploads\/2010\/08\/Kley_100807_60.jpg\" alt=\"\" width=\"680\" height=\"454\" srcset=\"https:\/\/www.kdrei-2009.de\/WPKdrei\/wp-content\/uploads\/2010\/08\/Kley_100807_60.jpg 680w, https:\/\/www.kdrei-2009.de\/WPKdrei\/wp-content\/uploads\/2010\/08\/Kley_100807_60-300x200.jpg 300w\" sizes=\"(max-width: 680px) 100vw, 680px\" \/><\/a><\/p>\n","protected":false},"excerpt":{"rendered":"<p>Kdrei freut sich immer, wenn wieder ein Mitglied vom Fliesband der Arbeit in die freie Natur der Rente entlassen wird. Wir wollen hier nicht zu weit ausholen, das folgende Bild [&hellip;]<\/p>\n","protected":false},"author":1,"featured_media":0,"parent":5279,"menu_order":16,"comment_status":"open","ping_status":"open","template":"","meta":{"footnotes":""},"_links":{"self":[{"href":"https:\/\/www.kdrei-2009.de\/WPKdrei\/wp-json\/wp\/v2\/pages\/1329"}],"collection":[{"href":"https:\/\/www.kdrei-2009.de\/WPKdrei\/wp-json\/wp\/v2\/pages"}],"about":[{"href":"https:\/\/www.kdrei-2009.de\/WPKdrei\/wp-json\/wp\/v2\/types\/page"}],"author":[{"embeddable":true,"href":"https:\/\/www.kdrei-2009.de\/WPKdrei\/wp-json\/wp\/v2\/users\/1"}],"replies":[{"embeddable":true,"href":"https:\/\/www.kdrei-2009.de\/WPKdrei\/wp-json\/wp\/v2\/comments?post=1329"}],"version-history":[{"count":2,"href":"https:\/\/www.kdrei-2009.de\/WPKdrei\/wp-json\/wp\/v2\/pages\/1329\/revisions"}],"predecessor-version":[{"id":5347,"href":"https:\/\/www.kdrei-2009.de\/WPKdrei\/wp-json\/wp\/v2\/pages\/1329\/revisions\/5347"}],"up":[{"embeddable":true,"href":"https:\/\/www.kdrei-2009.de\/WPKdrei\/wp-json\/wp\/v2\/pages\/5279"}],"wp:attachment":[{"href":"https:\/\/www.kdrei-2009.de\/WPKdrei\/wp-json\/wp\/v2\/media?parent=1329"}],"curies":[{"name":"wp","href":"https:\/\/api.w.org\/{rel}","templated":true}]}}