{"id":1442,"date":"2010-09-13T10:37:05","date_gmt":"2010-09-13T10:37:05","guid":{"rendered":"https:\/\/www.kdrei-2009.de\/WPKdrei\/?page_id=1442"},"modified":"2010-09-13T10:44:11","modified_gmt":"2010-09-13T10:44:11","slug":"coupe-doignon-2010","status":"publish","type":"page","link":"https:\/\/www.kdrei-2009.de\/WPKdrei\/kugelsport-2\/kuegelsport-2010\/turniere\/coupe-doignon-2010\/","title":{"rendered":"Coupe d&#8217;Oignon, 2010"},"content":{"rendered":"<h4><span style=\"color: #808080;\">Bei herrlichem Boulewetter spielten Max und Wolfgang, Tony und Walter in Esslingen auf der Burg. Trotz fr\u00fchem Ausscheiden war die Stimmung ausgelassen und heiter. Bei erfrischendem Hefedrittel lies man den Tag \u00a0im Schatten der B\u00e4ume ausklingen und freute sich \u00fcber einen sch\u00f6nen Bouletag.<\/span><\/h4>\n<p style=\"text-align: center;\"><a href=\"https:\/\/www.kdrei-2009.de\/WPKdrei\/wp-content\/uploads\/2010\/09\/K3-ESZwiebel2010_02.jpg\" rel=\"lightbox[1442]\"><img loading=\"lazy\" decoding=\"async\" class=\"aligncenter size-full wp-image-1432\" title=\"K3-ESZwiebel2010_02\" src=\"https:\/\/www.kdrei-2009.de\/WPKdrei\/wp-content\/uploads\/2010\/09\/K3-ESZwiebel2010_02.jpg\" alt=\"Max, Wolfgang und Tony.\" width=\"595\" height=\"253\" srcset=\"https:\/\/www.kdrei-2009.de\/WPKdrei\/wp-content\/uploads\/2010\/09\/K3-ESZwiebel2010_02.jpg 595w, https:\/\/www.kdrei-2009.de\/WPKdrei\/wp-content\/uploads\/2010\/09\/K3-ESZwiebel2010_02-300x127.jpg 300w\" sizes=\"(max-width: 595px) 100vw, 595px\" \/><\/a><\/p>\n","protected":false},"excerpt":{"rendered":"<p>Bei herrlichem Boulewetter spielten Max und Wolfgang, Tony und Walter in Esslingen auf der Burg. Trotz fr\u00fchem Ausscheiden war die Stimmung ausgelassen und heiter. Bei erfrischendem Hefedrittel lies man den [&hellip;]<\/p>\n","protected":false},"author":1,"featured_media":0,"parent":989,"menu_order":2,"comment_status":"open","ping_status":"open","template":"","meta":{"footnotes":""},"_links":{"self":[{"href":"https:\/\/www.kdrei-2009.de\/WPKdrei\/wp-json\/wp\/v2\/pages\/1442"}],"collection":[{"href":"https:\/\/www.kdrei-2009.de\/WPKdrei\/wp-json\/wp\/v2\/pages"}],"about":[{"href":"https:\/\/www.kdrei-2009.de\/WPKdrei\/wp-json\/wp\/v2\/types\/page"}],"author":[{"embeddable":true,"href":"https:\/\/www.kdrei-2009.de\/WPKdrei\/wp-json\/wp\/v2\/users\/1"}],"replies":[{"embeddable":true,"href":"https:\/\/www.kdrei-2009.de\/WPKdrei\/wp-json\/wp\/v2\/comments?post=1442"}],"version-history":[{"count":3,"href":"https:\/\/www.kdrei-2009.de\/WPKdrei\/wp-json\/wp\/v2\/pages\/1442\/revisions"}],"predecessor-version":[{"id":1444,"href":"https:\/\/www.kdrei-2009.de\/WPKdrei\/wp-json\/wp\/v2\/pages\/1442\/revisions\/1444"}],"up":[{"embeddable":true,"href":"https:\/\/www.kdrei-2009.de\/WPKdrei\/wp-json\/wp\/v2\/pages\/989"}],"wp:attachment":[{"href":"https:\/\/www.kdrei-2009.de\/WPKdrei\/wp-json\/wp\/v2\/media?parent=1442"}],"curies":[{"name":"wp","href":"https:\/\/api.w.org\/{rel}","templated":true}]}}