{"id":1557,"date":"2010-10-19T14:45:21","date_gmt":"2010-10-19T14:45:21","guid":{"rendered":"https:\/\/www.kdrei-2009.de\/WPKdrei\/?page_id=1557"},"modified":"2016-03-14T13:04:21","modified_gmt":"2016-03-14T13:04:21","slug":"ligapokal-2010","status":"publish","type":"page","link":"https:\/\/www.kdrei-2009.de\/WPKdrei\/kugelsport-2\/kuegelsport-2010\/liga-2010-2\/ligapokal-2010\/","title":{"rendered":"Ligapokal 2010"},"content":{"rendered":"<h4><span style=\"color: #808080;\">Am Wetter lag es nicht. Es war etwas feucht, Temperatur deutlich unter 20\u00b0 C. Am Ende belegten wir einen guten 11. Platz. Wir verloren viele spannende Spiele knapp mit 11 oder 12 Punkten. Aber was soll man dazu hier noch schreiben? Bei 13 ist das Spiel vorbei, wer dies zuerst erreicht, hat gewonnen. Spass hat es trotzdem gemacht. Wir waren an der frischen Luft und keiner wurde verletzt. <\/span><\/h4>\n<h4><span style=\"color: #808080;\">F\u00fcr Kdrei spielten: Gundi, Hanne, Werner, Wolfgang, Andi und Walter.<\/span><\/h4>\n<h4><span style=\"color: #808080;\">Gl\u00fcckwunsch nach T\u00fcbingen zum diesj\u00e4hrigen Pokalsieg. Herzlichen Dank f\u00fcr die Bewirtung.<\/span><\/h4>\n<p><a href=\"https:\/\/www.kdrei-2009.de\/WPKdrei\/wp-content\/uploads\/2010\/10\/Ergebnisse-LiPo-NA-2010.jpg\" rel=\"lightbox[1557]\"><img loading=\"lazy\" decoding=\"async\" class=\"alignleft size-full wp-image-1559\" title=\"Ergebnisse LiPo NA 2010\" src=\"https:\/\/www.kdrei-2009.de\/WPKdrei\/wp-content\/uploads\/2010\/10\/Ergebnisse-LiPo-NA-2010.jpg\" alt=\"\" width=\"624\" height=\"731\" srcset=\"https:\/\/www.kdrei-2009.de\/WPKdrei\/wp-content\/uploads\/2010\/10\/Ergebnisse-LiPo-NA-2010.jpg 624w, https:\/\/www.kdrei-2009.de\/WPKdrei\/wp-content\/uploads\/2010\/10\/Ergebnisse-LiPo-NA-2010-256x300.jpg 256w\" sizes=\"(max-width: 624px) 100vw, 624px\" \/><\/a><\/p>\n","protected":false},"excerpt":{"rendered":"<p>Am Wetter lag es nicht. Es war etwas feucht, Temperatur deutlich unter 20\u00b0 C. Am Ende belegten wir einen guten 11. Platz. Wir verloren viele spannende Spiele knapp mit 11 [&hellip;]<\/p>\n","protected":false},"author":1,"featured_media":0,"parent":365,"menu_order":0,"comment_status":"open","ping_status":"open","template":"","meta":{"footnotes":""},"_links":{"self":[{"href":"https:\/\/www.kdrei-2009.de\/WPKdrei\/wp-json\/wp\/v2\/pages\/1557"}],"collection":[{"href":"https:\/\/www.kdrei-2009.de\/WPKdrei\/wp-json\/wp\/v2\/pages"}],"about":[{"href":"https:\/\/www.kdrei-2009.de\/WPKdrei\/wp-json\/wp\/v2\/types\/page"}],"author":[{"embeddable":true,"href":"https:\/\/www.kdrei-2009.de\/WPKdrei\/wp-json\/wp\/v2\/users\/1"}],"replies":[{"embeddable":true,"href":"https:\/\/www.kdrei-2009.de\/WPKdrei\/wp-json\/wp\/v2\/comments?post=1557"}],"version-history":[{"count":6,"href":"https:\/\/www.kdrei-2009.de\/WPKdrei\/wp-json\/wp\/v2\/pages\/1557\/revisions"}],"predecessor-version":[{"id":5232,"href":"https:\/\/www.kdrei-2009.de\/WPKdrei\/wp-json\/wp\/v2\/pages\/1557\/revisions\/5232"}],"up":[{"embeddable":true,"href":"https:\/\/www.kdrei-2009.de\/WPKdrei\/wp-json\/wp\/v2\/pages\/365"}],"wp:attachment":[{"href":"https:\/\/www.kdrei-2009.de\/WPKdrei\/wp-json\/wp\/v2\/media?parent=1557"}],"curies":[{"name":"wp","href":"https:\/\/api.w.org\/{rel}","templated":true}]}}