{"id":1577,"date":"2010-10-24T14:03:32","date_gmt":"2010-10-24T14:03:32","guid":{"rendered":"https:\/\/www.kdrei-2009.de\/WPKdrei\/?page_id=1577"},"modified":"2016-03-14T13:07:40","modified_gmt":"2016-03-14T13:07:40","slug":"monatsturnierabschlus-2010-in-neuffen","status":"publish","type":"page","link":"https:\/\/www.kdrei-2009.de\/WPKdrei\/kugelsport-2\/kuegelsport-2010\/turniere\/monatsturnierabschlus-2010-in-neuffen\/","title":{"rendered":"Monatsturnierabschlu\u00df 2010 in Neuffen"},"content":{"rendered":"<h4><strong>Hier einige Bilder des letzten Monatsturnieres in Neuffen. Bei herbstlichem Wetter ging es am letzten Spieltag um die entscheidenden Punkte zum Gesamtsieg 2010. W\u00e4hrend Sigrid ihren Gesamtsieg souver\u00e4n nach Hause brachte, konnte Tony mit 4 Tagessiegen noch an \u00a0Walter vorbeiziehen. Wie immer ein gelungener Tag in Neuffen. Spass, Rote W\u00fcrste und Bergbier waren garantiert. Spielen musste jeder selber.<\/strong><\/h4>\n<div id=\"attachment_1575\" style=\"width: 690px\" class=\"wp-caption alignleft\"><a href=\"https:\/\/www.kdrei-2009.de\/WPKdrei\/wp-content\/uploads\/2010\/10\/MT2010-03web.jpg\" rel=\"lightbox[1577]\"><img loading=\"lazy\" decoding=\"async\" aria-describedby=\"caption-attachment-1575\" class=\"size-full wp-image-1575\" title=\"MT2010-03web\" src=\"https:\/\/www.kdrei-2009.de\/WPKdrei\/wp-content\/uploads\/2010\/10\/MT2010-03web.jpg\" alt=\"\" width=\"680\" height=\"474\" srcset=\"https:\/\/www.kdrei-2009.de\/WPKdrei\/wp-content\/uploads\/2010\/10\/MT2010-03web.jpg 680w, https:\/\/www.kdrei-2009.de\/WPKdrei\/wp-content\/uploads\/2010\/10\/MT2010-03web-300x209.jpg 300w\" sizes=\"(max-width: 680px) 100vw, 680px\" \/><\/a><p id=\"caption-attachment-1575\" class=\"wp-caption-text\">Tagessiegerin  Renate vor Tony und J\u00fcrgen.<\/p><\/div>\n<div id=\"attachment_1574\" style=\"width: 690px\" class=\"wp-caption alignleft\"><a href=\"https:\/\/www.kdrei-2009.de\/WPKdrei\/wp-content\/uploads\/2010\/10\/MT2010-02web.jpg\" rel=\"lightbox[1577]\"><img loading=\"lazy\" decoding=\"async\" aria-describedby=\"caption-attachment-1574\" class=\"size-full wp-image-1574\" title=\"MT2010-02web\" src=\"https:\/\/www.kdrei-2009.de\/WPKdrei\/wp-content\/uploads\/2010\/10\/MT2010-02web.jpg\" alt=\"\" width=\"680\" height=\"496\" srcset=\"https:\/\/www.kdrei-2009.de\/WPKdrei\/wp-content\/uploads\/2010\/10\/MT2010-02web.jpg 680w, https:\/\/www.kdrei-2009.de\/WPKdrei\/wp-content\/uploads\/2010\/10\/MT2010-02web-300x218.jpg 300w\" sizes=\"(max-width: 680px) 100vw, 680px\" \/><\/a><p id=\"caption-attachment-1574\" class=\"wp-caption-text\">Wellness f\u00fcr Sigrid. Schw\u00e4bischen Whiskey f\u00fcr Tony. Essensgutschein f\u00fcr Renate.<\/p><\/div>\n<div id=\"attachment_1573\" style=\"width: 690px\" class=\"wp-caption alignleft\"><a href=\"https:\/\/www.kdrei-2009.de\/WPKdrei\/wp-content\/uploads\/2010\/10\/MT2010-01web.jpg\" rel=\"lightbox[1577]\"><img loading=\"lazy\" decoding=\"async\" aria-describedby=\"caption-attachment-1573\" class=\"size-full wp-image-1573\" title=\"MT2010-01web\" src=\"https:\/\/www.kdrei-2009.de\/WPKdrei\/wp-content\/uploads\/2010\/10\/MT2010-01web.jpg\" alt=\"\" width=\"680\" height=\"563\" srcset=\"https:\/\/www.kdrei-2009.de\/WPKdrei\/wp-content\/uploads\/2010\/10\/MT2010-01web.jpg 680w, https:\/\/www.kdrei-2009.de\/WPKdrei\/wp-content\/uploads\/2010\/10\/MT2010-01web-300x248.jpg 300w\" sizes=\"(max-width: 680px) 100vw, 680px\" \/><\/a><p id=\"caption-attachment-1573\" class=\"wp-caption-text\">Wellness im Thermalbad oder doch lieber Degustationsset Neuffener Wein?<\/p><\/div>\n","protected":false},"excerpt":{"rendered":"<p>Hier einige Bilder des letzten Monatsturnieres in Neuffen. Bei herbstlichem Wetter ging es am letzten Spieltag um die entscheidenden Punkte zum Gesamtsieg 2010. W\u00e4hrend Sigrid ihren Gesamtsieg souver\u00e4n nach Hause [&hellip;]<\/p>\n","protected":false},"author":1,"featured_media":0,"parent":989,"menu_order":3,"comment_status":"open","ping_status":"open","template":"","meta":{"footnotes":""},"_links":{"self":[{"href":"https:\/\/www.kdrei-2009.de\/WPKdrei\/wp-json\/wp\/v2\/pages\/1577"}],"collection":[{"href":"https:\/\/www.kdrei-2009.de\/WPKdrei\/wp-json\/wp\/v2\/pages"}],"about":[{"href":"https:\/\/www.kdrei-2009.de\/WPKdrei\/wp-json\/wp\/v2\/types\/page"}],"author":[{"embeddable":true,"href":"https:\/\/www.kdrei-2009.de\/WPKdrei\/wp-json\/wp\/v2\/users\/1"}],"replies":[{"embeddable":true,"href":"https:\/\/www.kdrei-2009.de\/WPKdrei\/wp-json\/wp\/v2\/comments?post=1577"}],"version-history":[{"count":6,"href":"https:\/\/www.kdrei-2009.de\/WPKdrei\/wp-json\/wp\/v2\/pages\/1577\/revisions"}],"predecessor-version":[{"id":5240,"href":"https:\/\/www.kdrei-2009.de\/WPKdrei\/wp-json\/wp\/v2\/pages\/1577\/revisions\/5240"}],"up":[{"embeddable":true,"href":"https:\/\/www.kdrei-2009.de\/WPKdrei\/wp-json\/wp\/v2\/pages\/989"}],"wp:attachment":[{"href":"https:\/\/www.kdrei-2009.de\/WPKdrei\/wp-json\/wp\/v2\/media?parent=1577"}],"curies":[{"name":"wp","href":"https:\/\/api.w.org\/{rel}","templated":true}]}}