{"id":1583,"date":"2010-10-24T14:12:25","date_gmt":"2010-10-24T14:12:25","guid":{"rendered":"https:\/\/www.kdrei-2009.de\/WPKdrei\/?page_id=1583"},"modified":"2016-03-16T12:14:31","modified_gmt":"2016-03-16T12:14:31","slug":"vernissage-von-max-bailly-in-nurtingen","status":"publish","type":"page","link":"https:\/\/www.kdrei-2009.de\/WPKdrei\/kunst\/visuelles\/visuelles-2010\/vernissage-von-max-bailly-in-nurtingen\/","title":{"rendered":"Vernissage von Max Bailly in N\u00fcrtingen."},"content":{"rendered":"<h4>Max G. Bailly Ausstellung in N\u00fcrtingen am Obertor 15. Er\u00f6ffnung: 22.10.2010 18.00 Uhr.<\/h4>\n<h4>Hier weitere Infos:<a href=\"https:\/\/www.kdrei-2009.de\/WPKdrei\/wp-content\/uploads\/2010\/09\/Bailly_Flyer-Ausst.-Obertor10-10.pdf\">Bailly_Flyer Ausst. Obertor10-10<\/a><\/h4>\n<p><a href=\"https:\/\/www.kdrei-2009.de\/WPKdrei\/wp-content\/uploads\/2010\/10\/K3-MaxVern1010-09web.jpg\" rel=\"lightbox[1583]\"><img loading=\"lazy\" decoding=\"async\" class=\"alignleft size-full wp-image-1582\" title=\"K3-MaxVern1010-09web\" src=\"https:\/\/www.kdrei-2009.de\/WPKdrei\/wp-content\/uploads\/2010\/10\/K3-MaxVern1010-09web.jpg\" alt=\"\" width=\"680\" height=\"451\" srcset=\"https:\/\/www.kdrei-2009.de\/WPKdrei\/wp-content\/uploads\/2010\/10\/K3-MaxVern1010-09web.jpg 680w, https:\/\/www.kdrei-2009.de\/WPKdrei\/wp-content\/uploads\/2010\/10\/K3-MaxVern1010-09web-300x198.jpg 300w\" sizes=\"(max-width: 680px) 100vw, 680px\" \/><\/a><\/p>\n","protected":false},"excerpt":{"rendered":"<p>Max G. Bailly Ausstellung in N\u00fcrtingen am Obertor 15. Er\u00f6ffnung: 22.10.2010 18.00 Uhr. Hier weitere Infos:Bailly_Flyer Ausst. Obertor10-10<\/p>\n","protected":false},"author":1,"featured_media":0,"parent":5450,"menu_order":4,"comment_status":"open","ping_status":"open","template":"","meta":{"footnotes":""},"_links":{"self":[{"href":"https:\/\/www.kdrei-2009.de\/WPKdrei\/wp-json\/wp\/v2\/pages\/1583"}],"collection":[{"href":"https:\/\/www.kdrei-2009.de\/WPKdrei\/wp-json\/wp\/v2\/pages"}],"about":[{"href":"https:\/\/www.kdrei-2009.de\/WPKdrei\/wp-json\/wp\/v2\/types\/page"}],"author":[{"embeddable":true,"href":"https:\/\/www.kdrei-2009.de\/WPKdrei\/wp-json\/wp\/v2\/users\/1"}],"replies":[{"embeddable":true,"href":"https:\/\/www.kdrei-2009.de\/WPKdrei\/wp-json\/wp\/v2\/comments?post=1583"}],"version-history":[{"count":4,"href":"https:\/\/www.kdrei-2009.de\/WPKdrei\/wp-json\/wp\/v2\/pages\/1583\/revisions"}],"predecessor-version":[{"id":5484,"href":"https:\/\/www.kdrei-2009.de\/WPKdrei\/wp-json\/wp\/v2\/pages\/1583\/revisions\/5484"}],"up":[{"embeddable":true,"href":"https:\/\/www.kdrei-2009.de\/WPKdrei\/wp-json\/wp\/v2\/pages\/5450"}],"wp:attachment":[{"href":"https:\/\/www.kdrei-2009.de\/WPKdrei\/wp-json\/wp\/v2\/media?parent=1583"}],"curies":[{"name":"wp","href":"https:\/\/api.w.org\/{rel}","templated":true}]}}