{"id":1614,"date":"2010-11-23T15:08:17","date_gmt":"2010-11-23T15:08:17","guid":{"rendered":"https:\/\/www.kdrei-2009.de\/WPKdrei\/?page_id=1614"},"modified":"2012-12-19T15:55:39","modified_gmt":"2012-12-19T15:55:39","slug":"winterspielzeiten","status":"publish","type":"page","link":"https:\/\/www.kdrei-2009.de\/WPKdrei\/wann-wo-2\/winterspielzeiten\/","title":{"rendered":"Winterspielzeiten"},"content":{"rendered":"<h4><span style=\"color: #808080;\">Das Boulespiel kommt aus dem S\u00fcden. W\u00e4rme, Sonne, kalte Getr\u00e4nke. Manche Spieler m\u00f6gen K\u00e4lte, Eis und warme Getr\u00e4nke. Wenn es also nicht gerade schneit oder regnet kann es durchaus sein, da\u00df wir dienstags ab 18.00 Uhr und sonntags ab 15.00 Uhr ein Spielchen riskieren. Einfach mal vorbeischauen. Allerdings ohne Gew\u00e4hr. Aber der Park l\u00e4dt auch bei Schnee zum Verweilen ein. Die Ruhe geniesen&#8230;<br \/>\n<\/span><\/h4>\n<p><a href=\"https:\/\/www.kdrei-2009.de\/WPKdrei\/wp-content\/uploads\/2010\/11\/Winterspielzeiten.jpg\" rel=\"lightbox[1614]\"><img loading=\"lazy\" decoding=\"async\" class=\"alignleft size-full wp-image-1613\" title=\"Winterspielzeiten\" src=\"https:\/\/www.kdrei-2009.de\/WPKdrei\/wp-content\/uploads\/2010\/11\/Winterspielzeiten.jpg\" alt=\"\" width=\"791\" height=\"614\" srcset=\"https:\/\/www.kdrei-2009.de\/WPKdrei\/wp-content\/uploads\/2010\/11\/Winterspielzeiten.jpg 791w, https:\/\/www.kdrei-2009.de\/WPKdrei\/wp-content\/uploads\/2010\/11\/Winterspielzeiten-300x232.jpg 300w\" sizes=\"(max-width: 791px) 100vw, 791px\" \/><\/a><\/p>\n","protected":false},"excerpt":{"rendered":"<p>Das Boulespiel kommt aus dem S\u00fcden. W\u00e4rme, Sonne, kalte Getr\u00e4nke. Manche Spieler m\u00f6gen K\u00e4lte, Eis und warme Getr\u00e4nke. Wenn es also nicht gerade schneit oder regnet kann es durchaus sein, [&hellip;]<\/p>\n","protected":false},"author":1,"featured_media":0,"parent":275,"menu_order":4,"comment_status":"open","ping_status":"open","template":"","meta":{"footnotes":""},"_links":{"self":[{"href":"https:\/\/www.kdrei-2009.de\/WPKdrei\/wp-json\/wp\/v2\/pages\/1614"}],"collection":[{"href":"https:\/\/www.kdrei-2009.de\/WPKdrei\/wp-json\/wp\/v2\/pages"}],"about":[{"href":"https:\/\/www.kdrei-2009.de\/WPKdrei\/wp-json\/wp\/v2\/types\/page"}],"author":[{"embeddable":true,"href":"https:\/\/www.kdrei-2009.de\/WPKdrei\/wp-json\/wp\/v2\/users\/1"}],"replies":[{"embeddable":true,"href":"https:\/\/www.kdrei-2009.de\/WPKdrei\/wp-json\/wp\/v2\/comments?post=1614"}],"version-history":[{"count":5,"href":"https:\/\/www.kdrei-2009.de\/WPKdrei\/wp-json\/wp\/v2\/pages\/1614\/revisions"}],"predecessor-version":[{"id":1616,"href":"https:\/\/www.kdrei-2009.de\/WPKdrei\/wp-json\/wp\/v2\/pages\/1614\/revisions\/1616"}],"up":[{"embeddable":true,"href":"https:\/\/www.kdrei-2009.de\/WPKdrei\/wp-json\/wp\/v2\/pages\/275"}],"wp:attachment":[{"href":"https:\/\/www.kdrei-2009.de\/WPKdrei\/wp-json\/wp\/v2\/media?parent=1614"}],"curies":[{"name":"wp","href":"https:\/\/api.w.org\/{rel}","templated":true}]}}