{"id":1624,"date":"2010-12-03T09:48:38","date_gmt":"2010-12-03T09:48:38","guid":{"rendered":"https:\/\/www.kdrei-2009.de\/WPKdrei\/?page_id=1624"},"modified":"2016-03-15T11:01:07","modified_gmt":"2016-03-15T11:01:07","slug":"kochbuchauslieferung","status":"publish","type":"page","link":"https:\/\/www.kdrei-2009.de\/WPKdrei\/kdrei-events\/events-2009\/kochbuchauslieferung\/","title":{"rendered":"Kochbuchauslieferung"},"content":{"rendered":"<h4><span style=\"color: #808080;\">So liebe K\u00f6che und Gourmets. Rechtzeitig f\u00fcr den Gabentisch oder zur Erinnerung an diesen gelungenen Abend, bei einem Glas Sp\u00e4tburgunder S3b von Stefan Breuer nochmals die Men\u00fcfolge, die Aromen und die Bilder vorbeiziehen lassen&#8230;.geniesen&#8230;.entspannen.<\/span><\/h4>\n<h4><span style=\"color: #808080;\">Die B\u00fccher werden in den kommenden Tagen ausgeliefert.<\/span><\/h4>\n<p><a href=\"https:\/\/www.kdrei-2009.de\/WPKdrei\/wp-content\/uploads\/2010\/12\/kochbuchstapel-web.jpg\" rel=\"lightbox[1624]\"><img loading=\"lazy\" decoding=\"async\" class=\"alignleft size-full wp-image-1623\" title=\"kochbuchstapel web\" src=\"https:\/\/www.kdrei-2009.de\/WPKdrei\/wp-content\/uploads\/2010\/12\/kochbuchstapel-web.jpg\" alt=\"\" width=\"680\" height=\"850\" srcset=\"https:\/\/www.kdrei-2009.de\/WPKdrei\/wp-content\/uploads\/2010\/12\/kochbuchstapel-web.jpg 680w, https:\/\/www.kdrei-2009.de\/WPKdrei\/wp-content\/uploads\/2010\/12\/kochbuchstapel-web-240x300.jpg 240w\" sizes=\"(max-width: 680px) 100vw, 680px\" \/><\/a><\/p>\n","protected":false},"excerpt":{"rendered":"<p>So liebe K\u00f6che und Gourmets. Rechtzeitig f\u00fcr den Gabentisch oder zur Erinnerung an diesen gelungenen Abend, bei einem Glas Sp\u00e4tburgunder S3b von Stefan Breuer nochmals die Men\u00fcfolge, die Aromen und [&hellip;]<\/p>\n","protected":false},"author":1,"featured_media":0,"parent":3859,"menu_order":19,"comment_status":"open","ping_status":"open","template":"","meta":{"footnotes":""},"_links":{"self":[{"href":"https:\/\/www.kdrei-2009.de\/WPKdrei\/wp-json\/wp\/v2\/pages\/1624"}],"collection":[{"href":"https:\/\/www.kdrei-2009.de\/WPKdrei\/wp-json\/wp\/v2\/pages"}],"about":[{"href":"https:\/\/www.kdrei-2009.de\/WPKdrei\/wp-json\/wp\/v2\/types\/page"}],"author":[{"embeddable":true,"href":"https:\/\/www.kdrei-2009.de\/WPKdrei\/wp-json\/wp\/v2\/users\/1"}],"replies":[{"embeddable":true,"href":"https:\/\/www.kdrei-2009.de\/WPKdrei\/wp-json\/wp\/v2\/comments?post=1624"}],"version-history":[{"count":3,"href":"https:\/\/www.kdrei-2009.de\/WPKdrei\/wp-json\/wp\/v2\/pages\/1624\/revisions"}],"predecessor-version":[{"id":5353,"href":"https:\/\/www.kdrei-2009.de\/WPKdrei\/wp-json\/wp\/v2\/pages\/1624\/revisions\/5353"}],"up":[{"embeddable":true,"href":"https:\/\/www.kdrei-2009.de\/WPKdrei\/wp-json\/wp\/v2\/pages\/3859"}],"wp:attachment":[{"href":"https:\/\/www.kdrei-2009.de\/WPKdrei\/wp-json\/wp\/v2\/media?parent=1624"}],"curies":[{"name":"wp","href":"https:\/\/api.w.org\/{rel}","templated":true}]}}