{"id":1639,"date":"2010-12-13T15:13:29","date_gmt":"2010-12-13T15:13:29","guid":{"rendered":"https:\/\/www.kdrei-2009.de\/WPKdrei\/?page_id=1639"},"modified":"2016-03-15T10:39:38","modified_gmt":"2016-03-15T10:39:38","slug":"jubilaum-1","status":"publish","type":"page","link":"https:\/\/www.kdrei-2009.de\/WPKdrei\/kultur\/kultur-2010-2\/jubilaum-1\/","title":{"rendered":"Jubil\u00e4um 1"},"content":{"rendered":"<h4><span style=\"color: #808080;\">Tja, jetzt ist es schon 1 Jahr her. Kdrei lebt, ihr k\u00f6nnt es auf dieser Internetseite anschauen.\u00a0 Am Sonntag haben wir unser Jubil\u00e4um mit unseren Mitgliedern und Freunden von Kdrei gefeiert. Es gab leckeres, schw\u00e4bisches Essen. Zweierlei Griebenschmalz, eingelegte Pflaumen, Fl\u00e4dlessuppe, Sauerkraut, Bauernbrot, Kassler, Blut- und Griebenwurst. Dazu diverse Rieslinge. Anschliessend k\u00f6stliche Kuchen, Schwarzw\u00e4lder Kirschtorte, Apfelkuchen, Linzertorte, Gutsle&#8230;.was soll man dazu noch schreiben. seht es euch an.<\/span><\/h4>\n<p><a href=\"https:\/\/www.kdrei-2009.de\/WPKdrei\/wp-content\/uploads\/2010\/12\/K3_jubi_10121_18web.jpg\" rel=\"lightbox[1639]\"><\/a><a href=\"https:\/\/www.kdrei-2009.de\/WPKdrei\/wp-content\/uploads\/2010\/12\/K3_jubi_10121_03web.jpg\" rel=\"lightbox[1639]\"><img loading=\"lazy\" decoding=\"async\" class=\"aligncenter size-full wp-image-1629\" title=\"K3_jubi_10121_03web\" src=\"https:\/\/www.kdrei-2009.de\/WPKdrei\/wp-content\/uploads\/2010\/12\/K3_jubi_10121_03web.jpg\" alt=\"\" width=\"567\" height=\"425\" srcset=\"https:\/\/www.kdrei-2009.de\/WPKdrei\/wp-content\/uploads\/2010\/12\/K3_jubi_10121_03web.jpg 567w, https:\/\/www.kdrei-2009.de\/WPKdrei\/wp-content\/uploads\/2010\/12\/K3_jubi_10121_03web-300x224.jpg 300w\" sizes=\"(max-width: 567px) 100vw, 567px\" \/><\/a><br \/>\n<a href=\"https:\/\/www.kdrei-2009.de\/WPKdrei\/wp-content\/uploads\/2010\/12\/K3_jubi_10121_11web.jpg\" rel=\"lightbox[1639]\"><img loading=\"lazy\" decoding=\"async\" class=\"aligncenter size-full wp-image-1631\" title=\"K3_jubi_10121_11web\" src=\"https:\/\/www.kdrei-2009.de\/WPKdrei\/wp-content\/uploads\/2010\/12\/K3_jubi_10121_11web.jpg\" alt=\"\" width=\"425\" height=\"283\" srcset=\"https:\/\/www.kdrei-2009.de\/WPKdrei\/wp-content\/uploads\/2010\/12\/K3_jubi_10121_11web.jpg 425w, https:\/\/www.kdrei-2009.de\/WPKdrei\/wp-content\/uploads\/2010\/12\/K3_jubi_10121_11web-300x199.jpg 300w\" sizes=\"(max-width: 425px) 100vw, 425px\" \/><\/a><a href=\"https:\/\/www.kdrei-2009.de\/WPKdrei\/wp-content\/uploads\/2010\/12\/K3_jubi_10121_03web.jpg\" rel=\"lightbox[1639]\"><\/a><\/p>\n<p><a href=\"https:\/\/www.kdrei-2009.de\/WPKdrei\/wp-content\/uploads\/2010\/12\/K3_jubi_10121_13web.jpg\" rel=\"lightbox[1639]\"><img loading=\"lazy\" decoding=\"async\" class=\"aligncenter size-full wp-image-1632\" title=\"K3_jubi_10121_13web\" src=\"https:\/\/www.kdrei-2009.de\/WPKdrei\/wp-content\/uploads\/2010\/12\/K3_jubi_10121_13web.jpg\" alt=\"\" width=\"567\" height=\"425\" srcset=\"https:\/\/www.kdrei-2009.de\/WPKdrei\/wp-content\/uploads\/2010\/12\/K3_jubi_10121_13web.jpg 567w, https:\/\/www.kdrei-2009.de\/WPKdrei\/wp-content\/uploads\/2010\/12\/K3_jubi_10121_13web-300x224.jpg 300w\" sizes=\"(max-width: 567px) 100vw, 567px\" \/><\/a><\/p>\n<p><a href=\"https:\/\/www.kdrei-2009.de\/WPKdrei\/wp-content\/uploads\/2010\/12\/K3_jubi_10121_14web.jpg\" rel=\"lightbox[1639]\"><img loading=\"lazy\" decoding=\"async\" class=\"aligncenter size-full wp-image-1633\" title=\"K3_jubi_10121_14web\" src=\"https:\/\/www.kdrei-2009.de\/WPKdrei\/wp-content\/uploads\/2010\/12\/K3_jubi_10121_14web.jpg\" alt=\"\" width=\"283\" height=\"425\" srcset=\"https:\/\/www.kdrei-2009.de\/WPKdrei\/wp-content\/uploads\/2010\/12\/K3_jubi_10121_14web.jpg 283w, https:\/\/www.kdrei-2009.de\/WPKdrei\/wp-content\/uploads\/2010\/12\/K3_jubi_10121_14web-199x300.jpg 199w\" sizes=\"(max-width: 283px) 100vw, 283px\" \/><\/a><\/p>\n<p><a href=\"https:\/\/www.kdrei-2009.de\/WPKdrei\/wp-content\/uploads\/2010\/12\/K3_jubi_10121_15web.jpg\" rel=\"lightbox[1639]\"><img loading=\"lazy\" decoding=\"async\" class=\"aligncenter size-full wp-image-1634\" title=\"K3_jubi_10121_15web\" src=\"https:\/\/www.kdrei-2009.de\/WPKdrei\/wp-content\/uploads\/2010\/12\/K3_jubi_10121_15web.jpg\" alt=\"\" width=\"425\" height=\"283\" srcset=\"https:\/\/www.kdrei-2009.de\/WPKdrei\/wp-content\/uploads\/2010\/12\/K3_jubi_10121_15web.jpg 425w, https:\/\/www.kdrei-2009.de\/WPKdrei\/wp-content\/uploads\/2010\/12\/K3_jubi_10121_15web-300x199.jpg 300w\" sizes=\"(max-width: 425px) 100vw, 425px\" \/><\/a><\/p>\n<p><a href=\"https:\/\/www.kdrei-2009.de\/WPKdrei\/wp-content\/uploads\/2010\/12\/K3_jubi_10121_16web.jpg\" rel=\"lightbox[1639]\"><img loading=\"lazy\" decoding=\"async\" class=\"aligncenter size-full wp-image-1635\" title=\"K3_jubi_10121_16web\" src=\"https:\/\/www.kdrei-2009.de\/WPKdrei\/wp-content\/uploads\/2010\/12\/K3_jubi_10121_16web.jpg\" alt=\"\" width=\"283\" height=\"425\" srcset=\"https:\/\/www.kdrei-2009.de\/WPKdrei\/wp-content\/uploads\/2010\/12\/K3_jubi_10121_16web.jpg 283w, https:\/\/www.kdrei-2009.de\/WPKdrei\/wp-content\/uploads\/2010\/12\/K3_jubi_10121_16web-199x300.jpg 199w\" sizes=\"(max-width: 283px) 100vw, 283px\" \/><\/a><\/p>\n<p><a href=\"https:\/\/www.kdrei-2009.de\/WPKdrei\/wp-content\/uploads\/2010\/12\/K3_jubi_10121_17web.jpg\" rel=\"lightbox[1639]\"><img loading=\"lazy\" decoding=\"async\" class=\"aligncenter size-full wp-image-1636\" title=\"K3_jubi_10121_17web\" src=\"https:\/\/www.kdrei-2009.de\/WPKdrei\/wp-content\/uploads\/2010\/12\/K3_jubi_10121_17web.jpg\" alt=\"\" width=\"425\" height=\"283\" srcset=\"https:\/\/www.kdrei-2009.de\/WPKdrei\/wp-content\/uploads\/2010\/12\/K3_jubi_10121_17web.jpg 425w, https:\/\/www.kdrei-2009.de\/WPKdrei\/wp-content\/uploads\/2010\/12\/K3_jubi_10121_17web-300x199.jpg 300w\" sizes=\"(max-width: 425px) 100vw, 425px\" \/><\/a><a href=\"https:\/\/www.kdrei-2009.de\/WPKdrei\/wp-content\/uploads\/2010\/12\/K3_jubi_10121_18web.jpg\" rel=\"lightbox[1639]\"><\/a><\/p>\n<p><a href=\"https:\/\/www.kdrei-2009.de\/WPKdrei\/wp-content\/uploads\/2010\/12\/K3_jubi_10121_18web.jpg\" rel=\"lightbox[1639]\"><img loading=\"lazy\" decoding=\"async\" class=\"aligncenter size-full wp-image-1637\" title=\"K3_jubi_10121_18web\" src=\"https:\/\/www.kdrei-2009.de\/WPKdrei\/wp-content\/uploads\/2010\/12\/K3_jubi_10121_18web.jpg\" alt=\"\" width=\"567\" height=\"425\" srcset=\"https:\/\/www.kdrei-2009.de\/WPKdrei\/wp-content\/uploads\/2010\/12\/K3_jubi_10121_18web.jpg 567w, https:\/\/www.kdrei-2009.de\/WPKdrei\/wp-content\/uploads\/2010\/12\/K3_jubi_10121_18web-300x224.jpg 300w\" sizes=\"(max-width: 567px) 100vw, 567px\" \/><\/a><\/p>\n<p><a href=\"https:\/\/www.kdrei-2009.de\/WPKdrei\/wp-content\/uploads\/2010\/12\/K3_jubi_10121_19web.jpg\" rel=\"lightbox[1639]\"><img loading=\"lazy\" decoding=\"async\" class=\"aligncenter size-full wp-image-1638\" title=\"K3_jubi_10121_19web\" src=\"https:\/\/www.kdrei-2009.de\/WPKdrei\/wp-content\/uploads\/2010\/12\/K3_jubi_10121_19web.jpg\" alt=\"\" width=\"567\" height=\"425\" srcset=\"https:\/\/www.kdrei-2009.de\/WPKdrei\/wp-content\/uploads\/2010\/12\/K3_jubi_10121_19web.jpg 567w, https:\/\/www.kdrei-2009.de\/WPKdrei\/wp-content\/uploads\/2010\/12\/K3_jubi_10121_19web-300x224.jpg 300w\" sizes=\"(max-width: 567px) 100vw, 567px\" \/><\/a><\/p>\n","protected":false},"excerpt":{"rendered":"<p>Tja, jetzt ist es schon 1 Jahr her. Kdrei lebt, ihr k\u00f6nnt es auf dieser Internetseite anschauen.\u00a0 Am Sonntag haben wir unser Jubil\u00e4um mit unseren Mitgliedern und Freunden von Kdrei [&hellip;]<\/p>\n","protected":false},"author":1,"featured_media":0,"parent":5279,"menu_order":0,"comment_status":"open","ping_status":"open","template":"","meta":{"footnotes":""},"_links":{"self":[{"href":"https:\/\/www.kdrei-2009.de\/WPKdrei\/wp-json\/wp\/v2\/pages\/1639"}],"collection":[{"href":"https:\/\/www.kdrei-2009.de\/WPKdrei\/wp-json\/wp\/v2\/pages"}],"about":[{"href":"https:\/\/www.kdrei-2009.de\/WPKdrei\/wp-json\/wp\/v2\/types\/page"}],"author":[{"embeddable":true,"href":"https:\/\/www.kdrei-2009.de\/WPKdrei\/wp-json\/wp\/v2\/users\/1"}],"replies":[{"embeddable":true,"href":"https:\/\/www.kdrei-2009.de\/WPKdrei\/wp-json\/wp\/v2\/comments?post=1639"}],"version-history":[{"count":5,"href":"https:\/\/www.kdrei-2009.de\/WPKdrei\/wp-json\/wp\/v2\/pages\/1639\/revisions"}],"predecessor-version":[{"id":5282,"href":"https:\/\/www.kdrei-2009.de\/WPKdrei\/wp-json\/wp\/v2\/pages\/1639\/revisions\/5282"}],"up":[{"embeddable":true,"href":"https:\/\/www.kdrei-2009.de\/WPKdrei\/wp-json\/wp\/v2\/pages\/5279"}],"wp:attachment":[{"href":"https:\/\/www.kdrei-2009.de\/WPKdrei\/wp-json\/wp\/v2\/media?parent=1639"}],"curies":[{"name":"wp","href":"https:\/\/api.w.org\/{rel}","templated":true}]}}