{"id":1719,"date":"2011-02-11T13:13:57","date_gmt":"2011-02-11T13:13:57","guid":{"rendered":"https:\/\/www.kdrei-2009.de\/WPKdrei\/?page_id=1719"},"modified":"2016-03-14T13:09:36","modified_gmt":"2016-03-14T13:09:36","slug":"winterliga-bewegt-02","status":"publish","type":"page","link":"https:\/\/www.kdrei-2009.de\/WPKdrei\/kugelsport-2\/kugelsport-2011\/liga-2011\/winterliga-bewegt-02\/","title":{"rendered":"Winterliga bewegt 02"},"content":{"rendered":"<h4><span style=\"color: #808080;\">Durch die neu eingef\u00fchrte Spielanalyse per Videoaufnahme, erhofft sich Kdrei eine deutliche Verbesserung der Bouleger\u00e4usche. Angestrebt werden weiche T\u00f6ne, sch\u00f6ne Klangfolgen w\u00e4hrend des gesamten Spielablaufes und ein synchrones Mannschaftsorchester. <\/span><\/h4>\n<h4><span style=\"color: #808080;\">Noch ein Film.<\/span><\/h4>\n<p><a href=\"https:\/\/www.kdrei-2009.de\/WPKdrei\/wp-content\/uploads\/2011\/02\/K3-Winmterliga2011-02-1.mp4\">K3-Winmterliga2011-02-1<\/a><\/p>\n","protected":false},"excerpt":{"rendered":"<p>Durch die neu eingef\u00fchrte Spielanalyse per Videoaufnahme, erhofft sich Kdrei eine deutliche Verbesserung der Bouleger\u00e4usche. Angestrebt werden weiche T\u00f6ne, sch\u00f6ne Klangfolgen w\u00e4hrend des gesamten Spielablaufes und ein synchrones Mannschaftsorchester. Noch [&hellip;]<\/p>\n","protected":false},"author":1,"featured_media":0,"parent":1784,"menu_order":3,"comment_status":"open","ping_status":"open","template":"","meta":{"footnotes":""},"_links":{"self":[{"href":"https:\/\/www.kdrei-2009.de\/WPKdrei\/wp-json\/wp\/v2\/pages\/1719"}],"collection":[{"href":"https:\/\/www.kdrei-2009.de\/WPKdrei\/wp-json\/wp\/v2\/pages"}],"about":[{"href":"https:\/\/www.kdrei-2009.de\/WPKdrei\/wp-json\/wp\/v2\/types\/page"}],"author":[{"embeddable":true,"href":"https:\/\/www.kdrei-2009.de\/WPKdrei\/wp-json\/wp\/v2\/users\/1"}],"replies":[{"embeddable":true,"href":"https:\/\/www.kdrei-2009.de\/WPKdrei\/wp-json\/wp\/v2\/comments?post=1719"}],"version-history":[{"count":4,"href":"https:\/\/www.kdrei-2009.de\/WPKdrei\/wp-json\/wp\/v2\/pages\/1719\/revisions"}],"predecessor-version":[{"id":5241,"href":"https:\/\/www.kdrei-2009.de\/WPKdrei\/wp-json\/wp\/v2\/pages\/1719\/revisions\/5241"}],"up":[{"embeddable":true,"href":"https:\/\/www.kdrei-2009.de\/WPKdrei\/wp-json\/wp\/v2\/pages\/1784"}],"wp:attachment":[{"href":"https:\/\/www.kdrei-2009.de\/WPKdrei\/wp-json\/wp\/v2\/media?parent=1719"}],"curies":[{"name":"wp","href":"https:\/\/api.w.org\/{rel}","templated":true}]}}