{"id":1753,"date":"2011-03-11T13:45:22","date_gmt":"2011-03-11T13:45:22","guid":{"rendered":"https:\/\/www.kdrei-2009.de\/WPKdrei\/?page_id=1753"},"modified":"2016-03-16T12:45:57","modified_gmt":"2016-03-16T12:45:57","slug":"wieviele-schoets-und-warum","status":"publish","type":"page","link":"https:\/\/www.kdrei-2009.de\/WPKdrei\/bosseln\/wieviele-schoets-und-warum\/","title":{"rendered":"Wieviele Schoets und warum ???"},"content":{"rendered":"<h4><span style=\"color: #808080;\">Diese Frage besch\u00e4ftigte 8 Kdreiler am vergangenen Sonntag. Allein die Tatsache, da\u00df geschoetet wurde und da\u00df wir Schoets hatten, hat alle \u00fcberrascht. Warum wir Schoets brauchen und da\u00df Schoets gesund sind, wurde allerdings nicht gekl\u00e4rt. Der Versuch Schoets zu erreichen, gelang beiden Mannschaften, wie sie erreicht wurden, ist allerdings immer noch teilweise umstritten. Wie man sieht, eine typische Kdrei Veranstaltung. Draussen, gesund und sportlich. Ein Bollerwagen, isotonischen Getr\u00e4nke, Bosselkugeln, ein Kraber und eine undefinierten Wegstrecke im Wald gen\u00fcgten, um recht viel Spass zu haben. Keiner wurde verletzt, keine Kugel im Wasser versenkt. Anschliessend gab es leckeren Gr\u00fcnkohl mit Pinkel.<\/span><\/h4>\n<h4><span style=\"color: #808080;\">Hier ein kleines Filmchen <\/span><span style=\"color: #232323;\"><span style=\"color: #808080;\"><a href=\"https:\/\/www.kdrei-2009.de\/WPKdrei\/wp-content\/uploads\/2011\/03\/K3-bosseln2011web.mp4\">K3-bosseln2011web<\/a><\/span><\/span><\/h4>\n<p><span style=\"color: #232323;\"><span style=\"color: #808080;\"><a href=\"https:\/\/www.kdrei-2009.de\/WPKdrei\/wp-content\/uploads\/2011\/03\/K3-Bosseln-2011_01web.jpg\" rel=\"lightbox[1753]\"><img loading=\"lazy\" decoding=\"async\" class=\"alignnone size-medium wp-image-1734\" title=\"K3-Bosseln-2011_01web\" src=\"https:\/\/www.kdrei-2009.de\/WPKdrei\/wp-content\/uploads\/2011\/03\/K3-Bosseln-2011_01web-300x224.jpg\" alt=\"\" width=\"300\" height=\"224\" srcset=\"https:\/\/www.kdrei-2009.de\/WPKdrei\/wp-content\/uploads\/2011\/03\/K3-Bosseln-2011_01web-300x224.jpg 300w, https:\/\/www.kdrei-2009.de\/WPKdrei\/wp-content\/uploads\/2011\/03\/K3-Bosseln-2011_01web.jpg 567w\" sizes=\"(max-width: 300px) 100vw, 300px\" \/><\/a><a href=\"https:\/\/www.kdrei-2009.de\/WPKdrei\/wp-content\/uploads\/2011\/03\/K3-Bosseln-2011_02web.jpg\" rel=\"lightbox[1753]\"><img loading=\"lazy\" decoding=\"async\" class=\"alignnone size-medium wp-image-1735\" title=\"K3-Bosseln-2011_02web\" src=\"https:\/\/www.kdrei-2009.de\/WPKdrei\/wp-content\/uploads\/2011\/03\/K3-Bosseln-2011_02web-300x224.jpg\" alt=\"\" width=\"300\" height=\"224\" srcset=\"https:\/\/www.kdrei-2009.de\/WPKdrei\/wp-content\/uploads\/2011\/03\/K3-Bosseln-2011_02web-300x224.jpg 300w, https:\/\/www.kdrei-2009.de\/WPKdrei\/wp-content\/uploads\/2011\/03\/K3-Bosseln-2011_02web.jpg 567w\" sizes=\"(max-width: 300px) 100vw, 300px\" \/><\/a><a href=\"https:\/\/www.kdrei-2009.de\/WPKdrei\/wp-content\/uploads\/2011\/03\/K3-Bosseln-2011_04web.jpg\" rel=\"lightbox[1753]\"><img loading=\"lazy\" decoding=\"async\" class=\"alignnone size-medium wp-image-1736\" title=\"K3-Bosseln-2011_04web\" src=\"https:\/\/www.kdrei-2009.de\/WPKdrei\/wp-content\/uploads\/2011\/03\/K3-Bosseln-2011_04web-300x224.jpg\" alt=\"\" width=\"300\" height=\"224\" srcset=\"https:\/\/www.kdrei-2009.de\/WPKdrei\/wp-content\/uploads\/2011\/03\/K3-Bosseln-2011_04web-300x224.jpg 300w, https:\/\/www.kdrei-2009.de\/WPKdrei\/wp-content\/uploads\/2011\/03\/K3-Bosseln-2011_04web.jpg 567w\" sizes=\"(max-width: 300px) 100vw, 300px\" \/><\/a><a href=\"https:\/\/www.kdrei-2009.de\/WPKdrei\/wp-content\/uploads\/2011\/03\/K3-Bosseln-2011_08web.jpg\" rel=\"lightbox[1753]\"><img loading=\"lazy\" decoding=\"async\" class=\"alignnone size-medium wp-image-1737\" title=\"K3-Bosseln-2011_08web\" src=\"https:\/\/www.kdrei-2009.de\/WPKdrei\/wp-content\/uploads\/2011\/03\/K3-Bosseln-2011_08web-224x300.jpg\" alt=\"\" width=\"224\" height=\"300\" srcset=\"https:\/\/www.kdrei-2009.de\/WPKdrei\/wp-content\/uploads\/2011\/03\/K3-Bosseln-2011_08web-224x300.jpg 224w, https:\/\/www.kdrei-2009.de\/WPKdrei\/wp-content\/uploads\/2011\/03\/K3-Bosseln-2011_08web.jpg 425w\" sizes=\"(max-width: 224px) 100vw, 224px\" \/><\/a><a href=\"https:\/\/www.kdrei-2009.de\/WPKdrei\/wp-content\/uploads\/2011\/03\/K3-Bosseln-2011_10web.jpg\" rel=\"lightbox[1753]\"><img loading=\"lazy\" decoding=\"async\" class=\"alignnone size-medium wp-image-1738\" title=\"K3-Bosseln-2011_10web\" src=\"https:\/\/www.kdrei-2009.de\/WPKdrei\/wp-content\/uploads\/2011\/03\/K3-Bosseln-2011_10web-300x224.jpg\" alt=\"\" width=\"300\" height=\"224\" srcset=\"https:\/\/www.kdrei-2009.de\/WPKdrei\/wp-content\/uploads\/2011\/03\/K3-Bosseln-2011_10web-300x224.jpg 300w, https:\/\/www.kdrei-2009.de\/WPKdrei\/wp-content\/uploads\/2011\/03\/K3-Bosseln-2011_10web.jpg 567w\" sizes=\"(max-width: 300px) 100vw, 300px\" \/><\/a><a href=\"https:\/\/www.kdrei-2009.de\/WPKdrei\/wp-content\/uploads\/2011\/03\/K3-Bosseln-2011_12web.jpg\" rel=\"lightbox[1753]\"><img loading=\"lazy\" decoding=\"async\" class=\"alignnone size-medium wp-image-1739\" title=\"K3-Bosseln-2011_12web\" src=\"https:\/\/www.kdrei-2009.de\/WPKdrei\/wp-content\/uploads\/2011\/03\/K3-Bosseln-2011_12web-224x300.jpg\" alt=\"\" width=\"224\" height=\"300\" srcset=\"https:\/\/www.kdrei-2009.de\/WPKdrei\/wp-content\/uploads\/2011\/03\/K3-Bosseln-2011_12web-224x300.jpg 224w, https:\/\/www.kdrei-2009.de\/WPKdrei\/wp-content\/uploads\/2011\/03\/K3-Bosseln-2011_12web.jpg 425w\" sizes=\"(max-width: 224px) 100vw, 224px\" \/><\/a><a href=\"https:\/\/www.kdrei-2009.de\/WPKdrei\/wp-content\/uploads\/2011\/03\/K3-Bosseln-2011_13web.jpg\" rel=\"lightbox[1753]\"><img loading=\"lazy\" decoding=\"async\" class=\"alignnone size-medium wp-image-1740\" title=\"K3-Bosseln-2011_13web\" src=\"https:\/\/www.kdrei-2009.de\/WPKdrei\/wp-content\/uploads\/2011\/03\/K3-Bosseln-2011_13web-300x120.jpg\" alt=\"\" width=\"300\" height=\"120\" srcset=\"https:\/\/www.kdrei-2009.de\/WPKdrei\/wp-content\/uploads\/2011\/03\/K3-Bosseln-2011_13web-300x120.jpg 300w, https:\/\/www.kdrei-2009.de\/WPKdrei\/wp-content\/uploads\/2011\/03\/K3-Bosseln-2011_13web.jpg 567w\" sizes=\"(max-width: 300px) 100vw, 300px\" \/><\/a><a href=\"https:\/\/www.kdrei-2009.de\/WPKdrei\/wp-content\/uploads\/2011\/03\/K3-Bosseln-2011_14web.jpg\" rel=\"lightbox[1753]\"><img loading=\"lazy\" decoding=\"async\" class=\"alignnone size-medium wp-image-1741\" title=\"K3-Bosseln-2011_14web\" src=\"https:\/\/www.kdrei-2009.de\/WPKdrei\/wp-content\/uploads\/2011\/03\/K3-Bosseln-2011_14web-300x149.jpg\" alt=\"\" width=\"300\" height=\"149\" srcset=\"https:\/\/www.kdrei-2009.de\/WPKdrei\/wp-content\/uploads\/2011\/03\/K3-Bosseln-2011_14web-300x149.jpg 300w, https:\/\/www.kdrei-2009.de\/WPKdrei\/wp-content\/uploads\/2011\/03\/K3-Bosseln-2011_14web.jpg 567w\" sizes=\"(max-width: 300px) 100vw, 300px\" \/><\/a><a href=\"https:\/\/www.kdrei-2009.de\/WPKdrei\/wp-content\/uploads\/2011\/03\/K3-Bosseln-2011_16web.jpg\" rel=\"lightbox[1753]\"><img loading=\"lazy\" decoding=\"async\" class=\"alignnone size-medium wp-image-1742\" title=\"K3-Bosseln-2011_16web\" src=\"https:\/\/www.kdrei-2009.de\/WPKdrei\/wp-content\/uploads\/2011\/03\/K3-Bosseln-2011_16web-300x149.jpg\" alt=\"\" width=\"300\" height=\"149\" srcset=\"https:\/\/www.kdrei-2009.de\/WPKdrei\/wp-content\/uploads\/2011\/03\/K3-Bosseln-2011_16web-300x149.jpg 300w, https:\/\/www.kdrei-2009.de\/WPKdrei\/wp-content\/uploads\/2011\/03\/K3-Bosseln-2011_16web.jpg 567w\" sizes=\"(max-width: 300px) 100vw, 300px\" \/><\/a><a href=\"https:\/\/www.kdrei-2009.de\/WPKdrei\/wp-content\/uploads\/2011\/03\/K3-Bosseln-2011_19web.jpg\" rel=\"lightbox[1753]\"><img loading=\"lazy\" decoding=\"async\" class=\"alignnone size-medium wp-image-1743\" title=\"K3-Bosseln-2011_19web\" src=\"https:\/\/www.kdrei-2009.de\/WPKdrei\/wp-content\/uploads\/2011\/03\/K3-Bosseln-2011_19web-300x149.jpg\" alt=\"\" width=\"300\" height=\"149\" srcset=\"https:\/\/www.kdrei-2009.de\/WPKdrei\/wp-content\/uploads\/2011\/03\/K3-Bosseln-2011_19web-300x149.jpg 300w, https:\/\/www.kdrei-2009.de\/WPKdrei\/wp-content\/uploads\/2011\/03\/K3-Bosseln-2011_19web.jpg 567w\" sizes=\"(max-width: 300px) 100vw, 300px\" \/><\/a><a href=\"https:\/\/www.kdrei-2009.de\/WPKdrei\/wp-content\/uploads\/2011\/03\/K3-Bosseln-2011_24web.jpg\" rel=\"lightbox[1753]\"><img loading=\"lazy\" decoding=\"async\" class=\"alignnone size-medium wp-image-1744\" title=\"K3-Bosseln-2011_24web\" src=\"https:\/\/www.kdrei-2009.de\/WPKdrei\/wp-content\/uploads\/2011\/03\/K3-Bosseln-2011_24web-300x289.jpg\" alt=\"\" width=\"300\" height=\"289\" srcset=\"https:\/\/www.kdrei-2009.de\/WPKdrei\/wp-content\/uploads\/2011\/03\/K3-Bosseln-2011_24web-300x289.jpg 300w, https:\/\/www.kdrei-2009.de\/WPKdrei\/wp-content\/uploads\/2011\/03\/K3-Bosseln-2011_24web.jpg 567w\" sizes=\"(max-width: 300px) 100vw, 300px\" \/><\/a><a href=\"https:\/\/www.kdrei-2009.de\/WPKdrei\/wp-content\/uploads\/2011\/03\/K3-Bosseln-2011_25web.jpg\" rel=\"lightbox[1753]\"><img loading=\"lazy\" decoding=\"async\" class=\"alignnone size-medium wp-image-1745\" title=\"K3-Bosseln-2011_25web\" src=\"https:\/\/www.kdrei-2009.de\/WPKdrei\/wp-content\/uploads\/2011\/03\/K3-Bosseln-2011_25web-300x180.jpg\" alt=\"\" width=\"300\" height=\"180\" srcset=\"https:\/\/www.kdrei-2009.de\/WPKdrei\/wp-content\/uploads\/2011\/03\/K3-Bosseln-2011_25web-300x180.jpg 300w, https:\/\/www.kdrei-2009.de\/WPKdrei\/wp-content\/uploads\/2011\/03\/K3-Bosseln-2011_25web.jpg 567w\" sizes=\"(max-width: 300px) 100vw, 300px\" \/><\/a><a href=\"https:\/\/www.kdrei-2009.de\/WPKdrei\/wp-content\/uploads\/2011\/03\/K3-Bosseln-2011_28web.jpg\" rel=\"lightbox[1753]\"><img loading=\"lazy\" decoding=\"async\" class=\"alignnone size-medium wp-image-1746\" title=\"K3-Bosseln-2011_28web\" src=\"https:\/\/www.kdrei-2009.de\/WPKdrei\/wp-content\/uploads\/2011\/03\/K3-Bosseln-2011_28web-300x153.jpg\" alt=\"\" width=\"300\" height=\"153\" srcset=\"https:\/\/www.kdrei-2009.de\/WPKdrei\/wp-content\/uploads\/2011\/03\/K3-Bosseln-2011_28web-300x153.jpg 300w, https:\/\/www.kdrei-2009.de\/WPKdrei\/wp-content\/uploads\/2011\/03\/K3-Bosseln-2011_28web.jpg 567w\" sizes=\"(max-width: 300px) 100vw, 300px\" \/><\/a><a href=\"https:\/\/www.kdrei-2009.de\/WPKdrei\/wp-content\/uploads\/2011\/03\/K3-Bosseln-2011_33web.jpg\" rel=\"lightbox[1753]\"><img loading=\"lazy\" decoding=\"async\" class=\"alignnone size-medium wp-image-1747\" title=\"K3-Bosseln-2011_33web\" src=\"https:\/\/www.kdrei-2009.de\/WPKdrei\/wp-content\/uploads\/2011\/03\/K3-Bosseln-2011_33web-300x209.jpg\" alt=\"\" width=\"300\" height=\"209\" srcset=\"https:\/\/www.kdrei-2009.de\/WPKdrei\/wp-content\/uploads\/2011\/03\/K3-Bosseln-2011_33web-300x209.jpg 300w, https:\/\/www.kdrei-2009.de\/WPKdrei\/wp-content\/uploads\/2011\/03\/K3-Bosseln-2011_33web.jpg 567w\" sizes=\"(max-width: 300px) 100vw, 300px\" \/><\/a><a href=\"https:\/\/www.kdrei-2009.de\/WPKdrei\/wp-content\/uploads\/2011\/03\/K3-Bosseln-2011_35web.jpg\" rel=\"lightbox[1753]\"><img loading=\"lazy\" decoding=\"async\" class=\"alignnone size-medium wp-image-1748\" title=\"K3-Bosseln-2011_35web\" src=\"https:\/\/www.kdrei-2009.de\/WPKdrei\/wp-content\/uploads\/2011\/03\/K3-Bosseln-2011_35web-206x300.jpg\" alt=\"\" width=\"206\" height=\"300\" srcset=\"https:\/\/www.kdrei-2009.de\/WPKdrei\/wp-content\/uploads\/2011\/03\/K3-Bosseln-2011_35web-206x300.jpg 206w, https:\/\/www.kdrei-2009.de\/WPKdrei\/wp-content\/uploads\/2011\/03\/K3-Bosseln-2011_35web.jpg 567w\" sizes=\"(max-width: 206px) 100vw, 206px\" \/><\/a><a href=\"https:\/\/www.kdrei-2009.de\/WPKdrei\/wp-content\/uploads\/2011\/03\/K3-Bosseln-2011_39web.jpg\" rel=\"lightbox[1753]\"><img loading=\"lazy\" decoding=\"async\" class=\"alignnone size-medium wp-image-1749\" title=\"K3-Bosseln-2011_39web\" src=\"https:\/\/www.kdrei-2009.de\/WPKdrei\/wp-content\/uploads\/2011\/03\/K3-Bosseln-2011_39web-300x211.jpg\" alt=\"\" width=\"300\" height=\"211\" srcset=\"https:\/\/www.kdrei-2009.de\/WPKdrei\/wp-content\/uploads\/2011\/03\/K3-Bosseln-2011_39web-300x211.jpg 300w, https:\/\/www.kdrei-2009.de\/WPKdrei\/wp-content\/uploads\/2011\/03\/K3-Bosseln-2011_39web.jpg 567w\" sizes=\"(max-width: 300px) 100vw, 300px\" \/><\/a><a href=\"https:\/\/www.kdrei-2009.de\/WPKdrei\/wp-content\/uploads\/2011\/03\/K3-Bosseln-2011_40web.jpg\" rel=\"lightbox[1753]\"><img loading=\"lazy\" decoding=\"async\" class=\"alignnone size-medium wp-image-1761\" title=\"K3-Bosseln-2011_40web\" src=\"https:\/\/www.kdrei-2009.de\/WPKdrei\/wp-content\/uploads\/2011\/03\/K3-Bosseln-2011_40web-300x189.jpg\" alt=\"\" width=\"300\" height=\"189\" srcset=\"https:\/\/www.kdrei-2009.de\/WPKdrei\/wp-content\/uploads\/2011\/03\/K3-Bosseln-2011_40web-300x189.jpg 300w, https:\/\/www.kdrei-2009.de\/WPKdrei\/wp-content\/uploads\/2011\/03\/K3-Bosseln-2011_40web.jpg 567w\" sizes=\"(max-width: 300px) 100vw, 300px\" \/><\/a><\/span><\/span><\/p>\n","protected":false},"excerpt":{"rendered":"<p>Diese Frage besch\u00e4ftigte 8 Kdreiler am vergangenen Sonntag. Allein die Tatsache, da\u00df geschoetet wurde und da\u00df wir Schoets hatten, hat alle \u00fcberrascht. Warum wir Schoets brauchen und da\u00df Schoets gesund [&hellip;]<\/p>\n","protected":false},"author":1,"featured_media":0,"parent":5565,"menu_order":0,"comment_status":"open","ping_status":"open","template":"","meta":{"footnotes":""},"_links":{"self":[{"href":"https:\/\/www.kdrei-2009.de\/WPKdrei\/wp-json\/wp\/v2\/pages\/1753"}],"collection":[{"href":"https:\/\/www.kdrei-2009.de\/WPKdrei\/wp-json\/wp\/v2\/pages"}],"about":[{"href":"https:\/\/www.kdrei-2009.de\/WPKdrei\/wp-json\/wp\/v2\/types\/page"}],"author":[{"embeddable":true,"href":"https:\/\/www.kdrei-2009.de\/WPKdrei\/wp-json\/wp\/v2\/users\/1"}],"replies":[{"embeddable":true,"href":"https:\/\/www.kdrei-2009.de\/WPKdrei\/wp-json\/wp\/v2\/comments?post=1753"}],"version-history":[{"count":11,"href":"https:\/\/www.kdrei-2009.de\/WPKdrei\/wp-json\/wp\/v2\/pages\/1753\/revisions"}],"predecessor-version":[{"id":5590,"href":"https:\/\/www.kdrei-2009.de\/WPKdrei\/wp-json\/wp\/v2\/pages\/1753\/revisions\/5590"}],"up":[{"embeddable":true,"href":"https:\/\/www.kdrei-2009.de\/WPKdrei\/wp-json\/wp\/v2\/pages\/5565"}],"wp:attachment":[{"href":"https:\/\/www.kdrei-2009.de\/WPKdrei\/wp-json\/wp\/v2\/media?parent=1753"}],"curies":[{"name":"wp","href":"https:\/\/api.w.org\/{rel}","templated":true}]}}