{"id":1829,"date":"2011-05-01T12:28:53","date_gmt":"2011-05-01T12:28:53","guid":{"rendered":"https:\/\/www.kdrei-2009.de\/WPKdrei\/?page_id=1829"},"modified":"2016-03-14T13:06:00","modified_gmt":"2016-03-14T13:06:00","slug":"kdrei-trifft-vfbouler","status":"publish","type":"page","link":"https:\/\/www.kdrei-2009.de\/WPKdrei\/kugelsport-2\/kugelsport-2011\/turniere-2011\/kdrei-trifft-vfbouler\/","title":{"rendered":"Kdrei trifft VfBouler"},"content":{"rendered":"<h4><span style=\"color: #808080;\">Tja das wir das noch erleben d\u00fcrfen. Der Traditionsverein aus Neuffen, irgendwann war jeder mal Mitglied in diesem ehrw\u00fcrdigen Verein, spielt den BBPV Pokal gegen uns. Es war ein sehr sch\u00f6ner, warmer, sonniger Tag. Es waren sch\u00f6ne Spiele. Wir hatten alle sehr viel Spass. Wir haben zusammen gespielt, gegessen, getrunken und uns am\u00fcsiert. Am Ende hat Neuffen 17 und Kdrei 14 Siege. Was will man mehr? Wir w\u00fcnschen unseren Boulefreunden aus dem Tal weiterhin viel Erfolg und freuen uns \u00fcber weitere Besuche bei uns. Wir freuen uns auf einen regen, gegenseitigen Besuch an den Trainingsabenden.<\/span><\/h4>\n<p><span style=\"color: #808080;\"><a href=\"https:\/\/www.kdrei-2009.de\/WPKdrei\/wp-content\/uploads\/2011\/05\/K3-BBPVPokal2011_34a.jpg\" rel=\"lightbox[1829]\"><img loading=\"lazy\" decoding=\"async\" class=\"alignleft size-full wp-image-1845\" title=\"K3-BBPVPokal2011_34a\" src=\"https:\/\/www.kdrei-2009.de\/WPKdrei\/wp-content\/uploads\/2011\/05\/K3-BBPVPokal2011_34a.jpg\" alt=\"\" width=\"709\" height=\"448\" srcset=\"https:\/\/www.kdrei-2009.de\/WPKdrei\/wp-content\/uploads\/2011\/05\/K3-BBPVPokal2011_34a.jpg 709w, https:\/\/www.kdrei-2009.de\/WPKdrei\/wp-content\/uploads\/2011\/05\/K3-BBPVPokal2011_34a-300x189.jpg 300w\" sizes=\"(max-width: 709px) 100vw, 709px\" \/><\/a><a href=\"https:\/\/www.kdrei-2009.de\/WPKdrei\/wp-content\/uploads\/2011\/05\/K3-BBPVPokal2011_31a.jpg\" rel=\"lightbox[1829]\"><img loading=\"lazy\" decoding=\"async\" class=\"alignleft size-full wp-image-1844\" title=\"K3-BBPVPokal2011_31a\" src=\"https:\/\/www.kdrei-2009.de\/WPKdrei\/wp-content\/uploads\/2011\/05\/K3-BBPVPokal2011_31a.jpg\" alt=\"\" width=\"567\" height=\"509\" srcset=\"https:\/\/www.kdrei-2009.de\/WPKdrei\/wp-content\/uploads\/2011\/05\/K3-BBPVPokal2011_31a.jpg 567w, https:\/\/www.kdrei-2009.de\/WPKdrei\/wp-content\/uploads\/2011\/05\/K3-BBPVPokal2011_31a-300x269.jpg 300w\" sizes=\"(max-width: 567px) 100vw, 567px\" \/><\/a><a href=\"https:\/\/www.kdrei-2009.de\/WPKdrei\/wp-content\/uploads\/2011\/05\/K3-BBPVPokal2011_28a.jpg\" rel=\"lightbox[1829]\"><img loading=\"lazy\" decoding=\"async\" class=\"alignleft size-full wp-image-1843\" title=\"K3-BBPVPokal2011_28a\" src=\"https:\/\/www.kdrei-2009.de\/WPKdrei\/wp-content\/uploads\/2011\/05\/K3-BBPVPokal2011_28a.jpg\" alt=\"\" width=\"567\" height=\"397\" srcset=\"https:\/\/www.kdrei-2009.de\/WPKdrei\/wp-content\/uploads\/2011\/05\/K3-BBPVPokal2011_28a.jpg 567w, https:\/\/www.kdrei-2009.de\/WPKdrei\/wp-content\/uploads\/2011\/05\/K3-BBPVPokal2011_28a-300x210.jpg 300w\" sizes=\"(max-width: 567px) 100vw, 567px\" \/><\/a><a href=\"https:\/\/www.kdrei-2009.de\/WPKdrei\/wp-content\/uploads\/2011\/05\/K3-BBPVPokal2011_27a.jpg\" rel=\"lightbox[1829]\"><img loading=\"lazy\" decoding=\"async\" class=\"alignleft size-full wp-image-1842\" title=\"K3-BBPVPokal2011_27a\" src=\"https:\/\/www.kdrei-2009.de\/WPKdrei\/wp-content\/uploads\/2011\/05\/K3-BBPVPokal2011_27a.jpg\" alt=\"\" width=\"567\" height=\"424\" srcset=\"https:\/\/www.kdrei-2009.de\/WPKdrei\/wp-content\/uploads\/2011\/05\/K3-BBPVPokal2011_27a.jpg 567w, https:\/\/www.kdrei-2009.de\/WPKdrei\/wp-content\/uploads\/2011\/05\/K3-BBPVPokal2011_27a-300x224.jpg 300w\" sizes=\"(max-width: 567px) 100vw, 567px\" \/><\/a><a href=\"https:\/\/www.kdrei-2009.de\/WPKdrei\/wp-content\/uploads\/2011\/05\/K3-BBPVPokal2011_19a.jpg\" rel=\"lightbox[1829]\"><img loading=\"lazy\" decoding=\"async\" class=\"alignleft size-full wp-image-1841\" title=\"K3-BBPVPokal2011_19a\" src=\"https:\/\/www.kdrei-2009.de\/WPKdrei\/wp-content\/uploads\/2011\/05\/K3-BBPVPokal2011_19a.jpg\" alt=\"\" width=\"567\" height=\"339\" srcset=\"https:\/\/www.kdrei-2009.de\/WPKdrei\/wp-content\/uploads\/2011\/05\/K3-BBPVPokal2011_19a.jpg 567w, https:\/\/www.kdrei-2009.de\/WPKdrei\/wp-content\/uploads\/2011\/05\/K3-BBPVPokal2011_19a-300x179.jpg 300w\" sizes=\"(max-width: 567px) 100vw, 567px\" \/><\/a><a href=\"https:\/\/www.kdrei-2009.de\/WPKdrei\/wp-content\/uploads\/2011\/05\/K3-BBPVPokal2011_18a.jpg\" rel=\"lightbox[1829]\"><img loading=\"lazy\" decoding=\"async\" class=\"alignleft size-full wp-image-1840\" title=\"K3-BBPVPokal2011_18a\" src=\"https:\/\/www.kdrei-2009.de\/WPKdrei\/wp-content\/uploads\/2011\/05\/K3-BBPVPokal2011_18a.jpg\" alt=\"\" width=\"567\" height=\"423\" srcset=\"https:\/\/www.kdrei-2009.de\/WPKdrei\/wp-content\/uploads\/2011\/05\/K3-BBPVPokal2011_18a.jpg 567w, https:\/\/www.kdrei-2009.de\/WPKdrei\/wp-content\/uploads\/2011\/05\/K3-BBPVPokal2011_18a-300x223.jpg 300w\" sizes=\"(max-width: 567px) 100vw, 567px\" \/><\/a><a href=\"https:\/\/www.kdrei-2009.de\/WPKdrei\/wp-content\/uploads\/2011\/05\/K3-BBPVPokal2011_17a.jpg\" rel=\"lightbox[1829]\"><img loading=\"lazy\" decoding=\"async\" class=\"alignleft size-full wp-image-1839\" title=\"K3-BBPVPokal2011_17a\" src=\"https:\/\/www.kdrei-2009.de\/WPKdrei\/wp-content\/uploads\/2011\/05\/K3-BBPVPokal2011_17a.jpg\" alt=\"\" width=\"567\" height=\"617\" srcset=\"https:\/\/www.kdrei-2009.de\/WPKdrei\/wp-content\/uploads\/2011\/05\/K3-BBPVPokal2011_17a.jpg 567w, https:\/\/www.kdrei-2009.de\/WPKdrei\/wp-content\/uploads\/2011\/05\/K3-BBPVPokal2011_17a-275x300.jpg 275w\" sizes=\"(max-width: 567px) 100vw, 567px\" \/><\/a><a href=\"https:\/\/www.kdrei-2009.de\/WPKdrei\/wp-content\/uploads\/2011\/05\/K3-BBPVPokal2011_14a.jpg\" rel=\"lightbox[1829]\"><img loading=\"lazy\" decoding=\"async\" class=\"alignleft size-full wp-image-1838\" title=\"K3-BBPVPokal2011_14a\" src=\"https:\/\/www.kdrei-2009.de\/WPKdrei\/wp-content\/uploads\/2011\/05\/K3-BBPVPokal2011_14a.jpg\" alt=\"\" width=\"567\" height=\"683\" srcset=\"https:\/\/www.kdrei-2009.de\/WPKdrei\/wp-content\/uploads\/2011\/05\/K3-BBPVPokal2011_14a.jpg 567w, https:\/\/www.kdrei-2009.de\/WPKdrei\/wp-content\/uploads\/2011\/05\/K3-BBPVPokal2011_14a-249x300.jpg 249w\" sizes=\"(max-width: 567px) 100vw, 567px\" \/><\/a><a href=\"https:\/\/www.kdrei-2009.de\/WPKdrei\/wp-content\/uploads\/2011\/05\/K3-BBPVPokal2011_11a.jpg\" rel=\"lightbox[1829]\"><img loading=\"lazy\" decoding=\"async\" class=\"alignleft size-full wp-image-1837\" title=\"K3-BBPVPokal2011_11a\" src=\"https:\/\/www.kdrei-2009.de\/WPKdrei\/wp-content\/uploads\/2011\/05\/K3-BBPVPokal2011_11a.jpg\" alt=\"\" width=\"567\" height=\"432\" srcset=\"https:\/\/www.kdrei-2009.de\/WPKdrei\/wp-content\/uploads\/2011\/05\/K3-BBPVPokal2011_11a.jpg 567w, https:\/\/www.kdrei-2009.de\/WPKdrei\/wp-content\/uploads\/2011\/05\/K3-BBPVPokal2011_11a-300x228.jpg 300w\" sizes=\"(max-width: 567px) 100vw, 567px\" \/><\/a><a href=\"https:\/\/www.kdrei-2009.de\/WPKdrei\/wp-content\/uploads\/2011\/05\/K3-BBPVPokal2011_09.jpg\" rel=\"lightbox[1829]\"><img loading=\"lazy\" decoding=\"async\" class=\"alignleft size-full wp-image-1836\" title=\"K3-BBPVPokal2011_09\" src=\"https:\/\/www.kdrei-2009.de\/WPKdrei\/wp-content\/uploads\/2011\/05\/K3-BBPVPokal2011_09.jpg\" alt=\"\" width=\"567\" height=\"394\" srcset=\"https:\/\/www.kdrei-2009.de\/WPKdrei\/wp-content\/uploads\/2011\/05\/K3-BBPVPokal2011_09.jpg 567w, https:\/\/www.kdrei-2009.de\/WPKdrei\/wp-content\/uploads\/2011\/05\/K3-BBPVPokal2011_09-300x208.jpg 300w\" sizes=\"(max-width: 567px) 100vw, 567px\" \/><\/a><\/span><\/p>\n<p><a href=\"https:\/\/www.kdrei-2009.de\/WPKdrei\/wp-content\/uploads\/2011\/05\/K3-BBPVPokal2011_08a.jpg\" rel=\"lightbox[1829]\"><img loading=\"lazy\" decoding=\"async\" class=\"alignleft size-full wp-image-1835\" title=\"K3-BBPVPokal2011_08a\" src=\"https:\/\/www.kdrei-2009.de\/WPKdrei\/wp-content\/uploads\/2011\/05\/K3-BBPVPokal2011_08a.jpg\" alt=\"\" width=\"567\" height=\"747\" srcset=\"https:\/\/www.kdrei-2009.de\/WPKdrei\/wp-content\/uploads\/2011\/05\/K3-BBPVPokal2011_08a.jpg 567w, https:\/\/www.kdrei-2009.de\/WPKdrei\/wp-content\/uploads\/2011\/05\/K3-BBPVPokal2011_08a-227x300.jpg 227w\" sizes=\"(max-width: 567px) 100vw, 567px\" \/><\/a><\/p>\n<p><span style=\"color: #808080;\"><a href=\"https:\/\/www.kdrei-2009.de\/WPKdrei\/wp-content\/uploads\/2011\/05\/K3-BBPVPokal2011_07a.jpg\" rel=\"lightbox[1829]\"><img decoding=\"async\" class=\"alignleft size-full wp-image-1834\" title=\"K3-BBPVPokal2011_07a\" src=\"https:\/\/www.kdrei-2009.de\/WPKdrei\/wp-content\/uploads\/2011\/05\/K3-BBPVPokal2011_07a.jpg\" alt=\"\" \/><\/a><br \/>\n<\/span><\/p>\n","protected":false},"excerpt":{"rendered":"<p>Tja das wir das noch erleben d\u00fcrfen. Der Traditionsverein aus Neuffen, irgendwann war jeder mal Mitglied in diesem ehrw\u00fcrdigen Verein, spielt den BBPV Pokal gegen uns. Es war ein sehr [&hellip;]<\/p>\n","protected":false},"author":1,"featured_media":0,"parent":1998,"menu_order":1,"comment_status":"open","ping_status":"open","template":"","meta":{"footnotes":""},"_links":{"self":[{"href":"https:\/\/www.kdrei-2009.de\/WPKdrei\/wp-json\/wp\/v2\/pages\/1829"}],"collection":[{"href":"https:\/\/www.kdrei-2009.de\/WPKdrei\/wp-json\/wp\/v2\/pages"}],"about":[{"href":"https:\/\/www.kdrei-2009.de\/WPKdrei\/wp-json\/wp\/v2\/types\/page"}],"author":[{"embeddable":true,"href":"https:\/\/www.kdrei-2009.de\/WPKdrei\/wp-json\/wp\/v2\/users\/1"}],"replies":[{"embeddable":true,"href":"https:\/\/www.kdrei-2009.de\/WPKdrei\/wp-json\/wp\/v2\/comments?post=1829"}],"version-history":[{"count":4,"href":"https:\/\/www.kdrei-2009.de\/WPKdrei\/wp-json\/wp\/v2\/pages\/1829\/revisions"}],"predecessor-version":[{"id":5235,"href":"https:\/\/www.kdrei-2009.de\/WPKdrei\/wp-json\/wp\/v2\/pages\/1829\/revisions\/5235"}],"up":[{"embeddable":true,"href":"https:\/\/www.kdrei-2009.de\/WPKdrei\/wp-json\/wp\/v2\/pages\/1998"}],"wp:attachment":[{"href":"https:\/\/www.kdrei-2009.de\/WPKdrei\/wp-json\/wp\/v2\/media?parent=1829"}],"curies":[{"name":"wp","href":"https:\/\/api.w.org\/{rel}","templated":true}]}}