{"id":1862,"date":"2011-05-16T13:49:29","date_gmt":"2011-05-16T13:49:29","guid":{"rendered":"https:\/\/www.kdrei-2009.de\/WPKdrei\/?page_id=1862"},"modified":"2016-03-15T10:45:27","modified_gmt":"2016-03-15T10:45:27","slug":"schloss-hohenheim","status":"publish","type":"page","link":"https:\/\/www.kdrei-2009.de\/WPKdrei\/kultur\/kultur-2011\/schloss-hohenheim\/","title":{"rendered":"Schloss Hohenheim"},"content":{"rendered":"<h3><strong><span style=\"color: #808080;\">Zum ersten kulturellen Highlight 2011 verabredeten sich Kdreiler \u00a0und Freunde zu einer fachkundigen F\u00fchrung unter Elke Be\u00dfenroth an der Uni Hohenheim. Wir fanden einige sch\u00f6ne und geeignete Pl\u00e4tzchen f\u00fcr einen Bouleplatz und auch das Problem &#8222;Boulehalle&#8220; w\u00e4re in vielen R\u00e4umen des Schlosses kein Problem. Allein schon der wunderbar angelegte Park ist ein echtes Kleinod mit herrlich altem Baumbestand. Nach gut 2 Stunden F\u00fchrung, vielen Informationen um den schlo\u00dfherren und seiner Familie hatten wir alle Hunger und wir freuten uns auf einen netten Abend in der Speisemeisterei. Das auf dem Gel\u00e4nde liegende Sternerestaurant rundete den Abend auf angenehme Weise ab. Unser Kassenwart bekam gro\u00dfe Augen und musste wirklich tief in die Taschen greifen&#8230;<\/span><\/strong><\/h3>\n<p><strong><span style=\"color: #808080;\"> <\/span><\/strong><\/p>\n<p><a href=\"https:\/\/www.kdrei-2009.de\/WPKdrei\/wp-content\/uploads\/2011\/05\/K3-Hohenh_110515_01web.jpg\" rel=\"lightbox[1862]\"><img loading=\"lazy\" decoding=\"async\" class=\"alignleft size-medium wp-image-1853\" title=\"K3-Hohenh_110515_01web\" src=\"https:\/\/www.kdrei-2009.de\/WPKdrei\/wp-content\/uploads\/2011\/05\/K3-Hohenh_110515_01web-300x300.jpg\" alt=\"\" width=\"300\" height=\"300\" srcset=\"https:\/\/www.kdrei-2009.de\/WPKdrei\/wp-content\/uploads\/2011\/05\/K3-Hohenh_110515_01web-300x300.jpg 300w, https:\/\/www.kdrei-2009.de\/WPKdrei\/wp-content\/uploads\/2011\/05\/K3-Hohenh_110515_01web-150x150.jpg 150w, https:\/\/www.kdrei-2009.de\/WPKdrei\/wp-content\/uploads\/2011\/05\/K3-Hohenh_110515_01web.jpg 850w\" sizes=\"(max-width: 300px) 100vw, 300px\" \/><\/a><a href=\"https:\/\/www.kdrei-2009.de\/WPKdrei\/wp-content\/uploads\/2011\/05\/K3-Hohenh_110515_28web.jpg\" rel=\"lightbox[1862]\"><img loading=\"lazy\" decoding=\"async\" class=\"size-medium wp-image-1857 alignright\" title=\"K3-Hohenh_110515_28web\" src=\"https:\/\/www.kdrei-2009.de\/WPKdrei\/wp-content\/uploads\/2011\/05\/K3-Hohenh_110515_28web-300x300.jpg\" alt=\"\" width=\"300\" height=\"300\" srcset=\"https:\/\/www.kdrei-2009.de\/WPKdrei\/wp-content\/uploads\/2011\/05\/K3-Hohenh_110515_28web-300x300.jpg 300w, https:\/\/www.kdrei-2009.de\/WPKdrei\/wp-content\/uploads\/2011\/05\/K3-Hohenh_110515_28web-150x150.jpg 150w, https:\/\/www.kdrei-2009.de\/WPKdrei\/wp-content\/uploads\/2011\/05\/K3-Hohenh_110515_28web.jpg 850w\" sizes=\"(max-width: 300px) 100vw, 300px\" \/><\/a><\/p>\n<p><strong><span style=\"color: #808080;\"><a href=\"https:\/\/www.kdrei-2009.de\/WPKdrei\/wp-content\/uploads\/2011\/05\/K3-Hohenh_110515_07web.jpg\" rel=\"lightbox[1862]\"><img loading=\"lazy\" decoding=\"async\" class=\"alignleft size-medium wp-image-1854\" title=\"K3-Hohenh_110515_07web\" src=\"https:\/\/www.kdrei-2009.de\/WPKdrei\/wp-content\/uploads\/2011\/05\/K3-Hohenh_110515_07web-300x300.jpg\" alt=\"\" width=\"300\" height=\"300\" srcset=\"https:\/\/www.kdrei-2009.de\/WPKdrei\/wp-content\/uploads\/2011\/05\/K3-Hohenh_110515_07web-300x300.jpg 300w, https:\/\/www.kdrei-2009.de\/WPKdrei\/wp-content\/uploads\/2011\/05\/K3-Hohenh_110515_07web-150x150.jpg 150w, https:\/\/www.kdrei-2009.de\/WPKdrei\/wp-content\/uploads\/2011\/05\/K3-Hohenh_110515_07web.jpg 850w\" sizes=\"(max-width: 300px) 100vw, 300px\" \/><\/a><\/span><\/strong><\/p>\n<p><a href=\"https:\/\/www.kdrei-2009.de\/WPKdrei\/wp-content\/uploads\/2011\/05\/K3-Hohenh_110515_44web.jpg\" rel=\"lightbox[1862]\"><img loading=\"lazy\" decoding=\"async\" class=\"alignright size-medium wp-image-1858\" title=\"K3-Hohenh_110515_44web\" src=\"https:\/\/www.kdrei-2009.de\/WPKdrei\/wp-content\/uploads\/2011\/05\/K3-Hohenh_110515_44web-300x300.jpg\" alt=\"\" width=\"300\" height=\"300\" srcset=\"https:\/\/www.kdrei-2009.de\/WPKdrei\/wp-content\/uploads\/2011\/05\/K3-Hohenh_110515_44web-300x300.jpg 300w, https:\/\/www.kdrei-2009.de\/WPKdrei\/wp-content\/uploads\/2011\/05\/K3-Hohenh_110515_44web-150x150.jpg 150w, https:\/\/www.kdrei-2009.de\/WPKdrei\/wp-content\/uploads\/2011\/05\/K3-Hohenh_110515_44web.jpg 850w\" sizes=\"(max-width: 300px) 100vw, 300px\" \/><\/a><\/p>\n<p><strong><span style=\"color: #808080;\"><a href=\"https:\/\/www.kdrei-2009.de\/WPKdrei\/wp-content\/uploads\/2011\/05\/K3-Hohenh_110515_12web.jpg\" rel=\"lightbox[1862]\"><img loading=\"lazy\" decoding=\"async\" class=\"alignleft size-medium wp-image-1855\" title=\"K3-Hohenh_110515_12web\" src=\"https:\/\/www.kdrei-2009.de\/WPKdrei\/wp-content\/uploads\/2011\/05\/K3-Hohenh_110515_12web-297x300.jpg\" alt=\"\" width=\"297\" height=\"300\" srcset=\"https:\/\/www.kdrei-2009.de\/WPKdrei\/wp-content\/uploads\/2011\/05\/K3-Hohenh_110515_12web-297x300.jpg 297w, https:\/\/www.kdrei-2009.de\/WPKdrei\/wp-content\/uploads\/2011\/05\/K3-Hohenh_110515_12web.jpg 850w\" sizes=\"(max-width: 297px) 100vw, 297px\" \/><\/a><\/span><\/strong><\/p>\n<p><a href=\"https:\/\/www.kdrei-2009.de\/WPKdrei\/wp-content\/uploads\/2011\/05\/K3-Hohenh_110515_48web.jpg\" rel=\"lightbox[1862]\"><img loading=\"lazy\" decoding=\"async\" class=\"alignright size-medium wp-image-1859\" title=\"K3-Hohenh_110515_48web\" src=\"https:\/\/www.kdrei-2009.de\/WPKdrei\/wp-content\/uploads\/2011\/05\/K3-Hohenh_110515_48web-300x300.jpg\" alt=\"\" width=\"300\" height=\"300\" srcset=\"https:\/\/www.kdrei-2009.de\/WPKdrei\/wp-content\/uploads\/2011\/05\/K3-Hohenh_110515_48web-300x300.jpg 300w, https:\/\/www.kdrei-2009.de\/WPKdrei\/wp-content\/uploads\/2011\/05\/K3-Hohenh_110515_48web-150x150.jpg 150w, https:\/\/www.kdrei-2009.de\/WPKdrei\/wp-content\/uploads\/2011\/05\/K3-Hohenh_110515_48web.jpg 850w\" sizes=\"(max-width: 300px) 100vw, 300px\" \/><\/a><\/p>\n<p><strong><span style=\"color: #808080;\"><a href=\"https:\/\/www.kdrei-2009.de\/WPKdrei\/wp-content\/uploads\/2011\/05\/K3-Hohenh_110515_19web.jpg\" rel=\"lightbox[1862]\"><img loading=\"lazy\" decoding=\"async\" class=\"alignleft size-medium wp-image-1856\" title=\"K3-Hohenh_110515_19web\" src=\"https:\/\/www.kdrei-2009.de\/WPKdrei\/wp-content\/uploads\/2011\/05\/K3-Hohenh_110515_19web-300x300.jpg\" alt=\"\" width=\"300\" height=\"300\" srcset=\"https:\/\/www.kdrei-2009.de\/WPKdrei\/wp-content\/uploads\/2011\/05\/K3-Hohenh_110515_19web-300x300.jpg 300w, https:\/\/www.kdrei-2009.de\/WPKdrei\/wp-content\/uploads\/2011\/05\/K3-Hohenh_110515_19web-150x150.jpg 150w, https:\/\/www.kdrei-2009.de\/WPKdrei\/wp-content\/uploads\/2011\/05\/K3-Hohenh_110515_19web.jpg 850w\" sizes=\"(max-width: 300px) 100vw, 300px\" \/><\/a><br \/>\n<\/span><\/strong><\/p>\n","protected":false},"excerpt":{"rendered":"<p>Zum ersten kulturellen Highlight 2011 verabredeten sich Kdreiler \u00a0und Freunde zu einer fachkundigen F\u00fchrung unter Elke Be\u00dfenroth an der Uni Hohenheim. Wir fanden einige sch\u00f6ne und geeignete Pl\u00e4tzchen f\u00fcr einen [&hellip;]<\/p>\n","protected":false},"author":1,"featured_media":0,"parent":5283,"menu_order":0,"comment_status":"open","ping_status":"open","template":"","meta":{"footnotes":""},"_links":{"self":[{"href":"https:\/\/www.kdrei-2009.de\/WPKdrei\/wp-json\/wp\/v2\/pages\/1862"}],"collection":[{"href":"https:\/\/www.kdrei-2009.de\/WPKdrei\/wp-json\/wp\/v2\/pages"}],"about":[{"href":"https:\/\/www.kdrei-2009.de\/WPKdrei\/wp-json\/wp\/v2\/types\/page"}],"author":[{"embeddable":true,"href":"https:\/\/www.kdrei-2009.de\/WPKdrei\/wp-json\/wp\/v2\/users\/1"}],"replies":[{"embeddable":true,"href":"https:\/\/www.kdrei-2009.de\/WPKdrei\/wp-json\/wp\/v2\/comments?post=1862"}],"version-history":[{"count":4,"href":"https:\/\/www.kdrei-2009.de\/WPKdrei\/wp-json\/wp\/v2\/pages\/1862\/revisions"}],"predecessor-version":[{"id":5299,"href":"https:\/\/www.kdrei-2009.de\/WPKdrei\/wp-json\/wp\/v2\/pages\/1862\/revisions\/5299"}],"up":[{"embeddable":true,"href":"https:\/\/www.kdrei-2009.de\/WPKdrei\/wp-json\/wp\/v2\/pages\/5283"}],"wp:attachment":[{"href":"https:\/\/www.kdrei-2009.de\/WPKdrei\/wp-json\/wp\/v2\/media?parent=1862"}],"curies":[{"name":"wp","href":"https:\/\/api.w.org\/{rel}","templated":true}]}}