{"id":1870,"date":"2011-06-01T06:44:15","date_gmt":"2011-06-01T06:44:15","guid":{"rendered":"https:\/\/www.kdrei-2009.de\/WPKdrei\/?page_id=1870"},"modified":"2011-06-01T06:52:51","modified_gmt":"2011-06-01T06:52:51","slug":"der-3-spieltag","status":"publish","type":"page","link":"https:\/\/www.kdrei-2009.de\/WPKdrei\/kugelsport-2\/kugelsport-2011\/liga-2011\/der-3-spieltag\/","title":{"rendered":"Der 3. Spieltag"},"content":{"rendered":"<h4><span style=\"color: #808080;\">Wir sind etwas \u00fcberrascht, da\u00df wir jetzt an Platz 2 der Tabelle stehen. Wir haben nur eine Begegnung gewonnen. Wir haben 2 Begegnungen verloren. Wir haben teilweise mit Gundi, Hanne, Max, Wolfgang, Werner, Andi, Bernd und Walter gespielt. Wir hatten teilweise Spass, teilweise weniger. Wir spielen nat\u00fcrlich auch in Ruit um den 2. Platz. Wir freuen uns, da\u00df \u00a0so viele andere Teams ebenfalls um Platz 2 spielen. Wir freuen uns ganz besonders, da\u00df Plochingen 1 aufsteigt. Wir w\u00fcnschen allen Besuchern unserer Seite sch\u00f6ne Pfingstfeiertage. Wir sind teilweise Austern essen&#8230;..<\/span><\/h4>\n<h4><span style=\"color: #808080;\">Hier gibt es die Spielergebnisse, die aktuelle Tabelle. Bilder gibt es diesmal keine. Stellt euch ganz hinten, oben den Hohen Neuffen vor, dar\u00fcber blau, darunter etwas gr\u00fcn, Steilhang, dann saftige gr\u00fcne Obstwiesen, dann unsere K\u00f6pfe: Gundi, Hanne, Max, Wolfgang, Werner, Bernd, Andi. Walter fotografiert, ist nicht auf dem Bild.<\/span><\/h4>\n<p><span style=\"color: #808080;\"><a href=\"https:\/\/www.kdrei-2009.de\/WPKdrei\/wp-content\/uploads\/2011\/06\/Ergebnisse-LLNA-ST3web1.jpg\" rel=\"lightbox[1870]\"><img loading=\"lazy\" decoding=\"async\" class=\"alignleft size-medium wp-image-1872\" title=\"Formatierte Spieltags\u009fbersicht\" src=\"https:\/\/www.kdrei-2009.de\/WPKdrei\/wp-content\/uploads\/2011\/06\/Ergebnisse-LLNA-ST3web1-269x300.jpg\" alt=\"\" width=\"269\" height=\"300\" srcset=\"https:\/\/www.kdrei-2009.de\/WPKdrei\/wp-content\/uploads\/2011\/06\/Ergebnisse-LLNA-ST3web1-269x300.jpg 269w, https:\/\/www.kdrei-2009.de\/WPKdrei\/wp-content\/uploads\/2011\/06\/Ergebnisse-LLNA-ST3web1.jpg 709w\" sizes=\"(max-width: 269px) 100vw, 269px\" \/><\/a><br \/>\n<\/span><\/p>\n","protected":false},"excerpt":{"rendered":"<p>Wir sind etwas \u00fcberrascht, da\u00df wir jetzt an Platz 2 der Tabelle stehen. Wir haben nur eine Begegnung gewonnen. Wir haben 2 Begegnungen verloren. Wir haben teilweise mit Gundi, Hanne, [&hellip;]<\/p>\n","protected":false},"author":1,"featured_media":0,"parent":1784,"menu_order":0,"comment_status":"open","ping_status":"open","template":"","meta":{"footnotes":""},"_links":{"self":[{"href":"https:\/\/www.kdrei-2009.de\/WPKdrei\/wp-json\/wp\/v2\/pages\/1870"}],"collection":[{"href":"https:\/\/www.kdrei-2009.de\/WPKdrei\/wp-json\/wp\/v2\/pages"}],"about":[{"href":"https:\/\/www.kdrei-2009.de\/WPKdrei\/wp-json\/wp\/v2\/types\/page"}],"author":[{"embeddable":true,"href":"https:\/\/www.kdrei-2009.de\/WPKdrei\/wp-json\/wp\/v2\/users\/1"}],"replies":[{"embeddable":true,"href":"https:\/\/www.kdrei-2009.de\/WPKdrei\/wp-json\/wp\/v2\/comments?post=1870"}],"version-history":[{"count":6,"href":"https:\/\/www.kdrei-2009.de\/WPKdrei\/wp-json\/wp\/v2\/pages\/1870\/revisions"}],"predecessor-version":[{"id":1880,"href":"https:\/\/www.kdrei-2009.de\/WPKdrei\/wp-json\/wp\/v2\/pages\/1870\/revisions\/1880"}],"up":[{"embeddable":true,"href":"https:\/\/www.kdrei-2009.de\/WPKdrei\/wp-json\/wp\/v2\/pages\/1784"}],"wp:attachment":[{"href":"https:\/\/www.kdrei-2009.de\/WPKdrei\/wp-json\/wp\/v2\/media?parent=1870"}],"curies":[{"name":"wp","href":"https:\/\/api.w.org\/{rel}","templated":true}]}}