{"id":1907,"date":"2011-07-09T10:04:17","date_gmt":"2011-07-09T10:04:17","guid":{"rendered":"https:\/\/www.kdrei-2009.de\/WPKdrei\/?page_id=1907"},"modified":"2011-07-09T10:08:07","modified_gmt":"2011-07-09T10:08:07","slug":"sport-oder-zeitvertreib-fur-rentner","status":"publish","type":"page","link":"https:\/\/www.kdrei-2009.de\/WPKdrei\/plaisanterie\/sport-oder-zeitvertreib-fur-rentner\/","title":{"rendered":"Sport oder Zeitvertreib f\u00fcr Rentner?"},"content":{"rendered":"<h4><span style=\"color: #808080;\">Viele Unwissende neigen zu der \u00dcberzeugung, da\u00df Boule ein Standsport mit Aschenbecher und Getr\u00e4nkek\u00fchler ist. Alle Spieler rauchen Gitanes Mais ( Ja , das gab es mal. Da wusste man noch, da\u00df der Husten echt war) und trinken Pastis. Das alles gibt es leider immer seltener. Es wundert manchmal schon, da\u00df unsere Bouleleistungssportler nicht mit Nordic-Walking St\u00f6cken und engen Fahrradhosen und Schutzhelmen \u00a0antreten. Aber was soll&#8217;s. Wir wollen hier nur zeigen, da\u00df Boule ein Lauf- und kein Standsport ist. Das anklickbare Filmschnipselchen zeigt das Laufpensum w\u00e4hrend 2 Spielen. Alle, die aus dem Bild laufen, holen sich nat\u00fcrlich ein Getr\u00e4nk. <\/span><\/h4>\n<p><a href=\"https:\/\/www.kdrei-2009.de\/WPKdrei\/wp-content\/uploads\/2011\/07\/K3-Filme2011_7.mov\">K3-Filme2011_7<\/a><\/p>\n","protected":false},"excerpt":{"rendered":"<p>Viele Unwissende neigen zu der \u00dcberzeugung, da\u00df Boule ein Standsport mit Aschenbecher und Getr\u00e4nkek\u00fchler ist. Alle Spieler rauchen Gitanes Mais ( Ja , das gab es mal. Da wusste man [&hellip;]<\/p>\n","protected":false},"author":1,"featured_media":0,"parent":1520,"menu_order":0,"comment_status":"open","ping_status":"open","template":"","meta":{"footnotes":""},"_links":{"self":[{"href":"https:\/\/www.kdrei-2009.de\/WPKdrei\/wp-json\/wp\/v2\/pages\/1907"}],"collection":[{"href":"https:\/\/www.kdrei-2009.de\/WPKdrei\/wp-json\/wp\/v2\/pages"}],"about":[{"href":"https:\/\/www.kdrei-2009.de\/WPKdrei\/wp-json\/wp\/v2\/types\/page"}],"author":[{"embeddable":true,"href":"https:\/\/www.kdrei-2009.de\/WPKdrei\/wp-json\/wp\/v2\/users\/1"}],"replies":[{"embeddable":true,"href":"https:\/\/www.kdrei-2009.de\/WPKdrei\/wp-json\/wp\/v2\/comments?post=1907"}],"version-history":[{"count":7,"href":"https:\/\/www.kdrei-2009.de\/WPKdrei\/wp-json\/wp\/v2\/pages\/1907\/revisions"}],"predecessor-version":[{"id":1913,"href":"https:\/\/www.kdrei-2009.de\/WPKdrei\/wp-json\/wp\/v2\/pages\/1907\/revisions\/1913"}],"up":[{"embeddable":true,"href":"https:\/\/www.kdrei-2009.de\/WPKdrei\/wp-json\/wp\/v2\/pages\/1520"}],"wp:attachment":[{"href":"https:\/\/www.kdrei-2009.de\/WPKdrei\/wp-json\/wp\/v2\/media?parent=1907"}],"curies":[{"name":"wp","href":"https:\/\/api.w.org\/{rel}","templated":true}]}}