{"id":1978,"date":"2011-08-01T16:41:22","date_gmt":"2011-08-01T16:41:22","guid":{"rendered":"https:\/\/www.kdrei-2009.de\/WPKdrei\/?page_id=1978"},"modified":"2011-08-02T09:04:52","modified_gmt":"2011-08-02T09:04:52","slug":"seminocturne-in-denkendorf","status":"publish","type":"page","link":"https:\/\/www.kdrei-2009.de\/WPKdrei\/kugelsport-2\/kugelsport-2011\/turniere-2011\/seminocturne-in-denkendorf\/","title":{"rendered":"Seminocturne in Denkendorf"},"content":{"rendered":"<h4><span style=\"color: #808080;\"> <\/span><\/h4>\n<h4><strong><span style=\"color: #808080;\">Was macht man, wenn samstags der Rasen gem\u00e4ht ist, das Auto poliert und auch das Badewasser bereits ausgesch\u00fcttet ist? Ganz richtig, man geht nach Denkendorf zum Seminocturne. Das Turnier war gut besucht, das Wetter sch\u00f6n und allen Kdreilern hat es richtig Spass gemacht. Es gab leckere W\u00fcrstchen, spannende Spiele, kalte Getr\u00e4nke und nette Unterhaltungen. Was will man mehr. F\u00fcr Kdrei spielten: Max und Wolfgang, Werner und Chris, Hanne und Walter. Alle spielten Viertelfinale, manche im A-Turnier, manche im B-Turnier. Hier noch einige Bilder.<\/span><\/strong><\/h4>\n<p><span style=\"color: #808080;\"> <\/span><\/p>\n<p><span style=\"color: #808080;\"> <\/span><\/p>\n<p><span style=\"color: #808080;\"> <\/span><\/p>\n<p><span style=\"color: #808080;\"> <\/span><\/p>\n<p><span style=\"color: #808080;\"><span style=\"color: #232323;\"> <\/span><\/span><\/p>\n<p><span style=\"color: #808080;\"><span style=\"color: #232323;\"> <\/span><\/span><\/p>\n<p><span style=\"color: #808080;\"><span style=\"color: #232323;\"> <\/span><\/span><\/p>\n<div id=\"attachment_1996\" style=\"width: 310px\" class=\"wp-caption alignnone\"><a href=\"https:\/\/www.kdrei-2009.de\/WPKdrei\/wp-content\/uploads\/2011\/08\/K3-denkdof110730_25web.jpg\" rel=\"lightbox[1978]\"><img loading=\"lazy\" decoding=\"async\" aria-describedby=\"caption-attachment-1996\" class=\"size-medium wp-image-1996\" title=\"K3-denkdof110730_25web\" src=\"https:\/\/www.kdrei-2009.de\/WPKdrei\/wp-content\/uploads\/2011\/08\/K3-denkdof110730_25web-300x130.jpg\" alt=\"\" width=\"300\" height=\"130\" srcset=\"https:\/\/www.kdrei-2009.de\/WPKdrei\/wp-content\/uploads\/2011\/08\/K3-denkdof110730_25web-300x130.jpg 300w, https:\/\/www.kdrei-2009.de\/WPKdrei\/wp-content\/uploads\/2011\/08\/K3-denkdof110730_25web.jpg 680w\" sizes=\"(max-width: 300px) 100vw, 300px\" \/><\/a><p id=\"caption-attachment-1996\" class=\"wp-caption-text\">Abends, nach der blauen Stunde.<\/p><\/div>\n<div id=\"attachment_1995\" style=\"width: 310px\" class=\"wp-caption alignnone\"><a href=\"https:\/\/www.kdrei-2009.de\/WPKdrei\/wp-content\/uploads\/2011\/08\/K3-denkdof110730_23web.jpg\" rel=\"lightbox[1978]\"><img loading=\"lazy\" decoding=\"async\" aria-describedby=\"caption-attachment-1995\" class=\"size-medium wp-image-1995\" title=\"K3-denkdof110730_23web\" src=\"https:\/\/www.kdrei-2009.de\/WPKdrei\/wp-content\/uploads\/2011\/08\/K3-denkdof110730_23web-300x120.jpg\" alt=\"\" width=\"300\" height=\"120\" srcset=\"https:\/\/www.kdrei-2009.de\/WPKdrei\/wp-content\/uploads\/2011\/08\/K3-denkdof110730_23web-300x120.jpg 300w, https:\/\/www.kdrei-2009.de\/WPKdrei\/wp-content\/uploads\/2011\/08\/K3-denkdof110730_23web.jpg 680w\" sizes=\"(max-width: 300px) 100vw, 300px\" \/><\/a><p id=\"caption-attachment-1995\" class=\"wp-caption-text\">Vor der blauen Stunde..<\/p><\/div>\n<div id=\"attachment_1994\" style=\"width: 310px\" class=\"wp-caption alignnone\"><a href=\"https:\/\/www.kdrei-2009.de\/WPKdrei\/wp-content\/uploads\/2011\/08\/K3-denkdof110730_22web.jpg\" rel=\"lightbox[1978]\"><img loading=\"lazy\" decoding=\"async\" aria-describedby=\"caption-attachment-1994\" class=\"size-medium wp-image-1994\" title=\"K3-denkdof110730_22web\" src=\"https:\/\/www.kdrei-2009.de\/WPKdrei\/wp-content\/uploads\/2011\/08\/K3-denkdof110730_22web-300x121.jpg\" alt=\"\" width=\"300\" height=\"121\" srcset=\"https:\/\/www.kdrei-2009.de\/WPKdrei\/wp-content\/uploads\/2011\/08\/K3-denkdof110730_22web-300x121.jpg 300w, https:\/\/www.kdrei-2009.de\/WPKdrei\/wp-content\/uploads\/2011\/08\/K3-denkdof110730_22web.jpg 680w\" sizes=\"(max-width: 300px) 100vw, 300px\" \/><\/a><p id=\"caption-attachment-1994\" class=\"wp-caption-text\">Renate und Tony...welche Stunde?<\/p><\/div>\n<div id=\"attachment_1993\" style=\"width: 310px\" class=\"wp-caption alignnone\"><a href=\"https:\/\/www.kdrei-2009.de\/WPKdrei\/wp-content\/uploads\/2011\/08\/K3-denkdof110730_21web.jpg\" rel=\"lightbox[1978]\"><img loading=\"lazy\" decoding=\"async\" aria-describedby=\"caption-attachment-1993\" class=\"size-medium wp-image-1993\" title=\"K3-denkdof110730_21web\" src=\"https:\/\/www.kdrei-2009.de\/WPKdrei\/wp-content\/uploads\/2011\/08\/K3-denkdof110730_21web-300x120.jpg\" alt=\"\" width=\"300\" height=\"120\" srcset=\"https:\/\/www.kdrei-2009.de\/WPKdrei\/wp-content\/uploads\/2011\/08\/K3-denkdof110730_21web-300x120.jpg 300w, https:\/\/www.kdrei-2009.de\/WPKdrei\/wp-content\/uploads\/2011\/08\/K3-denkdof110730_21web.jpg 680w\" sizes=\"(max-width: 300px) 100vw, 300px\" \/><\/a><p id=\"caption-attachment-1993\" class=\"wp-caption-text\">Werner und Chris..st\u00fcndlich?<\/p><\/div>\n<div id=\"attachment_1992\" style=\"width: 310px\" class=\"wp-caption alignnone\"><a href=\"https:\/\/www.kdrei-2009.de\/WPKdrei\/wp-content\/uploads\/2011\/08\/K3-denkdof110730_20web.jpg\" rel=\"lightbox[1978]\"><img loading=\"lazy\" decoding=\"async\" aria-describedby=\"caption-attachment-1992\" class=\"size-medium wp-image-1992\" title=\"K3-denkdof110730_20web\" src=\"https:\/\/www.kdrei-2009.de\/WPKdrei\/wp-content\/uploads\/2011\/08\/K3-denkdof110730_20web-300x120.jpg\" alt=\"\" width=\"300\" height=\"120\" srcset=\"https:\/\/www.kdrei-2009.de\/WPKdrei\/wp-content\/uploads\/2011\/08\/K3-denkdof110730_20web-300x120.jpg 300w, https:\/\/www.kdrei-2009.de\/WPKdrei\/wp-content\/uploads\/2011\/08\/K3-denkdof110730_20web.jpg 680w\" sizes=\"(max-width: 300px) 100vw, 300px\" \/><\/a><p id=\"caption-attachment-1992\" class=\"wp-caption-text\">Spannende Stunde...<\/p><\/div>\n<div id=\"attachment_1988\" style=\"width: 310px\" class=\"wp-caption alignnone\"><a href=\"https:\/\/www.kdrei-2009.de\/WPKdrei\/wp-content\/uploads\/2011\/08\/K3-denkdof110730_12web.jpg\" rel=\"lightbox[1978]\"><img loading=\"lazy\" decoding=\"async\" aria-describedby=\"caption-attachment-1988\" class=\"size-medium wp-image-1988\" title=\"K3-denkdof110730_12web\" src=\"https:\/\/www.kdrei-2009.de\/WPKdrei\/wp-content\/uploads\/2011\/08\/K3-denkdof110730_12web-300x75.jpg\" alt=\"\" width=\"300\" height=\"75\" srcset=\"https:\/\/www.kdrei-2009.de\/WPKdrei\/wp-content\/uploads\/2011\/08\/K3-denkdof110730_12web-300x75.jpg 300w, https:\/\/www.kdrei-2009.de\/WPKdrei\/wp-content\/uploads\/2011\/08\/K3-denkdof110730_12web.jpg 709w\" sizes=\"(max-width: 300px) 100vw, 300px\" \/><\/a><p id=\"caption-attachment-1988\" class=\"wp-caption-text\">Werner und Chris...eine Stunde sp\u00e4ter.<\/p><\/div>\n<div id=\"attachment_1985\" style=\"width: 310px\" class=\"wp-caption alignnone\"><a href=\"https:\/\/www.kdrei-2009.de\/WPKdrei\/wp-content\/uploads\/2011\/08\/K3-denkdof110730_07web.jpg\" rel=\"lightbox[1978]\"><img loading=\"lazy\" decoding=\"async\" aria-describedby=\"caption-attachment-1985\" class=\"size-medium wp-image-1985 \" title=\"K3-denkdof110730_07web\" src=\"https:\/\/www.kdrei-2009.de\/WPKdrei\/wp-content\/uploads\/2011\/08\/K3-denkdof110730_07web-300x120.jpg\" alt=\"\" width=\"300\" height=\"120\" srcset=\"https:\/\/www.kdrei-2009.de\/WPKdrei\/wp-content\/uploads\/2011\/08\/K3-denkdof110730_07web-300x120.jpg 300w, https:\/\/www.kdrei-2009.de\/WPKdrei\/wp-content\/uploads\/2011\/08\/K3-denkdof110730_07web.jpg 680w\" sizes=\"(max-width: 300px) 100vw, 300px\" \/><\/a><p id=\"caption-attachment-1985\" class=\"wp-caption-text\">Die Stunde zwischen den Spielen.<\/p><\/div>\n<div id=\"attachment_1984\" style=\"width: 310px\" class=\"wp-caption alignnone\"><a href=\"https:\/\/www.kdrei-2009.de\/WPKdrei\/wp-content\/uploads\/2011\/08\/K3-denkdof110730_04web.jpg\" rel=\"lightbox[1978]\"><img loading=\"lazy\" decoding=\"async\" aria-describedby=\"caption-attachment-1984\" class=\"size-medium wp-image-1984\" title=\"K3-denkdof110730_04web\" src=\"https:\/\/www.kdrei-2009.de\/WPKdrei\/wp-content\/uploads\/2011\/08\/K3-denkdof110730_04web-300x124.jpg\" alt=\"\" width=\"300\" height=\"124\" srcset=\"https:\/\/www.kdrei-2009.de\/WPKdrei\/wp-content\/uploads\/2011\/08\/K3-denkdof110730_04web-300x124.jpg 300w, https:\/\/www.kdrei-2009.de\/WPKdrei\/wp-content\/uploads\/2011\/08\/K3-denkdof110730_04web.jpg 680w\" sizes=\"(max-width: 300px) 100vw, 300px\" \/><\/a><p id=\"caption-attachment-1984\" class=\"wp-caption-text\">Schon wieder die Beiden. Aber welche Stunde?<\/p><\/div>\n<div id=\"attachment_1982\" style=\"width: 310px\" class=\"wp-caption alignnone\"><a href=\"https:\/\/www.kdrei-2009.de\/WPKdrei\/wp-content\/uploads\/2011\/08\/K3-denkdof110730_02web.jpg\" rel=\"lightbox[1978]\"><img loading=\"lazy\" decoding=\"async\" aria-describedby=\"caption-attachment-1982\" class=\"size-medium wp-image-1982\" title=\"K3-denkdof110730_02web\" src=\"https:\/\/www.kdrei-2009.de\/WPKdrei\/wp-content\/uploads\/2011\/08\/K3-denkdof110730_02web-300x120.jpg\" alt=\"\" width=\"300\" height=\"120\" srcset=\"https:\/\/www.kdrei-2009.de\/WPKdrei\/wp-content\/uploads\/2011\/08\/K3-denkdof110730_02web-300x120.jpg 300w, https:\/\/www.kdrei-2009.de\/WPKdrei\/wp-content\/uploads\/2011\/08\/K3-denkdof110730_02web.jpg 680w\" sizes=\"(max-width: 300px) 100vw, 300px\" \/><\/a><p id=\"caption-attachment-1982\" class=\"wp-caption-text\">Auch zwei Werner und zwar jede Stunde.<\/p><\/div>\n<p><a href=\"https:\/\/www.kdrei-2009.de\/WPKdrei\/wp-content\/uploads\/2011\/08\/K3-denkdof110730_23web.jpg\" rel=\"lightbox[1978]\"><\/a><\/p>\n","protected":false},"excerpt":{"rendered":"<p>Was macht man, wenn samstags der Rasen gem\u00e4ht ist, das Auto poliert und auch das Badewasser bereits ausgesch\u00fcttet ist? Ganz richtig, man geht nach Denkendorf zum Seminocturne. Das Turnier war [&hellip;]<\/p>\n","protected":false},"author":1,"featured_media":0,"parent":1998,"menu_order":0,"comment_status":"open","ping_status":"open","template":"","meta":{"footnotes":""},"_links":{"self":[{"href":"https:\/\/www.kdrei-2009.de\/WPKdrei\/wp-json\/wp\/v2\/pages\/1978"}],"collection":[{"href":"https:\/\/www.kdrei-2009.de\/WPKdrei\/wp-json\/wp\/v2\/pages"}],"about":[{"href":"https:\/\/www.kdrei-2009.de\/WPKdrei\/wp-json\/wp\/v2\/types\/page"}],"author":[{"embeddable":true,"href":"https:\/\/www.kdrei-2009.de\/WPKdrei\/wp-json\/wp\/v2\/users\/1"}],"replies":[{"embeddable":true,"href":"https:\/\/www.kdrei-2009.de\/WPKdrei\/wp-json\/wp\/v2\/comments?post=1978"}],"version-history":[{"count":28,"href":"https:\/\/www.kdrei-2009.de\/WPKdrei\/wp-json\/wp\/v2\/pages\/1978\/revisions"}],"predecessor-version":[{"id":2002,"href":"https:\/\/www.kdrei-2009.de\/WPKdrei\/wp-json\/wp\/v2\/pages\/1978\/revisions\/2002"}],"up":[{"embeddable":true,"href":"https:\/\/www.kdrei-2009.de\/WPKdrei\/wp-json\/wp\/v2\/pages\/1998"}],"wp:attachment":[{"href":"https:\/\/www.kdrei-2009.de\/WPKdrei\/wp-json\/wp\/v2\/media?parent=1978"}],"curies":[{"name":"wp","href":"https:\/\/api.w.org\/{rel}","templated":true}]}}