{"id":2148,"date":"2011-09-14T13:46:43","date_gmt":"2011-09-14T13:46:43","guid":{"rendered":"https:\/\/www.kdrei-2009.de\/WPKdrei\/?page_id=2148"},"modified":"2011-09-14T15:56:26","modified_gmt":"2011-09-14T15:56:26","slug":"esslingen-11-coupe-doignon","status":"publish","type":"page","link":"https:\/\/www.kdrei-2009.de\/WPKdrei\/kugelsport-2\/kugelsport-2011\/turniere-2011\/esslingen-11-coupe-doignon\/","title":{"rendered":"Esslingen-11.Coupe d&#8217;oignon"},"content":{"rendered":"<h4><strong><span style=\"color: #808080;\">Ja immer wieder sch\u00f6n, in Esslingen auf der Burg. Herrliches Boulewetter, fast etwas zu warm. Weit \u00fcber 50 Doublettes. <\/span><\/strong><\/h4>\n<h4><span style=\"color: #808080;\">F\u00fcr oder mit Kdrei spielten: Max und Wolfgang, Tony und Walter.<\/span><\/h4>\n<p><span style=\"color: #808080;\"><a href=\"https:\/\/www.kdrei-2009.de\/WPKdrei\/wp-content\/uploads\/2011\/09\/K3-Essl110911-panweb.jpg\" rel=\"lightbox[2148]\"><img loading=\"lazy\" decoding=\"async\" class=\"alignleft size-full wp-image-2161\" title=\"K3-Essl110911-panweb\" src=\"https:\/\/www.kdrei-2009.de\/WPKdrei\/wp-content\/uploads\/2011\/09\/K3-Essl110911-panweb.jpg\" alt=\"\" width=\"680\" height=\"214\" srcset=\"https:\/\/www.kdrei-2009.de\/WPKdrei\/wp-content\/uploads\/2011\/09\/K3-Essl110911-panweb.jpg 680w, https:\/\/www.kdrei-2009.de\/WPKdrei\/wp-content\/uploads\/2011\/09\/K3-Essl110911-panweb-300x94.jpg 300w\" sizes=\"(max-width: 680px) 100vw, 680px\" \/><\/a><\/span><\/p>\n<p><span style=\"color: #808080;\"><a href=\"https:\/\/www.kdrei-2009.de\/WPKdrei\/wp-content\/uploads\/2011\/09\/K3-Essl110911_22web.jpg\" rel=\"lightbox[2148]\"><img loading=\"lazy\" decoding=\"async\" class=\"alignleft size-full wp-image-2160\" title=\"K3-Essl110911_22web\" src=\"https:\/\/www.kdrei-2009.de\/WPKdrei\/wp-content\/uploads\/2011\/09\/K3-Essl110911_22web.jpg\" alt=\"\" width=\"680\" height=\"172\" srcset=\"https:\/\/www.kdrei-2009.de\/WPKdrei\/wp-content\/uploads\/2011\/09\/K3-Essl110911_22web.jpg 680w, https:\/\/www.kdrei-2009.de\/WPKdrei\/wp-content\/uploads\/2011\/09\/K3-Essl110911_22web-300x75.jpg 300w\" sizes=\"(max-width: 680px) 100vw, 680px\" \/><\/a><\/span><\/p>\n<p><a href=\"https:\/\/www.kdrei-2009.de\/WPKdrei\/wp-content\/uploads\/2011\/09\/K3-Essl110911_21web.jpg\" rel=\"lightbox[2148]\"><img loading=\"lazy\" decoding=\"async\" class=\"alignleft size-full wp-image-2159\" title=\"K3-Essl110911_21web\" src=\"https:\/\/www.kdrei-2009.de\/WPKdrei\/wp-content\/uploads\/2011\/09\/K3-Essl110911_21web.jpg\" alt=\"\" width=\"680\" height=\"193\" srcset=\"https:\/\/www.kdrei-2009.de\/WPKdrei\/wp-content\/uploads\/2011\/09\/K3-Essl110911_21web.jpg 680w, https:\/\/www.kdrei-2009.de\/WPKdrei\/wp-content\/uploads\/2011\/09\/K3-Essl110911_21web-300x85.jpg 300w\" sizes=\"(max-width: 680px) 100vw, 680px\" \/><\/a><\/p>\n<p><a href=\"https:\/\/www.kdrei-2009.de\/WPKdrei\/wp-content\/uploads\/2011\/09\/K3-Essl110911_20web.jpg\" rel=\"lightbox[2148]\"><img loading=\"lazy\" decoding=\"async\" class=\"alignleft size-full wp-image-2158\" title=\"K3-Essl110911_20web\" src=\"https:\/\/www.kdrei-2009.de\/WPKdrei\/wp-content\/uploads\/2011\/09\/K3-Essl110911_20web.jpg\" alt=\"\" width=\"680\" height=\"227\" srcset=\"https:\/\/www.kdrei-2009.de\/WPKdrei\/wp-content\/uploads\/2011\/09\/K3-Essl110911_20web.jpg 680w, https:\/\/www.kdrei-2009.de\/WPKdrei\/wp-content\/uploads\/2011\/09\/K3-Essl110911_20web-300x100.jpg 300w\" sizes=\"(max-width: 680px) 100vw, 680px\" \/><\/a><\/p>\n<p><a href=\"https:\/\/www.kdrei-2009.de\/WPKdrei\/wp-content\/uploads\/2011\/09\/K3-Essl110911_19web.jpg\" rel=\"lightbox[2148]\"><img loading=\"lazy\" decoding=\"async\" class=\"alignleft size-full wp-image-2157\" title=\"K3-Essl110911_19web\" src=\"https:\/\/www.kdrei-2009.de\/WPKdrei\/wp-content\/uploads\/2011\/09\/K3-Essl110911_19web.jpg\" alt=\"\" width=\"680\" height=\"241\" srcset=\"https:\/\/www.kdrei-2009.de\/WPKdrei\/wp-content\/uploads\/2011\/09\/K3-Essl110911_19web.jpg 680w, https:\/\/www.kdrei-2009.de\/WPKdrei\/wp-content\/uploads\/2011\/09\/K3-Essl110911_19web-300x106.jpg 300w\" sizes=\"(max-width: 680px) 100vw, 680px\" \/><\/a><\/p>\n<p><a href=\"https:\/\/www.kdrei-2009.de\/WPKdrei\/wp-content\/uploads\/2011\/09\/K3-Essl110911_15web.jpg\" rel=\"lightbox[2148]\"><img loading=\"lazy\" decoding=\"async\" class=\"alignleft size-full wp-image-2156\" title=\"K3-Essl110911_15web\" src=\"https:\/\/www.kdrei-2009.de\/WPKdrei\/wp-content\/uploads\/2011\/09\/K3-Essl110911_15web.jpg\" alt=\"\" width=\"680\" height=\"208\" srcset=\"https:\/\/www.kdrei-2009.de\/WPKdrei\/wp-content\/uploads\/2011\/09\/K3-Essl110911_15web.jpg 680w, https:\/\/www.kdrei-2009.de\/WPKdrei\/wp-content\/uploads\/2011\/09\/K3-Essl110911_15web-300x91.jpg 300w\" sizes=\"(max-width: 680px) 100vw, 680px\" \/><\/a><\/p>\n<p><a href=\"https:\/\/www.kdrei-2009.de\/WPKdrei\/wp-content\/uploads\/2011\/09\/K3-Essl110911_03web.jpg\" rel=\"lightbox[2148]\"><img loading=\"lazy\" decoding=\"async\" class=\"alignleft size-full wp-image-2149\" title=\"K3-Essl110911_03web\" src=\"https:\/\/www.kdrei-2009.de\/WPKdrei\/wp-content\/uploads\/2011\/09\/K3-Essl110911_03web.jpg\" alt=\"\" width=\"680\" height=\"318\" srcset=\"https:\/\/www.kdrei-2009.de\/WPKdrei\/wp-content\/uploads\/2011\/09\/K3-Essl110911_03web.jpg 680w, https:\/\/www.kdrei-2009.de\/WPKdrei\/wp-content\/uploads\/2011\/09\/K3-Essl110911_03web-300x140.jpg 300w\" sizes=\"(max-width: 680px) 100vw, 680px\" \/><\/a><\/p>\n<p><a href=\"https:\/\/www.kdrei-2009.de\/WPKdrei\/wp-content\/uploads\/2011\/09\/K3-Essl110911_08web.jpg\" rel=\"lightbox[2148]\"><img loading=\"lazy\" decoding=\"async\" class=\"alignleft size-full wp-image-2151\" title=\"K3-Essl110911_08web\" src=\"https:\/\/www.kdrei-2009.de\/WPKdrei\/wp-content\/uploads\/2011\/09\/K3-Essl110911_08web.jpg\" alt=\"\" width=\"408\" height=\"408\" srcset=\"https:\/\/www.kdrei-2009.de\/WPKdrei\/wp-content\/uploads\/2011\/09\/K3-Essl110911_08web.jpg 680w, https:\/\/www.kdrei-2009.de\/WPKdrei\/wp-content\/uploads\/2011\/09\/K3-Essl110911_08web-150x150.jpg 150w, https:\/\/www.kdrei-2009.de\/WPKdrei\/wp-content\/uploads\/2011\/09\/K3-Essl110911_08web-300x300.jpg 300w\" sizes=\"(max-width: 408px) 100vw, 408px\" \/><\/a><\/p>\n<p><a href=\"https:\/\/www.kdrei-2009.de\/WPKdrei\/wp-content\/uploads\/2011\/09\/K3-Essl110911_10web.jpg\" rel=\"lightbox[2148]\"><img loading=\"lazy\" decoding=\"async\" class=\"alignleft size-full wp-image-2153\" title=\"K3-Essl110911_10web\" src=\"https:\/\/www.kdrei-2009.de\/WPKdrei\/wp-content\/uploads\/2011\/09\/K3-Essl110911_10web.jpg\" alt=\"\" width=\"408\" height=\"408\" srcset=\"https:\/\/www.kdrei-2009.de\/WPKdrei\/wp-content\/uploads\/2011\/09\/K3-Essl110911_10web.jpg 680w, https:\/\/www.kdrei-2009.de\/WPKdrei\/wp-content\/uploads\/2011\/09\/K3-Essl110911_10web-150x150.jpg 150w, https:\/\/www.kdrei-2009.de\/WPKdrei\/wp-content\/uploads\/2011\/09\/K3-Essl110911_10web-300x300.jpg 300w\" sizes=\"(max-width: 408px) 100vw, 408px\" \/><\/a><\/p>\n<p><a href=\"https:\/\/www.kdrei-2009.de\/WPKdrei\/wp-content\/uploads\/2011\/09\/K3-Essl110911_09web.jpg\" rel=\"lightbox[2148]\"><img loading=\"lazy\" decoding=\"async\" class=\"alignleft size-full wp-image-2152\" title=\"K3-Essl110911_09web\" src=\"https:\/\/www.kdrei-2009.de\/WPKdrei\/wp-content\/uploads\/2011\/09\/K3-Essl110911_09web.jpg\" alt=\"\" width=\"408\" height=\"408\" srcset=\"https:\/\/www.kdrei-2009.de\/WPKdrei\/wp-content\/uploads\/2011\/09\/K3-Essl110911_09web.jpg 680w, https:\/\/www.kdrei-2009.de\/WPKdrei\/wp-content\/uploads\/2011\/09\/K3-Essl110911_09web-150x150.jpg 150w, https:\/\/www.kdrei-2009.de\/WPKdrei\/wp-content\/uploads\/2011\/09\/K3-Essl110911_09web-300x300.jpg 300w\" sizes=\"(max-width: 408px) 100vw, 408px\" \/><\/a><\/p>\n<p><a href=\"https:\/\/www.kdrei-2009.de\/WPKdrei\/wp-content\/uploads\/2011\/09\/K3-Essl110911_12web.jpg\" rel=\"lightbox[2148]\"><img loading=\"lazy\" decoding=\"async\" class=\"alignleft size-full wp-image-2155\" title=\"K3-Essl110911_12web\" src=\"https:\/\/www.kdrei-2009.de\/WPKdrei\/wp-content\/uploads\/2011\/09\/K3-Essl110911_12web.jpg\" alt=\"\" width=\"408\" height=\"408\" srcset=\"https:\/\/www.kdrei-2009.de\/WPKdrei\/wp-content\/uploads\/2011\/09\/K3-Essl110911_12web.jpg 680w, https:\/\/www.kdrei-2009.de\/WPKdrei\/wp-content\/uploads\/2011\/09\/K3-Essl110911_12web-150x150.jpg 150w, https:\/\/www.kdrei-2009.de\/WPKdrei\/wp-content\/uploads\/2011\/09\/K3-Essl110911_12web-300x300.jpg 300w\" sizes=\"(max-width: 408px) 100vw, 408px\" \/><\/a><\/p>\n<p><a href=\"https:\/\/www.kdrei-2009.de\/WPKdrei\/wp-content\/uploads\/2011\/09\/K3-Essl110911_11web.jpg\" rel=\"lightbox[2148]\"><img loading=\"lazy\" decoding=\"async\" class=\"alignleft size-full wp-image-2154\" title=\"K3-Essl110911_11web\" src=\"https:\/\/www.kdrei-2009.de\/WPKdrei\/wp-content\/uploads\/2011\/09\/K3-Essl110911_11web.jpg\" alt=\"\" width=\"408\" height=\"408\" srcset=\"https:\/\/www.kdrei-2009.de\/WPKdrei\/wp-content\/uploads\/2011\/09\/K3-Essl110911_11web.jpg 680w, https:\/\/www.kdrei-2009.de\/WPKdrei\/wp-content\/uploads\/2011\/09\/K3-Essl110911_11web-150x150.jpg 150w, https:\/\/www.kdrei-2009.de\/WPKdrei\/wp-content\/uploads\/2011\/09\/K3-Essl110911_11web-300x300.jpg 300w\" sizes=\"(max-width: 408px) 100vw, 408px\" \/><\/a><\/p>\n","protected":false},"excerpt":{"rendered":"<p>Ja immer wieder sch\u00f6n, in Esslingen auf der Burg. Herrliches Boulewetter, fast etwas zu warm. Weit \u00fcber 50 Doublettes. F\u00fcr oder mit Kdrei spielten: Max und Wolfgang, Tony und Walter.<\/p>\n","protected":false},"author":1,"featured_media":0,"parent":1998,"menu_order":0,"comment_status":"open","ping_status":"open","template":"","meta":{"footnotes":""},"_links":{"self":[{"href":"https:\/\/www.kdrei-2009.de\/WPKdrei\/wp-json\/wp\/v2\/pages\/2148"}],"collection":[{"href":"https:\/\/www.kdrei-2009.de\/WPKdrei\/wp-json\/wp\/v2\/pages"}],"about":[{"href":"https:\/\/www.kdrei-2009.de\/WPKdrei\/wp-json\/wp\/v2\/types\/page"}],"author":[{"embeddable":true,"href":"https:\/\/www.kdrei-2009.de\/WPKdrei\/wp-json\/wp\/v2\/users\/1"}],"replies":[{"embeddable":true,"href":"https:\/\/www.kdrei-2009.de\/WPKdrei\/wp-json\/wp\/v2\/comments?post=2148"}],"version-history":[{"count":6,"href":"https:\/\/www.kdrei-2009.de\/WPKdrei\/wp-json\/wp\/v2\/pages\/2148\/revisions"}],"predecessor-version":[{"id":2166,"href":"https:\/\/www.kdrei-2009.de\/WPKdrei\/wp-json\/wp\/v2\/pages\/2148\/revisions\/2166"}],"up":[{"embeddable":true,"href":"https:\/\/www.kdrei-2009.de\/WPKdrei\/wp-json\/wp\/v2\/pages\/1998"}],"wp:attachment":[{"href":"https:\/\/www.kdrei-2009.de\/WPKdrei\/wp-json\/wp\/v2\/media?parent=2148"}],"curies":[{"name":"wp","href":"https:\/\/api.w.org\/{rel}","templated":true}]}}