{"id":2213,"date":"2011-10-12T08:46:49","date_gmt":"2011-10-12T08:46:49","guid":{"rendered":"https:\/\/www.kdrei-2009.de\/WPKdrei\/?page_id=2213"},"modified":"2011-10-12T08:46:58","modified_gmt":"2011-10-12T08:46:58","slug":"stuttgart-schlossgarten-2011","status":"publish","type":"page","link":"https:\/\/www.kdrei-2009.de\/WPKdrei\/kugelsport-2\/kugelsport-2011\/turniere-2011\/stuttgart-schlossgarten-2011\/","title":{"rendered":"Stuttgart Schlossgarten 2011"},"content":{"rendered":"<h4><span style=\"color: #808080;\">Bei sch\u00f6nem Boulewetter&#8230;..<\/span><span style=\"color: #808080;\">Ja liebe Leser, wenn ein Bouleartikel so anf\u00e4ngt, war es wahrscheinlich sch\u00f6nes Wetter, aber boulerisch gesehen eher unerfolgreich. Das stimmt zwar in diesem Falle auch, aber es war f\u00fcr Tony, Andi und Walter trotzdem ein netter Tag in der Landeshauptstadt. Poule nach Barrage \u00fcberstanden, dann leider wieder mal knapp verloren..aber selber Schuld. Also : <\/span><a href=\"https:\/\/www.kdrei-2009.de\/WPKdrei\/?page_id=1473\"><span style=\"color: #808080;\"><span style=\"color: #232323;\"><span style=\"color: #808080;\">Oben bleiben.<\/span><\/span><\/span><\/a><\/h4>\n<p><span style=\"color: #808080;\"><span style=\"color: #232323;\"><span style=\"color: #808080;\"><a href=\"https:\/\/www.kdrei-2009.de\/WPKdrei\/wp-content\/uploads\/2011\/10\/K3-stgt201108web.jpg\" rel=\"lightbox[2213]\"><img loading=\"lazy\" decoding=\"async\" class=\"alignleft size-full wp-image-2216\" title=\"K3-stgt201108web\" src=\"https:\/\/www.kdrei-2009.de\/WPKdrei\/wp-content\/uploads\/2011\/10\/K3-stgt201108web.jpg\" alt=\"\" width=\"680\" height=\"425\" srcset=\"https:\/\/www.kdrei-2009.de\/WPKdrei\/wp-content\/uploads\/2011\/10\/K3-stgt201108web.jpg 680w, https:\/\/www.kdrei-2009.de\/WPKdrei\/wp-content\/uploads\/2011\/10\/K3-stgt201108web-300x187.jpg 300w\" sizes=\"(max-width: 680px) 100vw, 680px\" \/><\/a><\/span><\/span><\/span><\/p>\n<p><a href=\"https:\/\/www.kdrei-2009.de\/WPKdrei\/wp-content\/uploads\/2011\/10\/K3-stgt201106web.jpg\" rel=\"lightbox[2213]\"><img loading=\"lazy\" decoding=\"async\" class=\"alignleft size-full wp-image-2215\" title=\"K3-stgt201106web\" src=\"https:\/\/www.kdrei-2009.de\/WPKdrei\/wp-content\/uploads\/2011\/10\/K3-stgt201106web.jpg\" alt=\"\" width=\"680\" height=\"425\" srcset=\"https:\/\/www.kdrei-2009.de\/WPKdrei\/wp-content\/uploads\/2011\/10\/K3-stgt201106web.jpg 680w, https:\/\/www.kdrei-2009.de\/WPKdrei\/wp-content\/uploads\/2011\/10\/K3-stgt201106web-300x187.jpg 300w\" sizes=\"(max-width: 680px) 100vw, 680px\" \/><\/a><\/p>\n","protected":false},"excerpt":{"rendered":"<p>Bei sch\u00f6nem Boulewetter&#8230;..Ja liebe Leser, wenn ein Bouleartikel so anf\u00e4ngt, war es wahrscheinlich sch\u00f6nes Wetter, aber boulerisch gesehen eher unerfolgreich. Das stimmt zwar in diesem Falle auch, aber es war [&hellip;]<\/p>\n","protected":false},"author":1,"featured_media":0,"parent":1998,"menu_order":0,"comment_status":"open","ping_status":"open","template":"","meta":{"footnotes":""},"_links":{"self":[{"href":"https:\/\/www.kdrei-2009.de\/WPKdrei\/wp-json\/wp\/v2\/pages\/2213"}],"collection":[{"href":"https:\/\/www.kdrei-2009.de\/WPKdrei\/wp-json\/wp\/v2\/pages"}],"about":[{"href":"https:\/\/www.kdrei-2009.de\/WPKdrei\/wp-json\/wp\/v2\/types\/page"}],"author":[{"embeddable":true,"href":"https:\/\/www.kdrei-2009.de\/WPKdrei\/wp-json\/wp\/v2\/users\/1"}],"replies":[{"embeddable":true,"href":"https:\/\/www.kdrei-2009.de\/WPKdrei\/wp-json\/wp\/v2\/comments?post=2213"}],"version-history":[{"count":4,"href":"https:\/\/www.kdrei-2009.de\/WPKdrei\/wp-json\/wp\/v2\/pages\/2213\/revisions"}],"predecessor-version":[{"id":2219,"href":"https:\/\/www.kdrei-2009.de\/WPKdrei\/wp-json\/wp\/v2\/pages\/2213\/revisions\/2219"}],"up":[{"embeddable":true,"href":"https:\/\/www.kdrei-2009.de\/WPKdrei\/wp-json\/wp\/v2\/pages\/1998"}],"wp:attachment":[{"href":"https:\/\/www.kdrei-2009.de\/WPKdrei\/wp-json\/wp\/v2\/media?parent=2213"}],"curies":[{"name":"wp","href":"https:\/\/api.w.org\/{rel}","templated":true}]}}