{"id":2250,"date":"2011-10-18T11:55:13","date_gmt":"2011-10-18T11:55:13","guid":{"rendered":"https:\/\/www.kdrei-2009.de\/WPKdrei\/?page_id=2250"},"modified":"2016-03-14T13:18:16","modified_gmt":"2016-03-14T13:18:16","slug":"erste-bilder-eines-abends-in-der-rienzbuhlhalle","status":"publish","type":"page","link":"https:\/\/www.kdrei-2009.de\/WPKdrei\/kdrei-events\/events-2011\/erste-bilder-eines-abends-in-der-rienzbuhlhalle\/","title":{"rendered":"Erste Bilder eines Abends in der Rienzb\u00fchlhalle."},"content":{"rendered":"<h3><span style=\"color: #808080;\">Ja liebe Mitkocher, Gourmets, Freunde der guten K\u00fcche, Gegner der Fastfood- und Br\u00fchw\u00fcrfel-Kultur. Hier seht ihr, was wir an diesem Tag gemacht haben. \u00a012 K\u00f6che unter der kompetenten aber auch immer lustigen Anleitung von Ralf Jakumeit und Andi Alt, gaben ab 11.30Uhr ihr Bestes. 30 Gourmets begutachteten, berochen und genossen anschliessend das zubereitete Menu. Stefan Breuer hatte auch dieses Jahr wieder die passenden Tropfen f\u00fcr jeden Gang dabei. Leider muss ich jetzt abbrechen. Mir l\u00e4uft beim bearbeiten der Bilder schon wieder das Wasser im Munde zusammen und es gibt deshalb vorab nur einige Bilder. Ich muss jetzt an den Herd und mir etwas leckeres zubereiten&#8230;.<\/span><\/h3>\n<p><span style=\"color: #808080;\"><a href=\"https:\/\/www.kdrei-2009.de\/WPKdrei\/wp-content\/uploads\/2011\/10\/K3-KK2011057web.jpg\" rel=\"lightbox[2250]\"><img loading=\"lazy\" decoding=\"async\" class=\"alignleft size-full wp-image-2237\" title=\"K3-KK2011057web\" src=\"https:\/\/www.kdrei-2009.de\/WPKdrei\/wp-content\/uploads\/2011\/10\/K3-KK2011057web.jpg\" alt=\"\" width=\"567\" height=\"425\" srcset=\"https:\/\/www.kdrei-2009.de\/WPKdrei\/wp-content\/uploads\/2011\/10\/K3-KK2011057web.jpg 567w, https:\/\/www.kdrei-2009.de\/WPKdrei\/wp-content\/uploads\/2011\/10\/K3-KK2011057web-300x224.jpg 300w\" sizes=\"(max-width: 567px) 100vw, 567px\" \/><\/a><\/span><\/p>\n<p><a href=\"https:\/\/www.kdrei-2009.de\/WPKdrei\/wp-content\/uploads\/2011\/10\/K3-KK2011210web1.jpg\" rel=\"lightbox[2250]\"><img loading=\"lazy\" decoding=\"async\" class=\"alignleft size-full wp-image-2241\" title=\"K3-KK2011210web\" src=\"https:\/\/www.kdrei-2009.de\/WPKdrei\/wp-content\/uploads\/2011\/10\/K3-KK2011210web1.jpg\" alt=\"\" width=\"567\" height=\"567\" srcset=\"https:\/\/www.kdrei-2009.de\/WPKdrei\/wp-content\/uploads\/2011\/10\/K3-KK2011210web1.jpg 567w, https:\/\/www.kdrei-2009.de\/WPKdrei\/wp-content\/uploads\/2011\/10\/K3-KK2011210web1-150x150.jpg 150w, https:\/\/www.kdrei-2009.de\/WPKdrei\/wp-content\/uploads\/2011\/10\/K3-KK2011210web1-300x300.jpg 300w\" sizes=\"(max-width: 567px) 100vw, 567px\" \/><\/a><\/p>\n<p><a href=\"https:\/\/www.kdrei-2009.de\/WPKdrei\/wp-content\/uploads\/2011\/10\/K3-KK2011288web1.jpg\" rel=\"lightbox[2250]\"><img loading=\"lazy\" decoding=\"async\" class=\"alignleft size-full wp-image-2242\" title=\"K3-KK2011288web\" src=\"https:\/\/www.kdrei-2009.de\/WPKdrei\/wp-content\/uploads\/2011\/10\/K3-KK2011288web1.jpg\" alt=\"\" width=\"567\" height=\"567\" srcset=\"https:\/\/www.kdrei-2009.de\/WPKdrei\/wp-content\/uploads\/2011\/10\/K3-KK2011288web1.jpg 567w, https:\/\/www.kdrei-2009.de\/WPKdrei\/wp-content\/uploads\/2011\/10\/K3-KK2011288web1-150x150.jpg 150w, https:\/\/www.kdrei-2009.de\/WPKdrei\/wp-content\/uploads\/2011\/10\/K3-KK2011288web1-300x300.jpg 300w\" sizes=\"(max-width: 567px) 100vw, 567px\" \/><\/a><\/p>\n<p><a href=\"https:\/\/www.kdrei-2009.de\/WPKdrei\/wp-content\/uploads\/2011\/10\/K3-KK2011307web.jpg\" rel=\"lightbox[2250]\"><img loading=\"lazy\" decoding=\"async\" class=\"alignleft size-full wp-image-2243\" title=\"K3-KK2011307web\" src=\"https:\/\/www.kdrei-2009.de\/WPKdrei\/wp-content\/uploads\/2011\/10\/K3-KK2011307web.jpg\" alt=\"\" width=\"567\" height=\"567\" srcset=\"https:\/\/www.kdrei-2009.de\/WPKdrei\/wp-content\/uploads\/2011\/10\/K3-KK2011307web.jpg 567w, https:\/\/www.kdrei-2009.de\/WPKdrei\/wp-content\/uploads\/2011\/10\/K3-KK2011307web-150x150.jpg 150w, https:\/\/www.kdrei-2009.de\/WPKdrei\/wp-content\/uploads\/2011\/10\/K3-KK2011307web-300x300.jpg 300w\" sizes=\"(max-width: 567px) 100vw, 567px\" \/><\/a><\/p>\n<p><a href=\"https:\/\/www.kdrei-2009.de\/WPKdrei\/wp-content\/uploads\/2011\/10\/K3-KK2011309web.jpg\" rel=\"lightbox[2250]\"><img loading=\"lazy\" decoding=\"async\" class=\"alignleft size-full wp-image-2245\" title=\"K3-KK2011309web\" src=\"https:\/\/www.kdrei-2009.de\/WPKdrei\/wp-content\/uploads\/2011\/10\/K3-KK2011309web.jpg\" alt=\"\" width=\"567\" height=\"567\" srcset=\"https:\/\/www.kdrei-2009.de\/WPKdrei\/wp-content\/uploads\/2011\/10\/K3-KK2011309web.jpg 567w, https:\/\/www.kdrei-2009.de\/WPKdrei\/wp-content\/uploads\/2011\/10\/K3-KK2011309web-150x150.jpg 150w, https:\/\/www.kdrei-2009.de\/WPKdrei\/wp-content\/uploads\/2011\/10\/K3-KK2011309web-300x300.jpg 300w\" sizes=\"(max-width: 567px) 100vw, 567px\" \/><\/a><\/p>\n<p><a href=\"https:\/\/www.kdrei-2009.de\/WPKdrei\/wp-content\/uploads\/2011\/10\/K3-KK2011322web.jpg\" rel=\"lightbox[2250]\"><img loading=\"lazy\" decoding=\"async\" class=\"alignleft size-full wp-image-2246\" title=\"K3-KK2011322web\" src=\"https:\/\/www.kdrei-2009.de\/WPKdrei\/wp-content\/uploads\/2011\/10\/K3-KK2011322web.jpg\" alt=\"\" width=\"567\" height=\"567\" srcset=\"https:\/\/www.kdrei-2009.de\/WPKdrei\/wp-content\/uploads\/2011\/10\/K3-KK2011322web.jpg 567w, https:\/\/www.kdrei-2009.de\/WPKdrei\/wp-content\/uploads\/2011\/10\/K3-KK2011322web-150x150.jpg 150w, https:\/\/www.kdrei-2009.de\/WPKdrei\/wp-content\/uploads\/2011\/10\/K3-KK2011322web-300x300.jpg 300w\" sizes=\"(max-width: 567px) 100vw, 567px\" \/><\/a><\/p>\n<p><a href=\"https:\/\/www.kdrei-2009.de\/WPKdrei\/wp-content\/uploads\/2011\/10\/K3-KK2011341web.jpg\" rel=\"lightbox[2250]\"><img loading=\"lazy\" decoding=\"async\" class=\"alignleft size-full wp-image-2247\" title=\"K3-KK2011341web\" src=\"https:\/\/www.kdrei-2009.de\/WPKdrei\/wp-content\/uploads\/2011\/10\/K3-KK2011341web.jpg\" alt=\"\" width=\"567\" height=\"567\" srcset=\"https:\/\/www.kdrei-2009.de\/WPKdrei\/wp-content\/uploads\/2011\/10\/K3-KK2011341web.jpg 567w, https:\/\/www.kdrei-2009.de\/WPKdrei\/wp-content\/uploads\/2011\/10\/K3-KK2011341web-150x150.jpg 150w, https:\/\/www.kdrei-2009.de\/WPKdrei\/wp-content\/uploads\/2011\/10\/K3-KK2011341web-300x300.jpg 300w\" sizes=\"(max-width: 567px) 100vw, 567px\" \/><\/a><\/p>\n<p><a href=\"https:\/\/www.kdrei-2009.de\/WPKdrei\/wp-content\/uploads\/2011\/10\/K3-KK2011369web.jpg\" rel=\"lightbox[2250]\"><img loading=\"lazy\" decoding=\"async\" class=\"alignleft size-full wp-image-2248\" title=\"K3-KK2011369web\" src=\"https:\/\/www.kdrei-2009.de\/WPKdrei\/wp-content\/uploads\/2011\/10\/K3-KK2011369web.jpg\" alt=\"\" width=\"567\" height=\"567\" srcset=\"https:\/\/www.kdrei-2009.de\/WPKdrei\/wp-content\/uploads\/2011\/10\/K3-KK2011369web.jpg 567w, https:\/\/www.kdrei-2009.de\/WPKdrei\/wp-content\/uploads\/2011\/10\/K3-KK2011369web-150x150.jpg 150w, https:\/\/www.kdrei-2009.de\/WPKdrei\/wp-content\/uploads\/2011\/10\/K3-KK2011369web-300x300.jpg 300w\" sizes=\"(max-width: 567px) 100vw, 567px\" \/><\/a><\/p>\n<p><a href=\"https:\/\/www.kdrei-2009.de\/WPKdrei\/wp-content\/uploads\/2011\/10\/K3-KK2011401web.jpg\" rel=\"lightbox[2250]\"><img loading=\"lazy\" decoding=\"async\" class=\"alignleft size-full wp-image-2249\" title=\"K3-KK2011401web\" src=\"https:\/\/www.kdrei-2009.de\/WPKdrei\/wp-content\/uploads\/2011\/10\/K3-KK2011401web.jpg\" alt=\"\" width=\"567\" height=\"567\" srcset=\"https:\/\/www.kdrei-2009.de\/WPKdrei\/wp-content\/uploads\/2011\/10\/K3-KK2011401web.jpg 567w, https:\/\/www.kdrei-2009.de\/WPKdrei\/wp-content\/uploads\/2011\/10\/K3-KK2011401web-150x150.jpg 150w, https:\/\/www.kdrei-2009.de\/WPKdrei\/wp-content\/uploads\/2011\/10\/K3-KK2011401web-300x300.jpg 300w\" sizes=\"(max-width: 567px) 100vw, 567px\" \/><\/a><\/p>\n","protected":false},"excerpt":{"rendered":"<p>Ja liebe Mitkocher, Gourmets, Freunde der guten K\u00fcche, Gegner der Fastfood- und Br\u00fchw\u00fcrfel-Kultur. Hier seht ihr, was wir an diesem Tag gemacht haben. \u00a012 K\u00f6che unter der kompetenten aber auch [&hellip;]<\/p>\n","protected":false},"author":1,"featured_media":0,"parent":5256,"menu_order":0,"comment_status":"open","ping_status":"open","template":"","meta":{"footnotes":""},"_links":{"self":[{"href":"https:\/\/www.kdrei-2009.de\/WPKdrei\/wp-json\/wp\/v2\/pages\/2250"}],"collection":[{"href":"https:\/\/www.kdrei-2009.de\/WPKdrei\/wp-json\/wp\/v2\/pages"}],"about":[{"href":"https:\/\/www.kdrei-2009.de\/WPKdrei\/wp-json\/wp\/v2\/types\/page"}],"author":[{"embeddable":true,"href":"https:\/\/www.kdrei-2009.de\/WPKdrei\/wp-json\/wp\/v2\/users\/1"}],"replies":[{"embeddable":true,"href":"https:\/\/www.kdrei-2009.de\/WPKdrei\/wp-json\/wp\/v2\/comments?post=2250"}],"version-history":[{"count":4,"href":"https:\/\/www.kdrei-2009.de\/WPKdrei\/wp-json\/wp\/v2\/pages\/2250\/revisions"}],"predecessor-version":[{"id":2252,"href":"https:\/\/www.kdrei-2009.de\/WPKdrei\/wp-json\/wp\/v2\/pages\/2250\/revisions\/2252"}],"up":[{"embeddable":true,"href":"https:\/\/www.kdrei-2009.de\/WPKdrei\/wp-json\/wp\/v2\/pages\/5256"}],"wp:attachment":[{"href":"https:\/\/www.kdrei-2009.de\/WPKdrei\/wp-json\/wp\/v2\/media?parent=2250"}],"curies":[{"name":"wp","href":"https:\/\/api.w.org\/{rel}","templated":true}]}}