{"id":2280,"date":"2011-10-30T16:31:16","date_gmt":"2011-10-30T16:31:16","guid":{"rendered":"https:\/\/www.kdrei-2009.de\/WPKdrei\/?page_id=2280"},"modified":"2016-03-14T13:18:16","modified_gmt":"2016-03-14T13:18:16","slug":"2-kochkurs-2-buch","status":"publish","type":"page","link":"https:\/\/www.kdrei-2009.de\/WPKdrei\/kdrei-events\/events-2011\/2-kochkurs-2-buch\/","title":{"rendered":"2. Kochkurs &#8211; 2. Buch"},"content":{"rendered":"<h2>Ab sofort gibt es das 2. Kochkursbuch mit Bildern des Tages und allen Rezepten.<\/h2>\n<h3><span style=\"color: #808080;\">Es sind 36 Seiten, 18,5cm x 18,5cm im Hardcovereinband. Myphotobook-Qualit\u00e4t. Viele Bilder des Kochkurses, extrem wenig Text au\u00dfer Titel, Einleitung und Dankesworte. Daf\u00fcr aber alle Rezepte. Ein \u00a0Buch, das diesen herrlichen und genussvollen Tag sch\u00f6n abrundet. Bald ist Weihnachten. Wer kann schon seinen Liebsten ein Buch schenken, wo er unter Umst\u00e4nden selbst abgebildet ist?<\/span><\/h3>\n<h3><span style=\"color: #808080;\">Der Preis betr\u00e4gt 34,95\u20ac zzgl. eventuelle Versandkosten. Das Buch kann selbstverst\u00e4ndlich auch abgeholt werden.<\/span><\/h3>\n<h3><span style=\"color: #808080;\">Der Gewinn kommt Kdrei zugute.<\/span><\/h3>\n<h3><span style=\"color: #808080;\">Bestellungen nur gegen Vorauskasse und nur \u00fcber unsere Email Adresse: info@Kdrei-2009.de. Bitte wartet eine Best\u00e4tigung ab bevor ihr \u00fcberweist.<\/span><\/h3>\n<p><span style=\"color: #808080;\"><a href=\"https:\/\/www.kdrei-2009.de\/WPKdrei\/wp-content\/uploads\/2011\/10\/K3-KK-Buch2011Titelweb.jpg\" rel=\"lightbox[2280]\"><img loading=\"lazy\" decoding=\"async\" class=\"alignleft size-medium wp-image-2305\" title=\"K3-KK-Buch2011Titelweb\" src=\"https:\/\/www.kdrei-2009.de\/WPKdrei\/wp-content\/uploads\/2011\/10\/K3-KK-Buch2011Titelweb-300x300.jpg\" alt=\"\" width=\"300\" height=\"300\" srcset=\"https:\/\/www.kdrei-2009.de\/WPKdrei\/wp-content\/uploads\/2011\/10\/K3-KK-Buch2011Titelweb-300x300.jpg 300w, https:\/\/www.kdrei-2009.de\/WPKdrei\/wp-content\/uploads\/2011\/10\/K3-KK-Buch2011Titelweb-150x150.jpg 150w, https:\/\/www.kdrei-2009.de\/WPKdrei\/wp-content\/uploads\/2011\/10\/K3-KK-Buch2011Titelweb.jpg 850w\" sizes=\"(max-width: 300px) 100vw, 300px\" \/><\/a> <a href=\"https:\/\/www.kdrei-2009.de\/WPKdrei\/wp-content\/uploads\/2011\/10\/K3-KK-Buch2011-seite-1web1.jpg\" rel=\"lightbox[2280]\"><img loading=\"lazy\" decoding=\"async\" class=\"alignleft size-medium wp-image-2317\" title=\"K3-KK-Buch2011-seite 1web\" src=\"https:\/\/www.kdrei-2009.de\/WPKdrei\/wp-content\/uploads\/2011\/10\/K3-KK-Buch2011-seite-1web1-300x300.jpg\" alt=\"\" width=\"300\" height=\"300\" srcset=\"https:\/\/www.kdrei-2009.de\/WPKdrei\/wp-content\/uploads\/2011\/10\/K3-KK-Buch2011-seite-1web1-300x300.jpg 300w, https:\/\/www.kdrei-2009.de\/WPKdrei\/wp-content\/uploads\/2011\/10\/K3-KK-Buch2011-seite-1web1-150x150.jpg 150w, https:\/\/www.kdrei-2009.de\/WPKdrei\/wp-content\/uploads\/2011\/10\/K3-KK-Buch2011-seite-1web1.jpg 850w\" sizes=\"(max-width: 300px) 100vw, 300px\" \/><\/a><\/span><\/p>\n<p><span style=\"color: #808080;\"><a href=\"https:\/\/www.kdrei-2009.de\/WPKdrei\/wp-content\/uploads\/2011\/10\/K3-KK-Buch2011-seite-2web.jpg\" rel=\"lightbox[2280]\"><img loading=\"lazy\" decoding=\"async\" class=\"alignleft size-medium wp-image-2288\" title=\"K3-KK-Buch2011-seite 2web\" src=\"https:\/\/www.kdrei-2009.de\/WPKdrei\/wp-content\/uploads\/2011\/10\/K3-KK-Buch2011-seite-2web-300x150.jpg\" alt=\"\" width=\"300\" height=\"150\" srcset=\"https:\/\/www.kdrei-2009.de\/WPKdrei\/wp-content\/uploads\/2011\/10\/K3-KK-Buch2011-seite-2web-300x150.jpg 300w, https:\/\/www.kdrei-2009.de\/WPKdrei\/wp-content\/uploads\/2011\/10\/K3-KK-Buch2011-seite-2web.jpg 850w\" sizes=\"(max-width: 300px) 100vw, 300px\" \/><\/a> <\/span><\/p>\n<p><span style=\"color: #808080;\"><a href=\"https:\/\/www.kdrei-2009.de\/WPKdrei\/wp-content\/uploads\/2011\/10\/K3-KK-Buch2011-seite-3web.jpg\" rel=\"lightbox[2280]\"><img loading=\"lazy\" decoding=\"async\" class=\"alignleft size-medium wp-image-2289\" title=\"K3-KK-Buch2011-seite 3web\" src=\"https:\/\/www.kdrei-2009.de\/WPKdrei\/wp-content\/uploads\/2011\/10\/K3-KK-Buch2011-seite-3web-300x150.jpg\" alt=\"\" width=\"300\" height=\"150\" srcset=\"https:\/\/www.kdrei-2009.de\/WPKdrei\/wp-content\/uploads\/2011\/10\/K3-KK-Buch2011-seite-3web-300x150.jpg 300w, https:\/\/www.kdrei-2009.de\/WPKdrei\/wp-content\/uploads\/2011\/10\/K3-KK-Buch2011-seite-3web.jpg 850w\" sizes=\"(max-width: 300px) 100vw, 300px\" \/><\/a><\/span><\/p>\n<p><span style=\"color: #808080;\"><a href=\"https:\/\/www.kdrei-2009.de\/WPKdrei\/wp-content\/uploads\/2011\/10\/K3-KK-Buch2011-seite-4web.jpg\" rel=\"lightbox[2280]\"><img loading=\"lazy\" decoding=\"async\" class=\"alignleft size-medium wp-image-2290\" title=\"K3-KK-Buch2011-seite 4web\" src=\"https:\/\/www.kdrei-2009.de\/WPKdrei\/wp-content\/uploads\/2011\/10\/K3-KK-Buch2011-seite-4web-300x150.jpg\" alt=\"\" width=\"300\" height=\"150\" srcset=\"https:\/\/www.kdrei-2009.de\/WPKdrei\/wp-content\/uploads\/2011\/10\/K3-KK-Buch2011-seite-4web-300x150.jpg 300w, https:\/\/www.kdrei-2009.de\/WPKdrei\/wp-content\/uploads\/2011\/10\/K3-KK-Buch2011-seite-4web.jpg 850w\" sizes=\"(max-width: 300px) 100vw, 300px\" \/><\/a><\/span><\/p>\n<p><a href=\"https:\/\/www.kdrei-2009.de\/WPKdrei\/wp-content\/uploads\/2011\/10\/K3-KK-Buch2011-seite-5web.jpg\" rel=\"lightbox[2280]\"><img loading=\"lazy\" decoding=\"async\" class=\"alignleft size-medium wp-image-2291\" title=\"K3-KK-Buch2011-seite 5web\" src=\"https:\/\/www.kdrei-2009.de\/WPKdrei\/wp-content\/uploads\/2011\/10\/K3-KK-Buch2011-seite-5web-300x150.jpg\" alt=\"\" width=\"300\" height=\"150\" srcset=\"https:\/\/www.kdrei-2009.de\/WPKdrei\/wp-content\/uploads\/2011\/10\/K3-KK-Buch2011-seite-5web-300x150.jpg 300w, https:\/\/www.kdrei-2009.de\/WPKdrei\/wp-content\/uploads\/2011\/10\/K3-KK-Buch2011-seite-5web.jpg 850w\" sizes=\"(max-width: 300px) 100vw, 300px\" \/><\/a><\/p>\n<p><a href=\"https:\/\/www.kdrei-2009.de\/WPKdrei\/wp-content\/uploads\/2011\/10\/K3-KK-Buch2011-seite-6web.jpg\" rel=\"lightbox[2280]\"><img loading=\"lazy\" decoding=\"async\" class=\"alignleft size-medium wp-image-2292\" title=\"K3-KK-Buch2011-seite 6web\" src=\"https:\/\/www.kdrei-2009.de\/WPKdrei\/wp-content\/uploads\/2011\/10\/K3-KK-Buch2011-seite-6web-300x150.jpg\" alt=\"\" width=\"300\" height=\"150\" srcset=\"https:\/\/www.kdrei-2009.de\/WPKdrei\/wp-content\/uploads\/2011\/10\/K3-KK-Buch2011-seite-6web-300x150.jpg 300w, https:\/\/www.kdrei-2009.de\/WPKdrei\/wp-content\/uploads\/2011\/10\/K3-KK-Buch2011-seite-6web.jpg 850w\" sizes=\"(max-width: 300px) 100vw, 300px\" \/><\/a><\/p>\n<p><a href=\"https:\/\/www.kdrei-2009.de\/WPKdrei\/wp-content\/uploads\/2011\/10\/K3-KK-Buch2011-seite-7web.jpg\" rel=\"lightbox[2280]\"><img loading=\"lazy\" decoding=\"async\" class=\"alignleft size-medium wp-image-2293\" title=\"K3-KK-Buch2011-seite 7web\" src=\"https:\/\/www.kdrei-2009.de\/WPKdrei\/wp-content\/uploads\/2011\/10\/K3-KK-Buch2011-seite-7web-300x150.jpg\" alt=\"\" width=\"300\" height=\"150\" srcset=\"https:\/\/www.kdrei-2009.de\/WPKdrei\/wp-content\/uploads\/2011\/10\/K3-KK-Buch2011-seite-7web-300x150.jpg 300w, https:\/\/www.kdrei-2009.de\/WPKdrei\/wp-content\/uploads\/2011\/10\/K3-KK-Buch2011-seite-7web.jpg 850w\" sizes=\"(max-width: 300px) 100vw, 300px\" \/><\/a><\/p>\n<p><a href=\"https:\/\/www.kdrei-2009.de\/WPKdrei\/wp-content\/uploads\/2011\/10\/K3-KK-Buch2011-seite-8web.jpg\" rel=\"lightbox[2280]\"><img loading=\"lazy\" decoding=\"async\" class=\"alignleft size-medium wp-image-2294\" title=\"K3-KK-Buch2011-seite 8web\" src=\"https:\/\/www.kdrei-2009.de\/WPKdrei\/wp-content\/uploads\/2011\/10\/K3-KK-Buch2011-seite-8web-300x150.jpg\" alt=\"\" width=\"300\" height=\"150\" srcset=\"https:\/\/www.kdrei-2009.de\/WPKdrei\/wp-content\/uploads\/2011\/10\/K3-KK-Buch2011-seite-8web-300x150.jpg 300w, https:\/\/www.kdrei-2009.de\/WPKdrei\/wp-content\/uploads\/2011\/10\/K3-KK-Buch2011-seite-8web.jpg 850w\" sizes=\"(max-width: 300px) 100vw, 300px\" \/><\/a><\/p>\n<p><a href=\"https:\/\/www.kdrei-2009.de\/WPKdrei\/wp-content\/uploads\/2011\/10\/K3-KK-Buch2011-seite-9web.jpg\" rel=\"lightbox[2280]\"><img loading=\"lazy\" decoding=\"async\" class=\"alignleft size-medium wp-image-2295\" title=\"K3-KK-Buch2011-seite 9web\" src=\"https:\/\/www.kdrei-2009.de\/WPKdrei\/wp-content\/uploads\/2011\/10\/K3-KK-Buch2011-seite-9web-300x150.jpg\" alt=\"\" width=\"300\" height=\"150\" srcset=\"https:\/\/www.kdrei-2009.de\/WPKdrei\/wp-content\/uploads\/2011\/10\/K3-KK-Buch2011-seite-9web-300x150.jpg 300w, https:\/\/www.kdrei-2009.de\/WPKdrei\/wp-content\/uploads\/2011\/10\/K3-KK-Buch2011-seite-9web.jpg 850w\" sizes=\"(max-width: 300px) 100vw, 300px\" \/><\/a><\/p>\n<p><a href=\"https:\/\/www.kdrei-2009.de\/WPKdrei\/wp-content\/uploads\/2011\/10\/K3-KK-Buch2011-seite-12web.jpg\" rel=\"lightbox[2280]\"><img loading=\"lazy\" decoding=\"async\" class=\"alignleft size-medium wp-image-2298\" title=\"K3-KK-Buch2011-seite 12web\" src=\"https:\/\/www.kdrei-2009.de\/WPKdrei\/wp-content\/uploads\/2011\/10\/K3-KK-Buch2011-seite-12web-300x150.jpg\" alt=\"\" width=\"300\" height=\"150\" srcset=\"https:\/\/www.kdrei-2009.de\/WPKdrei\/wp-content\/uploads\/2011\/10\/K3-KK-Buch2011-seite-12web-300x150.jpg 300w, https:\/\/www.kdrei-2009.de\/WPKdrei\/wp-content\/uploads\/2011\/10\/K3-KK-Buch2011-seite-12web.jpg 850w\" sizes=\"(max-width: 300px) 100vw, 300px\" \/><\/a><\/p>\n<p><a href=\"https:\/\/www.kdrei-2009.de\/WPKdrei\/wp-content\/uploads\/2011\/10\/K3-KK-Buch2011-seite-11web.jpg\" rel=\"lightbox[2280]\"><img loading=\"lazy\" decoding=\"async\" class=\"alignleft size-medium wp-image-2297\" title=\"K3-KK-Buch2011-seite 11web\" src=\"https:\/\/www.kdrei-2009.de\/WPKdrei\/wp-content\/uploads\/2011\/10\/K3-KK-Buch2011-seite-11web-300x150.jpg\" alt=\"\" width=\"300\" height=\"150\" srcset=\"https:\/\/www.kdrei-2009.de\/WPKdrei\/wp-content\/uploads\/2011\/10\/K3-KK-Buch2011-seite-11web-300x150.jpg 300w, https:\/\/www.kdrei-2009.de\/WPKdrei\/wp-content\/uploads\/2011\/10\/K3-KK-Buch2011-seite-11web.jpg 850w\" sizes=\"(max-width: 300px) 100vw, 300px\" \/><\/a><\/p>\n<p><a href=\"https:\/\/www.kdrei-2009.de\/WPKdrei\/wp-content\/uploads\/2011\/10\/K3-KK-Buch2011-seite-10web.jpg\" rel=\"lightbox[2280]\"><img loading=\"lazy\" decoding=\"async\" class=\"alignleft size-medium wp-image-2296\" title=\"K3-KK-Buch2011-seite 10web\" src=\"https:\/\/www.kdrei-2009.de\/WPKdrei\/wp-content\/uploads\/2011\/10\/K3-KK-Buch2011-seite-10web-300x150.jpg\" alt=\"\" width=\"300\" height=\"150\" srcset=\"https:\/\/www.kdrei-2009.de\/WPKdrei\/wp-content\/uploads\/2011\/10\/K3-KK-Buch2011-seite-10web-300x150.jpg 300w, https:\/\/www.kdrei-2009.de\/WPKdrei\/wp-content\/uploads\/2011\/10\/K3-KK-Buch2011-seite-10web.jpg 850w\" sizes=\"(max-width: 300px) 100vw, 300px\" \/><\/a><\/p>\n<p><a href=\"https:\/\/www.kdrei-2009.de\/WPKdrei\/wp-content\/uploads\/2011\/10\/K3-KK-Buch2011-seite-13web.jpg\" rel=\"lightbox[2280]\"><img loading=\"lazy\" decoding=\"async\" class=\"alignleft size-medium wp-image-2299\" title=\"K3-KK-Buch2011-seite 13web\" src=\"https:\/\/www.kdrei-2009.de\/WPKdrei\/wp-content\/uploads\/2011\/10\/K3-KK-Buch2011-seite-13web-300x150.jpg\" alt=\"\" width=\"300\" height=\"150\" srcset=\"https:\/\/www.kdrei-2009.de\/WPKdrei\/wp-content\/uploads\/2011\/10\/K3-KK-Buch2011-seite-13web-300x150.jpg 300w, https:\/\/www.kdrei-2009.de\/WPKdrei\/wp-content\/uploads\/2011\/10\/K3-KK-Buch2011-seite-13web.jpg 850w\" sizes=\"(max-width: 300px) 100vw, 300px\" \/><\/a><\/p>\n<p><a href=\"https:\/\/www.kdrei-2009.de\/WPKdrei\/wp-content\/uploads\/2011\/10\/K3-KK-Buch2011-EntenbrustBweb.jpg\" rel=\"lightbox[2280]\"><img loading=\"lazy\" decoding=\"async\" class=\"alignleft size-medium wp-image-2312\" title=\"K3-KK-Buch2011 EntenbrustBweb\" src=\"https:\/\/www.kdrei-2009.de\/WPKdrei\/wp-content\/uploads\/2011\/10\/K3-KK-Buch2011-EntenbrustBweb-300x150.jpg\" alt=\"\" width=\"300\" height=\"150\" srcset=\"https:\/\/www.kdrei-2009.de\/WPKdrei\/wp-content\/uploads\/2011\/10\/K3-KK-Buch2011-EntenbrustBweb-300x150.jpg 300w, https:\/\/www.kdrei-2009.de\/WPKdrei\/wp-content\/uploads\/2011\/10\/K3-KK-Buch2011-EntenbrustBweb.jpg 850w\" sizes=\"(max-width: 300px) 100vw, 300px\" \/><\/a><\/p>\n<p><a href=\"https:\/\/www.kdrei-2009.de\/WPKdrei\/wp-content\/uploads\/2011\/10\/K3-KK-Buch2011-HEUSCHAUM-Bweb.jpg\" rel=\"lightbox[2280]\"><img loading=\"lazy\" decoding=\"async\" class=\"alignleft size-medium wp-image-2313\" title=\"K3-KK-Buch2011 HEUSCHAUM Bweb\" src=\"https:\/\/www.kdrei-2009.de\/WPKdrei\/wp-content\/uploads\/2011\/10\/K3-KK-Buch2011-HEUSCHAUM-Bweb-300x150.jpg\" alt=\"\" width=\"300\" height=\"150\" srcset=\"https:\/\/www.kdrei-2009.de\/WPKdrei\/wp-content\/uploads\/2011\/10\/K3-KK-Buch2011-HEUSCHAUM-Bweb-300x150.jpg 300w, https:\/\/www.kdrei-2009.de\/WPKdrei\/wp-content\/uploads\/2011\/10\/K3-KK-Buch2011-HEUSCHAUM-Bweb.jpg 850w\" sizes=\"(max-width: 300px) 100vw, 300px\" \/><\/a><\/p>\n<p><a href=\"https:\/\/www.kdrei-2009.de\/WPKdrei\/wp-content\/uploads\/2011\/10\/K3-KK-Buch2011-SAIBLING-Bweb.jpg\" rel=\"lightbox[2280]\"><img loading=\"lazy\" decoding=\"async\" class=\"alignleft size-medium wp-image-2315\" title=\"K3-KK-Buch2011 SAIBLING Bweb\" src=\"https:\/\/www.kdrei-2009.de\/WPKdrei\/wp-content\/uploads\/2011\/10\/K3-KK-Buch2011-SAIBLING-Bweb-300x150.jpg\" alt=\"\" width=\"300\" height=\"150\" srcset=\"https:\/\/www.kdrei-2009.de\/WPKdrei\/wp-content\/uploads\/2011\/10\/K3-KK-Buch2011-SAIBLING-Bweb-300x150.jpg 300w, https:\/\/www.kdrei-2009.de\/WPKdrei\/wp-content\/uploads\/2011\/10\/K3-KK-Buch2011-SAIBLING-Bweb.jpg 850w\" sizes=\"(max-width: 300px) 100vw, 300px\" \/><\/a><\/p>\n<p><a href=\"https:\/\/www.kdrei-2009.de\/WPKdrei\/wp-content\/uploads\/2011\/10\/K3-KK-Buch2011-LAMM-Bweb.jpg\" rel=\"lightbox[2280]\"><img loading=\"lazy\" decoding=\"async\" class=\"alignleft size-medium wp-image-2314\" title=\"K3-KK-Buch2011 LAMM Bweb\" src=\"https:\/\/www.kdrei-2009.de\/WPKdrei\/wp-content\/uploads\/2011\/10\/K3-KK-Buch2011-LAMM-Bweb-300x149.jpg\" alt=\"\" width=\"300\" height=\"149\" srcset=\"https:\/\/www.kdrei-2009.de\/WPKdrei\/wp-content\/uploads\/2011\/10\/K3-KK-Buch2011-LAMM-Bweb-300x149.jpg 300w, https:\/\/www.kdrei-2009.de\/WPKdrei\/wp-content\/uploads\/2011\/10\/K3-KK-Buch2011-LAMM-Bweb.jpg 850w\" sizes=\"(max-width: 300px) 100vw, 300px\" \/><\/a><\/p>\n<p><a href=\"https:\/\/www.kdrei-2009.de\/WPKdrei\/wp-content\/uploads\/2011\/10\/K3-KK-Buch2011-ZWETSCHGE-B-web.jpg\" rel=\"lightbox[2280]\"><img loading=\"lazy\" decoding=\"async\" class=\"alignleft size-medium wp-image-2316\" title=\"K3-KK-Buch2011 ZWETSCHGE B web\" src=\"https:\/\/www.kdrei-2009.de\/WPKdrei\/wp-content\/uploads\/2011\/10\/K3-KK-Buch2011-ZWETSCHGE-B-web-300x149.jpg\" alt=\"\" width=\"300\" height=\"149\" srcset=\"https:\/\/www.kdrei-2009.de\/WPKdrei\/wp-content\/uploads\/2011\/10\/K3-KK-Buch2011-ZWETSCHGE-B-web-300x149.jpg 300w, https:\/\/www.kdrei-2009.de\/WPKdrei\/wp-content\/uploads\/2011\/10\/K3-KK-Buch2011-ZWETSCHGE-B-web.jpg 850w\" sizes=\"(max-width: 300px) 100vw, 300px\" \/><\/a><\/p>\n<p><a href=\"https:\/\/www.kdrei-2009.de\/WPKdrei\/wp-content\/uploads\/2011\/10\/K3-KK-Buch2011-seite36web.jpg\" rel=\"lightbox[2280]\"><img loading=\"lazy\" decoding=\"async\" class=\"alignleft size-medium wp-image-2300\" title=\"K3-KK-Buch2011-seite36web\" src=\"https:\/\/www.kdrei-2009.de\/WPKdrei\/wp-content\/uploads\/2011\/10\/K3-KK-Buch2011-seite36web-299x300.jpg\" alt=\"\" width=\"299\" height=\"300\" srcset=\"https:\/\/www.kdrei-2009.de\/WPKdrei\/wp-content\/uploads\/2011\/10\/K3-KK-Buch2011-seite36web-299x300.jpg 299w, https:\/\/www.kdrei-2009.de\/WPKdrei\/wp-content\/uploads\/2011\/10\/K3-KK-Buch2011-seite36web-150x150.jpg 150w, https:\/\/www.kdrei-2009.de\/WPKdrei\/wp-content\/uploads\/2011\/10\/K3-KK-Buch2011-seite36web.jpg 850w\" sizes=\"(max-width: 299px) 100vw, 299px\" \/><\/a><\/p>\n<p><span style=\"color: #808080;\"> <\/span><\/p>\n<p><span style=\"color: #808080;\"><span style=\"color: #232323;\"> <\/span><\/span><\/p>\n","protected":false},"excerpt":{"rendered":"<p>Ab sofort gibt es das 2. Kochkursbuch mit Bildern des Tages und allen Rezepten. Es sind 36 Seiten, 18,5cm x 18,5cm im Hardcovereinband. Myphotobook-Qualit\u00e4t. Viele Bilder des Kochkurses, extrem wenig [&hellip;]<\/p>\n","protected":false},"author":1,"featured_media":0,"parent":5256,"menu_order":0,"comment_status":"open","ping_status":"open","template":"","meta":{"footnotes":""},"_links":{"self":[{"href":"https:\/\/www.kdrei-2009.de\/WPKdrei\/wp-json\/wp\/v2\/pages\/2280"}],"collection":[{"href":"https:\/\/www.kdrei-2009.de\/WPKdrei\/wp-json\/wp\/v2\/pages"}],"about":[{"href":"https:\/\/www.kdrei-2009.de\/WPKdrei\/wp-json\/wp\/v2\/types\/page"}],"author":[{"embeddable":true,"href":"https:\/\/www.kdrei-2009.de\/WPKdrei\/wp-json\/wp\/v2\/users\/1"}],"replies":[{"embeddable":true,"href":"https:\/\/www.kdrei-2009.de\/WPKdrei\/wp-json\/wp\/v2\/comments?post=2280"}],"version-history":[{"count":6,"href":"https:\/\/www.kdrei-2009.de\/WPKdrei\/wp-json\/wp\/v2\/pages\/2280\/revisions"}],"predecessor-version":[{"id":2308,"href":"https:\/\/www.kdrei-2009.de\/WPKdrei\/wp-json\/wp\/v2\/pages\/2280\/revisions\/2308"}],"up":[{"embeddable":true,"href":"https:\/\/www.kdrei-2009.de\/WPKdrei\/wp-json\/wp\/v2\/pages\/5256"}],"wp:attachment":[{"href":"https:\/\/www.kdrei-2009.de\/WPKdrei\/wp-json\/wp\/v2\/media?parent=2280"}],"curies":[{"name":"wp","href":"https:\/\/api.w.org\/{rel}","templated":true}]}}