{"id":2335,"date":"2011-12-06T13:56:52","date_gmt":"2011-12-06T13:56:52","guid":{"rendered":"https:\/\/www.kdrei-2009.de\/WPKdrei\/?page_id=2335"},"modified":"2016-03-15T11:06:08","modified_gmt":"2016-03-15T11:06:08","slug":"max-geburtstag","status":"publish","type":"page","link":"https:\/\/www.kdrei-2009.de\/WPKdrei\/kultur\/kultur-2011\/max-geburtstag\/","title":{"rendered":"MAX Geburtstag"},"content":{"rendered":"<h4><span style=\"color: #808080;\">Es ist nicht zu glauben, aber es stimmt. Aus datenschutzrechtlichen Gr\u00fcnden wollen wir hier keine Jahreszahl nennen, doch sie befindet sich eindeutig im zweistelligen Bereich. Alle d\u00fcrfen sch\u00e4tzen und das Ergebnis dann f\u00fcr sich behalten. Auf alle F\u00e4lle wurde der Ehrentag geb\u00fchrend gefeiert. es wurde gegessen, getrunken, gespielt und geschw\u00e4tzt. Nochmals alles Liebe und Gute, Max. Max ist \u00fcbrigens schon lange in diesem Alter, wo in manchen Vereinen den Spielern schon geraten wurde, nicht mehr Liga zu spielen. Wir bei Kdrei sehen das anders.<\/span><\/h4>\n<p><span style=\"color: #808080;\"><a href=\"https:\/\/www.kdrei-2009.de\/WPKdrei\/wp-content\/uploads\/2011\/12\/K3-MAX75-2011-6.jpg\" rel=\"lightbox[2335]\"><img loading=\"lazy\" decoding=\"async\" class=\"alignleft size-medium wp-image-2342\" title=\"K3-MAX75-2011-6\" src=\"https:\/\/www.kdrei-2009.de\/WPKdrei\/wp-content\/uploads\/2011\/12\/K3-MAX75-2011-6-300x170.jpg\" alt=\"\" width=\"300\" height=\"170\" srcset=\"https:\/\/www.kdrei-2009.de\/WPKdrei\/wp-content\/uploads\/2011\/12\/K3-MAX75-2011-6-300x170.jpg 300w, https:\/\/www.kdrei-2009.de\/WPKdrei\/wp-content\/uploads\/2011\/12\/K3-MAX75-2011-6.jpg 680w\" sizes=\"(max-width: 300px) 100vw, 300px\" \/><\/a> <a href=\"https:\/\/www.kdrei-2009.de\/WPKdrei\/wp-content\/uploads\/2011\/12\/K3-MAX75-2011-5.jpg\" rel=\"lightbox[2335]\"><img loading=\"lazy\" decoding=\"async\" class=\"alignright size-medium wp-image-2341\" title=\"K3-MAX75-2011-5\" src=\"https:\/\/www.kdrei-2009.de\/WPKdrei\/wp-content\/uploads\/2011\/12\/K3-MAX75-2011-5-300x190.jpg\" alt=\"\" width=\"300\" height=\"190\" srcset=\"https:\/\/www.kdrei-2009.de\/WPKdrei\/wp-content\/uploads\/2011\/12\/K3-MAX75-2011-5-300x190.jpg 300w, https:\/\/www.kdrei-2009.de\/WPKdrei\/wp-content\/uploads\/2011\/12\/K3-MAX75-2011-5.jpg 680w\" sizes=\"(max-width: 300px) 100vw, 300px\" \/><\/a><\/span><\/p>\n<p><a href=\"https:\/\/www.kdrei-2009.de\/WPKdrei\/wp-content\/uploads\/2011\/12\/K3-MAX75-2011-4.jpg\" rel=\"lightbox[2335]\"><img loading=\"lazy\" decoding=\"async\" class=\"alignleft size-medium wp-image-2340\" title=\"K3-MAX75-2011-4\" src=\"https:\/\/www.kdrei-2009.de\/WPKdrei\/wp-content\/uploads\/2011\/12\/K3-MAX75-2011-4-300x227.jpg\" alt=\"\" width=\"300\" height=\"227\" srcset=\"https:\/\/www.kdrei-2009.de\/WPKdrei\/wp-content\/uploads\/2011\/12\/K3-MAX75-2011-4-300x227.jpg 300w, https:\/\/www.kdrei-2009.de\/WPKdrei\/wp-content\/uploads\/2011\/12\/K3-MAX75-2011-4.jpg 680w\" sizes=\"(max-width: 300px) 100vw, 300px\" \/><\/a><\/p>\n<p><a href=\"https:\/\/www.kdrei-2009.de\/WPKdrei\/wp-content\/uploads\/2011\/12\/K3-MAX75-2011-3.jpg\" rel=\"lightbox[2335]\"><img loading=\"lazy\" decoding=\"async\" class=\"alignright size-medium wp-image-2339\" title=\"K3-MAX75-2011-3\" src=\"https:\/\/www.kdrei-2009.de\/WPKdrei\/wp-content\/uploads\/2011\/12\/K3-MAX75-2011-3-300x208.jpg\" alt=\"\" width=\"300\" height=\"208\" srcset=\"https:\/\/www.kdrei-2009.de\/WPKdrei\/wp-content\/uploads\/2011\/12\/K3-MAX75-2011-3-300x208.jpg 300w, https:\/\/www.kdrei-2009.de\/WPKdrei\/wp-content\/uploads\/2011\/12\/K3-MAX75-2011-3.jpg 680w\" sizes=\"(max-width: 300px) 100vw, 300px\" \/><\/a><\/p>\n<p><a href=\"https:\/\/www.kdrei-2009.de\/WPKdrei\/wp-content\/uploads\/2011\/12\/K3-MAX75-2011-2.jpg\" rel=\"lightbox[2335]\"><img loading=\"lazy\" decoding=\"async\" class=\"alignleft size-medium wp-image-2338\" title=\"K3-MAX75-2011-2\" src=\"https:\/\/www.kdrei-2009.de\/WPKdrei\/wp-content\/uploads\/2011\/12\/K3-MAX75-2011-2-300x168.jpg\" alt=\"\" width=\"300\" height=\"168\" srcset=\"https:\/\/www.kdrei-2009.de\/WPKdrei\/wp-content\/uploads\/2011\/12\/K3-MAX75-2011-2-300x168.jpg 300w, https:\/\/www.kdrei-2009.de\/WPKdrei\/wp-content\/uploads\/2011\/12\/K3-MAX75-2011-2.jpg 680w\" sizes=\"(max-width: 300px) 100vw, 300px\" \/><\/a> <a href=\"https:\/\/www.kdrei-2009.de\/WPKdrei\/wp-content\/uploads\/2011\/12\/K3-MAX75-2011-1.jpg\" rel=\"lightbox[2335]\"><img loading=\"lazy\" decoding=\"async\" class=\"alignright size-medium wp-image-2337\" title=\"K3-MAX75-2011-1\" src=\"https:\/\/www.kdrei-2009.de\/WPKdrei\/wp-content\/uploads\/2011\/12\/K3-MAX75-2011-1-300x149.jpg\" alt=\"\" width=\"300\" height=\"149\" srcset=\"https:\/\/www.kdrei-2009.de\/WPKdrei\/wp-content\/uploads\/2011\/12\/K3-MAX75-2011-1-300x149.jpg 300w, https:\/\/www.kdrei-2009.de\/WPKdrei\/wp-content\/uploads\/2011\/12\/K3-MAX75-2011-1.jpg 680w\" sizes=\"(max-width: 300px) 100vw, 300px\" \/><\/a><\/p>\n<p><span style=\"color: #808080;\"> <\/span><\/p>\n","protected":false},"excerpt":{"rendered":"<p>Es ist nicht zu glauben, aber es stimmt. Aus datenschutzrechtlichen Gr\u00fcnden wollen wir hier keine Jahreszahl nennen, doch sie befindet sich eindeutig im zweistelligen Bereich. Alle d\u00fcrfen sch\u00e4tzen und das [&hellip;]<\/p>\n","protected":false},"author":1,"featured_media":0,"parent":5283,"menu_order":0,"comment_status":"open","ping_status":"open","template":"","meta":{"footnotes":""},"_links":{"self":[{"href":"https:\/\/www.kdrei-2009.de\/WPKdrei\/wp-json\/wp\/v2\/pages\/2335"}],"collection":[{"href":"https:\/\/www.kdrei-2009.de\/WPKdrei\/wp-json\/wp\/v2\/pages"}],"about":[{"href":"https:\/\/www.kdrei-2009.de\/WPKdrei\/wp-json\/wp\/v2\/types\/page"}],"author":[{"embeddable":true,"href":"https:\/\/www.kdrei-2009.de\/WPKdrei\/wp-json\/wp\/v2\/users\/1"}],"replies":[{"embeddable":true,"href":"https:\/\/www.kdrei-2009.de\/WPKdrei\/wp-json\/wp\/v2\/comments?post=2335"}],"version-history":[{"count":5,"href":"https:\/\/www.kdrei-2009.de\/WPKdrei\/wp-json\/wp\/v2\/pages\/2335\/revisions"}],"predecessor-version":[{"id":5366,"href":"https:\/\/www.kdrei-2009.de\/WPKdrei\/wp-json\/wp\/v2\/pages\/2335\/revisions\/5366"}],"up":[{"embeddable":true,"href":"https:\/\/www.kdrei-2009.de\/WPKdrei\/wp-json\/wp\/v2\/pages\/5283"}],"wp:attachment":[{"href":"https:\/\/www.kdrei-2009.de\/WPKdrei\/wp-json\/wp\/v2\/media?parent=2335"}],"curies":[{"name":"wp","href":"https:\/\/api.w.org\/{rel}","templated":true}]}}