{"id":2355,"date":"2011-12-13T08:03:26","date_gmt":"2011-12-13T08:03:26","guid":{"rendered":"https:\/\/www.kdrei-2009.de\/WPKdrei\/?page_id=2355"},"modified":"2016-03-16T12:38:52","modified_gmt":"2016-03-16T12:38:52","slug":"ausserordentliche-mv-2011","status":"publish","type":"page","link":"https:\/\/www.kdrei-2009.de\/WPKdrei\/plaisanterie\/plaisanterie-2011\/ausserordentliche-mv-2011\/","title":{"rendered":"Ausserordentliche MV 2011"},"content":{"rendered":"<h4><span style=\"color: #808080;\">Ausserordentlich, weil es einige Sachen zu besprechen gab. Wirklich interessante Neuigkeiten. Es wird bestimmt spekuliert werden. Lizenzwechsler? Neuzug\u00e4nge? Gehaltsverhandlungen f\u00fcr Ligaspieler? Jetzt w\u00e4re die Zeit daf\u00fcr. Wir wollen uns an diesen Spekulationen nicht \u00f6ffentlich beteiligen. Alle spruchreifen Neuigkeiten werden wie gewohnt rechtzeitig an dieser Stelle ver\u00f6ffentlicht. Sicher ist, da\u00df wir auch n\u00e4chstes Jahr wieder Boule spielen werden.<\/span><\/h4>\n<h4><span style=\"color: #808080;\">Alle hatten ausserordentlich Hunger und wir wollen uns nochmals f\u00fcr die wunderbare Gulaschsuppe von Renate und Wolfgang bedanken.<\/span><\/h4>\n<p><a href=\"https:\/\/www.kdrei-2009.de\/WPKdrei\/wp-content\/uploads\/2011\/12\/MV111209-03web.jpg\" rel=\"lightbox[2355]\"><img loading=\"lazy\" decoding=\"async\" class=\"aligncenter size-full wp-image-2354\" title=\"MV111209-03web\" src=\"https:\/\/www.kdrei-2009.de\/WPKdrei\/wp-content\/uploads\/2011\/12\/MV111209-03web.jpg\" alt=\"\" width=\"680\" height=\"312\" srcset=\"https:\/\/www.kdrei-2009.de\/WPKdrei\/wp-content\/uploads\/2011\/12\/MV111209-03web.jpg 680w, https:\/\/www.kdrei-2009.de\/WPKdrei\/wp-content\/uploads\/2011\/12\/MV111209-03web-300x137.jpg 300w\" sizes=\"(max-width: 680px) 100vw, 680px\" \/><\/a><\/p>\n","protected":false},"excerpt":{"rendered":"<p>Ausserordentlich, weil es einige Sachen zu besprechen gab. Wirklich interessante Neuigkeiten. Es wird bestimmt spekuliert werden. Lizenzwechsler? Neuzug\u00e4nge? Gehaltsverhandlungen f\u00fcr Ligaspieler? Jetzt w\u00e4re die Zeit daf\u00fcr. Wir wollen uns an [&hellip;]<\/p>\n","protected":false},"author":1,"featured_media":0,"parent":5542,"menu_order":0,"comment_status":"open","ping_status":"open","template":"","meta":{"footnotes":""},"_links":{"self":[{"href":"https:\/\/www.kdrei-2009.de\/WPKdrei\/wp-json\/wp\/v2\/pages\/2355"}],"collection":[{"href":"https:\/\/www.kdrei-2009.de\/WPKdrei\/wp-json\/wp\/v2\/pages"}],"about":[{"href":"https:\/\/www.kdrei-2009.de\/WPKdrei\/wp-json\/wp\/v2\/types\/page"}],"author":[{"embeddable":true,"href":"https:\/\/www.kdrei-2009.de\/WPKdrei\/wp-json\/wp\/v2\/users\/1"}],"replies":[{"embeddable":true,"href":"https:\/\/www.kdrei-2009.de\/WPKdrei\/wp-json\/wp\/v2\/comments?post=2355"}],"version-history":[{"count":3,"href":"https:\/\/www.kdrei-2009.de\/WPKdrei\/wp-json\/wp\/v2\/pages\/2355\/revisions"}],"predecessor-version":[{"id":5554,"href":"https:\/\/www.kdrei-2009.de\/WPKdrei\/wp-json\/wp\/v2\/pages\/2355\/revisions\/5554"}],"up":[{"embeddable":true,"href":"https:\/\/www.kdrei-2009.de\/WPKdrei\/wp-json\/wp\/v2\/pages\/5542"}],"wp:attachment":[{"href":"https:\/\/www.kdrei-2009.de\/WPKdrei\/wp-json\/wp\/v2\/media?parent=2355"}],"curies":[{"name":"wp","href":"https:\/\/api.w.org\/{rel}","templated":true}]}}