{"id":2386,"date":"2012-01-16T14:01:37","date_gmt":"2012-01-16T14:01:37","guid":{"rendered":"https:\/\/www.kdrei-2009.de\/WPKdrei\/?page_id=2386"},"modified":"2012-01-16T14:01:37","modified_gmt":"2012-01-16T14:01:37","slug":"winterrunde-in-ruit-15-01-2012","status":"publish","type":"page","link":"https:\/\/www.kdrei-2009.de\/WPKdrei\/kugelsport-2\/kugelsport-2012-2\/turniere-2012\/winterrunde-in-ruit-15-01-2012\/","title":{"rendered":"Winterrunde in Ruit 15.01.2012"},"content":{"rendered":"<p><strong>Bei herrlichem Boulewetter spielten Werner und Walter in Ruit. Ein wirklich sch\u00f6nes Boulegel\u00e4nde, ein sch\u00f6ner Bouletag und am\u00fcsante Spiele. Alle hatten ihren Spass, etwas Warmes zu essen und erfrischende Getr\u00e4nke. Gespielt wurden 4 Runden Superm\u00eal\u00e9e-Triplette. Ruit blieb aufgrund der warmen Witterung auf einigen Litern Gl\u00fchwein sitzen und alle Versuche von Thomas Brinkmann, mit Dumpingpreisen Kundschaft zu k\u00f6dern misslangen. Nach 4 Runden stand der Tagessieger fest und Thomas konnte sein Preisgeld direkt in Gl\u00fchwein anlegen. Restliche Gl\u00fchweinbest\u00e4nde werden wohl am kommenden Winterrundenspieltag in Denkendorf feilgeboten.<\/strong><\/p>\n<p><strong><span style=\"color: #808080;\"> <\/span><\/strong><strong>Hier einige Bilder&#8230;.<\/strong><\/p>\n<p><span style=\"color: #808080;\"><strong><span style=\"color: #232323;\"><span style=\"font-weight: normal;\"><a href=\"https:\/\/www.kdrei-2009.de\/WPKdrei\/wp-content\/uploads\/2012\/01\/K3-Ruit120115-01web.jpg\" rel=\"lightbox[2386]\"><img loading=\"lazy\" decoding=\"async\" class=\"alignleft size-medium wp-image-2379\" title=\"K3-Ruit120115-01web\" src=\"https:\/\/www.kdrei-2009.de\/WPKdrei\/wp-content\/uploads\/2012\/01\/K3-Ruit120115-01web-300x125.jpg\" alt=\"\" width=\"300\" height=\"125\" srcset=\"https:\/\/www.kdrei-2009.de\/WPKdrei\/wp-content\/uploads\/2012\/01\/K3-Ruit120115-01web-300x125.jpg 300w, https:\/\/www.kdrei-2009.de\/WPKdrei\/wp-content\/uploads\/2012\/01\/K3-Ruit120115-01web.jpg 850w\" sizes=\"(max-width: 300px) 100vw, 300px\" \/><\/a><\/span><\/span><\/strong><\/span><\/p>\n<p><span style=\"color: #808080;\"><strong><span style=\"color: #232323;\"><span style=\"font-weight: normal;\"><a href=\"https:\/\/www.kdrei-2009.de\/WPKdrei\/wp-content\/uploads\/2012\/01\/K3-Ruit120115-03web.jpg\" rel=\"lightbox[2386]\"><img loading=\"lazy\" decoding=\"async\" class=\"alignleft size-medium wp-image-2380\" title=\"K3-Ruit120115-03web\" src=\"https:\/\/www.kdrei-2009.de\/WPKdrei\/wp-content\/uploads\/2012\/01\/K3-Ruit120115-03web-300x85.jpg\" alt=\"\" width=\"300\" height=\"85\" srcset=\"https:\/\/www.kdrei-2009.de\/WPKdrei\/wp-content\/uploads\/2012\/01\/K3-Ruit120115-03web-300x85.jpg 300w, https:\/\/www.kdrei-2009.de\/WPKdrei\/wp-content\/uploads\/2012\/01\/K3-Ruit120115-03web.jpg 850w\" sizes=\"(max-width: 300px) 100vw, 300px\" \/><\/a><\/span><\/span><\/strong><\/span><\/p>\n<p><span style=\"color: #808080;\"><strong><span style=\"color: #232323;\"><span style=\"font-weight: normal;\"> <\/span><\/span><\/strong><\/span><\/p>\n<p><span style=\"color: #808080;\"> <\/span><\/p>\n<p><span style=\"color: #808080;\"> <\/span><\/p>\n<p><span style=\"color: #808080;\"> <\/span><\/p>\n<p><span style=\"color: #808080;\"><span style=\"color: #232323;\"> <\/span><\/span><\/p>\n<div id=\"attachment_2381\" style=\"width: 310px\" class=\"wp-caption alignleft\"><a href=\"https:\/\/www.kdrei-2009.de\/WPKdrei\/wp-content\/uploads\/2012\/01\/K3-Ruit120115-04web.jpg\" rel=\"lightbox[2386]\"><img loading=\"lazy\" decoding=\"async\" aria-describedby=\"caption-attachment-2381\" class=\"size-medium wp-image-2381\" title=\"K3-Ruit120115-04web\" src=\"https:\/\/www.kdrei-2009.de\/WPKdrei\/wp-content\/uploads\/2012\/01\/K3-Ruit120115-04web-300x142.jpg\" alt=\"\" width=\"300\" height=\"142\" srcset=\"https:\/\/www.kdrei-2009.de\/WPKdrei\/wp-content\/uploads\/2012\/01\/K3-Ruit120115-04web-300x142.jpg 300w, https:\/\/www.kdrei-2009.de\/WPKdrei\/wp-content\/uploads\/2012\/01\/K3-Ruit120115-04web.jpg 850w\" sizes=\"(max-width: 300px) 100vw, 300px\" \/><\/a><p id=\"caption-attachment-2381\" class=\"wp-caption-text\">Kugeln und F\u00fcsse.<\/p><\/div>\n<div id=\"attachment_2382\" style=\"width: 310px\" class=\"wp-caption alignleft\"><a href=\"https:\/\/www.kdrei-2009.de\/WPKdrei\/wp-content\/uploads\/2012\/01\/K3-Ruit120115-06web.jpg\" rel=\"lightbox[2386]\"><img loading=\"lazy\" decoding=\"async\" aria-describedby=\"caption-attachment-2382\" class=\"size-medium wp-image-2382\" title=\"K3-Ruit120115-06web\" src=\"https:\/\/www.kdrei-2009.de\/WPKdrei\/wp-content\/uploads\/2012\/01\/K3-Ruit120115-06web-300x91.jpg\" alt=\"\" width=\"300\" height=\"91\" srcset=\"https:\/\/www.kdrei-2009.de\/WPKdrei\/wp-content\/uploads\/2012\/01\/K3-Ruit120115-06web-300x91.jpg 300w, https:\/\/www.kdrei-2009.de\/WPKdrei\/wp-content\/uploads\/2012\/01\/K3-Ruit120115-06web.jpg 850w\" sizes=\"(max-width: 300px) 100vw, 300px\" \/><\/a><p id=\"caption-attachment-2382\" class=\"wp-caption-text\">Noch mehr Kugeln und F\u00fcsse.<\/p><\/div>\n<div id=\"attachment_2383\" style=\"width: 310px\" class=\"wp-caption alignleft\"><a href=\"https:\/\/www.kdrei-2009.de\/WPKdrei\/wp-content\/uploads\/2012\/01\/K3-Ruit120115-07web.jpg\" rel=\"lightbox[2386]\"><img loading=\"lazy\" decoding=\"async\" aria-describedby=\"caption-attachment-2383\" class=\"size-medium wp-image-2383\" title=\"K3-Ruit120115-07web\" src=\"https:\/\/www.kdrei-2009.de\/WPKdrei\/wp-content\/uploads\/2012\/01\/K3-Ruit120115-07web-300x124.jpg\" alt=\"\" width=\"300\" height=\"124\" srcset=\"https:\/\/www.kdrei-2009.de\/WPKdrei\/wp-content\/uploads\/2012\/01\/K3-Ruit120115-07web-300x124.jpg 300w, https:\/\/www.kdrei-2009.de\/WPKdrei\/wp-content\/uploads\/2012\/01\/K3-Ruit120115-07web.jpg 850w\" sizes=\"(max-width: 300px) 100vw, 300px\" \/><\/a><p id=\"caption-attachment-2383\" class=\"wp-caption-text\">Kugeln, F\u00fcsse, H\u00e4nde und Massband.<\/p><\/div>\n<div id=\"attachment_2384\" style=\"width: 310px\" class=\"wp-caption alignleft\"><a href=\"https:\/\/www.kdrei-2009.de\/WPKdrei\/wp-content\/uploads\/2012\/01\/K3-Ruit120115-12web.jpg\" rel=\"lightbox[2386]\"><img loading=\"lazy\" decoding=\"async\" aria-describedby=\"caption-attachment-2384\" class=\"size-medium wp-image-2384\" title=\"K3-Ruit120115-12web\" src=\"https:\/\/www.kdrei-2009.de\/WPKdrei\/wp-content\/uploads\/2012\/01\/K3-Ruit120115-12web-300x104.jpg\" alt=\"\" width=\"300\" height=\"104\" srcset=\"https:\/\/www.kdrei-2009.de\/WPKdrei\/wp-content\/uploads\/2012\/01\/K3-Ruit120115-12web-300x104.jpg 300w, https:\/\/www.kdrei-2009.de\/WPKdrei\/wp-content\/uploads\/2012\/01\/K3-Ruit120115-12web.jpg 850w\" sizes=\"(max-width: 300px) 100vw, 300px\" \/><\/a><p id=\"caption-attachment-2384\" class=\"wp-caption-text\">Zappa, Kley. Hendrix. Das Triplette des Tages.<\/p><\/div>\n","protected":false},"excerpt":{"rendered":"<p>Bei herrlichem Boulewetter spielten Werner und Walter in Ruit. Ein wirklich sch\u00f6nes Boulegel\u00e4nde, ein sch\u00f6ner Bouletag und am\u00fcsante Spiele. Alle hatten ihren Spass, etwas Warmes zu essen und erfrischende Getr\u00e4nke. [&hellip;]<\/p>\n","protected":false},"author":1,"featured_media":0,"parent":2388,"menu_order":1,"comment_status":"open","ping_status":"open","template":"","meta":{"footnotes":""},"_links":{"self":[{"href":"https:\/\/www.kdrei-2009.de\/WPKdrei\/wp-json\/wp\/v2\/pages\/2386"}],"collection":[{"href":"https:\/\/www.kdrei-2009.de\/WPKdrei\/wp-json\/wp\/v2\/pages"}],"about":[{"href":"https:\/\/www.kdrei-2009.de\/WPKdrei\/wp-json\/wp\/v2\/types\/page"}],"author":[{"embeddable":true,"href":"https:\/\/www.kdrei-2009.de\/WPKdrei\/wp-json\/wp\/v2\/users\/1"}],"replies":[{"embeddable":true,"href":"https:\/\/www.kdrei-2009.de\/WPKdrei\/wp-json\/wp\/v2\/comments?post=2386"}],"version-history":[{"count":3,"href":"https:\/\/www.kdrei-2009.de\/WPKdrei\/wp-json\/wp\/v2\/pages\/2386\/revisions"}],"predecessor-version":[{"id":2391,"href":"https:\/\/www.kdrei-2009.de\/WPKdrei\/wp-json\/wp\/v2\/pages\/2386\/revisions\/2391"}],"up":[{"embeddable":true,"href":"https:\/\/www.kdrei-2009.de\/WPKdrei\/wp-json\/wp\/v2\/pages\/2388"}],"wp:attachment":[{"href":"https:\/\/www.kdrei-2009.de\/WPKdrei\/wp-json\/wp\/v2\/media?parent=2386"}],"curies":[{"name":"wp","href":"https:\/\/api.w.org\/{rel}","templated":true}]}}