{"id":2398,"date":"2012-01-17T11:04:17","date_gmt":"2012-01-17T11:04:17","guid":{"rendered":"https:\/\/www.kdrei-2009.de\/WPKdrei\/?page_id=2398"},"modified":"2016-03-16T12:25:14","modified_gmt":"2016-03-16T12:25:14","slug":"jazz-2012-geislers-termine","status":"publish","type":"page","link":"https:\/\/www.kdrei-2009.de\/WPKdrei\/kunst\/akustisches\/akustisches-2012\/jazz-2012-geislers-termine\/","title":{"rendered":"Jazz 2012-Geislers Termine"},"content":{"rendered":"<h3><span style=\"color: #808080;\">Liebe Boulefreunde und Jazzfans,<\/span><\/h3>\n<h3><span style=\"color: #808080;\">es ist einleuchtend, da\u00df Chris Geisler nicht mit seinem Instrument von Bouleplatz zu Bouleplatz ziehen kann,um euch dort mit feinen Jazzkl\u00e4ngen das Spielen zu erleichtern. Nein, es funktioniert wie immer. Ihr kommt zu einem der Konzerte und werdet daf\u00fcr wirklich musikalisch reichlich entsch\u00e4digt.<\/span><\/h3>\n<h3><span style=\"color: #808080;\">Hier die ersten Termine:<\/span><\/h3>\n<h3><span style=\"color: #808080;\">17.3., 19:30, Chris Geisler Trio, Fl\u00fcgeleinweihung, Kelterhaus, Ubstadt-Weiher<\/span><\/h3>\n<h3><span style=\"color: #808080;\">28.3., 20:30, Chris Geisler Trio, Bix, Stuttgart<\/span><\/h3>\n<h3><span style=\"color: #808080;\">24.5., 20:00, Fauzia Maria Beg Sextett, Musikschule Waldenbuch<\/span><\/h3>\n<h3><span style=\"color: #808080;\">Hier ein Bild, wie es w\u00e4re, wenn er wirklich k\u00e4me.<\/span><\/h3>\n<div id=\"attachment_2396\" style=\"width: 860px\" class=\"wp-caption alignleft\"><a href=\"https:\/\/www.kdrei-2009.de\/WPKdrei\/wp-content\/uploads\/2012\/01\/CG-BechsteinT\u00dc-1_117cweb.jpg\" rel=\"lightbox[2398]\"><img loading=\"lazy\" decoding=\"async\" aria-describedby=\"caption-attachment-2396\" class=\"size-full wp-image-2396\" title=\"CG-BechsteinT\u00dc-1_117cweb\" src=\"https:\/\/www.kdrei-2009.de\/WPKdrei\/wp-content\/uploads\/2012\/01\/CG-BechsteinT\u00dc-1_117cweb.jpg\" alt=\"\" width=\"850\" height=\"606\" srcset=\"https:\/\/www.kdrei-2009.de\/WPKdrei\/wp-content\/uploads\/2012\/01\/CG-BechsteinT\u00dc-1_117cweb.jpg 850w, https:\/\/www.kdrei-2009.de\/WPKdrei\/wp-content\/uploads\/2012\/01\/CG-BechsteinT\u00dc-1_117cweb-300x213.jpg 300w\" sizes=\"(max-width: 850px) 100vw, 850px\" \/><\/a><p id=\"caption-attachment-2396\" class=\"wp-caption-text\">Geisler spielt Solo auf dem Zwiebelturnier.<\/p><\/div>\n","protected":false},"excerpt":{"rendered":"<p>Liebe Boulefreunde und Jazzfans, es ist einleuchtend, da\u00df Chris Geisler nicht mit seinem Instrument von Bouleplatz zu Bouleplatz ziehen kann,um euch dort mit feinen Jazzkl\u00e4ngen das Spielen zu erleichtern. Nein, [&hellip;]<\/p>\n","protected":false},"author":1,"featured_media":0,"parent":5476,"menu_order":0,"comment_status":"open","ping_status":"open","template":"","meta":{"footnotes":""},"_links":{"self":[{"href":"https:\/\/www.kdrei-2009.de\/WPKdrei\/wp-json\/wp\/v2\/pages\/2398"}],"collection":[{"href":"https:\/\/www.kdrei-2009.de\/WPKdrei\/wp-json\/wp\/v2\/pages"}],"about":[{"href":"https:\/\/www.kdrei-2009.de\/WPKdrei\/wp-json\/wp\/v2\/types\/page"}],"author":[{"embeddable":true,"href":"https:\/\/www.kdrei-2009.de\/WPKdrei\/wp-json\/wp\/v2\/users\/1"}],"replies":[{"embeddable":true,"href":"https:\/\/www.kdrei-2009.de\/WPKdrei\/wp-json\/wp\/v2\/comments?post=2398"}],"version-history":[{"count":2,"href":"https:\/\/www.kdrei-2009.de\/WPKdrei\/wp-json\/wp\/v2\/pages\/2398\/revisions"}],"predecessor-version":[{"id":5519,"href":"https:\/\/www.kdrei-2009.de\/WPKdrei\/wp-json\/wp\/v2\/pages\/2398\/revisions\/5519"}],"up":[{"embeddable":true,"href":"https:\/\/www.kdrei-2009.de\/WPKdrei\/wp-json\/wp\/v2\/pages\/5476"}],"wp:attachment":[{"href":"https:\/\/www.kdrei-2009.de\/WPKdrei\/wp-json\/wp\/v2\/media?parent=2398"}],"curies":[{"name":"wp","href":"https:\/\/api.w.org\/{rel}","templated":true}]}}