{"id":2414,"date":"2012-02-03T08:34:37","date_gmt":"2012-02-03T08:34:37","guid":{"rendered":"https:\/\/www.kdrei-2009.de\/WPKdrei\/?page_id=2414"},"modified":"2012-02-03T08:55:21","modified_gmt":"2012-02-03T08:55:21","slug":"winterrunde-denkendorf-29-01-2012","status":"publish","type":"page","link":"https:\/\/www.kdrei-2009.de\/WPKdrei\/kugelsport-2\/kugelsport-2012-2\/turniere-2012\/winterrunde-denkendorf-29-01-2012\/","title":{"rendered":"Winterrunde Denkendorf 29.01.2012"},"content":{"rendered":"<h4><span style=\"color: #808080;\">Wie der Name schon  sagt, muss man w\u00e4hrend der Winterrunde mit niedrigeren Temperaturen  rechnen. F\u00fcr den gemeinen Boulespieler sind Temperaturen um den  Gefrierpunkt eher ein Hindernis. Der Pastis beginnt auszuflocken,  Handschuhe geben zwar warm, machen aber, \u00a0selbst wenn man es  normalerweise kann, gezieltes Spielen unm\u00f6glich, Taschenw\u00e4rmer  verbrennen die Hosentaschen, die Zigarette gefriert an die Oberlippe und  eigentlich ist Boule ein Sommersport. Trotzdem trafen sich wieder  wagemutige Spieler und warfen ihre Kugeln in die K\u00e4lte von Denkendorf.  Es hat nat\u00fcrlich auch allen Spass gemacht, die Bewirtung war k\u00f6stlich  und alle waren zufrieden. Es h\u00e4tte ja noch k\u00e4lter sein k\u00f6nnen. F\u00fcr Kdrei  spielten Werner, Wolfgang und Walter, wie immer mehr oder weniger  erfolgreich aber mit Spass. Hier noch einige Bilder zur Erheiterung der  Leser.<\/span><\/h4>\n<div id=\"attachment_2408\" style=\"width: 719px\" class=\"wp-caption alignleft\"><a href=\"https:\/\/www.kdrei-2009.de\/WPKdrei\/wp-content\/uploads\/2012\/02\/K3-DD120125-01web.jpg\" rel=\"lightbox[2414]\"><img loading=\"lazy\" decoding=\"async\" aria-describedby=\"caption-attachment-2408\" class=\"size-full wp-image-2408\" title=\"K3-DD120125-01web\" src=\"https:\/\/www.kdrei-2009.de\/WPKdrei\/wp-content\/uploads\/2012\/02\/K3-DD120125-01web.jpg\" alt=\"\" width=\"709\" height=\"493\" srcset=\"https:\/\/www.kdrei-2009.de\/WPKdrei\/wp-content\/uploads\/2012\/02\/K3-DD120125-01web.jpg 709w, https:\/\/www.kdrei-2009.de\/WPKdrei\/wp-content\/uploads\/2012\/02\/K3-DD120125-01web-300x208.jpg 300w\" sizes=\"(max-width: 709px) 100vw, 709px\" \/><\/a><p id=\"caption-attachment-2408\" class=\"wp-caption-text\">Neulich, beim Stand von 12:12<\/p><\/div>\n<div id=\"attachment_2409\" style=\"width: 719px\" class=\"wp-caption alignleft\"><a href=\"https:\/\/www.kdrei-2009.de\/WPKdrei\/wp-content\/uploads\/2012\/02\/K3-DD120125-02web.jpg\" rel=\"lightbox[2414]\"><img loading=\"lazy\" decoding=\"async\" aria-describedby=\"caption-attachment-2409\" class=\"size-full wp-image-2409\" title=\"K3-DD120125-02web\" src=\"https:\/\/www.kdrei-2009.de\/WPKdrei\/wp-content\/uploads\/2012\/02\/K3-DD120125-02web.jpg\" alt=\"\" width=\"709\" height=\"482\" srcset=\"https:\/\/www.kdrei-2009.de\/WPKdrei\/wp-content\/uploads\/2012\/02\/K3-DD120125-02web.jpg 709w, https:\/\/www.kdrei-2009.de\/WPKdrei\/wp-content\/uploads\/2012\/02\/K3-DD120125-02web-300x203.jpg 300w\" sizes=\"(max-width: 709px) 100vw, 709px\" \/><\/a><p id=\"caption-attachment-2409\" class=\"wp-caption-text\">So etwa k\u00f6nnte die Unterhaltung gelaufen sein...<\/p><\/div>\n<div id=\"attachment_2410\" style=\"width: 719px\" class=\"wp-caption alignleft\"><a href=\"https:\/\/www.kdrei-2009.de\/WPKdrei\/wp-content\/uploads\/2012\/02\/K3-DD120125-03web.jpg\" rel=\"lightbox[2414]\"><img loading=\"lazy\" decoding=\"async\" aria-describedby=\"caption-attachment-2410\" class=\"size-full wp-image-2410\" title=\"K3-DD120125-03web\" src=\"https:\/\/www.kdrei-2009.de\/WPKdrei\/wp-content\/uploads\/2012\/02\/K3-DD120125-03web.jpg\" alt=\"\" width=\"709\" height=\"494\" srcset=\"https:\/\/www.kdrei-2009.de\/WPKdrei\/wp-content\/uploads\/2012\/02\/K3-DD120125-03web.jpg 709w, https:\/\/www.kdrei-2009.de\/WPKdrei\/wp-content\/uploads\/2012\/02\/K3-DD120125-03web-300x209.jpg 300w\" sizes=\"(max-width: 709px) 100vw, 709px\" \/><\/a><p id=\"caption-attachment-2410\" class=\"wp-caption-text\">Sicher ist: Ausgefeilte Messmittel erleichtern jede Messung.<\/p><\/div>\n<p><span style=\"color: #808080;\"> <\/span><\/p>\n<div id=\"attachment_2412\" style=\"width: 719px\" class=\"wp-caption alignleft\"><a href=\"https:\/\/www.kdrei-2009.de\/WPKdrei\/wp-content\/uploads\/2012\/02\/K3-DD120125-05web.jpg\" rel=\"lightbox[2414]\"><img loading=\"lazy\" decoding=\"async\" aria-describedby=\"caption-attachment-2412\" class=\"size-full wp-image-2412\" title=\"K3-DD120125-05web\" src=\"https:\/\/www.kdrei-2009.de\/WPKdrei\/wp-content\/uploads\/2012\/02\/K3-DD120125-05web.jpg\" alt=\"\" width=\"709\" height=\"492\" srcset=\"https:\/\/www.kdrei-2009.de\/WPKdrei\/wp-content\/uploads\/2012\/02\/K3-DD120125-05web.jpg 709w, https:\/\/www.kdrei-2009.de\/WPKdrei\/wp-content\/uploads\/2012\/02\/K3-DD120125-05web-300x208.jpg 300w\" sizes=\"(max-width: 709px) 100vw, 709px\" \/><\/a><p id=\"caption-attachment-2412\" class=\"wp-caption-text\">Bei gefrorenem Boden praktisch, aber eigentlich \u00fcberfl\u00fcssig.<\/p><\/div>\n","protected":false},"excerpt":{"rendered":"<p>Wie der Name schon sagt, muss man w\u00e4hrend der Winterrunde mit niedrigeren Temperaturen rechnen. F\u00fcr den gemeinen Boulespieler sind Temperaturen um den Gefrierpunkt eher ein Hindernis. Der Pastis beginnt auszuflocken, [&hellip;]<\/p>\n","protected":false},"author":1,"featured_media":0,"parent":2388,"menu_order":0,"comment_status":"open","ping_status":"open","template":"","meta":{"footnotes":""},"_links":{"self":[{"href":"https:\/\/www.kdrei-2009.de\/WPKdrei\/wp-json\/wp\/v2\/pages\/2414"}],"collection":[{"href":"https:\/\/www.kdrei-2009.de\/WPKdrei\/wp-json\/wp\/v2\/pages"}],"about":[{"href":"https:\/\/www.kdrei-2009.de\/WPKdrei\/wp-json\/wp\/v2\/types\/page"}],"author":[{"embeddable":true,"href":"https:\/\/www.kdrei-2009.de\/WPKdrei\/wp-json\/wp\/v2\/users\/1"}],"replies":[{"embeddable":true,"href":"https:\/\/www.kdrei-2009.de\/WPKdrei\/wp-json\/wp\/v2\/comments?post=2414"}],"version-history":[{"count":4,"href":"https:\/\/www.kdrei-2009.de\/WPKdrei\/wp-json\/wp\/v2\/pages\/2414\/revisions"}],"predecessor-version":[{"id":2419,"href":"https:\/\/www.kdrei-2009.de\/WPKdrei\/wp-json\/wp\/v2\/pages\/2414\/revisions\/2419"}],"up":[{"embeddable":true,"href":"https:\/\/www.kdrei-2009.de\/WPKdrei\/wp-json\/wp\/v2\/pages\/2388"}],"wp:attachment":[{"href":"https:\/\/www.kdrei-2009.de\/WPKdrei\/wp-json\/wp\/v2\/media?parent=2414"}],"curies":[{"name":"wp","href":"https:\/\/api.w.org\/{rel}","templated":true}]}}