{"id":2429,"date":"2012-02-07T15:16:29","date_gmt":"2012-02-07T15:16:29","guid":{"rendered":"https:\/\/www.kdrei-2009.de\/WPKdrei\/?page_id=2429"},"modified":"2016-03-16T12:40:09","modified_gmt":"2016-03-16T12:40:09","slug":"ordentliche-mitgliederversammlung-2012","status":"publish","type":"page","link":"https:\/\/www.kdrei-2009.de\/WPKdrei\/plaisanterie\/plaisanterie-2012\/ordentliche-mitgliederversammlung-2012\/","title":{"rendered":"Ordentliche Mitgliederversammlung 2012"},"content":{"rendered":"<h4><span style=\"color: #808080;\">Ja, schon wieder. Nach unserer letzten unordentlichen MV ging es diesmal um Kasse, Neuwahlen und Neues. Wir haben Neuzug\u00e4nge, wir haben im wahrsten Sinne des Wortes einen neuen Altpr\u00e4sidenten und wir spielen in der kommenden Saison vermutlich in einer neuen Liga. Soviel Neues. Alles sehr erfreulich. Wie immer haben wir gut gegessen. Der gr\u00f6\u00dfere Teil von Kdrei war zum Mittagessen im Landgasthof Hirsch in G\u00e4chingen. Dort gibt es leckere, schw\u00e4bische Gerichte. Es ging von Maultaschensuppe, \u00fcber Albb\u00fcffelbraten im Heubett, Albb\u00fcffelzunge an Whiskycremesauce bis zu den gef\u00fcllten Pilzmaultaschen und anderen Leckereien. Jedem zu empfehlen. Anschliessend gab es dann Kaffee und Kuchen privat, weil wir ja Schwaben sind und nicht 2 mal am Tag ausw\u00e4rts Essen gehen. <\/span><\/h4>\n<div id=\"attachment_2422\" style=\"width: 310px\" class=\"wp-caption alignleft\"><a href=\"https:\/\/www.kdrei-2009.de\/WPKdrei\/wp-content\/uploads\/2012\/02\/05022012051.jpg\" rel=\"lightbox[2429]\"><img loading=\"lazy\" decoding=\"async\" aria-describedby=\"caption-attachment-2422\" class=\"size-medium wp-image-2422\" title=\"05022012051\" src=\"https:\/\/www.kdrei-2009.de\/WPKdrei\/wp-content\/uploads\/2012\/02\/05022012051-300x216.jpg\" alt=\"\" width=\"300\" height=\"216\" srcset=\"https:\/\/www.kdrei-2009.de\/WPKdrei\/wp-content\/uploads\/2012\/02\/05022012051-300x216.jpg 300w, https:\/\/www.kdrei-2009.de\/WPKdrei\/wp-content\/uploads\/2012\/02\/05022012051.jpg 709w\" sizes=\"(max-width: 300px) 100vw, 300px\" \/><\/a><p id=\"caption-attachment-2422\" class=\"wp-caption-text\">Echte Rinderkraftbr\u00fche, leckere Mault\u00e4schchen.<\/p><\/div>\n<div id=\"attachment_2423\" style=\"width: 310px\" class=\"wp-caption alignleft\"><a href=\"https:\/\/www.kdrei-2009.de\/WPKdrei\/wp-content\/uploads\/2012\/02\/05022012054.jpg\" rel=\"lightbox[2429]\"><img loading=\"lazy\" decoding=\"async\" aria-describedby=\"caption-attachment-2423\" class=\"size-medium wp-image-2423\" title=\"05022012054\" src=\"https:\/\/www.kdrei-2009.de\/WPKdrei\/wp-content\/uploads\/2012\/02\/05022012054-300x181.jpg\" alt=\"\" width=\"300\" height=\"181\" srcset=\"https:\/\/www.kdrei-2009.de\/WPKdrei\/wp-content\/uploads\/2012\/02\/05022012054-300x181.jpg 300w, https:\/\/www.kdrei-2009.de\/WPKdrei\/wp-content\/uploads\/2012\/02\/05022012054.jpg 709w\" sizes=\"(max-width: 300px) 100vw, 300px\" \/><\/a><p id=\"caption-attachment-2423\" class=\"wp-caption-text\">Albb\u00fcffelzunge schwimmt in Whiskysauce<\/p><\/div>\n<div id=\"attachment_2424\" style=\"width: 310px\" class=\"wp-caption alignleft\"><a href=\"https:\/\/www.kdrei-2009.de\/WPKdrei\/wp-content\/uploads\/2012\/02\/05022012055.jpg\" rel=\"lightbox[2429]\"><img loading=\"lazy\" decoding=\"async\" aria-describedby=\"caption-attachment-2424\" class=\"size-medium wp-image-2424\" title=\"05022012055\" src=\"https:\/\/www.kdrei-2009.de\/WPKdrei\/wp-content\/uploads\/2012\/02\/05022012055-300x156.jpg\" alt=\"\" width=\"300\" height=\"156\" srcset=\"https:\/\/www.kdrei-2009.de\/WPKdrei\/wp-content\/uploads\/2012\/02\/05022012055-300x156.jpg 300w, https:\/\/www.kdrei-2009.de\/WPKdrei\/wp-content\/uploads\/2012\/02\/05022012055.jpg 709w\" sizes=\"(max-width: 300px) 100vw, 300px\" \/><\/a><p id=\"caption-attachment-2424\" class=\"wp-caption-text\">Pilzmaultaschen...<\/p><\/div>\n<div id=\"attachment_2425\" style=\"width: 310px\" class=\"wp-caption alignleft\"><a href=\"https:\/\/www.kdrei-2009.de\/WPKdrei\/wp-content\/uploads\/2012\/02\/IMG_0997.jpg\" rel=\"lightbox[2429]\"><img loading=\"lazy\" decoding=\"async\" aria-describedby=\"caption-attachment-2425\" class=\"size-medium wp-image-2425\" title=\"IMG_0997\" src=\"https:\/\/www.kdrei-2009.de\/WPKdrei\/wp-content\/uploads\/2012\/02\/IMG_0997-300x294.jpg\" alt=\"\" width=\"300\" height=\"294\" srcset=\"https:\/\/www.kdrei-2009.de\/WPKdrei\/wp-content\/uploads\/2012\/02\/IMG_0997-300x294.jpg 300w, https:\/\/www.kdrei-2009.de\/WPKdrei\/wp-content\/uploads\/2012\/02\/IMG_0997.jpg 709w\" sizes=\"(max-width: 300px) 100vw, 300px\" \/><\/a><p id=\"caption-attachment-2425\" class=\"wp-caption-text\">Noch k\u00f6nnen wir uns privat treffen...<\/p><\/div>\n<div id=\"attachment_2426\" style=\"width: 310px\" class=\"wp-caption alignleft\"><a href=\"https:\/\/www.kdrei-2009.de\/WPKdrei\/wp-content\/uploads\/2012\/02\/IMG_0998.jpg\" rel=\"lightbox[2429]\"><img loading=\"lazy\" decoding=\"async\" aria-describedby=\"caption-attachment-2426\" class=\"size-medium wp-image-2426\" title=\"IMG_0998\" src=\"https:\/\/www.kdrei-2009.de\/WPKdrei\/wp-content\/uploads\/2012\/02\/IMG_0998-300x299.jpg\" alt=\"\" width=\"300\" height=\"299\" srcset=\"https:\/\/www.kdrei-2009.de\/WPKdrei\/wp-content\/uploads\/2012\/02\/IMG_0998-300x299.jpg 300w, https:\/\/www.kdrei-2009.de\/WPKdrei\/wp-content\/uploads\/2012\/02\/IMG_0998-150x150.jpg 150w, https:\/\/www.kdrei-2009.de\/WPKdrei\/wp-content\/uploads\/2012\/02\/IMG_0998.jpg 709w\" sizes=\"(max-width: 300px) 100vw, 300px\" \/><\/a><p id=\"caption-attachment-2426\" class=\"wp-caption-text\">Leckere Schwarzw\u00e4lder<\/p><\/div>\n<div id=\"attachment_2427\" style=\"width: 310px\" class=\"wp-caption alignleft\"><a href=\"https:\/\/www.kdrei-2009.de\/WPKdrei\/wp-content\/uploads\/2012\/02\/IMG_0999.jpg\" rel=\"lightbox[2429]\"><img loading=\"lazy\" decoding=\"async\" aria-describedby=\"caption-attachment-2427\" class=\"size-medium wp-image-2427\" title=\"IMG_0999\" src=\"https:\/\/www.kdrei-2009.de\/WPKdrei\/wp-content\/uploads\/2012\/02\/IMG_0999-300x170.jpg\" alt=\"\" width=\"300\" height=\"170\" srcset=\"https:\/\/www.kdrei-2009.de\/WPKdrei\/wp-content\/uploads\/2012\/02\/IMG_0999-300x170.jpg 300w, https:\/\/www.kdrei-2009.de\/WPKdrei\/wp-content\/uploads\/2012\/02\/IMG_0999.jpg 709w\" sizes=\"(max-width: 300px) 100vw, 300px\" \/><\/a><p id=\"caption-attachment-2427\" class=\"wp-caption-text\">Ich glaub das war der Bericht der Kassenpr\u00fcfer.<\/p><\/div>\n","protected":false},"excerpt":{"rendered":"<p>Ja, schon wieder. Nach unserer letzten unordentlichen MV ging es diesmal um Kasse, Neuwahlen und Neues. Wir haben Neuzug\u00e4nge, wir haben im wahrsten Sinne des Wortes einen neuen Altpr\u00e4sidenten und [&hellip;]<\/p>\n","protected":false},"author":1,"featured_media":0,"parent":5544,"menu_order":0,"comment_status":"open","ping_status":"open","template":"","meta":{"footnotes":""},"_links":{"self":[{"href":"https:\/\/www.kdrei-2009.de\/WPKdrei\/wp-json\/wp\/v2\/pages\/2429"}],"collection":[{"href":"https:\/\/www.kdrei-2009.de\/WPKdrei\/wp-json\/wp\/v2\/pages"}],"about":[{"href":"https:\/\/www.kdrei-2009.de\/WPKdrei\/wp-json\/wp\/v2\/types\/page"}],"author":[{"embeddable":true,"href":"https:\/\/www.kdrei-2009.de\/WPKdrei\/wp-json\/wp\/v2\/users\/1"}],"replies":[{"embeddable":true,"href":"https:\/\/www.kdrei-2009.de\/WPKdrei\/wp-json\/wp\/v2\/comments?post=2429"}],"version-history":[{"count":4,"href":"https:\/\/www.kdrei-2009.de\/WPKdrei\/wp-json\/wp\/v2\/pages\/2429\/revisions"}],"predecessor-version":[{"id":5561,"href":"https:\/\/www.kdrei-2009.de\/WPKdrei\/wp-json\/wp\/v2\/pages\/2429\/revisions\/5561"}],"up":[{"embeddable":true,"href":"https:\/\/www.kdrei-2009.de\/WPKdrei\/wp-json\/wp\/v2\/pages\/5544"}],"wp:attachment":[{"href":"https:\/\/www.kdrei-2009.de\/WPKdrei\/wp-json\/wp\/v2\/media?parent=2429"}],"curies":[{"name":"wp","href":"https:\/\/api.w.org\/{rel}","templated":true}]}}