{"id":2487,"date":"2012-03-19T07:53:02","date_gmt":"2012-03-19T07:53:02","guid":{"rendered":"https:\/\/www.kdrei-2009.de\/WPKdrei\/?page_id=2487"},"modified":"2016-03-15T10:53:06","modified_gmt":"2016-03-15T10:53:06","slug":"raum-urbanitat-landschaft","status":"publish","type":"page","link":"https:\/\/www.kdrei-2009.de\/WPKdrei\/kultur\/ultur-2012\/raum-urbanitat-landschaft\/","title":{"rendered":"Raum &#038; Urbanit\u00e4t &#038; Landschaft"},"content":{"rendered":"<p><strong>RAUM &amp; URBANIT\u00c4T &amp; LANDSCHAFT <\/strong>Walter De Maria \u2013 Ben Wilikens<\/p>\n<h4><span style=\"color: #808080;\">Kdrei<\/span><span style=\"color: #808080;\"> macht sich auf den Weg zur <\/span><span style=\"color: #808080;\">5 Kontinente Skulptur <\/span><span style=\"color: #808080;\">Walter De Marias am Standort Stuttgart-M\u00f6hringen.\u00a0Ann\u00e4hernd zweihundertf\u00fcnfzig Tonnen Marmor-, Quarz- und Magnesitbrocken* stammen von f\u00fcnf verschiedenen\u00a0Kontinenten (* grob gemahlen w\u00fcrden sie als Belag f\u00fcr gut f\u00fcnfhundert Boulepl\u00e4tze reichen).\u00a0Zu gleichen Teilen gemischt, repr\u00e4sentieren sie eine materielle wie ideelle Synthese des Gesamtglobus in einem\u00a0Kubus von 5 x 5 Metern.<\/span><\/h4>\n<h4><span style=\"color: #808080;\">Den werden wir uns anschauen \u2013 und die weitere Sammlung, bestehend aus rund f\u00fcnfzig Werken, die sich mit denMomenten von Raum, Urbanit\u00e4t und Landschaft besch\u00e4ftigen und sich im Grenzbereich von Reduktion und Abstraktion\u00a0bewegen.\u00a0Die R\u00e4ume des Museums sind gleichzeitig mit Arbeiten Ben Wilikens verbunden. In der Auseinandersetzung mit den\u00a0rationalen, lichten Raumkonzepten der Renaissance differenziert der K\u00fcnstler seine chromatische Palette der\u00a0Grauabstufungen aus zwischen den Polen Wei\u00df und Schwarz und summiert Raum und Dingwelt in einer virtuosen\u00a0Lichtregie.<\/span><\/h4>\n<p>Die Kosten der F\u00fchrung von 60,- \u20ac werden auf die Teilnehmer umgelegt. Wir sollten schon etwa 15 Personen finden,\u00a0die da mitgehen.<\/p>\n<p><strong>Termin: Freitag, 20. April 2012<\/strong><\/p>\n<p><strong>F\u00fchrung: 18:00 Uhr<\/strong><\/p>\n<p><strong>Meldeschluss: Dienstag, 17. April 2012<\/strong><\/p>\n<p>Anmeldungen bitte bei Werner Kley (07022 \u2013 62017).<\/p>\n<p>Wir werden dann Fahrgemeinschaften organisieren \u2013 oder uns vor den Geb\u00e4ude der Daimler AG in 70567 Stuttgart-M\u00f6hringen,Epplestra\u00dfe 225,\u00a0 eine Viertelstunde vor der F\u00fchrung treffen.<\/p>\n<p><a href=\"https:\/\/www.kdrei-2009.de\/WPKdrei\/wp-content\/uploads\/2012\/03\/daimlerkunst2012.jpg\" rel=\"lightbox[2487]\"><img loading=\"lazy\" decoding=\"async\" class=\"alignleft size-full wp-image-2486\" title=\"daimlerkunst2012\" src=\"https:\/\/www.kdrei-2009.de\/WPKdrei\/wp-content\/uploads\/2012\/03\/daimlerkunst2012.jpg\" alt=\"\" width=\"314\" height=\"390\" srcset=\"https:\/\/www.kdrei-2009.de\/WPKdrei\/wp-content\/uploads\/2012\/03\/daimlerkunst2012.jpg 314w, https:\/\/www.kdrei-2009.de\/WPKdrei\/wp-content\/uploads\/2012\/03\/daimlerkunst2012-241x300.jpg 241w\" sizes=\"(max-width: 314px) 100vw, 314px\" \/><\/a><\/p>\n","protected":false},"excerpt":{"rendered":"<p>RAUM &amp; URBANIT\u00c4T &amp; LANDSCHAFT Walter De Maria \u2013 Ben Wilikens Kdrei macht sich auf den Weg zur 5 Kontinente Skulptur Walter De Marias am Standort Stuttgart-M\u00f6hringen.\u00a0Ann\u00e4hernd zweihundertf\u00fcnfzig Tonnen Marmor-, [&hellip;]<\/p>\n","protected":false},"author":1,"featured_media":0,"parent":5285,"menu_order":0,"comment_status":"open","ping_status":"open","template":"","meta":{"footnotes":""},"_links":{"self":[{"href":"https:\/\/www.kdrei-2009.de\/WPKdrei\/wp-json\/wp\/v2\/pages\/2487"}],"collection":[{"href":"https:\/\/www.kdrei-2009.de\/WPKdrei\/wp-json\/wp\/v2\/pages"}],"about":[{"href":"https:\/\/www.kdrei-2009.de\/WPKdrei\/wp-json\/wp\/v2\/types\/page"}],"author":[{"embeddable":true,"href":"https:\/\/www.kdrei-2009.de\/WPKdrei\/wp-json\/wp\/v2\/users\/1"}],"replies":[{"embeddable":true,"href":"https:\/\/www.kdrei-2009.de\/WPKdrei\/wp-json\/wp\/v2\/comments?post=2487"}],"version-history":[{"count":5,"href":"https:\/\/www.kdrei-2009.de\/WPKdrei\/wp-json\/wp\/v2\/pages\/2487\/revisions"}],"predecessor-version":[{"id":2490,"href":"https:\/\/www.kdrei-2009.de\/WPKdrei\/wp-json\/wp\/v2\/pages\/2487\/revisions\/2490"}],"up":[{"embeddable":true,"href":"https:\/\/www.kdrei-2009.de\/WPKdrei\/wp-json\/wp\/v2\/pages\/5285"}],"wp:attachment":[{"href":"https:\/\/www.kdrei-2009.de\/WPKdrei\/wp-json\/wp\/v2\/media?parent=2487"}],"curies":[{"name":"wp","href":"https:\/\/api.w.org\/{rel}","templated":true}]}}