{"id":2571,"date":"2012-04-02T09:32:42","date_gmt":"2012-04-02T09:32:42","guid":{"rendered":"https:\/\/www.kdrei-2009.de\/WPKdrei\/?page_id=2571"},"modified":"2012-04-02T09:32:42","modified_gmt":"2012-04-02T09:32:42","slug":"erster-oberligaspieltag-fur-kdrei","status":"publish","type":"page","link":"https:\/\/www.kdrei-2009.de\/WPKdrei\/kugelsport-2\/kugelsport-2012-2\/liga-2012-2\/erster-oberligaspieltag-fur-kdrei\/","title":{"rendered":"Erster Oberligaspieltag f\u00fcr Kdrei"},"content":{"rendered":"<h4><span style=\"color: #808080;\">Nun ja, es wird auch nur mit Kugeln geboult. Die Luft ist nicht d\u00fcnner und der Spass nicht geringer. Wir haben leider alle Begegnungen verloren, sind auch nicht ganz zufrieden, \u00a0es w\u00e4ren durchaus auch ein oder zwei Siege m\u00f6glich gewesen. War es zu fr\u00fch, war die Luft in Horb doch etwas d\u00fcnner&#8230;viele Fragen, noch keine Antworten. Macht nichts. Das Leben geht weiter und am n\u00e4chsten Spieltag geht es wieder bis 13. Es war ein sch\u00f6ner Bouletag, herrliches Wetter, kalte Getr\u00e4nke, nette Leute. Wir k\u00f6nnten hier jetzt noch alle Spielz\u00fcge er\u00f6rtern, aber das Spiel ist vorbei, Ostern kommt. <\/span><\/h4>\n<p><a href=\"https:\/\/www.kdrei-2009.de\/WPKdrei\/wp-content\/uploads\/2012\/04\/K3-Liga-2012-1-02web.jpg\" rel=\"lightbox[2571]\"><img loading=\"lazy\" decoding=\"async\" class=\"alignleft size-full wp-image-2568\" title=\"K3-Liga 2012-1-02web\" src=\"https:\/\/www.kdrei-2009.de\/WPKdrei\/wp-content\/uploads\/2012\/04\/K3-Liga-2012-1-02web.jpg\" alt=\"\" width=\"680\" height=\"107\" srcset=\"https:\/\/www.kdrei-2009.de\/WPKdrei\/wp-content\/uploads\/2012\/04\/K3-Liga-2012-1-02web.jpg 680w, https:\/\/www.kdrei-2009.de\/WPKdrei\/wp-content\/uploads\/2012\/04\/K3-Liga-2012-1-02web-300x47.jpg 300w\" sizes=\"(max-width: 680px) 100vw, 680px\" \/><\/a><\/p>\n<p><a href=\"https:\/\/www.kdrei-2009.de\/WPKdrei\/wp-content\/uploads\/2012\/04\/K3-Liga-2012-1-01web.jpg\" rel=\"lightbox[2571]\"><img loading=\"lazy\" decoding=\"async\" class=\"alignleft size-full wp-image-2566\" title=\"K3-Liga 2012-1-01web\" src=\"https:\/\/www.kdrei-2009.de\/WPKdrei\/wp-content\/uploads\/2012\/04\/K3-Liga-2012-1-01web.jpg\" alt=\"\" width=\"680\" height=\"101\" srcset=\"https:\/\/www.kdrei-2009.de\/WPKdrei\/wp-content\/uploads\/2012\/04\/K3-Liga-2012-1-01web.jpg 680w, https:\/\/www.kdrei-2009.de\/WPKdrei\/wp-content\/uploads\/2012\/04\/K3-Liga-2012-1-01web-300x44.jpg 300w\" sizes=\"(max-width: 680px) 100vw, 680px\" \/><\/a><\/p>\n<div id=\"attachment_2569\" style=\"width: 690px\" class=\"wp-caption alignleft\"><a href=\"https:\/\/www.kdrei-2009.de\/WPKdrei\/wp-content\/uploads\/2012\/04\/K3-Liga-2012-1-03web.jpg\" rel=\"lightbox[2571]\"><img loading=\"lazy\" decoding=\"async\" aria-describedby=\"caption-attachment-2569\" class=\"size-full wp-image-2569\" title=\"K3-Liga 2012-1-03web\" src=\"https:\/\/www.kdrei-2009.de\/WPKdrei\/wp-content\/uploads\/2012\/04\/K3-Liga-2012-1-03web.jpg\" alt=\"\" width=\"680\" height=\"226\" srcset=\"https:\/\/www.kdrei-2009.de\/WPKdrei\/wp-content\/uploads\/2012\/04\/K3-Liga-2012-1-03web.jpg 680w, https:\/\/www.kdrei-2009.de\/WPKdrei\/wp-content\/uploads\/2012\/04\/K3-Liga-2012-1-03web-300x99.jpg 300w\" sizes=\"(max-width: 680px) 100vw, 680px\" \/><\/a><p id=\"caption-attachment-2569\" class=\"wp-caption-text\">Wo er sitzt, steht auch sein Stuhl.<\/p><\/div>\n<p><a href=\"https:\/\/www.kdrei-2009.de\/WPKdrei\/wp-content\/uploads\/2012\/04\/K3-Liga-2012-1-04web.jpg\" rel=\"lightbox[2571]\"><img loading=\"lazy\" decoding=\"async\" class=\"alignleft size-full wp-image-2570\" title=\"K3-Liga 2012-1-04web\" src=\"https:\/\/www.kdrei-2009.de\/WPKdrei\/wp-content\/uploads\/2012\/04\/K3-Liga-2012-1-04web.jpg\" alt=\"\" width=\"680\" height=\"388\" srcset=\"https:\/\/www.kdrei-2009.de\/WPKdrei\/wp-content\/uploads\/2012\/04\/K3-Liga-2012-1-04web.jpg 680w, https:\/\/www.kdrei-2009.de\/WPKdrei\/wp-content\/uploads\/2012\/04\/K3-Liga-2012-1-04web-300x171.jpg 300w\" sizes=\"(max-width: 680px) 100vw, 680px\" \/><\/a><\/p>\n","protected":false},"excerpt":{"rendered":"<p>Nun ja, es wird auch nur mit Kugeln geboult. Die Luft ist nicht d\u00fcnner und der Spass nicht geringer. Wir haben leider alle Begegnungen verloren, sind auch nicht ganz zufrieden, [&hellip;]<\/p>\n","protected":false},"author":1,"featured_media":0,"parent":2445,"menu_order":0,"comment_status":"open","ping_status":"open","template":"","meta":{"footnotes":""},"_links":{"self":[{"href":"https:\/\/www.kdrei-2009.de\/WPKdrei\/wp-json\/wp\/v2\/pages\/2571"}],"collection":[{"href":"https:\/\/www.kdrei-2009.de\/WPKdrei\/wp-json\/wp\/v2\/pages"}],"about":[{"href":"https:\/\/www.kdrei-2009.de\/WPKdrei\/wp-json\/wp\/v2\/types\/page"}],"author":[{"embeddable":true,"href":"https:\/\/www.kdrei-2009.de\/WPKdrei\/wp-json\/wp\/v2\/users\/1"}],"replies":[{"embeddable":true,"href":"https:\/\/www.kdrei-2009.de\/WPKdrei\/wp-json\/wp\/v2\/comments?post=2571"}],"version-history":[{"count":2,"href":"https:\/\/www.kdrei-2009.de\/WPKdrei\/wp-json\/wp\/v2\/pages\/2571\/revisions"}],"predecessor-version":[{"id":2573,"href":"https:\/\/www.kdrei-2009.de\/WPKdrei\/wp-json\/wp\/v2\/pages\/2571\/revisions\/2573"}],"up":[{"embeddable":true,"href":"https:\/\/www.kdrei-2009.de\/WPKdrei\/wp-json\/wp\/v2\/pages\/2445"}],"wp:attachment":[{"href":"https:\/\/www.kdrei-2009.de\/WPKdrei\/wp-json\/wp\/v2\/media?parent=2571"}],"curies":[{"name":"wp","href":"https:\/\/api.w.org\/{rel}","templated":true}]}}