{"id":2670,"date":"2012-04-27T09:36:08","date_gmt":"2012-04-27T09:36:08","guid":{"rendered":"https:\/\/www.kdrei-2009.de\/WPKdrei\/?page_id=2670"},"modified":"2012-04-27T09:36:08","modified_gmt":"2012-04-27T09:36:08","slug":"die-verhexte-erste-runde","status":"publish","type":"page","link":"https:\/\/www.kdrei-2009.de\/WPKdrei\/kugelsport-2\/kugelsport-2012-2\/liga-2012-2\/die-verhexte-erste-runde\/","title":{"rendered":"Die verhexte erste Runde."},"content":{"rendered":"<h3><span style=\"color: #808080;\">BBPV-Pokal die Dritte&#8230;<\/span><\/h3>\n<h3><span style=\"color: #808080;\">Tja, so ist das. In der liga gibt es 4 Spieltage, im Pokal nur einen, wenn man nicht gewinnt. Trotz allem ein sch\u00f6ner Abend bei unseren Boulefreunden in T\u00fcbingen. Sch\u00f6nes Wetter, spannende Spiele, knappe Ergebnisse&#8230;.leider vergessen, ein Gruppenbild zu machen. Schade. F\u00fcr Kdrei spielten: Gundi, Hanne, Max, Werner, Wolfgang, Andi, Walter. Den T\u00fcbingern weiterhin viel Erfolg und herzlichen Gl\u00fcckwunsch.<br \/>\n<\/span><\/h3>\n","protected":false},"excerpt":{"rendered":"<p>BBPV-Pokal die Dritte&#8230; Tja, so ist das. In der liga gibt es 4 Spieltage, im Pokal nur einen, wenn man nicht gewinnt. Trotz allem ein sch\u00f6ner Abend bei unseren Boulefreunden [&hellip;]<\/p>\n","protected":false},"author":1,"featured_media":0,"parent":2445,"menu_order":0,"comment_status":"open","ping_status":"open","template":"","meta":{"footnotes":""},"_links":{"self":[{"href":"https:\/\/www.kdrei-2009.de\/WPKdrei\/wp-json\/wp\/v2\/pages\/2670"}],"collection":[{"href":"https:\/\/www.kdrei-2009.de\/WPKdrei\/wp-json\/wp\/v2\/pages"}],"about":[{"href":"https:\/\/www.kdrei-2009.de\/WPKdrei\/wp-json\/wp\/v2\/types\/page"}],"author":[{"embeddable":true,"href":"https:\/\/www.kdrei-2009.de\/WPKdrei\/wp-json\/wp\/v2\/users\/1"}],"replies":[{"embeddable":true,"href":"https:\/\/www.kdrei-2009.de\/WPKdrei\/wp-json\/wp\/v2\/comments?post=2670"}],"version-history":[{"count":2,"href":"https:\/\/www.kdrei-2009.de\/WPKdrei\/wp-json\/wp\/v2\/pages\/2670\/revisions"}],"predecessor-version":[{"id":2673,"href":"https:\/\/www.kdrei-2009.de\/WPKdrei\/wp-json\/wp\/v2\/pages\/2670\/revisions\/2673"}],"up":[{"embeddable":true,"href":"https:\/\/www.kdrei-2009.de\/WPKdrei\/wp-json\/wp\/v2\/pages\/2445"}],"wp:attachment":[{"href":"https:\/\/www.kdrei-2009.de\/WPKdrei\/wp-json\/wp\/v2\/media?parent=2670"}],"curies":[{"name":"wp","href":"https:\/\/api.w.org\/{rel}","templated":true}]}}