{"id":2915,"date":"2012-09-04T12:37:49","date_gmt":"2012-09-04T12:37:49","guid":{"rendered":"https:\/\/www.kdrei-2009.de\/WPKdrei\/?page_id=2915"},"modified":"2016-03-15T11:40:07","modified_gmt":"2016-03-15T11:40:07","slug":"eroffnung-einladung-fest","status":"publish","type":"page","link":"https:\/\/www.kdrei-2009.de\/WPKdrei\/kultur\/ultur-2012\/eroffnung-einladung-fest\/","title":{"rendered":"Er\u00f6ffnung-Einladung-Fest"},"content":{"rendered":"<h4><span style=\"color: #808080;\">Wie schon angek\u00fcndigt. Wir machen das Fest. Unser Bouleplatz ist fertig. Unser Vereinswasserpumpenhaus ist fast fertig und wir wollen noch vor dem ersten Schneefall alles einweihen und unseren Boulefreunden und allen Interessenten zeigen. Es gibt leckere Sachen vom Grill, nicht zu aufw\u00e4ndig wie sonst, aber gut und gesund. Dazu erfrischende Getr\u00e4nke, einladende Bierb\u00e4nke und bei Bedarf auch ein sch\u00fctzendes Zelt.<\/span><\/h4>\n<h4><span style=\"color: #808080;\">Wer es gar nicht aush\u00e4lt, kann nat\u00fcrlich auch Boulespielen. Unser Terrain erkunden, den Split analysieren, am Teich entlangwandeln und \u00fcber Donn\u00e9es philosophieren. Wir veranstalten kein Turnier an diesem Tag. <\/span><\/h4>\n<h4><span style=\"color: #808080;\">Einfach mal zusammensitzen&#8230;..<\/span><\/h4>\n<p><a href=\"https:\/\/www.kdrei-2009.de\/WPKdrei\/wp-content\/uploads\/2012\/09\/K3-Einw-Plakat-web.jpg\" rel=\"lightbox[2915]\"><img loading=\"lazy\" decoding=\"async\" class=\"aligncenter size-full wp-image-2949\" title=\"K3-Einw-Plakat web\" src=\"https:\/\/www.kdrei-2009.de\/WPKdrei\/wp-content\/uploads\/2012\/09\/K3-Einw-Plakat-web.jpg\" alt=\"\" width=\"680\" height=\"961\" srcset=\"https:\/\/www.kdrei-2009.de\/WPKdrei\/wp-content\/uploads\/2012\/09\/K3-Einw-Plakat-web.jpg 680w, https:\/\/www.kdrei-2009.de\/WPKdrei\/wp-content\/uploads\/2012\/09\/K3-Einw-Plakat-web-212x300.jpg 212w\" sizes=\"(max-width: 680px) 100vw, 680px\" \/><\/a><\/p>\n","protected":false},"excerpt":{"rendered":"<p>Wie schon angek\u00fcndigt. Wir machen das Fest. Unser Bouleplatz ist fertig. Unser Vereinswasserpumpenhaus ist fast fertig und wir wollen noch vor dem ersten Schneefall alles einweihen und unseren Boulefreunden und [&hellip;]<\/p>\n","protected":false},"author":1,"featured_media":0,"parent":5285,"menu_order":0,"comment_status":"open","ping_status":"open","template":"","meta":{"footnotes":""},"_links":{"self":[{"href":"https:\/\/www.kdrei-2009.de\/WPKdrei\/wp-json\/wp\/v2\/pages\/2915"}],"collection":[{"href":"https:\/\/www.kdrei-2009.de\/WPKdrei\/wp-json\/wp\/v2\/pages"}],"about":[{"href":"https:\/\/www.kdrei-2009.de\/WPKdrei\/wp-json\/wp\/v2\/types\/page"}],"author":[{"embeddable":true,"href":"https:\/\/www.kdrei-2009.de\/WPKdrei\/wp-json\/wp\/v2\/users\/1"}],"replies":[{"embeddable":true,"href":"https:\/\/www.kdrei-2009.de\/WPKdrei\/wp-json\/wp\/v2\/comments?post=2915"}],"version-history":[{"count":4,"href":"https:\/\/www.kdrei-2009.de\/WPKdrei\/wp-json\/wp\/v2\/pages\/2915\/revisions"}],"predecessor-version":[{"id":5423,"href":"https:\/\/www.kdrei-2009.de\/WPKdrei\/wp-json\/wp\/v2\/pages\/2915\/revisions\/5423"}],"up":[{"embeddable":true,"href":"https:\/\/www.kdrei-2009.de\/WPKdrei\/wp-json\/wp\/v2\/pages\/5285"}],"wp:attachment":[{"href":"https:\/\/www.kdrei-2009.de\/WPKdrei\/wp-json\/wp\/v2\/media?parent=2915"}],"curies":[{"name":"wp","href":"https:\/\/api.w.org\/{rel}","templated":true}]}}