{"id":2959,"date":"2012-09-27T07:22:49","date_gmt":"2012-09-27T07:22:49","guid":{"rendered":"https:\/\/www.kdrei-2009.de\/WPKdrei\/?page_id=2959"},"modified":"2012-09-27T07:22:49","modified_gmt":"2012-09-27T07:22:49","slug":"coupe-doignon-2012","status":"publish","type":"page","link":"https:\/\/www.kdrei-2009.de\/WPKdrei\/kugelsport-2\/kugelsport-2012-2\/turniere-2012\/coupe-doignon-2012\/","title":{"rendered":"Coupe d&#8217;oignon 2012"},"content":{"rendered":"<h4><span style=\"color: #808080;\">Bilder und Text wurden uns freundlicherweise von der\u00a0 &#8222;Presseabteilung&#8220; des BC Esslingen zur Verf\u00fcgung gestellt.<br \/>\n<\/span><\/h4>\n<p><!-- @font-face {   font-family: \"Times New Roman\"; }@font-face {   font-family: \"Arial\"; }@font-face {   font-family: \"Calibri\"; }p.MsoNormal, li.MsoNormal, div.MsoNormal { margin: 0cm 0cm 10pt; line-height: 115%; font-size: 11pt; font-family: Calibri; }p { margin-right: 0cm; margin-left: 0cm; font-size: 12pt; font-family: \"Times New Roman\"; }div.Section1 { page: Section1; } --><\/p>\n<h4><span style=\"color: #808080;\">Das &#8222;Spanner&#8220;team stellte wohl mit unter 1 Stunde einen neuen Platzrekord auf (selbst Claude war \u00fcberrascht), Rudi fuhr p\u00fcnktlich mit den\u00a0Getr\u00e4nken\u00a0und Biergarnituren vor (Martins K\u00fchlschrank war auch schon ausgeladen), das Serviceteam mit Marc, Mary, Meisi, Elke konstituierte sich\u00a0&#8211; kurz: es konnte losgehen. Und wie. Der Ansturm konnte von Bert und R\u00fcdiger als Turnierleitung nur unter Schwei\u00dfausbr\u00fcchen bew\u00e4ltigt werden. Zuletzt hatten sich 61 Doubletten eingeschrieben, was die Turnierleitung veranla\u00dfte, die Poolrunde bis 11 Punke zu spielen (was aber letztlich kaum einen Zeitgewinn brachte). Erst am fr\u00fchen Nachmittag standen die Teilnehmer des A &#8211; und B-Turniers fest.\u00a0Weiter ging es im KO-System. Es folgten im A-Turnier einige fastdicke \u00dcberraschungen. So warfen Wolfgang Aust und Jochen Bauer im 1\/8-Finale die Br\u00fcder Mathias (ehem.deutscher Meister Lizenz in Rastatt) und Wolfgang Ungerer (M\u00fchlacker) aus dem Turnier, scheiterten anschlie\u00dfend im 1\/4-Finale an den sp\u00e4teren Finalisten Petra Fechner (Steinenbronn) und Bernd Fechner (T\u00fcbingen) &#8211; die durchaus zu packen waren. Petra und Bernd Fechner schalteten Ralf Zimmermann und Jochen Kaufmann (Denkendorf) im 1\/2-Finale aus. Unaufhaltsam k\u00e4mpften sich der mehrfache Turniersieger Cedric Schubert (Freiburg) mit Partner Didier Gingueanaud (Horb) durch das Turnier.<br \/>\nBeate und Armin Hogh (immerhin Nr. 10 der BBPV-Rangliste) aus Neuffen und Vorjahressieger Erwin Agler und Rajakumar Vallipuram (Steinenbronn)\u00a0fanden keine Gnade vor Cedric und Didier\u00a0im 1\/2 Finale. Im unter Flutlicht ausgespielten Finale wehrten sich Petra und Bernd tapfer gegen die Favoriten und brachten sie fast zu Fall. Zun\u00e4chst sah es nach einem schnellen Spiel f\u00fcr Cedric und Didier aus. Beim 5:0 f\u00fcr die beiden hatte Didier sogar einen Schu\u00df f\u00fcr 6 &#8211; und verzog (das 11:0 und damit die Vorentscheidung war vertan). Das war wohl der Startschu\u00df f\u00fcr Fechners: sie k\u00e4mpften sich hartn\u00e4ckig zur 11:9-F\u00fchrung voran. Jedoch waren die <a name=\"_GoBack\"><\/a>platzierten\u00a0Sch\u00fcsse Cedric&#8217;s\u00a0oft mit Carreauxes gew\u00fcrzt, so da\u00df auch die tolle Schie\u00dferei Petras nichts mehr n\u00fctzte. Erfahrung und Nervenst\u00e4rke setzten sich durch, soda\u00df der verdiente Sieg mit 13:11 an das Doublette Cedric\u00a0Schubert und Didier Ginguenaud ging. Cedric hat damit unser Turnier bereits zum 3.\u00a0Mal gewinnen k\u00f6nnen (2008\u00a0und 2010 mit Daniel Dalein).<\/span><\/h4>\n<h4><span style=\"color: #808080;\">Im B-Finale lie\u00dfen Max G. Bailly und Wolfgang Benrath (kdrei Frickenhausen) Bernd Pfeiffer und Peter Viehweg (Stuttgart) mit 13:3 keine Chance. Gutgelaut wurden Max und Wolfgang noch bei einem\u00a0Pernod an der Bar gesichtet &#8230;<\/span><\/h4>\n<h4><span style=\"color: #808080;\">Pr\u00e4si Rudi Meier und Turnierleiter Bert Gerull \u00fcberreichten den Finalisten die Preisgelder nebst 4 Flaschen eines guten Tropfens der Esslinger Weing\u00e4rtner.<\/span><\/h4>\n<h4><span style=\"color: #808080;\">Die vielen Ranglistenspieler garantierten in Esslingen den franz\u00f6sischen Nationalsport auf hohem Niveau, einem Ranglistenturnier ebenb\u00fcrtig. Zufriedene BoulerInnen sch\u00fctteten viel Lob \u00fcber die reibungslos organisierte Veranstatlung aus, das WOK-Essen von Polaw heimste\u00a0wieder die h\u00f6chste Punktzahl ein (wobei die selbstgemachten\u00a0Kuchen auch f\u00fcr das nachmitt\u00e4gliche Wohlergehen der Teilnehmer sorgten). Und unser Ambiente auf der Burg ist einfach un\u00fcbertroffen.<\/span><\/h4>\n<p><a href=\"https:\/\/www.kdrei-2009.de\/WPKdrei\/wp-content\/uploads\/2012\/09\/K3-ES-Zwiebel2012web.01.jpg\" rel=\"lightbox[2959]\"><img loading=\"lazy\" decoding=\"async\" class=\"aligncenter size-full wp-image-2956\" title=\"K3-ES Zwiebel2012web.01\" src=\"https:\/\/www.kdrei-2009.de\/WPKdrei\/wp-content\/uploads\/2012\/09\/K3-ES-Zwiebel2012web.01.jpg\" alt=\"\" width=\"680\" height=\"362\" srcset=\"https:\/\/www.kdrei-2009.de\/WPKdrei\/wp-content\/uploads\/2012\/09\/K3-ES-Zwiebel2012web.01.jpg 680w, https:\/\/www.kdrei-2009.de\/WPKdrei\/wp-content\/uploads\/2012\/09\/K3-ES-Zwiebel2012web.01-300x159.jpg 300w\" sizes=\"(max-width: 680px) 100vw, 680px\" \/><\/a><\/p>\n<p><a href=\"https:\/\/www.kdrei-2009.de\/WPKdrei\/wp-content\/uploads\/2012\/09\/K3-ES-Zwiebel2012web.02.jpg\" rel=\"lightbox[2959]\"><img loading=\"lazy\" decoding=\"async\" class=\"aligncenter size-full wp-image-2958\" title=\"K3-ES Zwiebel2012web.02\" src=\"https:\/\/www.kdrei-2009.de\/WPKdrei\/wp-content\/uploads\/2012\/09\/K3-ES-Zwiebel2012web.02.jpg\" alt=\"\" width=\"680\" height=\"391\" srcset=\"https:\/\/www.kdrei-2009.de\/WPKdrei\/wp-content\/uploads\/2012\/09\/K3-ES-Zwiebel2012web.02.jpg 680w, https:\/\/www.kdrei-2009.de\/WPKdrei\/wp-content\/uploads\/2012\/09\/K3-ES-Zwiebel2012web.02-300x172.jpg 300w\" sizes=\"(max-width: 680px) 100vw, 680px\" \/><\/a><\/p>\n","protected":false},"excerpt":{"rendered":"<p>Bilder und Text wurden uns freundlicherweise von der\u00a0 &#8222;Presseabteilung&#8220; des BC Esslingen zur Verf\u00fcgung gestellt. Das &#8222;Spanner&#8220;team stellte wohl mit unter 1 Stunde einen neuen Platzrekord auf (selbst Claude war [&hellip;]<\/p>\n","protected":false},"author":1,"featured_media":0,"parent":2388,"menu_order":0,"comment_status":"open","ping_status":"open","template":"","meta":{"footnotes":""},"_links":{"self":[{"href":"https:\/\/www.kdrei-2009.de\/WPKdrei\/wp-json\/wp\/v2\/pages\/2959"}],"collection":[{"href":"https:\/\/www.kdrei-2009.de\/WPKdrei\/wp-json\/wp\/v2\/pages"}],"about":[{"href":"https:\/\/www.kdrei-2009.de\/WPKdrei\/wp-json\/wp\/v2\/types\/page"}],"author":[{"embeddable":true,"href":"https:\/\/www.kdrei-2009.de\/WPKdrei\/wp-json\/wp\/v2\/users\/1"}],"replies":[{"embeddable":true,"href":"https:\/\/www.kdrei-2009.de\/WPKdrei\/wp-json\/wp\/v2\/comments?post=2959"}],"version-history":[{"count":1,"href":"https:\/\/www.kdrei-2009.de\/WPKdrei\/wp-json\/wp\/v2\/pages\/2959\/revisions"}],"predecessor-version":[{"id":2960,"href":"https:\/\/www.kdrei-2009.de\/WPKdrei\/wp-json\/wp\/v2\/pages\/2959\/revisions\/2960"}],"up":[{"embeddable":true,"href":"https:\/\/www.kdrei-2009.de\/WPKdrei\/wp-json\/wp\/v2\/pages\/2388"}],"wp:attachment":[{"href":"https:\/\/www.kdrei-2009.de\/WPKdrei\/wp-json\/wp\/v2\/media?parent=2959"}],"curies":[{"name":"wp","href":"https:\/\/api.w.org\/{rel}","templated":true}]}}