{"id":3043,"date":"2012-10-16T14:02:23","date_gmt":"2012-10-16T14:02:23","guid":{"rendered":"https:\/\/www.kdrei-2009.de\/WPKdrei\/?page_id=3043"},"modified":"2016-03-15T10:50:00","modified_gmt":"2016-03-15T10:50:00","slug":"streuobst-apfel-fasser-traktor-kernhaus-mus","status":"publish","type":"page","link":"https:\/\/www.kdrei-2009.de\/WPKdrei\/kultur\/ultur-2012\/streuobst-apfel-fasser-traktor-kernhaus-mus\/","title":{"rendered":"Streuobst-Apfel-F\u00e4sser-Traktor-Kernhaus-Mus"},"content":{"rendered":"<h4><span style=\"color: #808080;\">Unser 2. Versuch. Die <a href=\"https:\/\/www.kdrei-2009.de\/WPKdrei\/?page_id=2903\">Palmisch Birne<\/a> ist abgef\u00fcllt und wir sind vom Aroma voll \u00fcberzeugt. Unser neues Projekt ist ein Apfelbrand im Eichenfass ausgebaut. Wir hoffen, da\u00df unsere Maische genug Brand ergibt, um unser Holzf\u00e4sschen zu f\u00fcllen.<\/span><\/h4>\n<h4><span style=\"color: #808080;\">Hier einige Bilder von der Apfelernte. Aus Qualit\u00e4tsgr\u00fcnden verlangte Oberbrennmeister U.H. das entfernen der Stiele, Butzen und des Kernhauses. Da kam echte Freude auf&#8230;es gab verschiedene Techniken und verschiedene Verw\u00fcnschungen.<\/span><\/h4>\n<div id=\"attachment_3038\" style=\"width: 310px\" class=\"wp-caption alignleft\"><a href=\"https:\/\/www.kdrei-2009.de\/WPKdrei\/wp-content\/uploads\/2012\/10\/K3-Apfellese2012-03web.jpg\" rel=\"lightbox[3043]\"><img loading=\"lazy\" decoding=\"async\" aria-describedby=\"caption-attachment-3038\" class=\"size-medium wp-image-3038\" title=\"K3-Apfellese2012-03web\" src=\"https:\/\/www.kdrei-2009.de\/WPKdrei\/wp-content\/uploads\/2012\/10\/K3-Apfellese2012-03web-300x179.jpg\" alt=\"\" width=\"300\" height=\"179\" srcset=\"https:\/\/www.kdrei-2009.de\/WPKdrei\/wp-content\/uploads\/2012\/10\/K3-Apfellese2012-03web-300x179.jpg 300w, https:\/\/www.kdrei-2009.de\/WPKdrei\/wp-content\/uploads\/2012\/10\/K3-Apfellese2012-03web.jpg 567w\" sizes=\"(max-width: 300px) 100vw, 300px\" \/><\/a><p id=\"caption-attachment-3038\" class=\"wp-caption-text\">Morgens um 7.00Uhr bei der Apfellese. Da ist die Welt noch in Ordnung.<\/p><\/div>\n<div id=\"attachment_3039\" style=\"width: 310px\" class=\"wp-caption alignright\"><a href=\"https:\/\/www.kdrei-2009.de\/WPKdrei\/wp-content\/uploads\/2012\/10\/K3-Apfellese2012-06web.jpg\" rel=\"lightbox[3043]\"><img loading=\"lazy\" decoding=\"async\" aria-describedby=\"caption-attachment-3039\" class=\"size-medium wp-image-3039\" title=\"K3-Apfellese2012-06web\" src=\"https:\/\/www.kdrei-2009.de\/WPKdrei\/wp-content\/uploads\/2012\/10\/K3-Apfellese2012-06web-300x179.jpg\" alt=\"\" width=\"300\" height=\"179\" srcset=\"https:\/\/www.kdrei-2009.de\/WPKdrei\/wp-content\/uploads\/2012\/10\/K3-Apfellese2012-06web-300x179.jpg 300w, https:\/\/www.kdrei-2009.de\/WPKdrei\/wp-content\/uploads\/2012\/10\/K3-Apfellese2012-06web.jpg 567w\" sizes=\"(max-width: 300px) 100vw, 300px\" \/><\/a><p id=\"caption-attachment-3039\" class=\"wp-caption-text\">Unser Pr\u00e4sident. Immer gut getarnt. Ohne Eimer fast unsichtbar.<\/p><\/div>\n<div id=\"attachment_3040\" style=\"width: 310px\" class=\"wp-caption alignleft\"><a href=\"https:\/\/www.kdrei-2009.de\/WPKdrei\/wp-content\/uploads\/2012\/10\/K3-Apfellese2012-07web.jpg\" rel=\"lightbox[3043]\"><img loading=\"lazy\" decoding=\"async\" aria-describedby=\"caption-attachment-3040\" class=\"size-medium wp-image-3040\" title=\"K3-Apfellese2012-07web\" src=\"https:\/\/www.kdrei-2009.de\/WPKdrei\/wp-content\/uploads\/2012\/10\/K3-Apfellese2012-07web-300x179.jpg\" alt=\"\" width=\"300\" height=\"179\" srcset=\"https:\/\/www.kdrei-2009.de\/WPKdrei\/wp-content\/uploads\/2012\/10\/K3-Apfellese2012-07web-300x179.jpg 300w, https:\/\/www.kdrei-2009.de\/WPKdrei\/wp-content\/uploads\/2012\/10\/K3-Apfellese2012-07web.jpg 567w\" sizes=\"(max-width: 300px) 100vw, 300px\" \/><\/a><p id=\"caption-attachment-3040\" class=\"wp-caption-text\">Gew\u00fcrzluiken, Brettacher, Goldparm\u00e4ne....<\/p><\/div>\n<div id=\"attachment_3041\" style=\"width: 310px\" class=\"wp-caption alignright\"><a href=\"https:\/\/www.kdrei-2009.de\/WPKdrei\/wp-content\/uploads\/2012\/10\/K3-Apfellese2012-11web.jpg\" rel=\"lightbox[3043]\"><img loading=\"lazy\" decoding=\"async\" aria-describedby=\"caption-attachment-3041\" class=\"size-medium wp-image-3041\" title=\"K3-Apfellese2012-11web\" src=\"https:\/\/www.kdrei-2009.de\/WPKdrei\/wp-content\/uploads\/2012\/10\/K3-Apfellese2012-11web-300x179.jpg\" alt=\"\" width=\"300\" height=\"179\" srcset=\"https:\/\/www.kdrei-2009.de\/WPKdrei\/wp-content\/uploads\/2012\/10\/K3-Apfellese2012-11web-300x179.jpg 300w, https:\/\/www.kdrei-2009.de\/WPKdrei\/wp-content\/uploads\/2012\/10\/K3-Apfellese2012-11web.jpg 567w\" sizes=\"(max-width: 300px) 100vw, 300px\" \/><\/a><p id=\"caption-attachment-3041\" class=\"wp-caption-text\">Der Stoffbesitzer.<\/p><\/div>\n<div id=\"attachment_3042\" style=\"width: 310px\" class=\"wp-caption alignleft\"><a href=\"https:\/\/www.kdrei-2009.de\/WPKdrei\/wp-content\/uploads\/2012\/10\/K3-Apfellese2012-13web.jpg\" rel=\"lightbox[3043]\"><img loading=\"lazy\" decoding=\"async\" aria-describedby=\"caption-attachment-3042\" class=\"size-medium wp-image-3042\" title=\"K3-Apfellese2012-13web\" src=\"https:\/\/www.kdrei-2009.de\/WPKdrei\/wp-content\/uploads\/2012\/10\/K3-Apfellese2012-13web-300x179.jpg\" alt=\"\" width=\"300\" height=\"179\" srcset=\"https:\/\/www.kdrei-2009.de\/WPKdrei\/wp-content\/uploads\/2012\/10\/K3-Apfellese2012-13web-300x179.jpg 300w, https:\/\/www.kdrei-2009.de\/WPKdrei\/wp-content\/uploads\/2012\/10\/K3-Apfellese2012-13web.jpg 567w\" sizes=\"(max-width: 300px) 100vw, 300px\" \/><\/a><p id=\"caption-attachment-3042\" class=\"wp-caption-text\">Ohne Traktor geht nix. <\/p><\/div>\n<div id=\"attachment_3044\" style=\"width: 310px\" class=\"wp-caption alignright\"><a href=\"https:\/\/www.kdrei-2009.de\/WPKdrei\/wp-content\/uploads\/2012\/10\/K3-Apfellese2012-20web.jpg\" rel=\"lightbox[3043]\"><img loading=\"lazy\" decoding=\"async\" aria-describedby=\"caption-attachment-3044\" class=\"size-medium wp-image-3044\" title=\"K3-Apfellese2012-20web\" src=\"https:\/\/www.kdrei-2009.de\/WPKdrei\/wp-content\/uploads\/2012\/10\/K3-Apfellese2012-20web-300x179.jpg\" alt=\"\" width=\"300\" height=\"179\" srcset=\"https:\/\/www.kdrei-2009.de\/WPKdrei\/wp-content\/uploads\/2012\/10\/K3-Apfellese2012-20web-300x179.jpg 300w, https:\/\/www.kdrei-2009.de\/WPKdrei\/wp-content\/uploads\/2012\/10\/K3-Apfellese2012-20web.jpg 567w\" sizes=\"(max-width: 300px) 100vw, 300px\" \/><\/a><p id=\"caption-attachment-3044\" class=\"wp-caption-text\">Das kleine, gr\u00fcngelbrote Runde muss ins gro\u00dfe, blaue Runde.<\/p><\/div>\n<div id=\"attachment_3045\" style=\"width: 310px\" class=\"wp-caption alignleft\"><a href=\"https:\/\/www.kdrei-2009.de\/WPKdrei\/wp-content\/uploads\/2012\/10\/K3-Apfellese2012-27web.jpg\" rel=\"lightbox[3043]\"><img loading=\"lazy\" decoding=\"async\" aria-describedby=\"caption-attachment-3045\" class=\"size-medium wp-image-3045\" title=\"K3-Apfellese2012-27web\" src=\"https:\/\/www.kdrei-2009.de\/WPKdrei\/wp-content\/uploads\/2012\/10\/K3-Apfellese2012-27web-300x179.jpg\" alt=\"\" width=\"300\" height=\"179\" srcset=\"https:\/\/www.kdrei-2009.de\/WPKdrei\/wp-content\/uploads\/2012\/10\/K3-Apfellese2012-27web-300x179.jpg 300w, https:\/\/www.kdrei-2009.de\/WPKdrei\/wp-content\/uploads\/2012\/10\/K3-Apfellese2012-27web.jpg 567w\" sizes=\"(max-width: 300px) 100vw, 300px\" \/><\/a><p id=\"caption-attachment-3045\" class=\"wp-caption-text\">Ausschnitt Variante 1.<\/p><\/div>\n<div id=\"attachment_3046\" style=\"width: 310px\" class=\"wp-caption alignright\"><a href=\"https:\/\/www.kdrei-2009.de\/WPKdrei\/wp-content\/uploads\/2012\/10\/K3-Apfellese2012-28web.jpg\" rel=\"lightbox[3043]\"><img loading=\"lazy\" decoding=\"async\" aria-describedby=\"caption-attachment-3046\" class=\"size-medium wp-image-3046\" title=\"K3-Apfellese2012-28web\" src=\"https:\/\/www.kdrei-2009.de\/WPKdrei\/wp-content\/uploads\/2012\/10\/K3-Apfellese2012-28web-300x179.jpg\" alt=\"\" width=\"300\" height=\"179\" srcset=\"https:\/\/www.kdrei-2009.de\/WPKdrei\/wp-content\/uploads\/2012\/10\/K3-Apfellese2012-28web-300x179.jpg 300w, https:\/\/www.kdrei-2009.de\/WPKdrei\/wp-content\/uploads\/2012\/10\/K3-Apfellese2012-28web.jpg 567w\" sizes=\"(max-width: 300px) 100vw, 300px\" \/><\/a><p id=\"caption-attachment-3046\" class=\"wp-caption-text\">Ausschnitt Variante 2.<\/p><\/div>\n<div id=\"attachment_3047\" style=\"width: 310px\" class=\"wp-caption alignleft\"><a href=\"https:\/\/www.kdrei-2009.de\/WPKdrei\/wp-content\/uploads\/2012\/10\/K3-Apfellese2012-29web.jpg\" rel=\"lightbox[3043]\"><img loading=\"lazy\" decoding=\"async\" aria-describedby=\"caption-attachment-3047\" class=\"size-medium wp-image-3047\" title=\"K3-Apfellese2012-29web\" src=\"https:\/\/www.kdrei-2009.de\/WPKdrei\/wp-content\/uploads\/2012\/10\/K3-Apfellese2012-29web-300x179.jpg\" alt=\"\" width=\"300\" height=\"179\" srcset=\"https:\/\/www.kdrei-2009.de\/WPKdrei\/wp-content\/uploads\/2012\/10\/K3-Apfellese2012-29web-300x179.jpg 300w, https:\/\/www.kdrei-2009.de\/WPKdrei\/wp-content\/uploads\/2012\/10\/K3-Apfellese2012-29web.jpg 567w\" sizes=\"(max-width: 300px) 100vw, 300px\" \/><\/a><p id=\"caption-attachment-3047\" class=\"wp-caption-text\">Ausschnitt Variante 3.<\/p><\/div>\n<div id=\"attachment_3048\" style=\"width: 310px\" class=\"wp-caption alignright\"><a href=\"https:\/\/www.kdrei-2009.de\/WPKdrei\/wp-content\/uploads\/2012\/10\/K3-Apfellese2012-30web.jpg\" rel=\"lightbox[3043]\"><img loading=\"lazy\" decoding=\"async\" aria-describedby=\"caption-attachment-3048\" class=\"size-medium wp-image-3048\" title=\"K3-Apfellese2012-30web\" src=\"https:\/\/www.kdrei-2009.de\/WPKdrei\/wp-content\/uploads\/2012\/10\/K3-Apfellese2012-30web-300x179.jpg\" alt=\"\" width=\"300\" height=\"179\" srcset=\"https:\/\/www.kdrei-2009.de\/WPKdrei\/wp-content\/uploads\/2012\/10\/K3-Apfellese2012-30web-300x179.jpg 300w, https:\/\/www.kdrei-2009.de\/WPKdrei\/wp-content\/uploads\/2012\/10\/K3-Apfellese2012-30web.jpg 567w\" sizes=\"(max-width: 300px) 100vw, 300px\" \/><\/a><p id=\"caption-attachment-3048\" class=\"wp-caption-text\">Detail. Ausschnitt Variante 3.<\/p><\/div>\n<div id=\"attachment_3049\" style=\"width: 310px\" class=\"wp-caption alignleft\"><a href=\"https:\/\/www.kdrei-2009.de\/WPKdrei\/wp-content\/uploads\/2012\/10\/K3-Apfellese2012-36web.jpg\" rel=\"lightbox[3043]\"><img loading=\"lazy\" decoding=\"async\" aria-describedby=\"caption-attachment-3049\" class=\"size-medium wp-image-3049\" title=\"K3-Apfellese2012-36web\" src=\"https:\/\/www.kdrei-2009.de\/WPKdrei\/wp-content\/uploads\/2012\/10\/K3-Apfellese2012-36web-300x179.jpg\" alt=\"\" width=\"300\" height=\"179\" srcset=\"https:\/\/www.kdrei-2009.de\/WPKdrei\/wp-content\/uploads\/2012\/10\/K3-Apfellese2012-36web-300x179.jpg 300w, https:\/\/www.kdrei-2009.de\/WPKdrei\/wp-content\/uploads\/2012\/10\/K3-Apfellese2012-36web.jpg 567w\" sizes=\"(max-width: 300px) 100vw, 300px\" \/><\/a><p id=\"caption-attachment-3049\" class=\"wp-caption-text\">Das gro\u00dfe, grellgelbgr\u00fcne in der Mitte ist kein Apfel.<\/p><\/div>\n<div id=\"attachment_3050\" style=\"width: 310px\" class=\"wp-caption alignright\"><a href=\"https:\/\/www.kdrei-2009.de\/WPKdrei\/wp-content\/uploads\/2012\/10\/K3-Apfellese2012-41web.jpg\" rel=\"lightbox[3043]\"><img loading=\"lazy\" decoding=\"async\" aria-describedby=\"caption-attachment-3050\" class=\"size-medium wp-image-3050\" title=\"K3-Apfellese2012-41web\" src=\"https:\/\/www.kdrei-2009.de\/WPKdrei\/wp-content\/uploads\/2012\/10\/K3-Apfellese2012-41web-300x179.jpg\" alt=\"\" width=\"300\" height=\"179\" srcset=\"https:\/\/www.kdrei-2009.de\/WPKdrei\/wp-content\/uploads\/2012\/10\/K3-Apfellese2012-41web-300x179.jpg 300w, https:\/\/www.kdrei-2009.de\/WPKdrei\/wp-content\/uploads\/2012\/10\/K3-Apfellese2012-41web.jpg 567w\" sizes=\"(max-width: 300px) 100vw, 300px\" \/><\/a><p id=\"caption-attachment-3050\" class=\"wp-caption-text\">Gegen 15.00Uhr haben wir die letzte Fuhre verabschiedet.<\/p><\/div>\n<div id=\"attachment_3051\" style=\"width: 310px\" class=\"wp-caption alignleft\"><a href=\"https:\/\/www.kdrei-2009.de\/WPKdrei\/wp-content\/uploads\/2012\/10\/K3-Apfellese2012-43web.jpg\" rel=\"lightbox[3043]\"><img loading=\"lazy\" decoding=\"async\" aria-describedby=\"caption-attachment-3051\" class=\"size-medium wp-image-3051\" title=\"K3-Apfellese2012-43web\" src=\"https:\/\/www.kdrei-2009.de\/WPKdrei\/wp-content\/uploads\/2012\/10\/K3-Apfellese2012-43web-300x179.jpg\" alt=\"\" width=\"300\" height=\"179\" srcset=\"https:\/\/www.kdrei-2009.de\/WPKdrei\/wp-content\/uploads\/2012\/10\/K3-Apfellese2012-43web-300x179.jpg 300w, https:\/\/www.kdrei-2009.de\/WPKdrei\/wp-content\/uploads\/2012\/10\/K3-Apfellese2012-43web.jpg 567w\" sizes=\"(max-width: 300px) 100vw, 300px\" \/><\/a><p id=\"caption-attachment-3051\" class=\"wp-caption-text\">Das gr\u00fcne mit den roten R\u00e4dern ist auch kein Apfel.<\/p><\/div>\n<div id=\"attachment_3052\" style=\"width: 310px\" class=\"wp-caption alignright\"><a href=\"https:\/\/www.kdrei-2009.de\/WPKdrei\/wp-content\/uploads\/2012\/10\/K3-Apfellese2012-50web.jpg\" rel=\"lightbox[3043]\"><img loading=\"lazy\" decoding=\"async\" aria-describedby=\"caption-attachment-3052\" class=\"size-medium wp-image-3052\" title=\"K3-Apfellese2012-50web\" src=\"https:\/\/www.kdrei-2009.de\/WPKdrei\/wp-content\/uploads\/2012\/10\/K3-Apfellese2012-50web-300x179.jpg\" alt=\"\" width=\"300\" height=\"179\" srcset=\"https:\/\/www.kdrei-2009.de\/WPKdrei\/wp-content\/uploads\/2012\/10\/K3-Apfellese2012-50web-300x179.jpg 300w, https:\/\/www.kdrei-2009.de\/WPKdrei\/wp-content\/uploads\/2012\/10\/K3-Apfellese2012-50web.jpg 567w\" sizes=\"(max-width: 300px) 100vw, 300px\" \/><\/a><p id=\"caption-attachment-3052\" class=\"wp-caption-text\">Musa muscht.<\/p><\/div>\n<div id=\"attachment_3053\" style=\"width: 310px\" class=\"wp-caption alignleft\"><a href=\"https:\/\/www.kdrei-2009.de\/WPKdrei\/wp-content\/uploads\/2012\/10\/K3-Apfellese2012-51web.jpg\" rel=\"lightbox[3043]\"><img loading=\"lazy\" decoding=\"async\" aria-describedby=\"caption-attachment-3053\" class=\"size-medium wp-image-3053\" title=\"K3-Apfellese2012-51web\" src=\"https:\/\/www.kdrei-2009.de\/WPKdrei\/wp-content\/uploads\/2012\/10\/K3-Apfellese2012-51web-300x179.jpg\" alt=\"\" width=\"300\" height=\"179\" srcset=\"https:\/\/www.kdrei-2009.de\/WPKdrei\/wp-content\/uploads\/2012\/10\/K3-Apfellese2012-51web-300x179.jpg 300w, https:\/\/www.kdrei-2009.de\/WPKdrei\/wp-content\/uploads\/2012\/10\/K3-Apfellese2012-51web.jpg 567w\" sizes=\"(max-width: 300px) 100vw, 300px\" \/><\/a><p id=\"caption-attachment-3053\" class=\"wp-caption-text\">Fr\u00fcher haben wir zwischen den Handballen gemust. Inzwischen lassen wir das die Maschine machen.<\/p><\/div>\n<div id=\"attachment_3054\" style=\"width: 310px\" class=\"wp-caption alignright\"><a href=\"https:\/\/www.kdrei-2009.de\/WPKdrei\/wp-content\/uploads\/2012\/10\/K3-Apfellese2012-60web.jpg\" rel=\"lightbox[3043]\"><img loading=\"lazy\" decoding=\"async\" aria-describedby=\"caption-attachment-3054\" class=\"size-medium wp-image-3054\" title=\"K3-Apfellese2012-60web\" src=\"https:\/\/www.kdrei-2009.de\/WPKdrei\/wp-content\/uploads\/2012\/10\/K3-Apfellese2012-60web-300x179.jpg\" alt=\"\" width=\"300\" height=\"179\" srcset=\"https:\/\/www.kdrei-2009.de\/WPKdrei\/wp-content\/uploads\/2012\/10\/K3-Apfellese2012-60web-300x179.jpg 300w, https:\/\/www.kdrei-2009.de\/WPKdrei\/wp-content\/uploads\/2012\/10\/K3-Apfellese2012-60web.jpg 567w\" sizes=\"(max-width: 300px) 100vw, 300px\" \/><\/a><p id=\"caption-attachment-3054\" class=\"wp-caption-text\">Das muss Mus sein.<\/p><\/div>\n","protected":false},"excerpt":{"rendered":"<p>Unser 2. Versuch. Die Palmisch Birne ist abgef\u00fcllt und wir sind vom Aroma voll \u00fcberzeugt. Unser neues Projekt ist ein Apfelbrand im Eichenfass ausgebaut. Wir hoffen, da\u00df unsere Maische genug [&hellip;]<\/p>\n","protected":false},"author":1,"featured_media":0,"parent":5285,"menu_order":0,"comment_status":"open","ping_status":"open","template":"","meta":{"footnotes":""},"_links":{"self":[{"href":"https:\/\/www.kdrei-2009.de\/WPKdrei\/wp-json\/wp\/v2\/pages\/3043"}],"collection":[{"href":"https:\/\/www.kdrei-2009.de\/WPKdrei\/wp-json\/wp\/v2\/pages"}],"about":[{"href":"https:\/\/www.kdrei-2009.de\/WPKdrei\/wp-json\/wp\/v2\/types\/page"}],"author":[{"embeddable":true,"href":"https:\/\/www.kdrei-2009.de\/WPKdrei\/wp-json\/wp\/v2\/users\/1"}],"replies":[{"embeddable":true,"href":"https:\/\/www.kdrei-2009.de\/WPKdrei\/wp-json\/wp\/v2\/comments?post=3043"}],"version-history":[{"count":2,"href":"https:\/\/www.kdrei-2009.de\/WPKdrei\/wp-json\/wp\/v2\/pages\/3043\/revisions"}],"predecessor-version":[{"id":5311,"href":"https:\/\/www.kdrei-2009.de\/WPKdrei\/wp-json\/wp\/v2\/pages\/3043\/revisions\/5311"}],"up":[{"embeddable":true,"href":"https:\/\/www.kdrei-2009.de\/WPKdrei\/wp-json\/wp\/v2\/pages\/5285"}],"wp:attachment":[{"href":"https:\/\/www.kdrei-2009.de\/WPKdrei\/wp-json\/wp\/v2\/media?parent=3043"}],"curies":[{"name":"wp","href":"https:\/\/api.w.org\/{rel}","templated":true}]}}