{"id":3219,"date":"2012-11-20T12:56:27","date_gmt":"2012-11-20T12:56:27","guid":{"rendered":"https:\/\/www.kdrei-2009.de\/WPKdrei\/?page_id=3219"},"modified":"2016-03-16T12:25:14","modified_gmt":"2016-03-16T12:25:14","slug":"geisler-holzkamper-duo","status":"publish","type":"page","link":"https:\/\/www.kdrei-2009.de\/WPKdrei\/kunst\/akustisches\/akustisches-2012\/geisler-holzkamper-duo\/","title":{"rendered":"GEISLER &#8211; HOLZK\u00c4MPER DUO"},"content":{"rendered":"<h3><span style=\"color: #808080;\">Was gibt es noch zu schreiben? Man muss es h\u00f6ren.<\/span><\/h3>\n<p>24.11.2012 | 22:00 | <a href=\"http:\/\/www.igjazz.de\/spielorte.php\">Forum Theater<\/a><br \/>\n<strong>Geisler-Holzk\u00e4mper Duo<\/strong><br \/>\nKurt Holzk\u00e4mper bass<br \/>\nChris Geisler piano<br \/>\nForum 3 in der Gymnasiumstrasse 21, Stuttgart<br \/>\nEigenkompositionen, Jazzstandards, melodische Balladen und virtuose Uptimest\u00fccke.<\/p>\n<p><a href=\"https:\/\/www.kdrei-2009.de\/WPKdrei\/wp-content\/uploads\/2012\/11\/CGT_HG-beton_0308_21b-swweb.jpg\" rel=\"lightbox[3219]\"><img loading=\"lazy\" decoding=\"async\" class=\"aligncenter size-full wp-image-3217\" title=\"CGT_HG beton_0308_21b-swweb\" src=\"https:\/\/www.kdrei-2009.de\/WPKdrei\/wp-content\/uploads\/2012\/11\/CGT_HG-beton_0308_21b-swweb.jpg\" alt=\"\" width=\"567\" height=\"385\" srcset=\"https:\/\/www.kdrei-2009.de\/WPKdrei\/wp-content\/uploads\/2012\/11\/CGT_HG-beton_0308_21b-swweb.jpg 567w, https:\/\/www.kdrei-2009.de\/WPKdrei\/wp-content\/uploads\/2012\/11\/CGT_HG-beton_0308_21b-swweb-300x203.jpg 300w\" sizes=\"(max-width: 567px) 100vw, 567px\" \/><\/a><\/p>\n","protected":false},"excerpt":{"rendered":"<p>Was gibt es noch zu schreiben? Man muss es h\u00f6ren. 24.11.2012 | 22:00 | Forum Theater Geisler-Holzk\u00e4mper Duo Kurt Holzk\u00e4mper bass Chris Geisler piano Forum 3 in der Gymnasiumstrasse 21, [&hellip;]<\/p>\n","protected":false},"author":1,"featured_media":0,"parent":5476,"menu_order":0,"comment_status":"open","ping_status":"open","template":"","meta":{"footnotes":""},"_links":{"self":[{"href":"https:\/\/www.kdrei-2009.de\/WPKdrei\/wp-json\/wp\/v2\/pages\/3219"}],"collection":[{"href":"https:\/\/www.kdrei-2009.de\/WPKdrei\/wp-json\/wp\/v2\/pages"}],"about":[{"href":"https:\/\/www.kdrei-2009.de\/WPKdrei\/wp-json\/wp\/v2\/types\/page"}],"author":[{"embeddable":true,"href":"https:\/\/www.kdrei-2009.de\/WPKdrei\/wp-json\/wp\/v2\/users\/1"}],"replies":[{"embeddable":true,"href":"https:\/\/www.kdrei-2009.de\/WPKdrei\/wp-json\/wp\/v2\/comments?post=3219"}],"version-history":[{"count":2,"href":"https:\/\/www.kdrei-2009.de\/WPKdrei\/wp-json\/wp\/v2\/pages\/3219\/revisions"}],"predecessor-version":[{"id":5518,"href":"https:\/\/www.kdrei-2009.de\/WPKdrei\/wp-json\/wp\/v2\/pages\/3219\/revisions\/5518"}],"up":[{"embeddable":true,"href":"https:\/\/www.kdrei-2009.de\/WPKdrei\/wp-json\/wp\/v2\/pages\/5476"}],"wp:attachment":[{"href":"https:\/\/www.kdrei-2009.de\/WPKdrei\/wp-json\/wp\/v2\/media?parent=3219"}],"curies":[{"name":"wp","href":"https:\/\/api.w.org\/{rel}","templated":true}]}}