{"id":3502,"date":"2013-04-23T08:53:44","date_gmt":"2013-04-23T08:53:44","guid":{"rendered":"https:\/\/www.kdrei-2009.de\/WPKdrei\/?page_id=3502"},"modified":"2016-03-15T10:48:24","modified_gmt":"2016-03-15T10:48:24","slug":"boulewandern","status":"publish","type":"page","link":"https:\/\/www.kdrei-2009.de\/WPKdrei\/kultur\/kultur-2013\/boulewandern\/","title":{"rendered":"BOULEWANDERN"},"content":{"rendered":"<p><!-- P { margin-bottom: 0.21cm; } --><\/p>\n<h3><span style=\"color: #808080;\">Liebe Kdreiler und Freunde,<\/span><\/h3>\n<h3><span style=\"color: #808080;\"> <\/span><\/h3>\n<h3><span style=\"color: #808080;\"> <\/span><\/h3>\n<h3><span style=\"color: #808080;\">wir alle wissen dass Bewegung an der frischen Luft gut tut und dass man sich auch nicht zu einseitig sportlich bet\u00e4tigen sollte. Deshalb hier Alternativangebote:<\/span><\/h3>\n<h3><span style=\"color: #808080;\"> <\/span><\/h3>\n<h3><span style=\"color: #808080;\">Wir haben uns gedacht, dass ein sonnt\u00e4glicher Spaziergang oder eine kleine Wanderung durchaus auf Interesse sto\u00dfen k\u00f6nnte und wollen deshalb Vorschl\u00e4ge machen. Geplant ist <\/span><\/h3>\n<h3><span style=\"color: #808080;\"> <\/span><\/h3>\n<ul>\n<li>\n<h3><span style=\"color: #808080;\">a.) ein \tSpaziergang in Grafenberger Wald (Arboretum) und Wiesen, zusammen \tmit Erl\u00e4uterungen zur Flora, insbesondere zu Wildkr\u00e4utern, die uns \tTatjana kompetent nahe bringen wird.<\/span><\/h3>\n<p><!-- P { margin-bottom: 0.21cm; } --><\/p>\n<ul>\n<h2><span style=\"color: #666699;\"><strong>Termin: \tSonntag, 9. Juni 2013, 13.00 Uhr, Treffpunkt Waldspielplatz in \tGrafenberg (ganz in der N\u00e4he unseres ehemaligen Boulegel\u00e4ndes), \tDauer ca. 1 \u00bd Stunden.<\/strong><\/span><\/h2>\n<\/ul>\n<\/li>\n<li>\n<h3><span style=\"color: #808080;\">Spazierwege, \tnahezu steigungsfrei. Wir wollen rechtzeitig zu Kaffee und Kuchen \tund Boule in Frickenhausen wieder zur\u00fcck sein.<\/span><\/h3>\n<\/li>\n<li>\n<h3><span style=\"color: #808080;\">b.) Eine \tWanderung rund um die Ba\u00dfgeige ab Erkenbrechtsweiler bis zur\u00fcck \tnach Frickenhausen mit Einkehr und Erl\u00e4uterungen z.B. zum \tkeltischen \u201eOpossum\u201c, obwohl wir nach der Stuttgarter \tAusstellung eigentlich schon alle ziemlich viel dazu wissen. Dauer \tGehzeit ca. 3 Stunden, keine Steigung aber Abstieg von der Alb. \tSonntags im Juni\/Juli, ab ca. 10.00 Uhr.<\/span><\/h3>\n<\/li>\n<li>\n<h3><span style=\"color: #808080;\">c.) Eine \tWanderung zum Reu\u00dfenstein mit Einkehr. Aufstieg und Abstieg bis \tNeidlingen, dort eventuell Besuch der Kugelm\u00fchle. Dauert l\u00e4nger. \tSonntags im Fr\u00fchherbst, wenn nicht mehr so viele Bouletermine sind. <\/span><\/h3>\n<\/li>\n<li>\n<h3><span style=\"color: #808080;\">d.) Oder ganz \tspontan mal, wenn sich ein paar Bewegungsfreudige zusammenfinden&#8230;.<\/span><\/h3>\n<\/li>\n<\/ul>\n<h3><span style=\"color: #808080;\"> <\/span><\/h3>\n<h3><span style=\"color: #808080;\"> Wir hoffen auf ganz viele Mitspazierer und Wanderer, genaue Termine f\u00fcr die beiden Wanderungen kriegt ihr noch.<\/span><\/h3>\n<h3><span style=\"color: #808080;\"> <\/span><\/h3>\n<h2><span style=\"color: #666699;\">Wer Lust hat auf den Grafenberger Spaziergang soll sich doch schon  mal melden!<\/span><\/h2>\n<h2><span style=\"color: #666699;\"> <\/span><\/h2>\n<h2><span style=\"color: #666699;\"> <\/span><\/h2>\n<h2><span style=\"color: #666699;\"> <\/span><\/h2>\n<h2><span style=\"color: #666699;\">Viele Gr\u00fc\u00dfe von Hanne und Tatjana<\/span><\/h2>\n<h2><span style=\"color: #666699;\"> <\/span><\/h2>\n<h2><span style=\"color: #666699;\"> <\/span><\/h2>\n<h2><span style=\"color: #666699;\"> <\/span><\/h2>\n<h2><span style=\"color: #666699;\">HanneMoser(at)KABELBW.DE <\/span><\/h2>\n<h3><span style=\"color: #808080;\"><br \/>\n<\/span><\/h3>\n<h3><span style=\"color: #808080;\"> <\/span><\/h3>\n<h3><span style=\"color: #808080;\"> <\/span><\/h3>\n","protected":false},"excerpt":{"rendered":"<p>Liebe Kdreiler und Freunde, wir alle wissen dass Bewegung an der frischen Luft gut tut und dass man sich auch nicht zu einseitig sportlich bet\u00e4tigen sollte. Deshalb hier Alternativangebote: Wir [&hellip;]<\/p>\n","protected":false},"author":1,"featured_media":0,"parent":5288,"menu_order":0,"comment_status":"open","ping_status":"open","template":"","meta":{"footnotes":""},"_links":{"self":[{"href":"https:\/\/www.kdrei-2009.de\/WPKdrei\/wp-json\/wp\/v2\/pages\/3502"}],"collection":[{"href":"https:\/\/www.kdrei-2009.de\/WPKdrei\/wp-json\/wp\/v2\/pages"}],"about":[{"href":"https:\/\/www.kdrei-2009.de\/WPKdrei\/wp-json\/wp\/v2\/types\/page"}],"author":[{"embeddable":true,"href":"https:\/\/www.kdrei-2009.de\/WPKdrei\/wp-json\/wp\/v2\/users\/1"}],"replies":[{"embeddable":true,"href":"https:\/\/www.kdrei-2009.de\/WPKdrei\/wp-json\/wp\/v2\/comments?post=3502"}],"version-history":[{"count":10,"href":"https:\/\/www.kdrei-2009.de\/WPKdrei\/wp-json\/wp\/v2\/pages\/3502\/revisions"}],"predecessor-version":[{"id":5303,"href":"https:\/\/www.kdrei-2009.de\/WPKdrei\/wp-json\/wp\/v2\/pages\/3502\/revisions\/5303"}],"up":[{"embeddable":true,"href":"https:\/\/www.kdrei-2009.de\/WPKdrei\/wp-json\/wp\/v2\/pages\/5288"}],"wp:attachment":[{"href":"https:\/\/www.kdrei-2009.de\/WPKdrei\/wp-json\/wp\/v2\/media?parent=3502"}],"curies":[{"name":"wp","href":"https:\/\/api.w.org\/{rel}","templated":true}]}}