{"id":3519,"date":"2013-04-24T08:55:51","date_gmt":"2013-04-24T08:55:51","guid":{"rendered":"https:\/\/www.kdrei-2009.de\/WPKdrei\/?page_id=3519"},"modified":"2016-03-15T11:16:27","modified_gmt":"2016-03-15T11:16:27","slug":"cadrage-im-bbpv-pokal-2013","status":"publish","type":"page","link":"https:\/\/www.kdrei-2009.de\/WPKdrei\/kugelsport-2\/kugelsport-2013\/turniere-2013\/cadrage-im-bbpv-pokal-2013\/","title":{"rendered":"Cadrage im BBPV-Pokal 2013"},"content":{"rendered":"<h3><span style=\"color: #808080;\">So liebe Pokalfans. Wir haben mit unseren Boulefreunden aus Aichelberg den 12. Mai vereinbart. Wir sind die Gastgeber und spielen bei uns in den Krautg\u00e4rten.<br \/>\n<\/span><\/h3>\n<h3><span style=\"color: #808080;\">Wir beginnen gegen 11.00 Uhr und wenn wir dann noch Zeit und Lust haben, grillen wir zum gem\u00fctlichen Ausklang noch ne Wurst oder einen Hals, Bauch, Filet, Fisch, Lamm oder was ihr auf den Grill legen wollt und k\u00f6nnt.\u00a0 <span style=\"color: #3366ff;\">Grillgut und Brot (wenn ihr das braucht), bitte selbst mitbringen. <\/span><\/span><\/h3>\n<h3>Getr\u00e4nke haben wir da&#8230;wir w\u00fcnschen uns sch\u00f6nes Boulewetter, sch\u00f6ne Spiele und einen gem\u00fctlichen Bouletag.<\/h3>\n<p><span style=\"color: #808080;\"> <\/span><\/p>\n<div class=\"mceTemp\">\n<dl id=\"attachment_1173\" class=\"wp-caption alignleft\" style=\"width: 748px;\">\n<dt class=\"wp-caption-dt\"><a href=\"https:\/\/www.kdrei-2009.de\/WPKdrei\/wp-content\/uploads\/2010\/07\/Kdrei-100707_06web.jpg\" rel=\"lightbox[3519]\"><img loading=\"lazy\" decoding=\"async\" class=\"size-full wp-image-1173\" title=\"Kdrei-100707_06web\" src=\"https:\/\/www.kdrei-2009.de\/WPKdrei\/wp-content\/uploads\/2010\/07\/Kdrei-100707_06web.jpg\" alt=\"\" width=\"738\" height=\"375\" srcset=\"https:\/\/www.kdrei-2009.de\/WPKdrei\/wp-content\/uploads\/2010\/07\/Kdrei-100707_06web.jpg 738w, https:\/\/www.kdrei-2009.de\/WPKdrei\/wp-content\/uploads\/2010\/07\/Kdrei-100707_06web-300x152.jpg 300w\" sizes=\"(max-width: 738px) 100vw, 738px\" \/><\/a>So k\u00f6nnte es aussehen&#8230;&#8230; <\/dt>\n<\/dl>\n<\/div>\n","protected":false},"excerpt":{"rendered":"<p>So liebe Pokalfans. Wir haben mit unseren Boulefreunden aus Aichelberg den 12. Mai vereinbart. Wir sind die Gastgeber und spielen bei uns in den Krautg\u00e4rten. Wir beginnen gegen 11.00 Uhr [&hellip;]<\/p>\n","protected":false},"author":1,"featured_media":0,"parent":5218,"menu_order":0,"comment_status":"open","ping_status":"open","template":"","meta":{"footnotes":""},"_links":{"self":[{"href":"https:\/\/www.kdrei-2009.de\/WPKdrei\/wp-json\/wp\/v2\/pages\/3519"}],"collection":[{"href":"https:\/\/www.kdrei-2009.de\/WPKdrei\/wp-json\/wp\/v2\/pages"}],"about":[{"href":"https:\/\/www.kdrei-2009.de\/WPKdrei\/wp-json\/wp\/v2\/types\/page"}],"author":[{"embeddable":true,"href":"https:\/\/www.kdrei-2009.de\/WPKdrei\/wp-json\/wp\/v2\/users\/1"}],"replies":[{"embeddable":true,"href":"https:\/\/www.kdrei-2009.de\/WPKdrei\/wp-json\/wp\/v2\/comments?post=3519"}],"version-history":[{"count":5,"href":"https:\/\/www.kdrei-2009.de\/WPKdrei\/wp-json\/wp\/v2\/pages\/3519\/revisions"}],"predecessor-version":[{"id":5377,"href":"https:\/\/www.kdrei-2009.de\/WPKdrei\/wp-json\/wp\/v2\/pages\/3519\/revisions\/5377"}],"up":[{"embeddable":true,"href":"https:\/\/www.kdrei-2009.de\/WPKdrei\/wp-json\/wp\/v2\/pages\/5218"}],"wp:attachment":[{"href":"https:\/\/www.kdrei-2009.de\/WPKdrei\/wp-json\/wp\/v2\/media?parent=3519"}],"curies":[{"name":"wp","href":"https:\/\/api.w.org\/{rel}","templated":true}]}}