{"id":3568,"date":"2013-05-14T09:47:56","date_gmt":"2013-05-14T09:47:56","guid":{"rendered":"https:\/\/www.kdrei-2009.de\/WPKdrei\/?page_id=3568"},"modified":"2016-03-14T12:53:41","modified_gmt":"2016-03-14T12:53:41","slug":"liga-denkendorf","status":"publish","type":"page","link":"https:\/\/www.kdrei-2009.de\/WPKdrei\/kugelsport-2\/kugelsport-2013\/liga-2013\/liga-denkendorf\/","title":{"rendered":"Liga Denkendorf 2013"},"content":{"rendered":"<h3 id=\"SP\"><span style=\"color: #808080;\">So siehts aus. Hier die Tabelle. \u00dcber Wetter reden wir nicht mehr. Teile der Mannschaft fahren ins W\u00e4rmetraining nach Frankreich. Allen anderen sch\u00f6ne Pfingsten. Auf Regen folgt Sonnenschein.<br \/>\n<\/span><\/h3>\n<div id=\"SP\">\n<table border=\"0\" cellspacing=\"0\" cellpadding=\"3\" width=\"680px\" align=\"left\">\n<tbody>\n<tr>\n<td colspan=\"3\" width=\"50\" align=\"left\">Platz<\/td>\n<td width=\"50\" align=\"center\"><\/td>\n<td align=\"left\">Mannschaft<\/td>\n<td align=\"center\">Punkte<\/td>\n<td align=\"center\">G<\/td>\n<td align=\"center\">V<\/td>\n<td align=\"center\">Spiele<\/td>\n<td align=\"center\">S-Diff.<\/td>\n<td align=\"center\">Spielpunkte<\/td>\n<td align=\"center\">SP-Diff.<\/td>\n<\/tr>\n<tr>\n<td colspan=\"12\" align=\"right\" valign=\"top\"><\/td>\n<\/tr>\n<tr bgcolor=\"#BDD8BE\">\n<td align=\"right\" valign=\"top\">1<\/td>\n<td valign=\"top\"><\/td>\n<td align=\"right\" valign=\"top\"><\/td>\n<td align=\"center\" valign=\"top\"><img decoding=\"async\" src=\"http:\/\/vvm.me\/bbpv\/Image\/ligalogos\/klein\/placeholderSmall.gif\" alt=\"x\" width=\"15\" height=\"15&quot;\" \/><\/td>\n<td align=\"left\" valign=\"top\">PCB Horb 3<\/td>\n<td align=\"center\" valign=\"top\">7<\/td>\n<td align=\"center\" valign=\"top\">7<\/td>\n<td align=\"center\" valign=\"top\">2<\/td>\n<td align=\"center\" valign=\"top\">28 : 17<\/td>\n<td align=\"center\" valign=\"top\">11<\/td>\n<td align=\"center\" valign=\"top\">477 : 411<\/td>\n<td align=\"center\" valign=\"top\">66<\/td>\n<\/tr>\n<tr>\n<td align=\"right\" valign=\"top\">2<\/td>\n<td valign=\"top\"><\/td>\n<td align=\"right\" valign=\"top\"><\/td>\n<td align=\"center\" valign=\"top\"><img decoding=\"async\" src=\"http:\/\/vvm.me\/bbpv\/Image\/ligalogos\/klein\/placeholderSmall.gif\" alt=\"x\" width=\"15\" height=\"15&quot;\" \/><\/td>\n<td align=\"left\" valign=\"top\">BC Esslingen 1<\/td>\n<td align=\"center\" valign=\"top\">6<\/td>\n<td align=\"center\" valign=\"top\">6<\/td>\n<td align=\"center\" valign=\"top\">3<\/td>\n<td align=\"center\" valign=\"top\">28 : 17<\/td>\n<td align=\"center\" valign=\"top\">11<\/td>\n<td align=\"center\" valign=\"top\">507 : 417<\/td>\n<td align=\"center\" valign=\"top\">90<\/td>\n<\/tr>\n<tr>\n<td align=\"right\" valign=\"top\">3<\/td>\n<td valign=\"top\"><\/td>\n<td align=\"right\" valign=\"top\"><\/td>\n<td align=\"center\" valign=\"top\"><img decoding=\"async\" src=\"http:\/\/vvm.me\/bbpv\/Image\/ligalogos\/klein\/placeholderSmall.gif\" alt=\"x\" width=\"15\" height=\"15&quot;\" \/><\/td>\n<td align=\"left\" valign=\"top\">BC Plochingen 1<\/td>\n<td align=\"center\" valign=\"top\">6<\/td>\n<td align=\"center\" valign=\"top\">6<\/td>\n<td align=\"center\" valign=\"top\">3<\/td>\n<td align=\"center\" valign=\"top\">26 : 19<\/td>\n<td align=\"center\" valign=\"top\">7<\/td>\n<td align=\"center\" valign=\"top\">482 : 399<\/td>\n<td align=\"center\" valign=\"top\">83<\/td>\n<\/tr>\n<tr>\n<td align=\"right\" valign=\"top\">4<\/td>\n<td valign=\"top\"><\/td>\n<td align=\"right\" valign=\"top\"><\/td>\n<td align=\"center\" valign=\"top\"><img decoding=\"async\" src=\"http:\/\/vvm.me\/bbpv\/Image\/ligalogos\/klein\/placeholderSmall.gif\" alt=\"x\" width=\"15\" height=\"15&quot;\" \/><\/td>\n<td align=\"left\" valign=\"top\">SV Aichelberg 1<\/td>\n<td align=\"center\" valign=\"top\">6<\/td>\n<td align=\"center\" valign=\"top\">6<\/td>\n<td align=\"center\" valign=\"top\">3<\/td>\n<td align=\"center\" valign=\"top\">25 : 20<\/td>\n<td align=\"center\" valign=\"top\">5<\/td>\n<td align=\"center\" valign=\"top\">476 : 373<\/td>\n<td align=\"center\" valign=\"top\">103<\/td>\n<\/tr>\n<tr>\n<td align=\"right\" valign=\"top\">5<\/td>\n<td valign=\"top\"><\/td>\n<td align=\"right\" valign=\"top\"><\/td>\n<td align=\"center\" valign=\"top\"><img decoding=\"async\" src=\"http:\/\/vvm.me\/bbpv\/Image\/ligalogos\/klein\/placeholderSmall.gif\" alt=\"x\" width=\"15\" height=\"15&quot;\" \/><\/td>\n<td align=\"left\" valign=\"top\">BF Denkendorf 2<\/td>\n<td align=\"center\" valign=\"top\">5<\/td>\n<td align=\"center\" valign=\"top\">5<\/td>\n<td align=\"center\" valign=\"top\">4<\/td>\n<td align=\"center\" valign=\"top\">25 : 20<\/td>\n<td align=\"center\" valign=\"top\">5<\/td>\n<td align=\"center\" valign=\"top\">464 : 487<\/td>\n<td align=\"center\" valign=\"top\">-23<\/td>\n<\/tr>\n<tr>\n<td align=\"right\" valign=\"top\">6<\/td>\n<td valign=\"top\"><\/td>\n<td align=\"right\" valign=\"top\"><\/td>\n<td align=\"center\" valign=\"top\"><img decoding=\"async\" src=\"http:\/\/vvm.me\/bbpv\/Image\/ligalogos\/klein\/placeholderSmall.gif\" alt=\"x\" width=\"15\" height=\"15&quot;\" \/><\/td>\n<td align=\"left\" valign=\"top\">BC STEINENBRONN 2<\/td>\n<td align=\"center\" valign=\"top\">4<\/td>\n<td align=\"center\" valign=\"top\">4<\/td>\n<td align=\"center\" valign=\"top\">5<\/td>\n<td align=\"center\" valign=\"top\">22 : 23<\/td>\n<td align=\"center\" valign=\"top\">-1<\/td>\n<td align=\"center\" valign=\"top\">451 : 452<\/td>\n<td align=\"center\" valign=\"top\">-1<\/td>\n<\/tr>\n<tr>\n<td align=\"right\" valign=\"top\">7<\/td>\n<td valign=\"top\"><\/td>\n<td align=\"right\" valign=\"top\"><\/td>\n<td align=\"center\" valign=\"top\"><img decoding=\"async\" src=\"http:\/\/vvm.me\/bbpv\/Image\/ligalogos\/klein\/placeholderSmall.gif\" alt=\"x\" width=\"15\" height=\"15&quot;\" \/><\/td>\n<td align=\"left\" valign=\"top\">LFJ T\u00fcbingen 2<\/td>\n<td align=\"center\" valign=\"top\">4<\/td>\n<td align=\"center\" valign=\"top\">4<\/td>\n<td align=\"center\" valign=\"top\">5<\/td>\n<td align=\"center\" valign=\"top\">22 : 23<\/td>\n<td align=\"center\" valign=\"top\">-1<\/td>\n<td align=\"center\" valign=\"top\">417 : 475<\/td>\n<td align=\"center\" valign=\"top\">-58<\/td>\n<\/tr>\n<tr>\n<td align=\"right\" valign=\"top\">8<\/td>\n<td valign=\"top\"><\/td>\n<td align=\"right\" valign=\"top\"><\/td>\n<td align=\"center\" valign=\"top\"><img decoding=\"async\" src=\"http:\/\/vvm.me\/bbpv\/Image\/ligalogos\/klein\/placeholderSmall.gif\" alt=\"x\" width=\"15\" height=\"15&quot;\" \/><\/td>\n<td align=\"left\" valign=\"top\">VFB NEUFFEN 3<\/td>\n<td align=\"center\" valign=\"top\">4<\/td>\n<td align=\"center\" valign=\"top\">4<\/td>\n<td align=\"center\" valign=\"top\">5<\/td>\n<td align=\"center\" valign=\"top\">22 : 23<\/td>\n<td align=\"center\" valign=\"top\">-1<\/td>\n<td align=\"center\" valign=\"top\">419 : 494<\/td>\n<td align=\"center\" valign=\"top\">-75<\/td>\n<\/tr>\n<tr>\n<td align=\"right\" valign=\"top\">9<\/td>\n<td valign=\"top\"><\/td>\n<td align=\"right\" valign=\"top\"><\/td>\n<td align=\"center\" valign=\"top\"><img decoding=\"async\" src=\"http:\/\/vvm.me\/bbpv\/Image\/ligalogos\/klein\/placeholderSmall.gif\" alt=\"x\" width=\"15\" height=\"15&quot;\" \/><\/td>\n<td align=\"left\" valign=\"top\">LuSG Pfullingen 1<\/td>\n<td align=\"center\" valign=\"top\">4<\/td>\n<td align=\"center\" valign=\"top\">4<\/td>\n<td align=\"center\" valign=\"top\">5<\/td>\n<td align=\"center\" valign=\"top\">20 : 25<\/td>\n<td align=\"center\" valign=\"top\">-5<\/td>\n<td align=\"center\" valign=\"top\">400 : 446<\/td>\n<td align=\"center\" valign=\"top\">-46<\/td>\n<\/tr>\n<tr>\n<td align=\"right\" valign=\"top\">10<\/td>\n<td valign=\"top\"><\/td>\n<td align=\"right\" valign=\"top\"><\/td>\n<td align=\"center\" valign=\"top\"><img decoding=\"async\" src=\"http:\/\/vvm.me\/bbpv\/Image\/ligalogos\/klein\/placeholderSmall.gif\" alt=\"x\" width=\"15\" height=\"15&quot;\" \/><\/td>\n<td align=\"left\" valign=\"top\">Kdrei Frickenhausen 1<\/td>\n<td align=\"center\" valign=\"top\">3<\/td>\n<td align=\"center\" valign=\"top\">3<\/td>\n<td align=\"center\" valign=\"top\">6<\/td>\n<td align=\"center\" valign=\"top\">20 : 25<\/td>\n<td align=\"center\" valign=\"top\">-5<\/td>\n<td align=\"center\" valign=\"top\">436 : 446<\/td>\n<td align=\"center\" valign=\"top\">-10<\/td>\n<\/tr>\n<tr>\n<td align=\"right\" valign=\"top\">11<\/td>\n<td valign=\"top\"><\/td>\n<td align=\"right\" valign=\"top\"><\/td>\n<td align=\"center\" valign=\"top\"><img decoding=\"async\" src=\"http:\/\/vvm.me\/bbpv\/Image\/ligalogos\/klein\/placeholderSmall.gif\" alt=\"x\" width=\"15\" height=\"15&quot;\" \/><\/td>\n<td align=\"left\" valign=\"top\">PCB Horb 4<\/td>\n<td align=\"center\" valign=\"top\">3<\/td>\n<td align=\"center\" valign=\"top\">3<\/td>\n<td align=\"center\" valign=\"top\">6<\/td>\n<td align=\"center\" valign=\"top\">19 : 26<\/td>\n<td align=\"center\" valign=\"top\">-7<\/td>\n<td align=\"center\" valign=\"top\">415 : 434<\/td>\n<td align=\"center\" valign=\"top\">-19<\/td>\n<\/tr>\n<tr bgcolor=\"#F6DFDB\">\n<td align=\"right\" valign=\"top\">12<\/td>\n<td valign=\"top\"><\/td>\n<td align=\"right\" valign=\"top\"><\/td>\n<td align=\"center\" valign=\"top\"><img decoding=\"async\" src=\"http:\/\/vvm.me\/bbpv\/Image\/ligalogos\/klein\/placeholderSmall.gif\" alt=\"x\" width=\"15\" height=\"15&quot;\" \/><\/td>\n<td align=\"left\" valign=\"top\">NBF Ruit 1<\/td>\n<td align=\"center\" valign=\"top\">2<\/td>\n<td align=\"center\" valign=\"top\">2<\/td>\n<td align=\"center\" valign=\"top\">7<\/td>\n<td align=\"center\" valign=\"top\">13 : 32<\/td>\n<td align=\"center\" valign=\"top\">-19<\/td>\n<td align=\"center\" valign=\"top\">398 : 508<\/td>\n<td align=\"center\" valign=\"top\">-110<\/td>\n<\/tr>\n<tr>\n<td colspan=\"12\" align=\"right\" valign=\"top\"><\/td>\n<\/tr>\n<tr>\n<td colspan=\"7\" align=\"center\" valign=\"top\" bgcolor=\"#BDD8BE\"><strong>Meister Oberliga Neckar-Alb<\/strong><\/td>\n<td colspan=\"5\" align=\"center\" valign=\"top\" bgcolor=\"#F6DFDB\"><strong>Absteiger<\/strong><\/td>\n<\/tr>\n<\/tbody>\n<\/table>\n<div id=\"footer\"><\/div>\n<\/div>\n","protected":false},"excerpt":{"rendered":"<p>So siehts aus. Hier die Tabelle. \u00dcber Wetter reden wir nicht mehr. Teile der Mannschaft fahren ins W\u00e4rmetraining nach Frankreich. Allen anderen sch\u00f6ne Pfingsten. Auf Regen folgt Sonnenschein. Platz Mannschaft [&hellip;]<\/p>\n","protected":false},"author":1,"featured_media":0,"parent":5214,"menu_order":0,"comment_status":"open","ping_status":"open","template":"","meta":{"footnotes":""},"_links":{"self":[{"href":"https:\/\/www.kdrei-2009.de\/WPKdrei\/wp-json\/wp\/v2\/pages\/3568"}],"collection":[{"href":"https:\/\/www.kdrei-2009.de\/WPKdrei\/wp-json\/wp\/v2\/pages"}],"about":[{"href":"https:\/\/www.kdrei-2009.de\/WPKdrei\/wp-json\/wp\/v2\/types\/page"}],"author":[{"embeddable":true,"href":"https:\/\/www.kdrei-2009.de\/WPKdrei\/wp-json\/wp\/v2\/users\/1"}],"replies":[{"embeddable":true,"href":"https:\/\/www.kdrei-2009.de\/WPKdrei\/wp-json\/wp\/v2\/comments?post=3568"}],"version-history":[{"count":4,"href":"https:\/\/www.kdrei-2009.de\/WPKdrei\/wp-json\/wp\/v2\/pages\/3568\/revisions"}],"predecessor-version":[{"id":3571,"href":"https:\/\/www.kdrei-2009.de\/WPKdrei\/wp-json\/wp\/v2\/pages\/3568\/revisions\/3571"}],"up":[{"embeddable":true,"href":"https:\/\/www.kdrei-2009.de\/WPKdrei\/wp-json\/wp\/v2\/pages\/5214"}],"wp:attachment":[{"href":"https:\/\/www.kdrei-2009.de\/WPKdrei\/wp-json\/wp\/v2\/media?parent=3568"}],"curies":[{"name":"wp","href":"https:\/\/api.w.org\/{rel}","templated":true}]}}