{"id":3591,"date":"2013-06-10T12:27:26","date_gmt":"2013-06-10T12:27:26","guid":{"rendered":"https:\/\/www.kdrei-2009.de\/WPKdrei\/?page_id=3591"},"modified":"2016-03-15T10:48:24","modified_gmt":"2016-03-15T10:48:24","slug":"krauterwandern-am-florian","status":"publish","type":"page","link":"https:\/\/www.kdrei-2009.de\/WPKdrei\/kultur\/kultur-2013\/krauterwandern-am-florian\/","title":{"rendered":"Kr\u00e4uterwandern am Florian"},"content":{"rendered":"<h4><span style=\"color: #888888;\">Das war mal wieder eine sch\u00f6ne Unternehmung. Hier Bilder. Alles hier, echt. Keine Flugreise. Tatjana und Hanne f\u00fchren uns am Florian entlang. Da gibts Kr\u00e4ter zum Abwinken, wenn man sie kennt, k\u00f6nnte man Salate machen, Speisen veredeln oder heilende Substanzen zubereiten. Das ersetzt fast die Apotheke.<br \/>\n<\/span><\/h4>\n<p><a href=\"https:\/\/www.kdrei-2009.de\/WPKdrei\/wp-content\/uploads\/2013\/06\/K3-Kr\u00e4uter130609_01web.jpg\" rel=\"lightbox[3591]\"><img loading=\"lazy\" decoding=\"async\" class=\"alignleft size-medium wp-image-3582\" title=\"K3-Kr\u00e4uter130609_01web\" src=\"https:\/\/www.kdrei-2009.de\/WPKdrei\/wp-content\/uploads\/2013\/06\/K3-Kr\u00e4uter130609_01web-300x143.jpg\" alt=\"\" width=\"300\" height=\"143\" srcset=\"https:\/\/www.kdrei-2009.de\/WPKdrei\/wp-content\/uploads\/2013\/06\/K3-Kr\u00e4uter130609_01web-300x143.jpg 300w, https:\/\/www.kdrei-2009.de\/WPKdrei\/wp-content\/uploads\/2013\/06\/K3-Kr\u00e4uter130609_01web.jpg 680w\" sizes=\"(max-width: 300px) 100vw, 300px\" \/><\/a> <a href=\"https:\/\/www.kdrei-2009.de\/WPKdrei\/wp-content\/uploads\/2013\/06\/K3-Kr\u00e4uter130609_02web.jpg\" rel=\"lightbox[3591]\"><img loading=\"lazy\" decoding=\"async\" class=\"alignleft size-medium wp-image-3583\" title=\"K3-Kr\u00e4uter130609_02web\" src=\"https:\/\/www.kdrei-2009.de\/WPKdrei\/wp-content\/uploads\/2013\/06\/K3-Kr\u00e4uter130609_02web-300x213.jpg\" alt=\"\" width=\"300\" height=\"213\" srcset=\"https:\/\/www.kdrei-2009.de\/WPKdrei\/wp-content\/uploads\/2013\/06\/K3-Kr\u00e4uter130609_02web-300x213.jpg 300w, https:\/\/www.kdrei-2009.de\/WPKdrei\/wp-content\/uploads\/2013\/06\/K3-Kr\u00e4uter130609_02web.jpg 680w\" sizes=\"(max-width: 300px) 100vw, 300px\" \/><\/a><a href=\"https:\/\/www.kdrei-2009.de\/WPKdrei\/wp-content\/uploads\/2013\/06\/K3-Kr\u00e4uter130609_03web.jpg\" rel=\"lightbox[3591]\"><img loading=\"lazy\" decoding=\"async\" class=\"alignleft size-medium wp-image-3584\" title=\"K3-Kr\u00e4uter130609_03web\" src=\"https:\/\/www.kdrei-2009.de\/WPKdrei\/wp-content\/uploads\/2013\/06\/K3-Kr\u00e4uter130609_03web-300x201.jpg\" alt=\"\" width=\"300\" height=\"201\" srcset=\"https:\/\/www.kdrei-2009.de\/WPKdrei\/wp-content\/uploads\/2013\/06\/K3-Kr\u00e4uter130609_03web-300x201.jpg 300w, https:\/\/www.kdrei-2009.de\/WPKdrei\/wp-content\/uploads\/2013\/06\/K3-Kr\u00e4uter130609_03web.jpg 680w\" sizes=\"(max-width: 300px) 100vw, 300px\" \/><\/a><a href=\"https:\/\/www.kdrei-2009.de\/WPKdrei\/wp-content\/uploads\/2013\/06\/K3-Kr\u00e4uter130609_04web1.jpg\" rel=\"lightbox[3591]\"><img loading=\"lazy\" decoding=\"async\" class=\"alignleft size-medium wp-image-3585\" title=\"K3-Kr\u00e4uter130609_04web\" src=\"https:\/\/www.kdrei-2009.de\/WPKdrei\/wp-content\/uploads\/2013\/06\/K3-Kr\u00e4uter130609_04web1-300x213.jpg\" alt=\"\" width=\"300\" height=\"213\" srcset=\"https:\/\/www.kdrei-2009.de\/WPKdrei\/wp-content\/uploads\/2013\/06\/K3-Kr\u00e4uter130609_04web1-300x213.jpg 300w, https:\/\/www.kdrei-2009.de\/WPKdrei\/wp-content\/uploads\/2013\/06\/K3-Kr\u00e4uter130609_04web1.jpg 680w\" sizes=\"(max-width: 300px) 100vw, 300px\" \/><\/a><a href=\"https:\/\/www.kdrei-2009.de\/WPKdrei\/wp-content\/uploads\/2013\/06\/K3-Kr\u00e4uter130609_07web.jpg\" rel=\"lightbox[3591]\"><img loading=\"lazy\" decoding=\"async\" class=\"alignleft size-medium wp-image-3586\" title=\"K3-Kr\u00e4uter130609_07web\" src=\"https:\/\/www.kdrei-2009.de\/WPKdrei\/wp-content\/uploads\/2013\/06\/K3-Kr\u00e4uter130609_07web-300x225.jpg\" alt=\"\" width=\"300\" height=\"225\" srcset=\"https:\/\/www.kdrei-2009.de\/WPKdrei\/wp-content\/uploads\/2013\/06\/K3-Kr\u00e4uter130609_07web-300x225.jpg 300w, https:\/\/www.kdrei-2009.de\/WPKdrei\/wp-content\/uploads\/2013\/06\/K3-Kr\u00e4uter130609_07web.jpg 680w\" sizes=\"(max-width: 300px) 100vw, 300px\" \/><\/a><\/p>\n<p><a href=\"https:\/\/www.kdrei-2009.de\/WPKdrei\/wp-content\/uploads\/2013\/06\/K3-Kr\u00e4uter130609_10web.jpg\" rel=\"lightbox[3591]\"><img loading=\"lazy\" decoding=\"async\" class=\"alignleft size-medium wp-image-3587\" title=\"K3-Kr\u00e4uter130609_10web\" src=\"https:\/\/www.kdrei-2009.de\/WPKdrei\/wp-content\/uploads\/2013\/06\/K3-Kr\u00e4uter130609_10web-172x300.jpg\" alt=\"\" width=\"172\" height=\"300\" srcset=\"https:\/\/www.kdrei-2009.de\/WPKdrei\/wp-content\/uploads\/2013\/06\/K3-Kr\u00e4uter130609_10web-172x300.jpg 172w, https:\/\/www.kdrei-2009.de\/WPKdrei\/wp-content\/uploads\/2013\/06\/K3-Kr\u00e4uter130609_10web-589x1024.jpg 589w, https:\/\/www.kdrei-2009.de\/WPKdrei\/wp-content\/uploads\/2013\/06\/K3-Kr\u00e4uter130609_10web.jpg 680w\" sizes=\"(max-width: 172px) 100vw, 172px\" \/><\/a><a href=\"https:\/\/www.kdrei-2009.de\/WPKdrei\/wp-content\/uploads\/2013\/06\/K3-Kr\u00e4uter130609_27web.jpg\" rel=\"lightbox[3591]\"><img loading=\"lazy\" decoding=\"async\" class=\"alignleft size-medium wp-image-3588\" title=\"K3-Kr\u00e4uter130609_27web\" src=\"https:\/\/www.kdrei-2009.de\/WPKdrei\/wp-content\/uploads\/2013\/06\/K3-Kr\u00e4uter130609_27web-243x300.jpg\" alt=\"\" width=\"243\" height=\"300\" srcset=\"https:\/\/www.kdrei-2009.de\/WPKdrei\/wp-content\/uploads\/2013\/06\/K3-Kr\u00e4uter130609_27web-243x300.jpg 243w, https:\/\/www.kdrei-2009.de\/WPKdrei\/wp-content\/uploads\/2013\/06\/K3-Kr\u00e4uter130609_27web.jpg 680w\" sizes=\"(max-width: 243px) 100vw, 243px\" \/><\/a><a href=\"https:\/\/www.kdrei-2009.de\/WPKdrei\/wp-content\/uploads\/2013\/06\/K3-Kr\u00e4uter130609_28web.jpg\" rel=\"lightbox[3591]\"><img loading=\"lazy\" decoding=\"async\" class=\"alignleft size-medium wp-image-3590\" title=\"K3-Kr\u00e4uter130609_28web\" src=\"https:\/\/www.kdrei-2009.de\/WPKdrei\/wp-content\/uploads\/2013\/06\/K3-Kr\u00e4uter130609_28web-300x206.jpg\" alt=\"\" width=\"300\" height=\"206\" srcset=\"https:\/\/www.kdrei-2009.de\/WPKdrei\/wp-content\/uploads\/2013\/06\/K3-Kr\u00e4uter130609_28web-300x206.jpg 300w, https:\/\/www.kdrei-2009.de\/WPKdrei\/wp-content\/uploads\/2013\/06\/K3-Kr\u00e4uter130609_28web.jpg 680w\" sizes=\"(max-width: 300px) 100vw, 300px\" \/><\/a><\/p>\n<p><a href=\"https:\/\/www.kdrei-2009.de\/WPKdrei\/wp-content\/uploads\/2013\/06\/Florian2013-1web.jpg\" rel=\"lightbox[3591]\"><img loading=\"lazy\" decoding=\"async\" class=\"alignleft size-large wp-image-3581\" title=\"Florian2013-1web\" src=\"https:\/\/www.kdrei-2009.de\/WPKdrei\/wp-content\/uploads\/2013\/06\/Florian2013-1web-1024x174.jpg\" alt=\"\" width=\"1024\" height=\"174\" srcset=\"https:\/\/www.kdrei-2009.de\/WPKdrei\/wp-content\/uploads\/2013\/06\/Florian2013-1web-1024x174.jpg 1024w, https:\/\/www.kdrei-2009.de\/WPKdrei\/wp-content\/uploads\/2013\/06\/Florian2013-1web-300x51.jpg 300w, https:\/\/www.kdrei-2009.de\/WPKdrei\/wp-content\/uploads\/2013\/06\/Florian2013-1web.jpg 1247w\" sizes=\"(max-width: 1024px) 100vw, 1024px\" \/><\/a><\/p>\n","protected":false},"excerpt":{"rendered":"<p>Das war mal wieder eine sch\u00f6ne Unternehmung. Hier Bilder. Alles hier, echt. Keine Flugreise. Tatjana und Hanne f\u00fchren uns am Florian entlang. Da gibts Kr\u00e4ter zum Abwinken, wenn man sie [&hellip;]<\/p>\n","protected":false},"author":1,"featured_media":0,"parent":5288,"menu_order":0,"comment_status":"open","ping_status":"open","template":"","meta":{"footnotes":""},"_links":{"self":[{"href":"https:\/\/www.kdrei-2009.de\/WPKdrei\/wp-json\/wp\/v2\/pages\/3591"}],"collection":[{"href":"https:\/\/www.kdrei-2009.de\/WPKdrei\/wp-json\/wp\/v2\/pages"}],"about":[{"href":"https:\/\/www.kdrei-2009.de\/WPKdrei\/wp-json\/wp\/v2\/types\/page"}],"author":[{"embeddable":true,"href":"https:\/\/www.kdrei-2009.de\/WPKdrei\/wp-json\/wp\/v2\/users\/1"}],"replies":[{"embeddable":true,"href":"https:\/\/www.kdrei-2009.de\/WPKdrei\/wp-json\/wp\/v2\/comments?post=3591"}],"version-history":[{"count":2,"href":"https:\/\/www.kdrei-2009.de\/WPKdrei\/wp-json\/wp\/v2\/pages\/3591\/revisions"}],"predecessor-version":[{"id":5307,"href":"https:\/\/www.kdrei-2009.de\/WPKdrei\/wp-json\/wp\/v2\/pages\/3591\/revisions\/5307"}],"up":[{"embeddable":true,"href":"https:\/\/www.kdrei-2009.de\/WPKdrei\/wp-json\/wp\/v2\/pages\/5288"}],"wp:attachment":[{"href":"https:\/\/www.kdrei-2009.de\/WPKdrei\/wp-json\/wp\/v2\/media?parent=3591"}],"curies":[{"name":"wp","href":"https:\/\/api.w.org\/{rel}","templated":true}]}}