{"id":3603,"date":"2013-06-21T10:20:55","date_gmt":"2013-06-21T10:20:55","guid":{"rendered":"https:\/\/www.kdrei-2009.de\/WPKdrei\/?page_id=3603"},"modified":"2016-03-14T13:13:43","modified_gmt":"2016-03-14T13:13:43","slug":"4-galamenu-4-kochkurs","status":"publish","type":"page","link":"https:\/\/www.kdrei-2009.de\/WPKdrei\/kdrei-events\/events-2013\/4-galamenu-4-kochkurs\/","title":{"rendered":"4. Galamen\u00fc &#038; 4. Kochkurs"},"content":{"rendered":"<h4><span style=\"color: #808080;\">Ja, wir wissen, da\u00df es noch nicht ganz soweit ist, doch wir wollen den Termin dieses Jahr rechtzeitig bekannt geben. Wir freuen uns jedenfalls jetzt schon auf eure Teilnahme am Kochkurs und Galamen\u00fc. Oder doch nur Essen? Wir haben wie jedes Jahr 15 Kochkurspl\u00e4tze, die unter fachkundiger Anleitung ein f\u00fcnfg\u00e4ngiges Men\u00fc kochen werden. Das war bisher immer eine interessante, lehrreiche aber auch unterhaltsame und teilweise lustige Angelegenheit. Ausserdem bieten wir 50 Pl\u00e4tze f\u00fcr unser Galamen\u00fc (davon sind allerdings schon 15 f\u00fcr den Kochkurs reserviert). Das Men\u00fc wird von Winzer Bastian Walz aus Vaihingen\/Enz mit seinen Weinen begleitet. Wir bleiben also dieses Jahr in Baden-W\u00fcrttemberg, nachdem wir im letzten Jahr wunderbare K\u00f6stlichkeiten aus Frankreich\u00a0 von W. Guski (Le Rocher, Ruit) vorgestellt bekamen. Also, merkt euch den Termin vor, wartet nicht zu lange mit dem Buchen, oder bucht sofort. <\/span><\/h4>\n<h4>Wer noch in den vergangenen Kochkursen st\u00f6bern m\u00f6chte&#8230;.<a href=\"https:\/\/www.kdrei-2009.de\/WPKdrei\/?page_id=1597\">hier gehts in die K\u00fcche 2010<\/a>, <a href=\"https:\/\/www.kdrei-2009.de\/WPKdrei\/?page_id=2280\">hier zum Kochkurs 2011<\/a> und <span style=\"color: #800080;\"><a href=\"https:\/\/www.kdrei-2009.de\/WPKdrei\/?page_id=3152\">hier zum letzten Kurs in der Festhalle in Frickenhausen.<\/a><\/span><\/h4>\n<h4>Teilnehmen k\u00f6nnen nat\u00fcrlich alle Interessierten. Dies ist keine Mitgliederveranstaltung oder nur f\u00fcr Boulespieler. Wir freuen uns \u00fcber jedes neue Gesicht in der K\u00fcche oder beim Galamen\u00fc.<\/h4>\n<h4>Anmeldung:<span style=\"color: #808080;\"> <\/span><\/h4>\n<h3><span style=\"color: #808080;\">Wie immer k\u00f6nnt ihr per Email buchen:<br \/>\n<\/span><\/h3>\n<h3><span style=\"color: #808080;\"> <span style=\"color: #000000;\">info(at)kdrei-2009.de <\/span><\/span><\/h3>\n<h3><span style=\"color: #808080;\"><span style=\"color: #000000;\">oder telefonisch bei <\/span><\/span><\/h3>\n<h3><span style=\"color: #808080;\"><span style=\"color: #000000;\">Walter Schreiber 07022-67625 <\/span> <\/span><\/h3>\n<h3><span style=\"color: #808080;\">Ihr erhaltet eine schriftliche Best\u00e4tigung mit Kontodaten. Nach Eingang auf unserem Konto seid ihr bereits dabei.<\/span><\/h3>\n<p><a href=\"https:\/\/www.kdrei-2009.de\/WPKdrei\/wp-content\/uploads\/2013\/06\/K3-KK2013-web-01.jpg\" rel=\"lightbox[3603]\"><img loading=\"lazy\" decoding=\"async\" class=\"alignleft size-medium wp-image-3598\" title=\"K3-KK2013-web-01\" src=\"https:\/\/www.kdrei-2009.de\/WPKdrei\/wp-content\/uploads\/2013\/06\/K3-KK2013-web-01-300x260.jpg\" alt=\"\" width=\"300\" height=\"260\" srcset=\"https:\/\/www.kdrei-2009.de\/WPKdrei\/wp-content\/uploads\/2013\/06\/K3-KK2013-web-01-300x260.jpg 300w, https:\/\/www.kdrei-2009.de\/WPKdrei\/wp-content\/uploads\/2013\/06\/K3-KK2013-web-01.jpg 680w\" sizes=\"(max-width: 300px) 100vw, 300px\" \/><\/a><a href=\"https:\/\/www.kdrei-2009.de\/WPKdrei\/wp-content\/uploads\/2013\/06\/K3-KK2013-web-02.jpg\" rel=\"lightbox[3603]\"><img loading=\"lazy\" decoding=\"async\" class=\"alignleft size-medium wp-image-3602\" title=\"K3-KK2013-web-02\" src=\"https:\/\/www.kdrei-2009.de\/WPKdrei\/wp-content\/uploads\/2013\/06\/K3-KK2013-web-02-300x260.jpg\" alt=\"\" width=\"300\" height=\"260\" srcset=\"https:\/\/www.kdrei-2009.de\/WPKdrei\/wp-content\/uploads\/2013\/06\/K3-KK2013-web-02-300x260.jpg 300w, https:\/\/www.kdrei-2009.de\/WPKdrei\/wp-content\/uploads\/2013\/06\/K3-KK2013-web-02.jpg 680w\" sizes=\"(max-width: 300px) 100vw, 300px\" \/><\/a><\/p>\n<p><a href=\"https:\/\/www.kdrei-2009.de\/WPKdrei\/wp-content\/uploads\/2013\/06\/K3-KK2013-web-04.jpg\" rel=\"lightbox[3603]\"><img loading=\"lazy\" decoding=\"async\" class=\"alignleft size-medium wp-image-3600\" title=\"K3-KK2013-web-04\" src=\"https:\/\/www.kdrei-2009.de\/WPKdrei\/wp-content\/uploads\/2013\/06\/K3-KK2013-web-04-300x260.jpg\" alt=\"\" width=\"300\" height=\"260\" srcset=\"https:\/\/www.kdrei-2009.de\/WPKdrei\/wp-content\/uploads\/2013\/06\/K3-KK2013-web-04-300x260.jpg 300w, https:\/\/www.kdrei-2009.de\/WPKdrei\/wp-content\/uploads\/2013\/06\/K3-KK2013-web-04.jpg 680w\" sizes=\"(max-width: 300px) 100vw, 300px\" \/><\/a><a href=\"https:\/\/www.kdrei-2009.de\/WPKdrei\/wp-content\/uploads\/2013\/06\/K3-KK2013-web-03c.jpg\" rel=\"lightbox[3603]\"><img loading=\"lazy\" decoding=\"async\" class=\"alignleft size-medium wp-image-3599\" title=\"K3-KK2013-web-03c\" src=\"https:\/\/www.kdrei-2009.de\/WPKdrei\/wp-content\/uploads\/2013\/06\/K3-KK2013-web-03c-300x260.jpg\" alt=\"\" width=\"300\" height=\"260\" srcset=\"https:\/\/www.kdrei-2009.de\/WPKdrei\/wp-content\/uploads\/2013\/06\/K3-KK2013-web-03c-300x260.jpg 300w, https:\/\/www.kdrei-2009.de\/WPKdrei\/wp-content\/uploads\/2013\/06\/K3-KK2013-web-03c.jpg 680w\" sizes=\"(max-width: 300px) 100vw, 300px\" \/><\/a><\/p>\n","protected":false},"excerpt":{"rendered":"<p>Ja, wir wissen, da\u00df es noch nicht ganz soweit ist, doch wir wollen den Termin dieses Jahr rechtzeitig bekannt geben. Wir freuen uns jedenfalls jetzt schon auf eure Teilnahme am [&hellip;]<\/p>\n","protected":false},"author":1,"featured_media":0,"parent":5249,"menu_order":0,"comment_status":"open","ping_status":"open","template":"","meta":{"footnotes":""},"_links":{"self":[{"href":"https:\/\/www.kdrei-2009.de\/WPKdrei\/wp-json\/wp\/v2\/pages\/3603"}],"collection":[{"href":"https:\/\/www.kdrei-2009.de\/WPKdrei\/wp-json\/wp\/v2\/pages"}],"about":[{"href":"https:\/\/www.kdrei-2009.de\/WPKdrei\/wp-json\/wp\/v2\/types\/page"}],"author":[{"embeddable":true,"href":"https:\/\/www.kdrei-2009.de\/WPKdrei\/wp-json\/wp\/v2\/users\/1"}],"replies":[{"embeddable":true,"href":"https:\/\/www.kdrei-2009.de\/WPKdrei\/wp-json\/wp\/v2\/comments?post=3603"}],"version-history":[{"count":5,"href":"https:\/\/www.kdrei-2009.de\/WPKdrei\/wp-json\/wp\/v2\/pages\/3603\/revisions"}],"predecessor-version":[{"id":3605,"href":"https:\/\/www.kdrei-2009.de\/WPKdrei\/wp-json\/wp\/v2\/pages\/3603\/revisions\/3605"}],"up":[{"embeddable":true,"href":"https:\/\/www.kdrei-2009.de\/WPKdrei\/wp-json\/wp\/v2\/pages\/5249"}],"wp:attachment":[{"href":"https:\/\/www.kdrei-2009.de\/WPKdrei\/wp-json\/wp\/v2\/media?parent=3603"}],"curies":[{"name":"wp","href":"https:\/\/api.w.org\/{rel}","templated":true}]}}