{"id":3611,"date":"2013-07-02T05:31:35","date_gmt":"2013-07-02T05:31:35","guid":{"rendered":"https:\/\/www.kdrei-2009.de\/WPKdrei\/?page_id=3611"},"modified":"2016-03-14T12:53:41","modified_gmt":"2016-03-14T12:53:41","slug":"ligaabschluss-2013-in-neuffen","status":"publish","type":"page","link":"https:\/\/www.kdrei-2009.de\/WPKdrei\/kugelsport-2\/kugelsport-2013\/liga-2013\/ligaabschluss-2013-in-neuffen\/","title":{"rendered":"Ligaabschluss 2013 in Neuffen"},"content":{"rendered":"<p><!-- H2 { margin-top: 0cm; margin-bottom: 0cm; text-decoration: underline; }H2.western { font-family: \"Times New Roman\",serif; font-size: 12pt; }H2.cjk { font-family: \"Arial Unicode MS\"; font-size: 12pt; }H2.ctl { font-family: \"Tahoma\"; font-size: 12pt; font-weight: normal; }P { margin-bottom: 0.21cm; } --><span style=\"color: #000000;\"><span style=\"font-family: Times New Roman,serif;\"><span style=\"font-size: small;\"><span style=\"font-family: Arial,sans-serif;\">Am vergangenen Samstag endete die Ligasaison 2013 mit dem Abschlussspieltag<\/span><\/span><\/span><\/span><\/p>\n<p><span style=\"color: #000000;\"><span style=\"font-family: Times New Roman,serif;\"><span style=\"font-size: small;\"><span style=\"font-family: Arial,sans-serif;\">der Bezirks-, Landes- und Oberliga der Region Neckar-Alb in Neuffen. F\u00fcr Kdrei ging es dieses Jahr um den Klassenerhalt. Nach gutem Saisonstart in Horb konnten wir die ganze Ligasaison nicht mehr an unsere Leistung von Horb ankn\u00fcpfen und belegten bis zum Spieltag in Neuffen lediglich Rang 10 der Tabelle. Ein Sieg war also zwingend notwendig, 2 Siege h\u00e4tten den sicheren Klassenerhalt bedeutet. Unser erster Gegner waren unsere Boulefreunde aus Pfullingen mit Tabellenplatz 9 direkter Konkurrent um den Klassenerhalt. Nach den beiden Triplettespielen stand es ausgeglichen 1:1. Doublette 1 mit Bernd Grote und Walter Schreiber erwischten einen ganz schlechten Start und lagen nach 4 Aufnahmen bereits 1:11 zur\u00fcck. Durch auswechseln von Pointeur (Leger) Grote gegen Werner Kley, konnte das Spiel allerdings nach konzentriertem Spiel Punkt um Punkt gewendet werden. Werner Kley bestach durch eine starke Legerleistung und Walter Schreiber leistete sich nur wenige Fehlsch\u00fcsse. Am Ende stand es nach einem packenden Spiel 13:11 f\u00fcr Kdrei. Doublette 2 mit A. Alt \/ Hanne Moser sowie Doublette 3 mit W. Bessenroth \/ Max Bailly vervollst\u00e4ndigten die Serie mit 13:9 und 13:6 Punkten. Nach einer sehr guten Mannschaftsleistung mit 4:1 Spielen konnten wir unseren ersten Tagessieg verbuchen. In der 2. Begegnung kamen es dann zum \u201eLokalderby\u201c gegen unsere Boulefreunde aus Neuffen. Auch hier starteten wir mit 1.1 Punkten nach den Triplettespielen in die Doubletterunde konnten allerdings nicht mehr an die vorhergegangene Leistung ankn\u00fcpfen und verloren alle Doublettespiele. Mit 1:1 Siegen belegen wir nun Platz 9 und hoffen, da\u00df dies f\u00fcr den Klassenerhalt ausreicht.<\/span><\/span><\/span><\/span><\/p>\n<p><span style=\"color: #000000;\"><span style=\"font-family: Times New Roman,serif;\"><span style=\"font-size: small;\"><span style=\"font-family: Arial,sans-serif;\">Wir gratulieren Esslingen 1 zum Aufstieg in die Regionalliga. Ruit 1 steigt in die Landesliga ab. F\u00fcr Kdrei spielten in dieser Ligasaison: Gundi Kley, Hanne Moser, Max Bailly, Wolfgang Bessenroth, Werner Kley, Uli Haussmann, Walter Hirche, Bernd Grote, Chris Geisler, Andi Alt und Walter Schreiber.<\/span><\/span><\/span><\/span><\/p>\n<p><span style=\"color: #000000;\"><span style=\"font-family: Times New Roman,serif;\"><span style=\"font-size: small;\"><span style=\"font-family: Arial,sans-serif;\"><a href=\"https:\/\/www.kdrei-2009.de\/WPKdrei\/wp-content\/uploads\/2013\/07\/Ligatabell-2013-1.jpg\" rel=\"lightbox[3611]\"><img loading=\"lazy\" decoding=\"async\" class=\"alignleft size-full wp-image-3614\" title=\"Kdrei  und die Kelten\" src=\"https:\/\/www.kdrei-2009.de\/WPKdrei\/wp-content\/uploads\/2013\/07\/Ligatabell-2013-1.jpg\" alt=\"\" width=\"680\" height=\"420\" \/><\/a><br \/>\n<\/span><\/span><\/span><\/span><\/p>\n","protected":false},"excerpt":{"rendered":"<p>Am vergangenen Samstag endete die Ligasaison 2013 mit dem Abschlussspieltag der Bezirks-, Landes- und Oberliga der Region Neckar-Alb in Neuffen. F\u00fcr Kdrei ging es dieses Jahr um den Klassenerhalt. Nach [&hellip;]<\/p>\n","protected":false},"author":1,"featured_media":0,"parent":5214,"menu_order":0,"comment_status":"open","ping_status":"open","template":"","meta":{"footnotes":""},"_links":{"self":[{"href":"https:\/\/www.kdrei-2009.de\/WPKdrei\/wp-json\/wp\/v2\/pages\/3611"}],"collection":[{"href":"https:\/\/www.kdrei-2009.de\/WPKdrei\/wp-json\/wp\/v2\/pages"}],"about":[{"href":"https:\/\/www.kdrei-2009.de\/WPKdrei\/wp-json\/wp\/v2\/types\/page"}],"author":[{"embeddable":true,"href":"https:\/\/www.kdrei-2009.de\/WPKdrei\/wp-json\/wp\/v2\/users\/1"}],"replies":[{"embeddable":true,"href":"https:\/\/www.kdrei-2009.de\/WPKdrei\/wp-json\/wp\/v2\/comments?post=3611"}],"version-history":[{"count":3,"href":"https:\/\/www.kdrei-2009.de\/WPKdrei\/wp-json\/wp\/v2\/pages\/3611\/revisions"}],"predecessor-version":[{"id":5217,"href":"https:\/\/www.kdrei-2009.de\/WPKdrei\/wp-json\/wp\/v2\/pages\/3611\/revisions\/5217"}],"up":[{"embeddable":true,"href":"https:\/\/www.kdrei-2009.de\/WPKdrei\/wp-json\/wp\/v2\/pages\/5214"}],"wp:attachment":[{"href":"https:\/\/www.kdrei-2009.de\/WPKdrei\/wp-json\/wp\/v2\/media?parent=3611"}],"curies":[{"name":"wp","href":"https:\/\/api.w.org\/{rel}","templated":true}]}}