{"id":3663,"date":"2013-09-12T14:52:07","date_gmt":"2013-09-12T14:52:07","guid":{"rendered":"https:\/\/www.kdrei-2009.de\/WPKdrei\/?page_id=3663"},"modified":"2016-03-14T12:58:12","modified_gmt":"2016-03-14T12:58:12","slug":"coupe-doignon-2013","status":"publish","type":"page","link":"https:\/\/www.kdrei-2009.de\/WPKdrei\/kugelsport-2\/kugelsport-2013\/turniere-2013\/coupe-doignon-2013\/","title":{"rendered":"Coupe d&#8217;Oignon 2013"},"content":{"rendered":"<h3><span style=\"color: #808080;\">Ganz kurz, damit mal wieder etwas im Internet steht. Das war ein sch\u00f6ner Bouletag f\u00fcr Tony, Walter und Werner. Wir hatten viel Spass in Esslingen. Der Poule lief zwar bescheiden f\u00fcr uns, daf\u00fcr konnten Tony und Walter im B-Turnier regelrecht durchmarschieren. Es gelangen wirklich sch\u00f6ne Aufnahmen und wir hatten sehr viel Freude in Esslingen. Werner spielte mit Georg aus Schorndorf. Auch sehr viel Spass und Vergn\u00fcgen, aber weniger erfolgreich als Tony und Walter. Das Endspiel sparten sich Tony und Walter und wir entschieden uns f\u00fcr die M\u00fcnze&#8230;und gewannen gegen Ralf Zimmermann und Jochen Kauffmann aus Denkendorf. Der Dank war ein sch\u00f6ner Pokal aus Vienne. Der bekommt jetzt einen Ehrenplatz in unserem Ch\u00e2teau d&#8217;eau. Dann fing es an zu regnen..alles richtig gemacht.<\/span><\/h3>\n","protected":false},"excerpt":{"rendered":"<p>Ganz kurz, damit mal wieder etwas im Internet steht. Das war ein sch\u00f6ner Bouletag f\u00fcr Tony, Walter und Werner. Wir hatten viel Spass in Esslingen. Der Poule lief zwar bescheiden [&hellip;]<\/p>\n","protected":false},"author":1,"featured_media":0,"parent":5218,"menu_order":0,"comment_status":"open","ping_status":"open","template":"","meta":{"footnotes":""},"_links":{"self":[{"href":"https:\/\/www.kdrei-2009.de\/WPKdrei\/wp-json\/wp\/v2\/pages\/3663"}],"collection":[{"href":"https:\/\/www.kdrei-2009.de\/WPKdrei\/wp-json\/wp\/v2\/pages"}],"about":[{"href":"https:\/\/www.kdrei-2009.de\/WPKdrei\/wp-json\/wp\/v2\/types\/page"}],"author":[{"embeddable":true,"href":"https:\/\/www.kdrei-2009.de\/WPKdrei\/wp-json\/wp\/v2\/users\/1"}],"replies":[{"embeddable":true,"href":"https:\/\/www.kdrei-2009.de\/WPKdrei\/wp-json\/wp\/v2\/comments?post=3663"}],"version-history":[{"count":2,"href":"https:\/\/www.kdrei-2009.de\/WPKdrei\/wp-json\/wp\/v2\/pages\/3663\/revisions"}],"predecessor-version":[{"id":5221,"href":"https:\/\/www.kdrei-2009.de\/WPKdrei\/wp-json\/wp\/v2\/pages\/3663\/revisions\/5221"}],"up":[{"embeddable":true,"href":"https:\/\/www.kdrei-2009.de\/WPKdrei\/wp-json\/wp\/v2\/pages\/5218"}],"wp:attachment":[{"href":"https:\/\/www.kdrei-2009.de\/WPKdrei\/wp-json\/wp\/v2\/media?parent=3663"}],"curies":[{"name":"wp","href":"https:\/\/api.w.org\/{rel}","templated":true}]}}