{"id":3672,"date":"2013-09-12T15:03:13","date_gmt":"2013-09-12T15:03:13","guid":{"rendered":"https:\/\/www.kdrei-2009.de\/WPKdrei\/?page_id=3672"},"modified":"2016-03-15T10:49:10","modified_gmt":"2016-03-15T10:49:10","slug":"max-ladt-zu-steiner-am-fluss-ein","status":"publish","type":"page","link":"https:\/\/www.kdrei-2009.de\/WPKdrei\/kultur\/kultur-2013\/max-ladt-zu-steiner-am-fluss-ein\/","title":{"rendered":"Max l\u00e4dt zu Steiner am Fluss ein"},"content":{"rendered":"<h3><span style=\"color: #808080;\">Tja, wir w\u00fcrden es gerne zur Tradition erheben. Das Max-Fest bei Steiner am Fluss. Dieses Jahr zum 2. Mal. Wieder traumhaftes Wetter, leckere Quiche und k\u00fchle Getr\u00e4nke. Feiern im Freien, direkt neben dem Bouleplatz..was will man mehr? Es war wieder ein wundersch\u00f6ner Abend.<\/span><\/h3>\n<h3><span style=\"color: #808080;\">Hier nur einige, wenige Bilder&#8230;<\/span><\/h3>\n<p><span style=\"color: #808080;\"><\/p>\n<div id=\"attachment_3682\" style=\"width: 310px\" class=\"wp-caption alignleft\"><a href=\"https:\/\/www.kdrei-2009.de\/WPKdrei\/wp-content\/uploads\/2013\/09\/K3-Max-Steiner13_01web2.jpg\" rel=\"lightbox[3672]\"><img loading=\"lazy\" decoding=\"async\" aria-describedby=\"caption-attachment-3682\" class=\"size-medium wp-image-3682\" title=\"K3-Max Steiner13_01web\" src=\"https:\/\/www.kdrei-2009.de\/WPKdrei\/wp-content\/uploads\/2013\/09\/K3-Max-Steiner13_01web2-300x187.jpg\" alt=\"\" width=\"300\" height=\"187\" srcset=\"https:\/\/www.kdrei-2009.de\/WPKdrei\/wp-content\/uploads\/2013\/09\/K3-Max-Steiner13_01web2-300x187.jpg 300w, https:\/\/www.kdrei-2009.de\/WPKdrei\/wp-content\/uploads\/2013\/09\/K3-Max-Steiner13_01web2.jpg 680w\" sizes=\"(max-width: 300px) 100vw, 300px\" \/><\/a><p id=\"caption-attachment-3682\" class=\"wp-caption-text\">Waswill man mehr? Boulen und tafeln oder tafeln und boulen.<\/p><\/div>\n<p><a href=\"https:\/\/www.kdrei-2009.de\/WPKdrei\/wp-content\/uploads\/2013\/09\/K3-Max-Steiner13_04web1.jpg\" rel=\"lightbox[3672]\"><\/a><\/p>\n<div id=\"attachment_3683\" style=\"width: 310px\" class=\"wp-caption alignleft\"><a href=\"https:\/\/www.kdrei-2009.de\/WPKdrei\/wp-content\/uploads\/2013\/09\/K3-Max-Steiner13_02web1.jpg\" rel=\"lightbox[3672]\"><img loading=\"lazy\" decoding=\"async\" aria-describedby=\"caption-attachment-3683\" class=\"size-medium wp-image-3683\" title=\"K3-Max Steiner13_02web\" src=\"https:\/\/www.kdrei-2009.de\/WPKdrei\/wp-content\/uploads\/2013\/09\/K3-Max-Steiner13_02web1-300x187.jpg\" alt=\"\" width=\"300\" height=\"187\" srcset=\"https:\/\/www.kdrei-2009.de\/WPKdrei\/wp-content\/uploads\/2013\/09\/K3-Max-Steiner13_02web1-300x187.jpg 300w, https:\/\/www.kdrei-2009.de\/WPKdrei\/wp-content\/uploads\/2013\/09\/K3-Max-Steiner13_02web1.jpg 680w\" sizes=\"(max-width: 300px) 100vw, 300px\" \/><\/a><p id=\"caption-attachment-3683\" class=\"wp-caption-text\">Das war wirklich lecker. Frische Quiche und kalter Ros\u00e9.<\/p><\/div>\n<p><\/span><\/p>\n<p><span style=\"color: #808080;\"><\/p>\n<div id=\"attachment_3684\" style=\"width: 310px\" class=\"wp-caption alignleft\"><a href=\"https:\/\/www.kdrei-2009.de\/WPKdrei\/wp-content\/uploads\/2013\/09\/K3-Max-Steiner13_03web1.jpg\" rel=\"lightbox[3672]\"><img loading=\"lazy\" decoding=\"async\" aria-describedby=\"caption-attachment-3684\" class=\"size-medium wp-image-3684\" title=\"K3-Max Steiner13_03web\" src=\"https:\/\/www.kdrei-2009.de\/WPKdrei\/wp-content\/uploads\/2013\/09\/K3-Max-Steiner13_03web1-300x187.jpg\" alt=\"\" width=\"300\" height=\"187\" srcset=\"https:\/\/www.kdrei-2009.de\/WPKdrei\/wp-content\/uploads\/2013\/09\/K3-Max-Steiner13_03web1-300x187.jpg 300w, https:\/\/www.kdrei-2009.de\/WPKdrei\/wp-content\/uploads\/2013\/09\/K3-Max-Steiner13_03web1.jpg 680w\" sizes=\"(max-width: 300px) 100vw, 300px\" \/><\/a><p id=\"caption-attachment-3684\" class=\"wp-caption-text\">Ja man konnte sich unterhalten...<\/p><\/div>\n<div id=\"attachment_3685\" style=\"width: 310px\" class=\"wp-caption alignleft\"><a href=\"https:\/\/www.kdrei-2009.de\/WPKdrei\/wp-content\/uploads\/2013\/09\/K3-Max-Steiner13_04web1.jpg\" rel=\"lightbox[3672]\"><img loading=\"lazy\" decoding=\"async\" aria-describedby=\"caption-attachment-3685\" class=\"size-medium wp-image-3685\" title=\"K3-Max Steiner13_04web\" src=\"https:\/\/www.kdrei-2009.de\/WPKdrei\/wp-content\/uploads\/2013\/09\/K3-Max-Steiner13_04web1-300x187.jpg\" alt=\"\" width=\"300\" height=\"187\" srcset=\"https:\/\/www.kdrei-2009.de\/WPKdrei\/wp-content\/uploads\/2013\/09\/K3-Max-Steiner13_04web1-300x187.jpg 300w, https:\/\/www.kdrei-2009.de\/WPKdrei\/wp-content\/uploads\/2013\/09\/K3-Max-Steiner13_04web1.jpg 680w\" sizes=\"(max-width: 300px) 100vw, 300px\" \/><\/a><p id=\"caption-attachment-3685\" class=\"wp-caption-text\">...oder bei Flutlicht boulen.<\/p><\/div>\n<p><\/span><\/p>\n","protected":false},"excerpt":{"rendered":"<p>Tja, wir w\u00fcrden es gerne zur Tradition erheben. Das Max-Fest bei Steiner am Fluss. Dieses Jahr zum 2. Mal. Wieder traumhaftes Wetter, leckere Quiche und k\u00fchle Getr\u00e4nke. Feiern im Freien, [&hellip;]<\/p>\n","protected":false},"author":1,"featured_media":0,"parent":5288,"menu_order":0,"comment_status":"open","ping_status":"open","template":"","meta":{"footnotes":""},"_links":{"self":[{"href":"https:\/\/www.kdrei-2009.de\/WPKdrei\/wp-json\/wp\/v2\/pages\/3672"}],"collection":[{"href":"https:\/\/www.kdrei-2009.de\/WPKdrei\/wp-json\/wp\/v2\/pages"}],"about":[{"href":"https:\/\/www.kdrei-2009.de\/WPKdrei\/wp-json\/wp\/v2\/types\/page"}],"author":[{"embeddable":true,"href":"https:\/\/www.kdrei-2009.de\/WPKdrei\/wp-json\/wp\/v2\/users\/1"}],"replies":[{"embeddable":true,"href":"https:\/\/www.kdrei-2009.de\/WPKdrei\/wp-json\/wp\/v2\/comments?post=3672"}],"version-history":[{"count":5,"href":"https:\/\/www.kdrei-2009.de\/WPKdrei\/wp-json\/wp\/v2\/pages\/3672\/revisions"}],"predecessor-version":[{"id":5308,"href":"https:\/\/www.kdrei-2009.de\/WPKdrei\/wp-json\/wp\/v2\/pages\/3672\/revisions\/5308"}],"up":[{"embeddable":true,"href":"https:\/\/www.kdrei-2009.de\/WPKdrei\/wp-json\/wp\/v2\/pages\/5288"}],"wp:attachment":[{"href":"https:\/\/www.kdrei-2009.de\/WPKdrei\/wp-json\/wp\/v2\/media?parent=3672"}],"curies":[{"name":"wp","href":"https:\/\/api.w.org\/{rel}","templated":true}]}}