{"id":3714,"date":"2013-09-30T12:40:54","date_gmt":"2013-09-30T12:40:54","guid":{"rendered":"https:\/\/www.kdrei-2009.de\/WPKdrei\/?page_id=3714"},"modified":"2016-03-15T10:49:10","modified_gmt":"2016-03-15T10:49:10","slug":"reusenstein-das-ist-kein-bouleturnier","status":"publish","type":"page","link":"https:\/\/www.kdrei-2009.de\/WPKdrei\/kultur\/kultur-2013\/reusenstein-das-ist-kein-bouleturnier\/","title":{"rendered":"Reu\u00dfenstein&#8230;das ist kein Bouleturnier"},"content":{"rendered":"<h4><span style=\"color: #808080;\">Hier noch ein paar Bilder vom Wandern&#8230;oder besser Laufen auf den Reu\u00dfenstein. Wir wollten vor dem Boulen etwas Bewegung. Hier zum Nachmachen: Neidlinger Steige, Parkplatz parken, loslaufen bergauf Richtung Reu\u00dfenstein, dort Ruine begehen, ins Tal schauen, dann weiter am Albtrauf entlang Richtung Reu\u00dfensteiner Hof, dort bestellten Tisch einnehmen, bestellen, z.B. Schweinbraten, Sauce, Sp\u00e4tzle, Salat oder Rinderbraten, Sauce, Sp\u00e4tlze, Salat oder K\u00fcrbiscremesuppe ohne Sp\u00e4tzle ohne Fleisch, oder Wurstsalat auch ohne Sp\u00e4tzle. Wie ihr seht, man kann dort nicht verhungern. Das Sch\u00f6ne dort, es gibt wirklich keine Pommes und deshalb riecht es auch nicht nach Friteuse. Manche von Kdrei bedauern das leider, aber das sind auch keine echte Schwaben. Dann nach dem Essen ohne Pommes aber satt, wieder zur\u00fcck zum Auto und in die Neidlinger Kugelm\u00fchle. Leider immer am letzten Sonntag des Monats immer geschlossen. Das war bei uns so. Dann in die Krautg\u00e4rten und Kaffee, Kuchen, Boule.<\/span><\/h4>\n<h4><span style=\"color: #808080;\">Sch\u00f6ner Sonntag.<\/span><\/h4>\n<p><span style=\"color: #808080;\"><a href=\"https:\/\/www.kdrei-2009.de\/WPKdrei\/wp-content\/uploads\/2013\/09\/K3-reussenstein-pan-web-.jpg\" rel=\"lightbox[3714]\"><img loading=\"lazy\" decoding=\"async\" class=\"alignleft size-full wp-image-3701\" title=\"K3-reussenstein pan web\" src=\"https:\/\/www.kdrei-2009.de\/WPKdrei\/wp-content\/uploads\/2013\/09\/K3-reussenstein-pan-web-.jpg\" alt=\"\" width=\"680\" height=\"259\" srcset=\"https:\/\/www.kdrei-2009.de\/WPKdrei\/wp-content\/uploads\/2013\/09\/K3-reussenstein-pan-web-.jpg 680w, https:\/\/www.kdrei-2009.de\/WPKdrei\/wp-content\/uploads\/2013\/09\/K3-reussenstein-pan-web--300x114.jpg 300w\" sizes=\"(max-width: 680px) 100vw, 680px\" \/><\/a><\/span><\/p>\n<p><span style=\"color: #808080;\"> <\/span><\/p>\n<div id=\"attachment_3702\" style=\"width: 690px\" class=\"wp-caption alignleft\"><a href=\"https:\/\/www.kdrei-2009.de\/WPKdrei\/wp-content\/uploads\/2013\/09\/K3-Reu\u00dfenstein13_01web.jpg\" rel=\"lightbox[3714]\"><img loading=\"lazy\" decoding=\"async\" aria-describedby=\"caption-attachment-3702\" class=\"size-full wp-image-3702\" title=\"K3-Reu\u00dfenstein13_01web\" src=\"https:\/\/www.kdrei-2009.de\/WPKdrei\/wp-content\/uploads\/2013\/09\/K3-Reu\u00dfenstein13_01web.jpg\" alt=\"\" width=\"680\" height=\"317\" srcset=\"https:\/\/www.kdrei-2009.de\/WPKdrei\/wp-content\/uploads\/2013\/09\/K3-Reu\u00dfenstein13_01web.jpg 680w, https:\/\/www.kdrei-2009.de\/WPKdrei\/wp-content\/uploads\/2013\/09\/K3-Reu\u00dfenstein13_01web-300x139.jpg 300w\" sizes=\"(max-width: 680px) 100vw, 680px\" \/><\/a><p id=\"caption-attachment-3702\" class=\"wp-caption-text\">Schon eine sch\u00f6ne Ruine.<\/p><\/div>\n<div id=\"attachment_3704\" style=\"width: 690px\" class=\"wp-caption alignleft\"><a href=\"https:\/\/www.kdrei-2009.de\/WPKdrei\/wp-content\/uploads\/2013\/09\/K3-Reu\u00dfenstein13_03web.jpg\" rel=\"lightbox[3714]\"><img loading=\"lazy\" decoding=\"async\" aria-describedby=\"caption-attachment-3704\" class=\"size-full wp-image-3704\" title=\"K3-Reu\u00dfenstein13_03web\" src=\"https:\/\/www.kdrei-2009.de\/WPKdrei\/wp-content\/uploads\/2013\/09\/K3-Reu\u00dfenstein13_03web.jpg\" alt=\"\" width=\"680\" height=\"450\" srcset=\"https:\/\/www.kdrei-2009.de\/WPKdrei\/wp-content\/uploads\/2013\/09\/K3-Reu\u00dfenstein13_03web.jpg 680w, https:\/\/www.kdrei-2009.de\/WPKdrei\/wp-content\/uploads\/2013\/09\/K3-Reu\u00dfenstein13_03web-300x198.jpg 300w\" sizes=\"(max-width: 680px) 100vw, 680px\" \/><\/a><p id=\"caption-attachment-3704\" class=\"wp-caption-text\">Nun ja, die Stimmung war gut. Viele Kletterer.<\/p><\/div>\n<div id=\"attachment_3705\" style=\"width: 690px\" class=\"wp-caption alignleft\"><a href=\"https:\/\/www.kdrei-2009.de\/WPKdrei\/wp-content\/uploads\/2013\/09\/K3-Reu\u00dfenstein13_04web.jpg\" rel=\"lightbox[3714]\"><img loading=\"lazy\" decoding=\"async\" aria-describedby=\"caption-attachment-3705\" class=\"size-full wp-image-3705\" title=\"K3-Reu\u00dfenstein13_04web\" src=\"https:\/\/www.kdrei-2009.de\/WPKdrei\/wp-content\/uploads\/2013\/09\/K3-Reu\u00dfenstein13_04web.jpg\" alt=\"\" width=\"680\" height=\"470\" srcset=\"https:\/\/www.kdrei-2009.de\/WPKdrei\/wp-content\/uploads\/2013\/09\/K3-Reu\u00dfenstein13_04web.jpg 680w, https:\/\/www.kdrei-2009.de\/WPKdrei\/wp-content\/uploads\/2013\/09\/K3-Reu\u00dfenstein13_04web-300x207.jpg 300w\" sizes=\"(max-width: 680px) 100vw, 680px\" \/><\/a><p id=\"caption-attachment-3705\" class=\"wp-caption-text\">Es waren irgendwann einfach zuviele Kletterer.<\/p><\/div>\n<div id=\"attachment_3706\" style=\"width: 690px\" class=\"wp-caption alignleft\"><a href=\"https:\/\/www.kdrei-2009.de\/WPKdrei\/wp-content\/uploads\/2013\/09\/K3-Reu\u00dfenstein13_06web.jpg\" rel=\"lightbox[3714]\"><img loading=\"lazy\" decoding=\"async\" aria-describedby=\"caption-attachment-3706\" class=\"size-full wp-image-3706\" title=\"K3-Reu\u00dfenstein13_06web\" src=\"https:\/\/www.kdrei-2009.de\/WPKdrei\/wp-content\/uploads\/2013\/09\/K3-Reu\u00dfenstein13_06web.jpg\" alt=\"\" width=\"680\" height=\"476\" srcset=\"https:\/\/www.kdrei-2009.de\/WPKdrei\/wp-content\/uploads\/2013\/09\/K3-Reu\u00dfenstein13_06web.jpg 680w, https:\/\/www.kdrei-2009.de\/WPKdrei\/wp-content\/uploads\/2013\/09\/K3-Reu\u00dfenstein13_06web-300x210.jpg 300w\" sizes=\"(max-width: 680px) 100vw, 680px\" \/><\/a><p id=\"caption-attachment-3706\" class=\"wp-caption-text\">Wo man auch hinschaute, Kletterer.<\/p><\/div>\n<div id=\"attachment_3707\" style=\"width: 690px\" class=\"wp-caption alignleft\"><a href=\"https:\/\/www.kdrei-2009.de\/WPKdrei\/wp-content\/uploads\/2013\/09\/K3-Reu\u00dfenstein13_10web.jpg\" rel=\"lightbox[3714]\"><img loading=\"lazy\" decoding=\"async\" aria-describedby=\"caption-attachment-3707\" class=\"size-full wp-image-3707\" title=\"K3-Reu\u00dfenstein13_10web\" src=\"https:\/\/www.kdrei-2009.de\/WPKdrei\/wp-content\/uploads\/2013\/09\/K3-Reu\u00dfenstein13_10web.jpg\" alt=\"\" width=\"680\" height=\"668\" srcset=\"https:\/\/www.kdrei-2009.de\/WPKdrei\/wp-content\/uploads\/2013\/09\/K3-Reu\u00dfenstein13_10web.jpg 680w, https:\/\/www.kdrei-2009.de\/WPKdrei\/wp-content\/uploads\/2013\/09\/K3-Reu\u00dfenstein13_10web-300x294.jpg 300w\" sizes=\"(max-width: 680px) 100vw, 680px\" \/><\/a><p id=\"caption-attachment-3707\" class=\"wp-caption-text\">Hier endlich ein Bild ohne dieselben.<\/p><\/div>\n<div id=\"attachment_3708\" style=\"width: 690px\" class=\"wp-caption alignleft\"><a href=\"https:\/\/www.kdrei-2009.de\/WPKdrei\/wp-content\/uploads\/2013\/09\/K3-Reu\u00dfenstein13_11web.jpg\" rel=\"lightbox[3714]\"><img loading=\"lazy\" decoding=\"async\" aria-describedby=\"caption-attachment-3708\" class=\"size-full wp-image-3708\" title=\"K3-Reu\u00dfenstein13_11web\" src=\"https:\/\/www.kdrei-2009.de\/WPKdrei\/wp-content\/uploads\/2013\/09\/K3-Reu\u00dfenstein13_11web.jpg\" alt=\"\" width=\"680\" height=\"1022\" srcset=\"https:\/\/www.kdrei-2009.de\/WPKdrei\/wp-content\/uploads\/2013\/09\/K3-Reu\u00dfenstein13_11web.jpg 680w, https:\/\/www.kdrei-2009.de\/WPKdrei\/wp-content\/uploads\/2013\/09\/K3-Reu\u00dfenstein13_11web-199x300.jpg 199w\" sizes=\"(max-width: 680px) 100vw, 680px\" \/><\/a><p id=\"caption-attachment-3708\" class=\"wp-caption-text\">Das war einfach zu flach f\u00fcr Kletterer.<\/p><\/div>\n<div id=\"attachment_3709\" style=\"width: 690px\" class=\"wp-caption alignleft\"><a href=\"https:\/\/www.kdrei-2009.de\/WPKdrei\/wp-content\/uploads\/2013\/09\/K3-Reu\u00dfenstein13web.jpg\" rel=\"lightbox[3714]\"><img loading=\"lazy\" decoding=\"async\" aria-describedby=\"caption-attachment-3709\" class=\"size-full wp-image-3709\" title=\"K3-Reu\u00dfenstein13web\" src=\"https:\/\/www.kdrei-2009.de\/WPKdrei\/wp-content\/uploads\/2013\/09\/K3-Reu\u00dfenstein13web.jpg\" alt=\"\" width=\"680\" height=\"461\" srcset=\"https:\/\/www.kdrei-2009.de\/WPKdrei\/wp-content\/uploads\/2013\/09\/K3-Reu\u00dfenstein13web.jpg 680w, https:\/\/www.kdrei-2009.de\/WPKdrei\/wp-content\/uploads\/2013\/09\/K3-Reu\u00dfenstein13web-300x203.jpg 300w\" sizes=\"(max-width: 680px) 100vw, 680px\" \/><\/a><p id=\"caption-attachment-3709\" class=\"wp-caption-text\">Einfach Pilze. Ohne Kletterer.<\/p><\/div>\n","protected":false},"excerpt":{"rendered":"<p>Hier noch ein paar Bilder vom Wandern&#8230;oder besser Laufen auf den Reu\u00dfenstein. Wir wollten vor dem Boulen etwas Bewegung. Hier zum Nachmachen: Neidlinger Steige, Parkplatz parken, loslaufen bergauf Richtung Reu\u00dfenstein, [&hellip;]<\/p>\n","protected":false},"author":1,"featured_media":0,"parent":5288,"menu_order":0,"comment_status":"open","ping_status":"open","template":"","meta":{"footnotes":""},"_links":{"self":[{"href":"https:\/\/www.kdrei-2009.de\/WPKdrei\/wp-json\/wp\/v2\/pages\/3714"}],"collection":[{"href":"https:\/\/www.kdrei-2009.de\/WPKdrei\/wp-json\/wp\/v2\/pages"}],"about":[{"href":"https:\/\/www.kdrei-2009.de\/WPKdrei\/wp-json\/wp\/v2\/types\/page"}],"author":[{"embeddable":true,"href":"https:\/\/www.kdrei-2009.de\/WPKdrei\/wp-json\/wp\/v2\/users\/1"}],"replies":[{"embeddable":true,"href":"https:\/\/www.kdrei-2009.de\/WPKdrei\/wp-json\/wp\/v2\/comments?post=3714"}],"version-history":[{"count":3,"href":"https:\/\/www.kdrei-2009.de\/WPKdrei\/wp-json\/wp\/v2\/pages\/3714\/revisions"}],"predecessor-version":[{"id":5309,"href":"https:\/\/www.kdrei-2009.de\/WPKdrei\/wp-json\/wp\/v2\/pages\/3714\/revisions\/5309"}],"up":[{"embeddable":true,"href":"https:\/\/www.kdrei-2009.de\/WPKdrei\/wp-json\/wp\/v2\/pages\/5288"}],"wp:attachment":[{"href":"https:\/\/www.kdrei-2009.de\/WPKdrei\/wp-json\/wp\/v2\/media?parent=3714"}],"curies":[{"name":"wp","href":"https:\/\/api.w.org\/{rel}","templated":true}]}}