{"id":3775,"date":"2013-11-15T15:18:45","date_gmt":"2013-11-15T15:18:45","guid":{"rendered":"https:\/\/www.kdrei-2009.de\/WPKdrei\/?page_id=3775"},"modified":"2016-03-15T11:29:40","modified_gmt":"2016-03-15T11:29:40","slug":"winterrunde-201314","status":"publish","type":"page","link":"https:\/\/www.kdrei-2009.de\/WPKdrei\/kugelsport-2\/kugelsport-2013\/turniere-2013\/winterrunde-201314\/","title":{"rendered":"Winterrunde 2013\/14"},"content":{"rendered":"<h3><span style=\"color: #808080;\">Tja es kommt wieder die Zeit, wo Regen zu Schnee wird. Eine normale Unterw\u00e4sche heisst jetzt Thermo Care. Aus Socken werden beheizbare Fussw\u00e4rmer, der gek\u00fchlte Sauvignon Blanc wird durch einen kochenden Gl\u00fchwein unbestimmterr Herkunft ersetzt. Das alles h\u00e4lt echte Bouler normalerweise vom Boulen ab. Wer trotzdem hingeht, macht dies aus sozialen Aspekten, gesundheitlichen Gr\u00fcnden oder weil es einfach trotzdem Spass macht.<br \/>\n<\/span><\/h3>\n<h3><span style=\"color: #808080;\">Kurz gesagt es ist Winter.<br \/>\n<\/span><\/h3>\n<h3><span style=\"color: #808080;\">Hier eine Info von unseren Boulefreunden aus Denkendorf und Ruit sowie Reutlingen und T\u00fcbingen..<\/span><\/h3>\n<p><span style=\"color: #808080;\">Viel Spass.<br \/>\n<\/span><\/p>\n<p><span style=\"color: #808080;\"><a href=\"https:\/\/www.kdrei-2009.de\/WPKdrei\/wp-content\/uploads\/2013\/11\/Winterrunde_2013_14.jpg\" rel=\"lightbox[3775]\"><img loading=\"lazy\" decoding=\"async\" class=\"alignleft size-full wp-image-3774\" title=\"Winterrunde_2013_14\" src=\"https:\/\/www.kdrei-2009.de\/WPKdrei\/wp-content\/uploads\/2013\/11\/Winterrunde_2013_14.jpg\" alt=\"\" width=\"567\" height=\"796\" srcset=\"https:\/\/www.kdrei-2009.de\/WPKdrei\/wp-content\/uploads\/2013\/11\/Winterrunde_2013_14.jpg 567w, https:\/\/www.kdrei-2009.de\/WPKdrei\/wp-content\/uploads\/2013\/11\/Winterrunde_2013_14-213x300.jpg 213w\" sizes=\"(max-width: 567px) 100vw, 567px\" \/><\/a><br \/>\n<\/span><\/p>\n<h2><img decoding=\"async\" src=\"http:\/\/www.l-f-j.de\/img\/content\/4665_177058.gif\" alt=\"\" \/><\/h2>\n<h2><strong>Einladung    zur Winterrunde 2013\/2014 in Reutlingen und T\u00fcbingen <\/strong><\/p>\n<p>Achtung: Einschreibung bis 13.45 Uhr, Spielbeginn 14 Uhr.<\/p>\n<p>Spielmodus: Doublette superm\u00eal\u00e9e 3 Runden<\/p>\n<p>Startgeld 3 EUR pro Spieler,<\/p>\n<p>Aussch\u00fcttung: 70<strong>%<\/strong> am Spieltag an die 4 Bestplatzierten,<br \/>\n30<strong>%<\/strong> am Ende der Winterrunde an die 10 Bestplatzierten.<\/p>\n<p>Termine    \t    und    \tSpielorte<\/p>\n<p>Reutlingen\u00a0\u00a0\u00a0\u00a0\u00a0\u00a0\u00a0\u00a0\u00a0\u00a0\u00a0\u00a0\u00a0\u00a0\u00a0\u00a0\u00a0\u00a0\u00a0\u00a0\u00a0\u00a0\u00a0\t\t\t\tT\u00fcbingen<\/p>\n<p>16. November 2013\u00a0\u00a0\u00a0\u00a0\u00a0\u00a0\u00a0\u00a0\u00a0\t\t\t23.November 2013<br \/>\n30. November 2013\u00a0\u00a0\u00a0\u00a0\u00a0\u00a0\u00a0\u00a0\u00a0\t\t\t07. Dezember 2013<br \/>\n14. Dezember 2013\t\u00a0 \u00a0 \u00a0 \u00a0\u00a0\t\t04. Januar 2014<br \/>\n11. Januar 2014\u00a0\u00a0\u00a0\u00a0\u00a0\u00a0\u00a0\u00a0\u00a0\u00a0\u00a0\u00a0\u00a0\u00a0 18. Januar 2014<br \/>\n25. Januar 2014\u00a0\u00a0\u00a0\u00a0\u00a0\u00a0\u00a0\u00a0\u00a0\u00a0\u00a0\u00a0\u00a0\u00a0 01. Februar 2014<br \/>\n08. Februar 2014\t\u00a0 \u00a0 \u00a0 \u00a0 \u00a0 \u00a0 15. Februar 2014<br \/>\n22. Februar 2014\t\u00a0 \u00a0 \u00a0 \u00a0 \u00a0 \u00a0\u00a0 01. M\u00e4rz 2014<\/p>\n<p>Wir freuen uns auf Euer Kommen!<\/p>\n<p>PC Rugeler und La Fanny Joyeuse<br \/>\nDie Vorst\u00e4nde<\/h2>\n","protected":false},"excerpt":{"rendered":"<p>Tja es kommt wieder die Zeit, wo Regen zu Schnee wird. Eine normale Unterw\u00e4sche heisst jetzt Thermo Care. Aus Socken werden beheizbare Fussw\u00e4rmer, der gek\u00fchlte Sauvignon Blanc wird durch einen [&hellip;]<\/p>\n","protected":false},"author":1,"featured_media":0,"parent":5218,"menu_order":0,"comment_status":"open","ping_status":"open","template":"","meta":{"footnotes":""},"_links":{"self":[{"href":"https:\/\/www.kdrei-2009.de\/WPKdrei\/wp-json\/wp\/v2\/pages\/3775"}],"collection":[{"href":"https:\/\/www.kdrei-2009.de\/WPKdrei\/wp-json\/wp\/v2\/pages"}],"about":[{"href":"https:\/\/www.kdrei-2009.de\/WPKdrei\/wp-json\/wp\/v2\/types\/page"}],"author":[{"embeddable":true,"href":"https:\/\/www.kdrei-2009.de\/WPKdrei\/wp-json\/wp\/v2\/users\/1"}],"replies":[{"embeddable":true,"href":"https:\/\/www.kdrei-2009.de\/WPKdrei\/wp-json\/wp\/v2\/comments?post=3775"}],"version-history":[{"count":4,"href":"https:\/\/www.kdrei-2009.de\/WPKdrei\/wp-json\/wp\/v2\/pages\/3775\/revisions"}],"predecessor-version":[{"id":5403,"href":"https:\/\/www.kdrei-2009.de\/WPKdrei\/wp-json\/wp\/v2\/pages\/3775\/revisions\/5403"}],"up":[{"embeddable":true,"href":"https:\/\/www.kdrei-2009.de\/WPKdrei\/wp-json\/wp\/v2\/pages\/5218"}],"wp:attachment":[{"href":"https:\/\/www.kdrei-2009.de\/WPKdrei\/wp-json\/wp\/v2\/media?parent=3775"}],"curies":[{"name":"wp","href":"https:\/\/api.w.org\/{rel}","templated":true}]}}