{"id":3814,"date":"2014-01-20T08:16:35","date_gmt":"2014-01-20T08:16:35","guid":{"rendered":"https:\/\/www.kdrei-2009.de\/WPKdrei\/?page_id=3814"},"modified":"2016-03-16T12:24:47","modified_gmt":"2016-03-16T12:24:47","slug":"fazioli-meets-chris-geisler-trio-feat-barbara-burkle","status":"publish","type":"page","link":"https:\/\/www.kdrei-2009.de\/WPKdrei\/kunst\/akustisches\/akustisches-2014\/fazioli-meets-chris-geisler-trio-feat-barbara-burkle\/","title":{"rendered":"Fazioli meets Chris Geisler Trio feat. Barbara B\u00fcrkle"},"content":{"rendered":"<h2><a href=\"https:\/\/www.kdrei-2009.de\/WPKdrei\/wp-content\/uploads\/2014\/01\/CGT_+BB\u00fcrkle.a.jpg\" rel=\"lightbox[3814]\"><img loading=\"lazy\" decoding=\"async\" class=\"size-full wp-image-3813 alignright\" title=\"CGT_+BB\u00fcrkle.a\" src=\"https:\/\/www.kdrei-2009.de\/WPKdrei\/wp-content\/uploads\/2014\/01\/CGT_+BB\u00fcrkle.a.jpg\" alt=\"\" width=\"413\" height=\"620\" srcset=\"https:\/\/www.kdrei-2009.de\/WPKdrei\/wp-content\/uploads\/2014\/01\/CGT_+BB\u00fcrkle.a.jpg 567w, https:\/\/www.kdrei-2009.de\/WPKdrei\/wp-content\/uploads\/2014\/01\/CGT_+BB\u00fcrkle.a-199x300.jpg 199w\" sizes=\"(max-width: 413px) 100vw, 413px\" \/><\/a><span style=\"color: #808080;\"> Freitag 31. Januar 2014<\/span><\/h2>\n<h2><\/h2>\n<h2><span style=\"color: #808080;\"> Beginn: 20.00Uhr \/ Saal\u00f6ffnung 19.30Uhr<br \/>\n<\/span><\/h2>\n<h2><\/h2>\n<h2><span style=\"color: #808080;\"> Treffpunkt Stadtmitte<\/span><\/h2>\n<h2><\/h2>\n<h2><span style=\"color: #808080;\"> Am Marktplatz 4<\/span><\/h2>\n<h2><\/h2>\n<h2><span style=\"color: #808080;\"> Wendlingen am Neckar<\/span><\/h2>\n<h3><span style=\"color: #808080;\"> Vorverkauf im MiT Tel. 07024-6636<br \/>\n<\/span><\/h3>\n<h3>Eintritt: 12\u20ac inkl. Pausenimbiss<\/h3>\n<p>Bernd Settelmeyer (dr.)<\/p>\n<p>Kurt Holzk\u00e4mper (b)<\/p>\n<p>Cris Geisler (piano)<\/p>\n<p>Barbara B\u00fcrkle ( voc.)<\/p>\n<h3><span style=\"color: #808080;\">Wer meint, dass Fazioli ein neues Nudelgericht ist, liegt grundlegend falsch und hat allen Grund, dieses Konzert zu besuchen. Fazioli ist f\u00fcr viele Pianisten die Steigerung von Bechstein, B\u00f6sendorfer oder Steinway &amp; Sons. In Wendlingen und das \u00fcberrascht am meisten, steht das Instrument, das Pianisten magisch anzieht. Mit Chris Geisler ist die Kombination Instrument-Musiker perfekt. <\/span><\/h3>\n<h3><span style=\"color: #808080;\"><br \/>\n<\/span><\/h3>\n<h3><span style=\"color: #808080;\"><br \/>\n<\/span><\/h3>\n<h3><span style=\"color: #808080;\">Chris Geisler Trio mit Barbara Bu\u0308rkle<br \/>\nEin Jazzkonzert der besonderen Art<br \/>\nDie Stuttgarter S\u00e4ngerin Barbara Bu\u0308rkle versteht es, mit ihrer warmen und zugleich klaren Stimme, Menschen zu beru\u0308hren und bis ins Innerste zu<br \/>\nerreichen. Vom hauchzarten Bossa Nova u\u0308ber mitrei\u00dfenden Swing bis hin zu kraftvollem Gospel wei\u00df sie mit Stilsicherheit zu u\u0308berzeugen und zaubert<br \/>\nmit ihrer positiven Ausstrahlung den Zuh\u00f6rern ein L\u00e4cheln ins Gesicht. 2003 schloss sie ihr Studium der Jazz- und Popularmusik mit Hauptfach Gesang in<br \/>\nMannheim erfolgreich ab und besuchte Workshops bei namhaften Ku\u0308nstlern wie den New York Voices, Sheila Jordan, Norma Winstone, Judy Niemack,<br \/>\nPeter Fessler, Maria Pia Oe Vito, Roberta Gambarini und Bob Stoloff. Barbara Bu\u0308rkle war Mitglied im A-Cappella-Quartett &#8222;Kiangbezirk&#8220; &#8211; 2006 Gewinner<br \/>\nbeim &#8222;Ward Swingle Award&#8220; in Gold in Graz. 2007 Platz 1 bei der &#8222;7th Taiwan International Choral Ensemble Competition&#8220;. Als Solistin Gewinnerin<br \/>\ndes &#8222;Brussels International Young Jazz Singers Competition&#8220; 2008. Chris Geisler, der auch in der Lokalszene kein Unbekannter ist, studierte<br \/>\nJazzpiano, Arrangement, Jazzp\u00e4dagogik sowie Komposition in Graz mit den Abschlu\u0308ssen Konzertdiplom sowie Jazzlehrbef\u00e4higung. Der Pianist war mit<br \/>\nseiner Komposition &#8222;Long distance call&#8220; Finalist beim Jazz Theme Gontest in Monaco. Chris Geisler war Mitglied der MHS Big Band, 1. Preis beim ersten<br \/>\nBig Band Contest, \u00d6sterreich. Es folgten Projekte in den verschiedensten musikalischen Zusammenh\u00e4ngen (Theater-, Fernseh- und Rundfunkproduktionen).<br \/>\nSeit Jahren ist Chris Geisler als Solopianist und mit seinem Trio sehr erfolgreich. CD-Produktionen unter anderem mit Oliver Gr\u00f6newald, Suzie<br \/>\nByrd, Vesna Skorija, Fola Dada und Bernd Hufnagel. Bereits im M\u00e4rz 2013 gastierte das Chris Geisler Trio im Treffpunkt Stadtmitte und begeisterte mit<br \/>\neinem gelungenen und in seiner Virtuosit\u00e4t u\u0308berzeugendenden Konzert. Chris Geisler und das Kleinod des Treffpunkt Stadtmitte, ein Flu\u0308gel der Firma<br \/>\nFazioli, harmonierten aufs Beste und machten den Abend mit dem Trio zu einem Erlebnis der Extraklasse. Wir freuen uns schon jetzt auf das zu erwartende<br \/>\nKlangerlebnis. ln der Pause wird von Mitarbeiterinnen des MiT ein kleiner Imbiss angeboten, der im Eintrittspreis enthalten ist.<\/span><\/h3>\n","protected":false},"excerpt":{"rendered":"<p>Freitag 31. Januar 2014 Beginn: 20.00Uhr \/ Saal\u00f6ffnung 19.30Uhr Treffpunkt Stadtmitte Am Marktplatz 4 Wendlingen am Neckar Vorverkauf im MiT Tel. 07024-6636 Eintritt: 12\u20ac inkl. Pausenimbiss Bernd Settelmeyer (dr.) Kurt [&hellip;]<\/p>\n","protected":false},"author":1,"featured_media":0,"parent":5472,"menu_order":0,"comment_status":"open","ping_status":"open","template":"","meta":{"footnotes":""},"_links":{"self":[{"href":"https:\/\/www.kdrei-2009.de\/WPKdrei\/wp-json\/wp\/v2\/pages\/3814"}],"collection":[{"href":"https:\/\/www.kdrei-2009.de\/WPKdrei\/wp-json\/wp\/v2\/pages"}],"about":[{"href":"https:\/\/www.kdrei-2009.de\/WPKdrei\/wp-json\/wp\/v2\/types\/page"}],"author":[{"embeddable":true,"href":"https:\/\/www.kdrei-2009.de\/WPKdrei\/wp-json\/wp\/v2\/users\/1"}],"replies":[{"embeddable":true,"href":"https:\/\/www.kdrei-2009.de\/WPKdrei\/wp-json\/wp\/v2\/comments?post=3814"}],"version-history":[{"count":6,"href":"https:\/\/www.kdrei-2009.de\/WPKdrei\/wp-json\/wp\/v2\/pages\/3814\/revisions"}],"predecessor-version":[{"id":3820,"href":"https:\/\/www.kdrei-2009.de\/WPKdrei\/wp-json\/wp\/v2\/pages\/3814\/revisions\/3820"}],"up":[{"embeddable":true,"href":"https:\/\/www.kdrei-2009.de\/WPKdrei\/wp-json\/wp\/v2\/pages\/5472"}],"wp:attachment":[{"href":"https:\/\/www.kdrei-2009.de\/WPKdrei\/wp-json\/wp\/v2\/media?parent=3814"}],"curies":[{"name":"wp","href":"https:\/\/api.w.org\/{rel}","templated":true}]}}