{"id":389,"date":"2010-04-08T11:01:36","date_gmt":"2010-04-08T11:01:36","guid":{"rendered":"https:\/\/www.kdrei-2009.de\/WPKdrei\/?page_id=389"},"modified":"2010-05-17T15:43:54","modified_gmt":"2010-05-17T15:43:54","slug":"1-spieltag-in-aichelberg","status":"publish","type":"page","link":"https:\/\/www.kdrei-2009.de\/WPKdrei\/kugelsport-2\/kuegelsport-2010\/liga-2010-2\/1-spieltag-in-aichelberg\/","title":{"rendered":"1. Spieltag in Aichelberg"},"content":{"rendered":"<h3><span style=\"color: #808080;\">Nach unserem grandiosen Saisonauftakt beim Ligapokal in Horb waren wir sicher, da\u00df es nur noch aufw\u00e4rts gehen kann. Der erste Ligaspieltag von Kdrei wurde ein voller Erfolg. Alle Mitspieler waren der Meinung, da\u00df Boulespielen Spa\u00df macht. Beim Boulespielen gewinnen, aber noch viel mehr Spa\u00df macht.<\/span><\/h3>\n<h3><span style=\"color: #808080;\">Gespielt \u00a0haben: Gundi Kley, Hanne Moser, Max Bailly, Wolfgang Be\u00dfenroth, Walter Schreiber, Chris Geisler und Andi Alt.<\/span><\/h3>\n<p style=\"text-align: left;\"><span style=\"color: #808080;\"><br \/>\n<\/span><\/p>\n<div class=\"mceTemp mceIEcenter\">\n<dl id=\"attachment_395\" class=\"wp-caption aligncenter\" style=\"width: 310px;\">\n<dt class=\"wp-caption-dt\"><a href=\"https:\/\/www.kdrei-2009.de\/WPKdrei\/wp-content\/uploads\/2010\/04\/spieltag1.jpg\" rel=\"lightbox[389]\"><img loading=\"lazy\" decoding=\"async\" class=\"size-medium wp-image-395\" title=\"spieltag1\" src=\"https:\/\/www.kdrei-2009.de\/WPKdrei\/wp-content\/uploads\/2010\/04\/spieltag1-300x228.jpg\" alt=\"spieltag1\" width=\"300\" height=\"228\" srcset=\"https:\/\/www.kdrei-2009.de\/WPKdrei\/wp-content\/uploads\/2010\/04\/spieltag1-300x228.jpg 300w, https:\/\/www.kdrei-2009.de\/WPKdrei\/wp-content\/uploads\/2010\/04\/spieltag1.jpg 595w\" sizes=\"(max-width: 300px) 100vw, 300px\" \/><\/a><\/dt>\n<\/dl>\n<\/div>\n","protected":false},"excerpt":{"rendered":"<p>Nach unserem grandiosen Saisonauftakt beim Ligapokal in Horb waren wir sicher, da\u00df es nur noch aufw\u00e4rts gehen kann. Der erste Ligaspieltag von Kdrei wurde ein voller Erfolg. Alle Mitspieler waren [&hellip;]<\/p>\n","protected":false},"author":1,"featured_media":0,"parent":365,"menu_order":1,"comment_status":"closed","ping_status":"closed","template":"","meta":{"footnotes":""},"_links":{"self":[{"href":"https:\/\/www.kdrei-2009.de\/WPKdrei\/wp-json\/wp\/v2\/pages\/389"}],"collection":[{"href":"https:\/\/www.kdrei-2009.de\/WPKdrei\/wp-json\/wp\/v2\/pages"}],"about":[{"href":"https:\/\/www.kdrei-2009.de\/WPKdrei\/wp-json\/wp\/v2\/types\/page"}],"author":[{"embeddable":true,"href":"https:\/\/www.kdrei-2009.de\/WPKdrei\/wp-json\/wp\/v2\/users\/1"}],"replies":[{"embeddable":true,"href":"https:\/\/www.kdrei-2009.de\/WPKdrei\/wp-json\/wp\/v2\/comments?post=389"}],"version-history":[{"count":8,"href":"https:\/\/www.kdrei-2009.de\/WPKdrei\/wp-json\/wp\/v2\/pages\/389\/revisions"}],"predecessor-version":[{"id":393,"href":"https:\/\/www.kdrei-2009.de\/WPKdrei\/wp-json\/wp\/v2\/pages\/389\/revisions\/393"}],"up":[{"embeddable":true,"href":"https:\/\/www.kdrei-2009.de\/WPKdrei\/wp-json\/wp\/v2\/pages\/365"}],"wp:attachment":[{"href":"https:\/\/www.kdrei-2009.de\/WPKdrei\/wp-json\/wp\/v2\/media?parent=389"}],"curies":[{"name":"wp","href":"https:\/\/api.w.org\/{rel}","templated":true}]}}