{"id":4006,"date":"2014-04-15T06:41:56","date_gmt":"2014-04-15T06:41:56","guid":{"rendered":"https:\/\/www.kdrei-2009.de\/WPKdrei\/?page_id=4006"},"modified":"2016-03-15T11:34:47","modified_gmt":"2016-03-15T11:34:47","slug":"pokalmaultaschen","status":"publish","type":"page","link":"https:\/\/www.kdrei-2009.de\/WPKdrei\/kugelsport-2\/kugelsport-2014\/turniere-2014\/pokalmaultaschen\/","title":{"rendered":"Pokalmaultaschen"},"content":{"rendered":"<h3><span style=\"color: #808080;\">Es ist wieder Pokalzeit. F\u00fcr Kdrei hie\u00df das bislang eine Runde boulen und dann zuschauen. Dieses Jahr waren wir zu Gast bei unseren Boulefreunden in Ruit und wir k\u00f6nnnen nur von allerbester Gastfreundschaft berichten. Wir wurden h\u00f6flich empfangen. Wir durften die Pokalbegegnung gewinnen, wir haben grandiose, leckere, zum Reinsetzen gemachte Maultaschen mit Kartoffelsalat und geschmelzten Zwiebeln gegessen und wir hatten einen sch\u00f6nen Tag mit den Ruitern. Was will man mehr? Bei sommerlichen Temperaturen boulen, kalte Erfrischungsgetr\u00e4nke geniesen&#8230;.<\/span><\/h3>\n<h3><span style=\"color: #808080;\">Alles weitere hier in Bildern. Das Spielgeschehen k\u00f6nnt ihr aus dem Formular ableiten. Herzlichen Dank nach Ruit f\u00fcr diesen sch\u00f6nen Nachmittag. Wir h\u00e4tten ihn auch als Verlierer genossen.<\/span><\/h3>\n<div id=\"attachment_4000\" style=\"width: 690px\" class=\"wp-caption alignleft\"><a href=\"https:\/\/www.kdrei-2009.de\/WPKdrei\/wp-content\/uploads\/2014\/04\/K3-BBPVPokal2014_01web.jpg\" rel=\"lightbox[4006]\"><img loading=\"lazy\" decoding=\"async\" aria-describedby=\"caption-attachment-4000\" class=\"size-full wp-image-4000\" title=\"K3-BBPVPokal2014_01web\" src=\"https:\/\/www.kdrei-2009.de\/WPKdrei\/wp-content\/uploads\/2014\/04\/K3-BBPVPokal2014_01web.jpg\" alt=\"\" width=\"680\" height=\"275\" srcset=\"https:\/\/www.kdrei-2009.de\/WPKdrei\/wp-content\/uploads\/2014\/04\/K3-BBPVPokal2014_01web.jpg 680w, https:\/\/www.kdrei-2009.de\/WPKdrei\/wp-content\/uploads\/2014\/04\/K3-BBPVPokal2014_01web-300x121.jpg 300w\" sizes=\"(max-width: 680px) 100vw, 680px\" \/><\/a><p id=\"caption-attachment-4000\" class=\"wp-caption-text\">Das war dann schon die K\u00fcr. Gem\u00fctliches ausboulen...<\/p><\/div>\n<div id=\"attachment_4001\" style=\"width: 690px\" class=\"wp-caption alignleft\"><a href=\"https:\/\/www.kdrei-2009.de\/WPKdrei\/wp-content\/uploads\/2014\/04\/K3-BBPVPokal2014_04web.jpg\" rel=\"lightbox[4006]\"><img loading=\"lazy\" decoding=\"async\" aria-describedby=\"caption-attachment-4001\" class=\"size-full wp-image-4001\" title=\"K3-BBPVPokal2014_04web\" src=\"https:\/\/www.kdrei-2009.de\/WPKdrei\/wp-content\/uploads\/2014\/04\/K3-BBPVPokal2014_04web.jpg\" alt=\"\" width=\"680\" height=\"872\" srcset=\"https:\/\/www.kdrei-2009.de\/WPKdrei\/wp-content\/uploads\/2014\/04\/K3-BBPVPokal2014_04web.jpg 680w, https:\/\/www.kdrei-2009.de\/WPKdrei\/wp-content\/uploads\/2014\/04\/K3-BBPVPokal2014_04web-233x300.jpg 233w\" sizes=\"(max-width: 680px) 100vw, 680px\" \/><\/a><p id=\"caption-attachment-4001\" class=\"wp-caption-text\">Das war vermutlich auch schon w\u00e4hrend der K\u00fcr...<\/p><\/div>\n<div id=\"attachment_4003\" style=\"width: 690px\" class=\"wp-caption alignleft\"><a href=\"https:\/\/www.kdrei-2009.de\/WPKdrei\/wp-content\/uploads\/2014\/04\/K3-BBPVPokal2014_07web.jpg\" rel=\"lightbox[4006]\"><img loading=\"lazy\" decoding=\"async\" aria-describedby=\"caption-attachment-4003\" class=\"size-full wp-image-4003\" title=\"K3-BBPVPokal2014_07web\" src=\"https:\/\/www.kdrei-2009.de\/WPKdrei\/wp-content\/uploads\/2014\/04\/K3-BBPVPokal2014_07web.jpg\" alt=\"\" width=\"680\" height=\"316\" srcset=\"https:\/\/www.kdrei-2009.de\/WPKdrei\/wp-content\/uploads\/2014\/04\/K3-BBPVPokal2014_07web.jpg 680w, https:\/\/www.kdrei-2009.de\/WPKdrei\/wp-content\/uploads\/2014\/04\/K3-BBPVPokal2014_07web-300x139.jpg 300w\" sizes=\"(max-width: 680px) 100vw, 680px\" \/><\/a><p id=\"caption-attachment-4003\" class=\"wp-caption-text\">Bei Chris wei\u00df man es nie. K\u00fcr oder Pflicht???<\/p><\/div>\n<div id=\"attachment_4002\" style=\"width: 690px\" class=\"wp-caption alignleft\"><a href=\"https:\/\/www.kdrei-2009.de\/WPKdrei\/wp-content\/uploads\/2014\/04\/K3-BBPVPokal2014_06web.jpg\" rel=\"lightbox[4006]\"><img loading=\"lazy\" decoding=\"async\" aria-describedby=\"caption-attachment-4002\" class=\"size-full wp-image-4002\" title=\"K3-BBPVPokal2014_06web\" src=\"https:\/\/www.kdrei-2009.de\/WPKdrei\/wp-content\/uploads\/2014\/04\/K3-BBPVPokal2014_06web.jpg\" alt=\"\" width=\"680\" height=\"913\" srcset=\"https:\/\/www.kdrei-2009.de\/WPKdrei\/wp-content\/uploads\/2014\/04\/K3-BBPVPokal2014_06web.jpg 680w, https:\/\/www.kdrei-2009.de\/WPKdrei\/wp-content\/uploads\/2014\/04\/K3-BBPVPokal2014_06web-223x300.jpg 223w\" sizes=\"(max-width: 680px) 100vw, 680px\" \/><\/a><p id=\"caption-attachment-4002\" class=\"wp-caption-text\">Das Formular war Pflicht.<\/p><\/div>\n<div id=\"attachment_4004\" style=\"width: 690px\" class=\"wp-caption alignleft\"><a href=\"https:\/\/www.kdrei-2009.de\/WPKdrei\/wp-content\/uploads\/2014\/04\/K3-BBPVPokal2014_09web.jpg\" rel=\"lightbox[4006]\"><img loading=\"lazy\" decoding=\"async\" aria-describedby=\"caption-attachment-4004\" class=\"size-full wp-image-4004\" title=\"K3-BBPVPokal2014_09web\" src=\"https:\/\/www.kdrei-2009.de\/WPKdrei\/wp-content\/uploads\/2014\/04\/K3-BBPVPokal2014_09web.jpg\" alt=\"\" width=\"680\" height=\"494\" srcset=\"https:\/\/www.kdrei-2009.de\/WPKdrei\/wp-content\/uploads\/2014\/04\/K3-BBPVPokal2014_09web.jpg 680w, https:\/\/www.kdrei-2009.de\/WPKdrei\/wp-content\/uploads\/2014\/04\/K3-BBPVPokal2014_09web-300x217.jpg 300w\" sizes=\"(max-width: 680px) 100vw, 680px\" \/><\/a><p id=\"caption-attachment-4004\" class=\"wp-caption-text\">Danke, liebe Ruiter.<\/p><\/div>\n","protected":false},"excerpt":{"rendered":"<p>Es ist wieder Pokalzeit. F\u00fcr Kdrei hie\u00df das bislang eine Runde boulen und dann zuschauen. Dieses Jahr waren wir zu Gast bei unseren Boulefreunden in Ruit und wir k\u00f6nnnen nur [&hellip;]<\/p>\n","protected":false},"author":1,"featured_media":0,"parent":5207,"menu_order":0,"comment_status":"open","ping_status":"open","template":"","meta":{"footnotes":""},"_links":{"self":[{"href":"https:\/\/www.kdrei-2009.de\/WPKdrei\/wp-json\/wp\/v2\/pages\/4006"}],"collection":[{"href":"https:\/\/www.kdrei-2009.de\/WPKdrei\/wp-json\/wp\/v2\/pages"}],"about":[{"href":"https:\/\/www.kdrei-2009.de\/WPKdrei\/wp-json\/wp\/v2\/types\/page"}],"author":[{"embeddable":true,"href":"https:\/\/www.kdrei-2009.de\/WPKdrei\/wp-json\/wp\/v2\/users\/1"}],"replies":[{"embeddable":true,"href":"https:\/\/www.kdrei-2009.de\/WPKdrei\/wp-json\/wp\/v2\/comments?post=4006"}],"version-history":[{"count":5,"href":"https:\/\/www.kdrei-2009.de\/WPKdrei\/wp-json\/wp\/v2\/pages\/4006\/revisions"}],"predecessor-version":[{"id":5411,"href":"https:\/\/www.kdrei-2009.de\/WPKdrei\/wp-json\/wp\/v2\/pages\/4006\/revisions\/5411"}],"up":[{"embeddable":true,"href":"https:\/\/www.kdrei-2009.de\/WPKdrei\/wp-json\/wp\/v2\/pages\/5207"}],"wp:attachment":[{"href":"https:\/\/www.kdrei-2009.de\/WPKdrei\/wp-json\/wp\/v2\/media?parent=4006"}],"curies":[{"name":"wp","href":"https:\/\/api.w.org\/{rel}","templated":true}]}}