{"id":4044,"date":"2014-05-13T08:03:05","date_gmt":"2014-05-13T08:03:05","guid":{"rendered":"https:\/\/www.kdrei-2009.de\/WPKdrei\/?page_id=4044"},"modified":"2016-03-14T12:45:56","modified_gmt":"2016-03-14T12:45:56","slug":"neuffener-toskana-2-ligaspieltag","status":"publish","type":"page","link":"https:\/\/www.kdrei-2009.de\/WPKdrei\/kugelsport-2\/kugelsport-2014\/liga-2014\/neuffener-toskana-2-ligaspieltag\/","title":{"rendered":"Neuffener Toskana..2.Ligaspieltag"},"content":{"rendered":"<h3><span style=\"color: #808080;\">Kdrei in der Toskana und das innerhalb von 5 Minuten. Was will man mehr. Ob das nun eine geniale Werberidee ist, oder der Versuch, eine sch\u00f6ne Gegend noch sch\u00f6ner zu reden, kann man nicht beurteilen. Die Neuffener waren schon fr\u00fcher mit ihrer Gegend zufrieden, sonst w\u00e4ren sie ja in die Toskana gezogen.Bevor wir also zum Ligageschehen kommen, wollen wir einige Impressionen der Neuffener Toskana unseren Fans und Freunden nicht vorenthalten. Wenn man etwas sucht, findet man die VfBouler-Traditionsh\u00fctte an kuscheligen Pl\u00e4tzen der Toskana. Wichtig f\u00fcr die Toskana sind immer die Zypressen, die sollten auf keiner Postkarte fehlen und geh\u00f6ren eigentlich auch in den Kreisverkehr, wenn man nach Neuffen einf\u00e4hrt. Dann w\u00fcrde dort schon etwas Toskanastimmung aufkommen. Neuffen hat keinen Fluss wie den Arno und keine Ponte Vecchio, obwohl das auch sch\u00f6n w\u00e4re. Eine Vereinsh\u00fctte haben die Bouler aber schon dort. F\u00fcr das Boulespielen braucht man eigentlich keine Toskana. Dass uns die Neuffener aber eine so ruhige und sch\u00f6ne Anlage mit H\u00fctte zur Verf\u00fcgung gestellt haben, lag wohl daran, dass wir alle solange in Neuffen gespielt haben. Uns hat die Anlage etwas an Brunelleschis Kloster erinnert. Herzlichen Dank daf\u00fcr, liebe Neuffener.<\/span><\/h3>\n<h3><span style=\"color: #808080;\">Im Anschluss an die Toskanabilder alles zum Ligaspieltag. 1 verloren, 2 gewonnen, Tabellenplatz 5&#8230;wir waren zufrieden.<br \/>\n<\/span><\/h3>\n<div id=\"attachment_4047\" style=\"width: 234px\" class=\"wp-caption alignleft\"><a href=\"https:\/\/www.kdrei-2009.de\/WPKdrei\/wp-content\/uploads\/2014\/05\/K3-Liga140510_02a-web.jpg\" rel=\"lightbox[4044]\"><img loading=\"lazy\" decoding=\"async\" aria-describedby=\"caption-attachment-4047\" class=\"size-medium wp-image-4047\" title=\"K3-Liga140510_02a web\" src=\"https:\/\/www.kdrei-2009.de\/WPKdrei\/wp-content\/uploads\/2014\/05\/K3-Liga140510_02a-web-224x300.jpg\" alt=\"\" width=\"224\" height=\"300\" srcset=\"https:\/\/www.kdrei-2009.de\/WPKdrei\/wp-content\/uploads\/2014\/05\/K3-Liga140510_02a-web-224x300.jpg 224w, https:\/\/www.kdrei-2009.de\/WPKdrei\/wp-content\/uploads\/2014\/05\/K3-Liga140510_02a-web.jpg 680w\" sizes=\"(max-width: 224px) 100vw, 224px\" \/><\/a><p id=\"caption-attachment-4047\" class=\"wp-caption-text\">VfBouler H\u00fctte unter Zypressen<\/p><\/div>\n<div id=\"attachment_4046\" style=\"width: 310px\" class=\"wp-caption alignleft\"><a href=\"https:\/\/www.kdrei-2009.de\/WPKdrei\/wp-content\/uploads\/2014\/05\/K3-Liga140510_02b-Kopie1.jpg\" rel=\"lightbox[4044]\"><img loading=\"lazy\" decoding=\"async\" aria-describedby=\"caption-attachment-4046\" class=\"size-medium wp-image-4046\" title=\"K3-Liga140510_02b Kopie\" src=\"https:\/\/www.kdrei-2009.de\/WPKdrei\/wp-content\/uploads\/2014\/05\/K3-Liga140510_02b-Kopie1-300x225.jpg\" alt=\"\" width=\"300\" height=\"225\" srcset=\"https:\/\/www.kdrei-2009.de\/WPKdrei\/wp-content\/uploads\/2014\/05\/K3-Liga140510_02b-Kopie1-300x225.jpg 300w, https:\/\/www.kdrei-2009.de\/WPKdrei\/wp-content\/uploads\/2014\/05\/K3-Liga140510_02b-Kopie1.jpg 680w\" sizes=\"(max-width: 300px) 100vw, 300px\" \/><\/a><p id=\"caption-attachment-4046\" class=\"wp-caption-text\">Die H\u00fctte, der Arno, die Br\u00fccke...und Kdrei<\/p><\/div>\n<div id=\"attachment_4039\" style=\"width: 310px\" class=\"wp-caption alignleft\"><a href=\"https:\/\/www.kdrei-2009.de\/WPKdrei\/wp-content\/uploads\/2014\/05\/K3-Liga140510_02webc.jpg\" rel=\"lightbox[4044]\"><img loading=\"lazy\" decoding=\"async\" aria-describedby=\"caption-attachment-4039\" class=\"size-medium wp-image-4039\" title=\"K3-Liga140510_02webc\" src=\"https:\/\/www.kdrei-2009.de\/WPKdrei\/wp-content\/uploads\/2014\/05\/K3-Liga140510_02webc-300x225.jpg\" alt=\"\" width=\"300\" height=\"225\" srcset=\"https:\/\/www.kdrei-2009.de\/WPKdrei\/wp-content\/uploads\/2014\/05\/K3-Liga140510_02webc-300x225.jpg 300w, https:\/\/www.kdrei-2009.de\/WPKdrei\/wp-content\/uploads\/2014\/05\/K3-Liga140510_02webc.jpg 680w\" sizes=\"(max-width: 300px) 100vw, 300px\" \/><\/a><p id=\"caption-attachment-4039\" class=\"wp-caption-text\">Vor dem Spiel sammeln wir uns immer in meditativer, kontemplativer und alternativer Weise mit Erfrischungsgetr\u00e4nken.<\/p><\/div>\n<h3><span style=\"color: #808080;\"> <\/span><\/h3>\n<p><a href=\"https:\/\/www.kdrei-2009.de\/WPKdrei\/wp-content\/uploads\/2014\/05\/Tabelle-2014-02-web.jpg\" rel=\"lightbox[4044]\"><img loading=\"lazy\" decoding=\"async\" class=\"alignleft size-full wp-image-4042\" title=\"Tabelle 2014-02 web\" src=\"https:\/\/www.kdrei-2009.de\/WPKdrei\/wp-content\/uploads\/2014\/05\/Tabelle-2014-02-web.jpg\" alt=\"\" width=\"680\" height=\"370\" srcset=\"https:\/\/www.kdrei-2009.de\/WPKdrei\/wp-content\/uploads\/2014\/05\/Tabelle-2014-02-web.jpg 680w, https:\/\/www.kdrei-2009.de\/WPKdrei\/wp-content\/uploads\/2014\/05\/Tabelle-2014-02-web-300x163.jpg 300w\" sizes=\"(max-width: 680px) 100vw, 680px\" \/><\/a><\/p>\n<p><a href=\"https:\/\/www.kdrei-2009.de\/WPKdrei\/wp-content\/uploads\/2014\/05\/Liga-Ergeb-2014-02.jpg\" rel=\"lightbox[4044]\"><img loading=\"lazy\" decoding=\"async\" class=\"alignleft size-full wp-image-4043\" title=\"Liga Ergeb 2014-02\" src=\"https:\/\/www.kdrei-2009.de\/WPKdrei\/wp-content\/uploads\/2014\/05\/Liga-Ergeb-2014-02.jpg\" alt=\"\" width=\"680\" height=\"432\" srcset=\"https:\/\/www.kdrei-2009.de\/WPKdrei\/wp-content\/uploads\/2014\/05\/Liga-Ergeb-2014-02.jpg 680w, https:\/\/www.kdrei-2009.de\/WPKdrei\/wp-content\/uploads\/2014\/05\/Liga-Ergeb-2014-02-300x190.jpg 300w\" sizes=\"(max-width: 680px) 100vw, 680px\" \/><\/a><\/p>\n","protected":false},"excerpt":{"rendered":"<p>Kdrei in der Toskana und das innerhalb von 5 Minuten. Was will man mehr. Ob das nun eine geniale Werberidee ist, oder der Versuch, eine sch\u00f6ne Gegend noch sch\u00f6ner zu [&hellip;]<\/p>\n","protected":false},"author":1,"featured_media":0,"parent":5199,"menu_order":0,"comment_status":"open","ping_status":"open","template":"","meta":{"footnotes":""},"_links":{"self":[{"href":"https:\/\/www.kdrei-2009.de\/WPKdrei\/wp-json\/wp\/v2\/pages\/4044"}],"collection":[{"href":"https:\/\/www.kdrei-2009.de\/WPKdrei\/wp-json\/wp\/v2\/pages"}],"about":[{"href":"https:\/\/www.kdrei-2009.de\/WPKdrei\/wp-json\/wp\/v2\/types\/page"}],"author":[{"embeddable":true,"href":"https:\/\/www.kdrei-2009.de\/WPKdrei\/wp-json\/wp\/v2\/users\/1"}],"replies":[{"embeddable":true,"href":"https:\/\/www.kdrei-2009.de\/WPKdrei\/wp-json\/wp\/v2\/comments?post=4044"}],"version-history":[{"count":7,"href":"https:\/\/www.kdrei-2009.de\/WPKdrei\/wp-json\/wp\/v2\/pages\/4044\/revisions"}],"predecessor-version":[{"id":5205,"href":"https:\/\/www.kdrei-2009.de\/WPKdrei\/wp-json\/wp\/v2\/pages\/4044\/revisions\/5205"}],"up":[{"embeddable":true,"href":"https:\/\/www.kdrei-2009.de\/WPKdrei\/wp-json\/wp\/v2\/pages\/5199"}],"wp:attachment":[{"href":"https:\/\/www.kdrei-2009.de\/WPKdrei\/wp-json\/wp\/v2\/media?parent=4044"}],"curies":[{"name":"wp","href":"https:\/\/api.w.org\/{rel}","templated":true}]}}