{"id":4095,"date":"2014-06-30T06:13:56","date_gmt":"2014-06-30T06:13:56","guid":{"rendered":"https:\/\/www.kdrei-2009.de\/WPKdrei\/?page_id=4095"},"modified":"2016-03-16T12:24:47","modified_gmt":"2016-03-16T12:24:47","slug":"geisler-orgelt-trost-spott-frevel-lugen-halleluja","status":"publish","type":"page","link":"https:\/\/www.kdrei-2009.de\/WPKdrei\/kunst\/akustisches\/akustisches-2014\/geisler-orgelt-trost-spott-frevel-lugen-halleluja\/","title":{"rendered":"Geisler orgelt: &#8220; Trost &#8211; Spott &#8211; Frevel &#8211; L\u00fcgen &#8211; Halleluja! &#8222;"},"content":{"rendered":"<h3><span style=\"color: #808080;\">Hier noch eine interessante Mitteilung aus der Musikszene. Chris Geisler, eigentlich Jazzpianist, wagt sich an die gro\u00dfe Kirchenorgel. Hier alle weiteren Infos. Ein interessantes Projekt.<br \/>\n<\/span><\/h3>\n<h3><span style=\"color: #808080;\">Liebe Jazzfreunde!<\/p>\n<p>Am n\u00e4chsten Samstag findet die lange Psalmennacht statt. Ich beteilige mich an diesen Konzert mit Kurt Holzk\u00e4mper (sounds, loops, bass) und Sarah Neumann. Ich werde die gro\u00dfe Kirchenorgel spielen. Unser Beitrag beginnt um ca. 0:00!<\/p>\n<p>Herzliche Gr\u00fcsse<\/p>\n<p>Chris Geisler<\/span><\/h3>\n<p><a href=\"https:\/\/www.kdrei-2009.de\/WPKdrei\/wp-content\/uploads\/2014\/06\/geisler-orgel-1.jpg\" rel=\"lightbox[4095]\"><img loading=\"lazy\" decoding=\"async\" class=\"alignleft size-full wp-image-4098\" title=\"140106_Postkarte_final.indd\" src=\"https:\/\/www.kdrei-2009.de\/WPKdrei\/wp-content\/uploads\/2014\/06\/geisler-orgel-1.jpg\" alt=\"\" width=\"680\" height=\"492\" srcset=\"https:\/\/www.kdrei-2009.de\/WPKdrei\/wp-content\/uploads\/2014\/06\/geisler-orgel-1.jpg 680w, https:\/\/www.kdrei-2009.de\/WPKdrei\/wp-content\/uploads\/2014\/06\/geisler-orgel-1-300x217.jpg 300w\" sizes=\"(max-width: 680px) 100vw, 680px\" \/><\/a><\/p>\n<p><a href=\"https:\/\/www.kdrei-2009.de\/WPKdrei\/wp-content\/uploads\/2014\/06\/geisler-orgel-2.jpg\" rel=\"lightbox[4095]\"><img loading=\"lazy\" decoding=\"async\" class=\"alignleft size-full wp-image-4097\" title=\"140106_Postkarte_final.indd\" src=\"https:\/\/www.kdrei-2009.de\/WPKdrei\/wp-content\/uploads\/2014\/06\/geisler-orgel-2.jpg\" alt=\"\" width=\"680\" height=\"491\" srcset=\"https:\/\/www.kdrei-2009.de\/WPKdrei\/wp-content\/uploads\/2014\/06\/geisler-orgel-2.jpg 680w, https:\/\/www.kdrei-2009.de\/WPKdrei\/wp-content\/uploads\/2014\/06\/geisler-orgel-2-300x216.jpg 300w\" sizes=\"(max-width: 680px) 100vw, 680px\" \/><\/a><\/p>\n","protected":false},"excerpt":{"rendered":"<p>Hier noch eine interessante Mitteilung aus der Musikszene. Chris Geisler, eigentlich Jazzpianist, wagt sich an die gro\u00dfe Kirchenorgel. Hier alle weiteren Infos. Ein interessantes Projekt. Liebe Jazzfreunde! Am n\u00e4chsten Samstag [&hellip;]<\/p>\n","protected":false},"author":1,"featured_media":0,"parent":5472,"menu_order":0,"comment_status":"open","ping_status":"open","template":"","meta":{"footnotes":""},"_links":{"self":[{"href":"https:\/\/www.kdrei-2009.de\/WPKdrei\/wp-json\/wp\/v2\/pages\/4095"}],"collection":[{"href":"https:\/\/www.kdrei-2009.de\/WPKdrei\/wp-json\/wp\/v2\/pages"}],"about":[{"href":"https:\/\/www.kdrei-2009.de\/WPKdrei\/wp-json\/wp\/v2\/types\/page"}],"author":[{"embeddable":true,"href":"https:\/\/www.kdrei-2009.de\/WPKdrei\/wp-json\/wp\/v2\/users\/1"}],"replies":[{"embeddable":true,"href":"https:\/\/www.kdrei-2009.de\/WPKdrei\/wp-json\/wp\/v2\/comments?post=4095"}],"version-history":[{"count":4,"href":"https:\/\/www.kdrei-2009.de\/WPKdrei\/wp-json\/wp\/v2\/pages\/4095\/revisions"}],"predecessor-version":[{"id":4101,"href":"https:\/\/www.kdrei-2009.de\/WPKdrei\/wp-json\/wp\/v2\/pages\/4095\/revisions\/4101"}],"up":[{"embeddable":true,"href":"https:\/\/www.kdrei-2009.de\/WPKdrei\/wp-json\/wp\/v2\/pages\/5472"}],"wp:attachment":[{"href":"https:\/\/www.kdrei-2009.de\/WPKdrei\/wp-json\/wp\/v2\/media?parent=4095"}],"curies":[{"name":"wp","href":"https:\/\/api.w.org\/{rel}","templated":true}]}}