{"id":4119,"date":"2014-07-28T11:05:34","date_gmt":"2014-07-28T11:05:34","guid":{"rendered":"https:\/\/www.kdrei-2009.de\/WPKdrei\/?page_id=4119"},"modified":"2016-03-14T12:45:56","modified_gmt":"2016-03-14T12:45:56","slug":"ligaabschluss-2014-in-ruit-mit-tabelle","status":"publish","type":"page","link":"https:\/\/www.kdrei-2009.de\/WPKdrei\/kugelsport-2\/kugelsport-2014\/liga-2014\/ligaabschluss-2014-in-ruit-mit-tabelle\/","title":{"rendered":"Ligaabschluss 2014 in Ruit mit Tabelle"},"content":{"rendered":"<h3><span style=\"color: #808080;\">Wieder ist ein Ligajahr zu Ende. Wieder einmal 12 Stunden auf dem Bouleplatz gestanden und festgestellt, dass 2 Begegnungen auch reichen w\u00fcrden und allen ein f\u00fcnfter Spieltag gut tun w\u00fcrde. Kdrei hofft, dass diese Idee bei der n\u00e4chsten Ligaversammlung nochmals genauer \u00fcberdacht wird und dass sich alle Vereine nochmals Gedanken dar\u00fcber machen.<\/span><\/h3>\n<h3><span style=\"color: #808080;\"> <\/span><\/h3>\n<h3><span style=\"color: #808080;\">F\u00fcr Kdrei war der Spieltag in Ruit ein positiver Tag. Mit 2:1 Punkten konnten wir uns nochmals um 2 Tabellenpl\u00e4tze verbessern und beenden die Liga mit positivem Punkteverh\u00e4ltnis.\u00a0 Wir hatten viel Spass, sch\u00f6ne Aufnahmen und noch sch\u00f6nere Spiele mit unseren Boulefreunden aus Horb, Steinenbronn und Pfullingen. Wie immer gab es auch kuriose Spiele und Spielverl\u00e4ufe und man hat wieder etwas dazu gelernt. So gab es gegen Pfullingen ein sch\u00f6nes Spiel um einen Baum, der leider irgendwann, nachdem Michel und Manfred den ersten Punkt zum 1:10 machten, mitten im Spielfeld stand. Von nun an spielten wir immer am Stamm entlang und Pfullingen konnte Punkt um Punkt aufholen und am Ende verdient mit 13:10 als Sieger vom Platz ziehen. \u00c4rgerlich f\u00fcr Walter und Werner, aber wie gesagt, wieder etwas dazu gelernt. Das letzte Doublette gegen Pfullingen war dann nochmal ein echter Knaller und super spannend. Aniello und Bernd konnten durch starkes Legen und Schiessen, guter Taktik und das n\u00f6tige Quentchen Gl\u00fcck die Partie mit 13:11 gewinnen. Herzlichen Dank euch Beiden, dass ihr bis zum Ende Klasse gespielt habt und uns den 3 Punkt geholt habt.<br \/>\n<\/span><\/h3>\n<h3><span style=\"color: #808080;\"> <\/span><\/h3>\n<h3><span style=\"color: #808080;\">Wir haben uns auch wirklich\u00a0 schon mit unseren Unterensinger Boulefreunden gefreut, als sie singend an uns vorbeigezogen sind&#8230;.<span style=\"color: #000000;\">&#8222;so sehen Sieger aus&#8230;lalalala.&#8220;<\/span> Wir h\u00e4tten es Ihnen wirklich geg\u00f6nnt und gew\u00fcnscht. Wer so singen kann und boulen, der sollte auch aufsteigen. Aber auch hier kann man nur feststellen: Am Ende, kackt die Ente.<\/span><\/h3>\n<h3><span style=\"color: #808080;\"> <\/span><\/h3>\n<h3><span style=\"color: #808080;\">Wir gratulieren Denkendorf und allen Meistern in allen Ligen zum Aufstieg. Den Pfullingern und Steinenbronnern w\u00fcnschen wir den baldigen Wiederaufstieg. Wir freuen uns aber auch auf den Esslinger Dopplepack, der von oben und unten auf uns zust\u00fcrmt und n\u00e4chstes Jahr gehts dann wieder von vorne los.<\/span><\/h3>\n<h3><span style=\"color: #808080;\"> <\/span><\/h3>\n<h3><span style=\"color: #808080;\">Hier noch einige Bilder&#8230;.viele Spieler waren sehr m\u00fcde an diesem Tag. Bei Kdrei waren es einige Feste am Freitag. Was in Neuffen anlag, war nicht zu erfahren. M\u00fcde waren wir aber alle.<\/span><\/h3>\n<p><a href=\"https:\/\/www.kdrei-2009.de\/WPKdrei\/wp-content\/uploads\/2014\/07\/K3-Liga140726_05web1.jpg\" rel=\"lightbox[4119]\"><img loading=\"lazy\" decoding=\"async\" class=\"alignleft size-full wp-image-4124\" title=\"K3-Liga140726_05web\" src=\"https:\/\/www.kdrei-2009.de\/WPKdrei\/wp-content\/uploads\/2014\/07\/K3-Liga140726_05web1.jpg\" alt=\"\" width=\"680\" height=\"489\" srcset=\"https:\/\/www.kdrei-2009.de\/WPKdrei\/wp-content\/uploads\/2014\/07\/K3-Liga140726_05web1.jpg 680w, https:\/\/www.kdrei-2009.de\/WPKdrei\/wp-content\/uploads\/2014\/07\/K3-Liga140726_05web1-300x215.jpg 300w\" sizes=\"(max-width: 680px) 100vw, 680px\" \/><\/a><\/p>\n<p><a href=\"https:\/\/www.kdrei-2009.de\/WPKdrei\/wp-content\/uploads\/2014\/07\/K3-Liga140726_tonyweb.jpg\" rel=\"lightbox[4119]\"><img loading=\"lazy\" decoding=\"async\" class=\"alignleft size-full wp-image-4121\" title=\"K3-Liga140726_tonyweb\" src=\"https:\/\/www.kdrei-2009.de\/WPKdrei\/wp-content\/uploads\/2014\/07\/K3-Liga140726_tonyweb.jpg\" alt=\"\" width=\"680\" height=\"227\" srcset=\"https:\/\/www.kdrei-2009.de\/WPKdrei\/wp-content\/uploads\/2014\/07\/K3-Liga140726_tonyweb.jpg 680w, https:\/\/www.kdrei-2009.de\/WPKdrei\/wp-content\/uploads\/2014\/07\/K3-Liga140726_tonyweb-300x100.jpg 300w\" sizes=\"(max-width: 680px) 100vw, 680px\" \/><\/a><\/p>\n<p><a href=\"https:\/\/www.kdrei-2009.de\/WPKdrei\/wp-content\/uploads\/2014\/07\/K3-Liga140726_web12.jpg\" rel=\"lightbox[4119]\"><img loading=\"lazy\" decoding=\"async\" class=\"alignleft size-full wp-image-4114\" title=\"K3-Liga140726_web12\" src=\"https:\/\/www.kdrei-2009.de\/WPKdrei\/wp-content\/uploads\/2014\/07\/K3-Liga140726_web12.jpg\" alt=\"\" width=\"680\" height=\"371\" srcset=\"https:\/\/www.kdrei-2009.de\/WPKdrei\/wp-content\/uploads\/2014\/07\/K3-Liga140726_web12.jpg 680w, https:\/\/www.kdrei-2009.de\/WPKdrei\/wp-content\/uploads\/2014\/07\/K3-Liga140726_web12-300x163.jpg 300w\" sizes=\"(max-width: 680px) 100vw, 680px\" \/><\/a><\/p>\n<p><a href=\"https:\/\/www.kdrei-2009.de\/WPKdrei\/wp-content\/uploads\/2014\/07\/K3-Liga140726_web08.jpg\" rel=\"lightbox[4119]\"><img loading=\"lazy\" decoding=\"async\" class=\"alignleft size-full wp-image-4113\" title=\"K3-Liga140726_web08\" src=\"https:\/\/www.kdrei-2009.de\/WPKdrei\/wp-content\/uploads\/2014\/07\/K3-Liga140726_web08.jpg\" alt=\"\" width=\"680\" height=\"455\" srcset=\"https:\/\/www.kdrei-2009.de\/WPKdrei\/wp-content\/uploads\/2014\/07\/K3-Liga140726_web08.jpg 680w, https:\/\/www.kdrei-2009.de\/WPKdrei\/wp-content\/uploads\/2014\/07\/K3-Liga140726_web08-300x200.jpg 300w\" sizes=\"(max-width: 680px) 100vw, 680px\" \/><\/a><\/p>\n<p><a href=\"https:\/\/www.kdrei-2009.de\/WPKdrei\/wp-content\/uploads\/2014\/07\/K3-Liga140726_web07.jpg\" rel=\"lightbox[4119]\"><img loading=\"lazy\" decoding=\"async\" class=\"alignleft size-full wp-image-4112\" title=\"K3-Liga140726_web07\" src=\"https:\/\/www.kdrei-2009.de\/WPKdrei\/wp-content\/uploads\/2014\/07\/K3-Liga140726_web07.jpg\" alt=\"\" width=\"680\" height=\"410\" srcset=\"https:\/\/www.kdrei-2009.de\/WPKdrei\/wp-content\/uploads\/2014\/07\/K3-Liga140726_web07.jpg 680w, https:\/\/www.kdrei-2009.de\/WPKdrei\/wp-content\/uploads\/2014\/07\/K3-Liga140726_web07-300x180.jpg 300w\" sizes=\"(max-width: 680px) 100vw, 680px\" \/><\/a><\/p>\n<p><a href=\"https:\/\/www.kdrei-2009.de\/WPKdrei\/wp-content\/uploads\/2014\/07\/Tabelle2014-04.jpg\" rel=\"lightbox[4119]\"><img loading=\"lazy\" decoding=\"async\" class=\"alignleft size-full wp-image-4118\" title=\"Tabelle2014-04\" src=\"https:\/\/www.kdrei-2009.de\/WPKdrei\/wp-content\/uploads\/2014\/07\/Tabelle2014-04.jpg\" alt=\"\" width=\"680\" height=\"399\" srcset=\"https:\/\/www.kdrei-2009.de\/WPKdrei\/wp-content\/uploads\/2014\/07\/Tabelle2014-04.jpg 680w, https:\/\/www.kdrei-2009.de\/WPKdrei\/wp-content\/uploads\/2014\/07\/Tabelle2014-04-300x176.jpg 300w\" sizes=\"(max-width: 680px) 100vw, 680px\" \/><\/a><\/p>\n","protected":false},"excerpt":{"rendered":"<p>Wieder ist ein Ligajahr zu Ende. Wieder einmal 12 Stunden auf dem Bouleplatz gestanden und festgestellt, dass 2 Begegnungen auch reichen w\u00fcrden und allen ein f\u00fcnfter Spieltag gut tun w\u00fcrde. [&hellip;]<\/p>\n","protected":false},"author":1,"featured_media":0,"parent":5199,"menu_order":0,"comment_status":"open","ping_status":"open","template":"","meta":{"footnotes":""},"_links":{"self":[{"href":"https:\/\/www.kdrei-2009.de\/WPKdrei\/wp-json\/wp\/v2\/pages\/4119"}],"collection":[{"href":"https:\/\/www.kdrei-2009.de\/WPKdrei\/wp-json\/wp\/v2\/pages"}],"about":[{"href":"https:\/\/www.kdrei-2009.de\/WPKdrei\/wp-json\/wp\/v2\/types\/page"}],"author":[{"embeddable":true,"href":"https:\/\/www.kdrei-2009.de\/WPKdrei\/wp-json\/wp\/v2\/users\/1"}],"replies":[{"embeddable":true,"href":"https:\/\/www.kdrei-2009.de\/WPKdrei\/wp-json\/wp\/v2\/comments?post=4119"}],"version-history":[{"count":6,"href":"https:\/\/www.kdrei-2009.de\/WPKdrei\/wp-json\/wp\/v2\/pages\/4119\/revisions"}],"predecessor-version":[{"id":4127,"href":"https:\/\/www.kdrei-2009.de\/WPKdrei\/wp-json\/wp\/v2\/pages\/4119\/revisions\/4127"}],"up":[{"embeddable":true,"href":"https:\/\/www.kdrei-2009.de\/WPKdrei\/wp-json\/wp\/v2\/pages\/5199"}],"wp:attachment":[{"href":"https:\/\/www.kdrei-2009.de\/WPKdrei\/wp-json\/wp\/v2\/media?parent=4119"}],"curies":[{"name":"wp","href":"https:\/\/api.w.org\/{rel}","templated":true}]}}